{"id":713,"date":"2024-07-23T18:30:45","date_gmt":"2024-07-24T00:30:45","guid":{"rendered":"http:\/\/192.168.1.237:8018\/?page_id=713"},"modified":"2026-03-02T08:33:45","modified_gmt":"2026-03-02T14:33:45","slug":"certificacion-de-idioma","status":"publish","type":"page","link":"https:\/\/utcancun.edu.mx\/index.php\/certificacion-de-idioma\/","title":{"rendered":"Certificaci\u00f3n de idioma"},"content":{"rendered":"\n<div class=\"wp-block-columns is-layout-flex wp-container-core-columns-is-layout-1 wp-block-columns-is-layout-flex\">\n<div class=\"wp-block-column is-layout-flow wp-block-column-is-layout-flow\">\n<figure class=\"wp-block-image size-large\"><img fetchpriority=\"high\" decoding=\"async\" width=\"819\" height=\"1024\" src=\"\/wp-content\/uploads\/2026\/03\/Convocatoria-TOEFL_feb26-819x1024.png\" alt=\"\" class=\"wp-image-4864\" srcset=\"https:\/\/utcancun.edu.mx\/wp-content\/uploads\/2026\/03\/Convocatoria-TOEFL_feb26-819x1024.png 819w, https:\/\/utcancun.edu.mx\/wp-content\/uploads\/2026\/03\/Convocatoria-TOEFL_feb26-240x300.png 240w, https:\/\/utcancun.edu.mx\/wp-content\/uploads\/2026\/03\/Convocatoria-TOEFL_feb26-768x960.png 768w, https:\/\/utcancun.edu.mx\/wp-content\/uploads\/2026\/03\/Convocatoria-TOEFL_feb26.png 1080w\" sizes=\"(max-width: 819px) 100vw, 819px\" \/><\/figure>\n<\/div>\n\n\n\n<div class=\"wp-block-column is-layout-flow wp-block-column-is-layout-flow\">\n<figure class=\"wp-block-image size-large\"><img decoding=\"async\" width=\"819\" height=\"1024\" src=\"\/wp-content\/uploads\/2026\/03\/Convocatoria-iTEP_feb26-819x1024.png\" alt=\"\" class=\"wp-image-4865\" srcset=\"https:\/\/utcancun.edu.mx\/wp-content\/uploads\/2026\/03\/Convocatoria-iTEP_feb26-819x1024.png 819w, https:\/\/utcancun.edu.mx\/wp-content\/uploads\/2026\/03\/Convocatoria-iTEP_feb26-240x300.png 240w, https:\/\/utcancun.edu.mx\/wp-content\/uploads\/2026\/03\/Convocatoria-iTEP_feb26-768x960.png 768w, https:\/\/utcancun.edu.mx\/wp-content\/uploads\/2026\/03\/Convocatoria-iTEP_feb26.png 1080w\" sizes=\"(max-width: 819px) 100vw, 819px\" \/><\/figure>\n<\/div>\n<\/div>\n\n\n\n<div class=\"su-spoiler su-spoiler-style-default su-spoiler-icon-plus su-spoiler-closed\" data-scroll-offset=\"0\" data-anchor-in-url=\"no\"><div class=\"su-spoiler-title\" tabindex=\"0\" role=\"button\"><span class=\"su-spoiler-icon\"><\/span>Asignaci\u00f3n de examen<\/div><div class=\"su-spoiler-content su-u-clearfix su-u-trim\">\n\n\n\n<p><\/p>\n\n\n\n<ul class=\"wp-block-list\">\n<li><a href=\"\/wp-content\/uploads\/2025\/10\/PROGRAMACIO\u0301N-TOEFL-LEVEL-1-12-DE-NOVIEMBRE-2025.pdf\" data-type=\"link\" data-id=\"http:\/\/192.168.1.237:8018\/wp-content\/uploads\/2025\/10\/PROGRAMACION-TOEFL-LEVEL-2-10-DE-NOVIEMBRE.pdf\" target=\"_blank\" rel=\"noreferrer noopener\">PROGRAMACI\u00d3N TOEFL LEVEL 2 \u2013 10 DE NOVIEMBRE 2025<\/a><\/li>\n\n\n\n<li><a href=\"\/wp-content\/uploads\/2025\/10\/PROGRAMACION-TOEFL-LEVEL-1-12-DE-NOVIEMBRE.pdf\" data-type=\"link\" data-id=\"\/wp-content\/uploads\/2025\/10\/PROGRAMACION-TOEFL-LEVEL-1-12-DE-NOVIEMBRE.pdf\">PROGRAMACI\u00d3N TOEFL LEVEL 1 \u2013 12 DE NOVIEMBRE 2025<\/a><\/li>\n\n\n\n<li><a href=\"\/wp-content\/uploads\/2025\/10\/PROGRAMACION-iTEP-ACADEMIC-PLUS-13-DE-NOVIEMBRE.pdf\" data-type=\"link\" data-id=\"\/wp-content\/uploads\/2025\/10\/PROGRAMACION-iTEP-ACADEMIC-PLUS-13-DE-NOVIEMBRE.pdf\">PROGRAMACI\u00d3N iTEP ACADEMIC PLUS \u2013 13 DE NOVIEMBRE 2025<\/a><\/li>\n<\/ul>\n\n\n\n<ul class=\"wp-block-list\">\n<li><a href=\"\/wp-content\/uploads\/2025\/05\/ASIGNACIO\u0301N-EXAMEN-iTEP-ACADEMIC-PLUS-24-DE-JUNIO-2025.pdf\">ASIGNACIO\u0301N EXAMEN iTEP ACADEMIC PLUS 24 DE JUNIO 2025<\/a><\/li>\n\n\n\n<li><a href=\"\/wp-content\/uploads\/2025\/05\/ASIGNACIO\u0301N-EXAMEN-TOEFL-ITP-LEVEL-1-23-Y-24-JUNIO-2025.pdf\">ASIGNACI\u00d3N DE EXAMEN TOEFL ITP LEVEL 1  23 y 24 DE JUNIO 2025<\/a><\/li>\n\n\n\n<li><a href=\"\/wp-content\/uploads\/2025\/05\/ASIGNACIO\u0301N-EXAMEN-TOEFL-ITP-LEVEL-2-25-DE-JUNIO-2025.pdf\">ASIGNACIO\u0301N EXAMEN TOEFL ITP LEVEL 2 &#8211; 25 DE JUNIO 2025<\/a><\/li>\n\n\n\n<li><a href=\"\/wp-content\/uploads\/2025\/05\/ASIGNACIO\u0301N-EXAMEN-TOEFL-ITP-LEVEL-2-26-DE-JUNIO-2025.pdf\">ASIGNACIO\u0301N EXAMEN TOEFL ITP LEVEL 2 &#8211; 26 DE JUNIO 2025<\/a><\/li>\n\n\n\n<li><a href=\"\/wp-content\/uploads\/2025\/05\/ASIGNACIO\u0301N-EXAMEN-TOEFL-ITP-LEVEL-2-23-DE-JUNIO-2025.pdf\">ASIGNACIO\u0301N EXAMEN TOEFL ITP LEVEL 2- 23 DE JUNIO 2025<\/a><\/li>\n<\/ul>\n\n\n\n<\/div><\/div>\n\n\n\n<p><\/p>\n\n\n\n<div class=\"su-spoiler su-spoiler-style-default su-spoiler-icon-plus su-spoiler-closed\" data-scroll-offset=\"0\" data-anchor-in-url=\"no\"><div class=\"su-spoiler-title\" tabindex=\"0\" role=\"button\"><span class=\"su-spoiler-icon\"><\/span>Gu\u00eda r\u00e1pida de aplicaci\u00f3n iTEP<\/div><div class=\"su-spoiler-content su-u-clearfix su-u-trim\">\n\n\n\n<div data-wp-interactive=\"core\/file\" class=\"wp-block-file\"><object data-wp-bind--hidden=\"!state.hasPdfPreview\" hidden class=\"wp-block-file__embed\" data=\"http:\/\/192.168.1.237:8018\/wp-content\/uploads\/2024\/11\/Guia-Rapida-de-Aplicacion-iTEP-02MAY24-FINAL.pdf\" type=\"application\/pdf\" style=\"width:100%;height:600px\" aria-label=\"Incrustado de Guia Rapida de Aplicacion iTEP (02MAY24) FINAL.\"><\/object><a id=\"wp-block-file--media-8b0f13bf-0663-4041-bc89-4be227da099b\" href=\"http:\/\/192.168.1.237:8018\/wp-content\/uploads\/2024\/11\/Guia-Rapida-de-Aplicacion-iTEP-02MAY24-FINAL.pdf\">Guia Rapida de Aplicacion iTEP (02MAY24) FINAL<\/a><a href=\"http:\/\/192.168.1.237:8018\/wp-content\/uploads\/2024\/11\/Guia-Rapida-de-Aplicacion-iTEP-02MAY24-FINAL.pdf\" class=\"wp-block-file__button wp-element-button\" download aria-describedby=\"wp-block-file--media-8b0f13bf-0663-4041-bc89-4be227da099b\">Descarga<\/a><\/div>\n\n\n\n<\/div><\/div><a href=\"https:\/\/www.utcancun.edu.mx\/aprender-y-certificar-idiomas\/infografia-certificaciones-ingles-2021_page-0002\/\"><\/a><a href=\"https:\/\/www.utcancun.edu.mx\/aprender-y-certificar-idiomas\/infografia-certificaciones-ingles-2021_page-0001\/\"><\/a><a href=\"https:\/\/www.utcancun.edu.mx\/aprender-y-certificar-idiomas\/infografia-certificaciones-ingles-2021_page-0002\/\"><\/a><a href=\"https:\/\/www.utcancun.edu.mx\/aprender-y-certificar-idiomas\/infografia-certificaciones-ingles-2021_page-0001\/\"><\/a><\/p>\n\n\n\n<figure class=\"wp-block-gallery has-nested-images columns-default is-cropped wp-block-gallery-1 is-layout-flex wp-block-gallery-is-layout-flex\">\n<figure class=\"wp-block-image size-large\"><img decoding=\"async\" width=\"791\" height=\"1024\" data-id=\"721\" src=\"http:\/\/192.168.1.237:8018\/wp-content\/uploads\/2024\/07\/INFOGRAFIA-Certificaciones-Ingle\u0301s-2021_page-0001-1-791x1024.jpg\" alt=\"\" class=\"wp-image-721\" srcset=\"https:\/\/utcancun.edu.mx\/wp-content\/uploads\/2024\/07\/INFOGRAFIA-Certificaciones-Ingle\u0301s-2021_page-0001-1-791x1024.jpg 791w, https:\/\/utcancun.edu.mx\/wp-content\/uploads\/2024\/07\/INFOGRAFIA-Certificaciones-Ingle\u0301s-2021_page-0001-1-232x300.jpg 232w, https:\/\/utcancun.edu.mx\/wp-content\/uploads\/2024\/07\/INFOGRAFIA-Certificaciones-Ingle\u0301s-2021_page-0001-1-768x994.jpg 768w, https:\/\/utcancun.edu.mx\/wp-content\/uploads\/2024\/07\/INFOGRAFIA-Certificaciones-Ingle\u0301s-2021_page-0001-1-1187x1536.jpg 1187w, https:\/\/utcancun.edu.mx\/wp-content\/uploads\/2024\/07\/INFOGRAFIA-Certificaciones-Ingle\u0301s-2021_page-0001-1-320x414.jpg 320w, https:\/\/utcancun.edu.mx\/wp-content\/uploads\/2024\/07\/INFOGRAFIA-Certificaciones-Ingle\u0301s-2021_page-0001-1-480x621.jpg 480w, https:\/\/utcancun.edu.mx\/wp-content\/uploads\/2024\/07\/INFOGRAFIA-Certificaciones-Ingle\u0301s-2021_page-0001-1-800x1035.jpg 800w, https:\/\/utcancun.edu.mx\/wp-content\/uploads\/2024\/07\/INFOGRAFIA-Certificaciones-Ingle\u0301s-2021_page-0001-1.jpg 1275w\" sizes=\"(max-width: 791px) 100vw, 791px\" \/><\/figure>\n\n\n\n<figure class=\"wp-block-image size-large\"><img loading=\"lazy\" decoding=\"async\" width=\"791\" height=\"1024\" data-id=\"722\" src=\"http:\/\/192.168.1.237:8018\/wp-content\/uploads\/2024\/07\/INFOGRAFIA-Certificaciones-Ingle\u0301s-2021_page-0002-791x1024.jpg\" alt=\"\" class=\"wp-image-722\" srcset=\"https:\/\/utcancun.edu.mx\/wp-content\/uploads\/2024\/07\/INFOGRAFIA-Certificaciones-Ingle\u0301s-2021_page-0002-791x1024.jpg 791w, https:\/\/utcancun.edu.mx\/wp-content\/uploads\/2024\/07\/INFOGRAFIA-Certificaciones-Ingle\u0301s-2021_page-0002-232x300.jpg 232w, https:\/\/utcancun.edu.mx\/wp-content\/uploads\/2024\/07\/INFOGRAFIA-Certificaciones-Ingle\u0301s-2021_page-0002-768x994.jpg 768w, https:\/\/utcancun.edu.mx\/wp-content\/uploads\/2024\/07\/INFOGRAFIA-Certificaciones-Ingle\u0301s-2021_page-0002-1187x1536.jpg 1187w, https:\/\/utcancun.edu.mx\/wp-content\/uploads\/2024\/07\/INFOGRAFIA-Certificaciones-Ingle\u0301s-2021_page-0002-320x414.jpg 320w, https:\/\/utcancun.edu.mx\/wp-content\/uploads\/2024\/07\/INFOGRAFIA-Certificaciones-Ingle\u0301s-2021_page-0002-480x621.jpg 480w, https:\/\/utcancun.edu.mx\/wp-content\/uploads\/2024\/07\/INFOGRAFIA-Certificaciones-Ingle\u0301s-2021_page-0002-800x1035.jpg 800w, https:\/\/utcancun.edu.mx\/wp-content\/uploads\/2024\/07\/INFOGRAFIA-Certificaciones-Ingle\u0301s-2021_page-0002.jpg 1275w\" sizes=\"(max-width: 791px) 100vw, 791px\" \/><\/figure>\n<\/figure>\n\n\n\n<figure class=\"wp-block-image size-large\"><img loading=\"lazy\" decoding=\"async\" width=\"1024\" height=\"954\" src=\"http:\/\/192.168.1.237:8018\/wp-content\/uploads\/2024\/07\/image-8-1024x954.png\" alt=\"\" class=\"wp-image-723\" srcset=\"https:\/\/utcancun.edu.mx\/wp-content\/uploads\/2024\/07\/image-8-1024x954.png 1024w, https:\/\/utcancun.edu.mx\/wp-content\/uploads\/2024\/07\/image-8-300x279.png 300w, https:\/\/utcancun.edu.mx\/wp-content\/uploads\/2024\/07\/image-8-768x715.png 768w, https:\/\/utcancun.edu.mx\/wp-content\/uploads\/2024\/07\/image-8-320x298.png 320w, https:\/\/utcancun.edu.mx\/wp-content\/uploads\/2024\/07\/image-8-480x447.png 480w, https:\/\/utcancun.edu.mx\/wp-content\/uploads\/2024\/07\/image-8-800x745.png 800w, https:\/\/utcancun.edu.mx\/wp-content\/uploads\/2024\/07\/image-8.png 1106w\" sizes=\"(max-width: 1024px) 100vw, 1024px\" \/><\/figure>\n\n\n\n<div class=\"wp-block-columns is-layout-flex wp-container-core-columns-is-layout-2 wp-block-columns-is-layout-flex\">\n<div class=\"wp-block-column is-layout-flow wp-block-column-is-layout-flow\">\n<figure class=\"wp-block-image size-large\"><img loading=\"lazy\" decoding=\"async\" width=\"791\" height=\"1024\" src=\"http:\/\/192.168.1.237:8018\/wp-content\/uploads\/2024\/07\/image-11-791x1024.png\" alt=\"\" class=\"wp-image-726\" srcset=\"https:\/\/utcancun.edu.mx\/wp-content\/uploads\/2024\/07\/image-11-791x1024.png 791w, https:\/\/utcancun.edu.mx\/wp-content\/uploads\/2024\/07\/image-11-232x300.png 232w, https:\/\/utcancun.edu.mx\/wp-content\/uploads\/2024\/07\/image-11-768x994.png 768w, https:\/\/utcancun.edu.mx\/wp-content\/uploads\/2024\/07\/image-11-1187x1536.png 1187w, https:\/\/utcancun.edu.mx\/wp-content\/uploads\/2024\/07\/image-11-320x414.png 320w, https:\/\/utcancun.edu.mx\/wp-content\/uploads\/2024\/07\/image-11-480x621.png 480w, https:\/\/utcancun.edu.mx\/wp-content\/uploads\/2024\/07\/image-11-800x1035.png 800w, https:\/\/utcancun.edu.mx\/wp-content\/uploads\/2024\/07\/image-11.png 1275w\" sizes=\"(max-width: 791px) 100vw, 791px\" \/><\/figure>\n\n\n\n<figure class=\"wp-block-image size-large\"><img loading=\"lazy\" decoding=\"async\" width=\"791\" height=\"1024\" src=\"http:\/\/192.168.1.237:8018\/wp-content\/uploads\/2024\/07\/image-14-791x1024.png\" alt=\"\" class=\"wp-image-729\" srcset=\"https:\/\/utcancun.edu.mx\/wp-content\/uploads\/2024\/07\/image-14-791x1024.png 791w, https:\/\/utcancun.edu.mx\/wp-content\/uploads\/2024\/07\/image-14-232x300.png 232w, https:\/\/utcancun.edu.mx\/wp-content\/uploads\/2024\/07\/image-14-768x994.png 768w, https:\/\/utcancun.edu.mx\/wp-content\/uploads\/2024\/07\/image-14-1187x1536.png 1187w, https:\/\/utcancun.edu.mx\/wp-content\/uploads\/2024\/07\/image-14-320x414.png 320w, https:\/\/utcancun.edu.mx\/wp-content\/uploads\/2024\/07\/image-14-480x621.png 480w, https:\/\/utcancun.edu.mx\/wp-content\/uploads\/2024\/07\/image-14-800x1035.png 800w, https:\/\/utcancun.edu.mx\/wp-content\/uploads\/2024\/07\/image-14.png 1275w\" sizes=\"(max-width: 791px) 100vw, 791px\" \/><\/figure>\n<\/div>\n\n\n\n<div class=\"wp-block-column is-layout-flow wp-block-column-is-layout-flow\">\n<figure class=\"wp-block-image size-large\"><img loading=\"lazy\" decoding=\"async\" width=\"791\" height=\"1024\" src=\"http:\/\/192.168.1.237:8018\/wp-content\/uploads\/2024\/07\/image-12-791x1024.png\" alt=\"\" class=\"wp-image-727\" srcset=\"https:\/\/utcancun.edu.mx\/wp-content\/uploads\/2024\/07\/image-12-791x1024.png 791w, https:\/\/utcancun.edu.mx\/wp-content\/uploads\/2024\/07\/image-12-232x300.png 232w, https:\/\/utcancun.edu.mx\/wp-content\/uploads\/2024\/07\/image-12-768x994.png 768w, https:\/\/utcancun.edu.mx\/wp-content\/uploads\/2024\/07\/image-12-1187x1536.png 1187w, https:\/\/utcancun.edu.mx\/wp-content\/uploads\/2024\/07\/image-12-320x414.png 320w, https:\/\/utcancun.edu.mx\/wp-content\/uploads\/2024\/07\/image-12-480x621.png 480w, https:\/\/utcancun.edu.mx\/wp-content\/uploads\/2024\/07\/image-12-800x1035.png 800w, https:\/\/utcancun.edu.mx\/wp-content\/uploads\/2024\/07\/image-12.png 1275w\" sizes=\"(max-width: 791px) 100vw, 791px\" \/><\/figure>\n\n\n\n<figure class=\"wp-block-image size-large\"><img loading=\"lazy\" decoding=\"async\" width=\"791\" height=\"1024\" src=\"http:\/\/192.168.1.237:8018\/wp-content\/uploads\/2024\/07\/image-15-791x1024.png\" alt=\"\" class=\"wp-image-730\" srcset=\"https:\/\/utcancun.edu.mx\/wp-content\/uploads\/2024\/07\/image-15-791x1024.png 791w, https:\/\/utcancun.edu.mx\/wp-content\/uploads\/2024\/07\/image-15-232x300.png 232w, https:\/\/utcancun.edu.mx\/wp-content\/uploads\/2024\/07\/image-15-768x994.png 768w, https:\/\/utcancun.edu.mx\/wp-content\/uploads\/2024\/07\/image-15-1187x1536.png 1187w, https:\/\/utcancun.edu.mx\/wp-content\/uploads\/2024\/07\/image-15-320x414.png 320w, https:\/\/utcancun.edu.mx\/wp-content\/uploads\/2024\/07\/image-15-480x621.png 480w, https:\/\/utcancun.edu.mx\/wp-content\/uploads\/2024\/07\/image-15-800x1035.png 800w, https:\/\/utcancun.edu.mx\/wp-content\/uploads\/2024\/07\/image-15.png 1275w\" sizes=\"(max-width: 791px) 100vw, 791px\" \/><\/figure>\n<\/div>\n\n\n\n<div class=\"wp-block-column is-layout-flow wp-block-column-is-layout-flow\">\n<figure class=\"wp-block-image size-large\"><img loading=\"lazy\" decoding=\"async\" width=\"791\" height=\"1024\" src=\"http:\/\/192.168.1.237:8018\/wp-content\/uploads\/2024\/07\/image-13-791x1024.png\" alt=\"\" class=\"wp-image-728\" srcset=\"https:\/\/utcancun.edu.mx\/wp-content\/uploads\/2024\/07\/image-13-791x1024.png 791w, https:\/\/utcancun.edu.mx\/wp-content\/uploads\/2024\/07\/image-13-232x300.png 232w, https:\/\/utcancun.edu.mx\/wp-content\/uploads\/2024\/07\/image-13-768x994.png 768w, https:\/\/utcancun.edu.mx\/wp-content\/uploads\/2024\/07\/image-13-1187x1536.png 1187w, https:\/\/utcancun.edu.mx\/wp-content\/uploads\/2024\/07\/image-13-320x414.png 320w, https:\/\/utcancun.edu.mx\/wp-content\/uploads\/2024\/07\/image-13-480x621.png 480w, https:\/\/utcancun.edu.mx\/wp-content\/uploads\/2024\/07\/image-13-800x1035.png 800w, https:\/\/utcancun.edu.mx\/wp-content\/uploads\/2024\/07\/image-13.png 1275w\" sizes=\"(max-width: 791px) 100vw, 791px\" \/><\/figure>\n<\/div>\n<\/div>\n\n\n\n<ul class=\"wp-block-list\">\n<li><a href=\"http:\/\/www.utcancun.edu.mx\/wp-content\/uploads\/2016\/07\/Guia-Habilidades-iTEP.pdf\"><strong><em>Gu\u00eda de habilidades iTEP<\/em><\/strong><\/a><\/li>\n<\/ul>\n\n\n\n<div class=\"su-spoiler su-spoiler-style-default su-spoiler-icon-plus su-spoiler-closed\" data-scroll-offset=\"0\" data-anchor-in-url=\"no\"><div class=\"su-spoiler-title\" tabindex=\"0\" role=\"button\"><span class=\"su-spoiler-icon\"><\/span>Eval\u00fae su Nivel de Idiomas<\/div><div class=\"su-spoiler-content su-u-clearfix su-u-trim\">\n\n\n\n<p><a href=\"\/wp-content\/uploads\/2025\/02\/Evalu\u0301e-su-nivel-de-ingle\u0301s.docx\">Eval\u00fae su nivel de ingles aqu\u00ed<\/a><\/p>\n\n\n\n<\/div><\/div><div class=\"su-spoiler su-spoiler-style-default su-spoiler-icon-plus su-spoiler-closed\" data-scroll-offset=\"0\" data-anchor-in-url=\"no\"><div class=\"su-spoiler-title\" tabindex=\"0\" role=\"button\"><span class=\"su-spoiler-icon\"><\/span>Resultados TOEFL ITP<\/div><div class=\"su-spoiler-content su-u-clearfix su-u-trim\">\n\n\n\n<p><a href=\"https:\/\/drive.google.com\/file\/d\/1zqiXabJTZH_u4sHuZAeLH7vh4DW7lsXw\/view?usp=sharing\">Resultados 2023<\/a><\/p>\n\n\n\n<p><a href=\"\/wp-content\/uploads\/2025\/07\/RESULTADOS-TOEFL-ITP-1-2-JUNIO-23-27-2025.xlsx\">Resultados 2025<\/a> <\/p>\n\n\n\n<p><a href=\"\/wp-content\/uploads\/2025\/12\/Resultados-TOEFL-ITP-1-2-diciembre-2025.pdf\">Resultados TOEFL Diciembre 2025 <\/a><\/p>\n\n\n\n<\/div><\/div><div class=\"su-spoiler su-spoiler-style-default su-spoiler-icon-plus su-spoiler-closed\" data-scroll-offset=\"0\" data-anchor-in-url=\"no\"><div class=\"su-spoiler-title\" tabindex=\"0\" role=\"button\"><span class=\"su-spoiler-icon\"><\/span>Se\u00f1al\u00e9tica BIS<\/div><div class=\"su-spoiler-content su-u-clearfix su-u-trim\">\n\n\n\n<figure class=\"wp-block-image\"><img decoding=\"async\" src=\"http:\/\/www.utcancun.edu.mx\/wp-content\/uploads\/2021\/12\/image.png\" alt=\"image\" class=\"wp-image-13723\"\/><\/figure>\n\n\n\n<figure class=\"wp-block-image\"><img decoding=\"async\" src=\"http:\/\/www.utcancun.edu.mx\/wp-content\/uploads\/2021\/12\/thumbnail_Image-3.jpg\" alt=\"thumbnail_image-3\" class=\"wp-image-13726\"\/><\/figure>\n\n\n\n<figure class=\"wp-block-image\"><img decoding=\"async\" src=\"http:\/\/www.utcancun.edu.mx\/wp-content\/uploads\/2021\/12\/thumbnail_Image-5.jpg\" alt=\"thumbnail_image-5\" class=\"wp-image-13728\"\/><\/figure>\n\n\n\n<figure class=\"wp-block-image\"><img decoding=\"async\" src=\"http:\/\/www.utcancun.edu.mx\/wp-content\/uploads\/2021\/12\/thumbnail_Image-7.jpg\" alt=\"thumbnail_image-7\" class=\"wp-image-13730\"\/><\/figure>\n\n\n\n<figure class=\"wp-block-image\"><img decoding=\"async\" src=\"http:\/\/www.utcancun.edu.mx\/wp-content\/uploads\/2016\/07\/WhatsApp-Image-2023-05-08-at-4.26.24-PM-1.jpeg\" alt=\"\" class=\"wp-image-16173\"\/><\/figure>\n\n\n\n<figure class=\"wp-block-image\"><img decoding=\"async\" src=\"http:\/\/www.utcancun.edu.mx\/wp-content\/uploads\/2023\/05\/WhatsApp-Image-2023-05-08-at-4.26.24-PM-5.jpeg\" alt=\"\" class=\"wp-image-16181\"\/><\/figure>\n\n\n\n<figure class=\"wp-block-image\"><img decoding=\"async\" src=\"http:\/\/www.utcancun.edu.mx\/wp-content\/uploads\/2023\/05\/WhatsApp-Image-2023-05-08-at-4.26.24-PM-2.jpeg\" alt=\"\" class=\"wp-image-16183\"\/><\/figure>\n\n\n\n<figure class=\"wp-block-image\"><img decoding=\"async\" src=\"http:\/\/www.utcancun.edu.mx\/wp-content\/uploads\/2023\/05\/WhatsApp-Image-2023-05-08-at-4.26.24-PM.jpeg\" alt=\"\" class=\"wp-image-16185\"\/><\/figure>\n\n\n\n<figure class=\"wp-block-image\"><img decoding=\"async\" src=\"http:\/\/www.utcancun.edu.mx\/wp-content\/uploads\/2021\/12\/thumbnail_Image-2.jpg\" alt=\"thumbnail_image-2\" class=\"wp-image-13725\"\/><\/figure>\n\n\n\n<figure class=\"wp-block-image\"><img decoding=\"async\" src=\"http:\/\/www.utcancun.edu.mx\/wp-content\/uploads\/2021\/12\/thumbnail_Image-4.jpg\" alt=\"thumbnail_image-4\" class=\"wp-image-13727\"\/><\/figure>\n\n\n\n<figure class=\"wp-block-image\"><img decoding=\"async\" src=\"http:\/\/www.utcancun.edu.mx\/wp-content\/uploads\/2021\/12\/thumbnail_Image-6.jpg\" alt=\"thumbnail_image-6\" class=\"wp-image-13729\"\/><\/figure>\n\n\n\n<figure class=\"wp-block-image\"><img decoding=\"async\" src=\"http:\/\/www.utcancun.edu.mx\/wp-content\/uploads\/2021\/12\/thumbnail_Image-8.jpg\" alt=\"thumbnail_image-8\" class=\"wp-image-13731\"\/><\/figure>\n\n\n\n<figure class=\"wp-block-image\"><img decoding=\"async\" src=\"http:\/\/www.utcancun.edu.mx\/wp-content\/uploads\/2016\/07\/WhatsApp-Image-2023-05-08-at-4.26.24-PM-3.jpeg\" alt=\"\" class=\"wp-image-16175\"\/><\/figure>\n\n\n\n<figure class=\"wp-block-image\"><img decoding=\"async\" src=\"http:\/\/www.utcancun.edu.mx\/wp-content\/uploads\/2023\/05\/WhatsApp-Image-2023-05-08-at-4.26.24-PM-4.jpeg\" alt=\"\" class=\"wp-image-16182\"\/><\/figure>\n\n\n\n<figure class=\"wp-block-image\"><img decoding=\"async\" src=\"http:\/\/www.utcancun.edu.mx\/wp-content\/uploads\/2023\/05\/WhatsApp-Image-2023-05-08-at-4.26.24-PM-7.jpeg\" alt=\"\" class=\"wp-image-16184\"\/><\/figure>\n\n\n\n<\/div><\/div><div class=\"su-spoiler su-spoiler-style-default su-spoiler-icon-plus su-spoiler-closed\" data-scroll-offset=\"0\" data-anchor-in-url=\"no\"><div class=\"su-spoiler-title\" tabindex=\"0\" role=\"button\"><span class=\"su-spoiler-icon\"><\/span>Estudiantes exentos<\/div><div class=\"su-spoiler-content su-u-clearfix su-u-trim\">\n\n\n\n<p><a href=\"\/wp-content\/uploads\/2026\/01\/Estudiantes-Exentos-ENERO-ABRIL-2026-1.docx\" target=\"_blank\" rel=\"noreferrer noopener\">Estudiantes exentos enero-abril 2026 (Word) <\/a><\/p>\n\n\n\n<\/div><\/div><div class=\"su-spoiler su-spoiler-style-default su-spoiler-icon-plus su-spoiler-closed\" data-scroll-offset=\"0\" data-anchor-in-url=\"no\"><div class=\"su-spoiler-title\" tabindex=\"0\" role=\"button\"><span class=\"su-spoiler-icon\"><\/span>Entrega de boletas<\/div><div class=\"su-spoiler-content su-u-clearfix su-u-trim\">\n\n\n\n<p><a href=\"https:\/\/drive.google.com\/file\/d\/1k21pQD5B8NUcHT9PTGUzTwLqHjv3ShpO\/view?usp=sharing\">Entrega de boletasTOEFL 3-8 julio 2024<\/a><\/p>\n\n\n\n<p><a href=\"https:\/\/drive.google.com\/file\/d\/13_y12PUE4J1RBhXScxtwwWxvTK4FrdNI\/view?usp=drive_link\">&nbsp;Lista entrega de boletas TOEFL-Tecmilenio No. 4<\/a><\/p>\n\n\n\n<p><a href=\"\/wp-content\/uploads\/2024\/09\/Entrega-boletasTOEFL-L5-1.pdf\">Entrega de boletas TOEFL-TECMILENIO No. 5<\/a><\/p>\n\n\n\n<\/div><\/div>\n\n\n\n<p><\/p>\n","protected":false},"excerpt":{"rendered":"","protected":false},"author":1,"featured_media":0,"parent":0,"menu_order":0,"comment_status":"closed","ping_status":"closed","template":"","meta":{"content-type":"","footnotes":""},"class_list":["post-713","page","type-page","status-publish","hentry"],"_links":{"self":[{"href":"https:\/\/utcancun.edu.mx\/index.php\/wp-json\/wp\/v2\/pages\/713","targetHints":{"allow":["GET"]}}],"collection":[{"href":"https:\/\/utcancun.edu.mx\/index.php\/wp-json\/wp\/v2\/pages"}],"about":[{"href":"https:\/\/utcancun.edu.mx\/index.php\/wp-json\/wp\/v2\/types\/page"}],"author":[{"embeddable":true,"href":"https:\/\/utcancun.edu.mx\/index.php\/wp-json\/wp\/v2\/users\/1"}],"replies":[{"embeddable":true,"href":"https:\/\/utcancun.edu.mx\/index.php\/wp-json\/wp\/v2\/comments?post=713"}],"version-history":[{"count":30,"href":"https:\/\/utcancun.edu.mx\/index.php\/wp-json\/wp\/v2\/pages\/713\/revisions"}],"predecessor-version":[{"id":4867,"href":"https:\/\/utcancun.edu.mx\/index.php\/wp-json\/wp\/v2\/pages\/713\/revisions\/4867"}],"wp:attachment":[{"href":"https:\/\/utcancun.edu.mx\/index.php\/wp-json\/wp\/v2\/media?parent=713"}],"curies":[{"name":"wp","href":"https:\/\/api.w.org\/{rel}","templated":true}]}}