{"id":710,"date":"2024-07-23T17:43:12","date_gmt":"2024-07-23T23:43:12","guid":{"rendered":"http:\/\/192.168.1.237:8018\/?page_id=710"},"modified":"2025-09-09T13:32:59","modified_gmt":"2025-09-09T19:32:59","slug":"mensaje-del-rector","status":"publish","type":"page","link":"https:\/\/utcancun.edu.mx\/index.php\/mensaje-del-rector\/","title":{"rendered":"Mensaje del Rector"},"content":{"rendered":"\n<p class=\"has-text-align-center has-large-font-size\"><strong><mark style=\"background-color:rgba(0, 0, 0, 0)\" class=\"has-inline-color has-vivid-cyan-blue-color\">Bienvenida de Apertura del Cuatrimestre<\/mark><\/strong><\/p>\n\n\n\n<figure class=\"wp-block-embed is-type-video is-provider-youtube wp-block-embed-youtube wp-embed-aspect-16-9 wp-has-aspect-ratio\"><div class=\"wp-block-embed__wrapper\">\n<iframe title=\"Mensaje de bienvenida estudiantes de nuevo ingreso\" width=\"525\" height=\"295\" src=\"https:\/\/www.youtube.com\/embed\/OOTJQ2AqRXk?feature=oembed\" frameborder=\"0\" allow=\"accelerometer; autoplay; clipboard-write; encrypted-media; gyroscope; picture-in-picture; web-share\" referrerpolicy=\"strict-origin-when-cross-origin\" allowfullscreen><\/iframe>\n<\/div><\/figure>\n\n\n\n<p><br>Querida comunidad acad\u00e9mica, profesores, estudiantes, y personal administrativo:<br>Es un honor para m\u00ed darles la bienvenida al inicio de un nuevo cuatrimestre. Este es un momento especial, no solo porque nos reencontramos en este espacio de aprendizaje, sino porque estamos embarc\u00e1ndonos en una nueva etapa que marcar\u00e1 un antes y un despu\u00e9s en nuestra instituci\u00f3n. Hoy, quiero compartir con ustedes una visi\u00f3n renovada que guiar\u00e1 nuestras acciones en los pr\u00f3ximos meses: la implementaci\u00f3n de un nuevo modelo educativo basado en la corriente humanista, con un fuerte compromiso hacia la inclusi\u00f3n y la equidad.<\/p>\n\n\n\n<p><br>El enfoque humanista que hemos adoptado busca situar a cada uno de ustedes, nuestros estudiantes, en el centro de la experiencia educativa. Este modelo reconoce que cada persona es \u00fanica, con sus propias experiencias, talentos y potencialidades. No se trata solo de transmitir conocimientos, sino de formar seres humanos \u00edntegros, cr\u00edticos y comprometidos con su entorno, que se conviertan en verdaderos ciudadanos globales. Queremos que cada aula, cada espacio de nuestra instituci\u00f3n, sea un lugar donde se cultiven valores como la empat\u00eda, el respeto y la solidaridad. Que podamos brindar a la sociedad y al sector laboral profesionistas capaces de marcar diferencia con un sentido humano y de prosperidad solidaria.<\/p>\n\n\n\n<p><br>Adem\u00e1s, este nuevo modelo educativo pone un \u00e9nfasis especial en la inclusi\u00f3n y en una visi\u00f3n humanista que permita desarrollarnos en un entorno seguro. Nos hemos comprometido a construir un ambiente donde todas y todos se sientan valorados, respetados y escuchados. Para lograr esto, hemos dise\u00f1ado pol\u00edticas y estrategias que aseguren que nadie se quede atr\u00e1s, independientemente de su origen, condici\u00f3n, identidad o capacidad. Creemos firmemente que la diversidad es una fuente de riqueza y aprendizaje, y queremos que cada miembro de nuestra comunidad pueda desarrollarse en un entorno donde sus diferencias sean aceptadas y respetadas y no toleradas pr\u00e1cticas que los haga sentir lo contrario.<\/p>\n\n\n\n<p><br>Por \u00faltimo, pero no menos importante, nuestra instituci\u00f3n reafirma su compromiso con la equidad. Sabemos que no todos parten desde el mismo punto y que existen barreras que dificultan el acceso y la permanencia en la educaci\u00f3n. Por eso, hemos implementado programas de apoyo acad\u00e9mico, becas, y acompa\u00f1amiento personalizado a trav\u00e9s de la tutor\u00eda, el departamento psicol\u00f3gico y psicopedag\u00f3gico, talleres culturales y deportivas, porque estamos comprometidos con su salud mental y f\u00edsica, as\u00ed como el de potencialidad sus habilidades, lo anterior permitir\u00e1 garantizar que cada estudiante tenga la oportunidad de alcanzar sus objetivos y sue\u00f1os. La equidad no es solo un principio; es una acci\u00f3n constante que requiere de todos nosotros.<\/p>\n\n\n\n<p><br>Este cuatrimestre, los invito a todos a ser agentes de cambio. A nuestras y nuestros profesores, les pido que sigan siendo gu\u00edas comprometidos con esta nueva visi\u00f3n, fomentando espacios de di\u00e1logo y reflexi\u00f3n. A nuestros estudiantes, los animo a participar activamente, a ser curiosos, a cuestionar, y a proponer. Sue\u00f1en en grande, crucen fronteras con un programa de movilidad internacional, ampl\u00eden su visi\u00f3n del mundo que les rodea. Y con su \u00e9xito, hagan felices a quienes m\u00e1s los quieren. Y a todo el personal administrativo, les agradezco su trabajo constante y los invito a continuar colaborando en la construcci\u00f3n de esta comunidad m\u00e1s inclusiva y equitativa.<\/p>\n\n\n\n<p><br>Hoy iniciamos un camino que seguramente nos traer\u00e1 desaf\u00edos, pero tambi\u00e9n grandes satisfacciones. Estoy convencido de que, con el esfuerzo conjunto de todos nosotros, lograremos transformar esta instituci\u00f3n en un referente de excelencia educativa con rostro humano.<\/p>\n\n\n\n<p><br><strong>Muchas gracias y que sea un gran cuatrimestre para todos y todas.<\/strong><\/p>\n","protected":false},"excerpt":{"rendered":"<p>Bienvenida de Apertura del Cuatrimestre Querida comunidad acad\u00e9mica, profesores, estudiantes, y personal administrativo:Es un honor para m\u00ed darles la bienvenida al inicio de un nuevo cuatrimestre. Este es un momento especial, no solo porque nos reencontramos en este espacio de aprendizaje, sino porque estamos embarc\u00e1ndonos en una nueva etapa que marcar\u00e1 un antes y un [&hellip;]<\/p>\n","protected":false},"author":1,"featured_media":0,"parent":0,"menu_order":0,"comment_status":"closed","ping_status":"closed","template":"","meta":{"content-type":"","footnotes":""},"class_list":["post-710","page","type-page","status-publish","hentry"],"_links":{"self":[{"href":"https:\/\/utcancun.edu.mx\/index.php\/wp-json\/wp\/v2\/pages\/710","targetHints":{"allow":["GET"]}}],"collection":[{"href":"https:\/\/utcancun.edu.mx\/index.php\/wp-json\/wp\/v2\/pages"}],"about":[{"href":"https:\/\/utcancun.edu.mx\/index.php\/wp-json\/wp\/v2\/types\/page"}],"author":[{"embeddable":true,"href":"https:\/\/utcancun.edu.mx\/index.php\/wp-json\/wp\/v2\/users\/1"}],"replies":[{"embeddable":true,"href":"https:\/\/utcancun.edu.mx\/index.php\/wp-json\/wp\/v2\/comments?post=710"}],"version-history":[{"count":5,"href":"https:\/\/utcancun.edu.mx\/index.php\/wp-json\/wp\/v2\/pages\/710\/revisions"}],"predecessor-version":[{"id":4029,"href":"https:\/\/utcancun.edu.mx\/index.php\/wp-json\/wp\/v2\/pages\/710\/revisions\/4029"}],"wp:attachment":[{"href":"https:\/\/utcancun.edu.mx\/index.php\/wp-json\/wp\/v2\/media?parent=710"}],"curies":[{"name":"wp","href":"https:\/\/api.w.org\/{rel}","templated":true}]}}