{"id":676,"date":"2024-07-15T15:09:24","date_gmt":"2024-07-15T21:09:24","guid":{"rendered":"http:\/\/192.168.1.237:8018\/?page_id=676"},"modified":"2025-03-24T13:18:41","modified_gmt":"2025-03-24T19:18:41","slug":"actividades-culturales-y-deportivas","status":"publish","type":"page","link":"https:\/\/utcancun.edu.mx\/index.php\/actividades-culturales-y-deportivas\/","title":{"rendered":"Actividades Culturales y Deportivas"},"content":{"rendered":"\n<p>El Departamento de Actividades Culturales y Deportivas se encarga de complementar la formaci\u00f3n integral de los estudiantes&nbsp;a trav\u00e9s de la oferta de diversas actividades art\u00edstico-culturales y deportivas en las que puedan desarrollar sus habilidades, potenciar sus capacidades y valores.<\/p>\n\n\n\n<p><strong>ACTIVIDADES CULTURALES<\/strong><\/p>\n\n\n\n<div class=\"su-spoiler su-spoiler-style-default su-spoiler-icon-plus su-spoiler-closed\" data-scroll-offset=\"0\" data-anchor-in-url=\"no\"><div class=\"su-spoiler-title\" tabindex=\"0\" role=\"button\"><span class=\"su-spoiler-icon\"><\/span>Fotograf\u00eda Digital<\/div><div class=\"su-spoiler-content su-u-clearfix su-u-trim\"> <\/p>\n\n\n<div class=\"wp-block-image\">\n<figure class=\"aligncenter\"><img decoding=\"async\" src=\"\/wp-content\/uploads\/2024\/01\/BANNERS-Cultura_FOTO.png\" alt=\"\" class=\"wp-image-17575\"\/><\/figure><\/div>\n\n\n<p><strong>Tallerista<\/strong><br>Lic. M\u00f3nica Monroy Bautista<\/p>\n\n\n\n<p><strong>Requisitos<\/strong><br>C\u00e1mara fotogr\u00e1fica (puede ser la del celular hasta una profesional) y ser miembro de la comunidad universitaria.<\/p>\n\n\n\n<p class=\"has-text-align-center\"><strong>Informes e inscripciones<\/strong><br>Departamento de Actividades Culturales y Deportivas. Edificio B<br><a href=\"mailto:bku@utcancun.edu.mx\" target=\"_blank\" rel=\"noreferrer noopener\">bku@utcancun.edu.mx<\/a><br>Tel. 881 19 00 Ext. 1161 \/ 1162<br><strong>Horario de atenci\u00f3n<\/strong><br>9:00 a 17:00 hrs.<\/p>\n\n\n\n<\/div><\/div>\n\n\n\n<div class=\"su-spoiler su-spoiler-style-default su-spoiler-icon-plus su-spoiler-closed\" data-scroll-offset=\"0\" data-anchor-in-url=\"no\"><div class=\"su-spoiler-title\" tabindex=\"0\" role=\"button\"><span class=\"su-spoiler-icon\"><\/span>M\u00fasica<\/div><div class=\"su-spoiler-content su-u-clearfix su-u-trim\"><br><\/p>\n\n\n\n<figure class=\"wp-block-image\"><img decoding=\"async\" src=\"http:\/\/www.utcancun.edu.mx\/wp-content\/uploads\/2024\/01\/BANNERS-Cultura_MUSICA.png\" alt=\"\" class=\"wp-image-17577\"\/><\/figure>\n\n\n\n<p><strong>Tallerista<\/strong><br>C. \u00c1ngel Sa\u00fal Fern\u00e1ndez Damian<\/p>\n\n\n\n<p><strong>Requisitos<\/strong><br>Ser miembro de la comunidad universitaria.<\/p>\n\n\n\n<p class=\"has-text-align-center\"><strong>Informes e inscripciones<\/strong><br>Departamento de Actividades Culturales y Deportivas. Edificio B<br><a href=\"mailto:bku@utcancun.edu.mx\" target=\"_blank\" rel=\"noreferrer noopener\">bku@utcancun.edu.mx<\/a><br>Tel. 881 19 00 Ext. 1161 \/ 1162<br><strong>Horario de atenci\u00f3n<\/strong><br>9:00 a 17:00 hrs.<\/p>\n\n\n\n<p> <\/div><\/div>\n\n\n\n<div class=\"su-spoiler su-spoiler-style-default su-spoiler-icon-plus su-spoiler-closed\" data-scroll-offset=\"0\" data-anchor-in-url=\"no\"><div class=\"su-spoiler-title\" tabindex=\"0\" role=\"button\"><span class=\"su-spoiler-icon\"><\/span>Canto y coro<\/div><div class=\"su-spoiler-content su-u-clearfix su-u-trim\">\n\n\n\n<p><strong>Tallerista<\/strong><br>Lic. Jos\u00e9 Alejandro Kant\u00fan Aranda<\/p>\n\n\n\n<p><strong>Requisitos<\/strong><br>Ser miembro de la comunidad universitaria.<\/p>\n\n\n\n<p class=\"has-text-align-center\"><strong>Informes e inscripciones<\/strong><br>Departamento de Actividades Culturales y Deportivas. Edificio B<br><a href=\"mailto:bku@utcancun.edu.mx\" target=\"_blank\" rel=\"noreferrer noopener\">bku@utcancun.edu.mx<\/a><br>Tel. 881 19 00 Ext. 1161 \/ 1162<br><strong>Horario de atenci\u00f3n<\/strong><br>9:00 a 17:00 hrs.<\/p>\n\n\n\n<\/div><\/div>\n\n\n\n<div class=\"su-spoiler su-spoiler-style-default su-spoiler-icon-plus su-spoiler-closed\" data-scroll-offset=\"0\" data-anchor-in-url=\"no\"><div class=\"su-spoiler-title\" tabindex=\"0\" role=\"button\"><span class=\"su-spoiler-icon\"><\/span>Danza<\/div><div class=\"su-spoiler-content su-u-clearfix su-u-trim\"> <\/p>\n\n\n\n<figure class=\"wp-block-image\"><img decoding=\"async\" src=\"http:\/\/www.utcancun.edu.mx\/wp-content\/uploads\/2024\/01\/BANNERS-Cultura_DANZA.png\" alt=\"\" class=\"wp-image-17580\"\/><\/figure>\n\n\n\n<p><strong>Tallerista<\/strong><br>Lic. Jes\u00fas Antonio Mart\u00ednez Vela<\/p>\n\n\n\n<p><strong>Requisitos<\/strong><br>Ropa c\u00f3moda y ser miembro de la comunidad universitaria.<\/p>\n\n\n\n<p class=\"has-text-align-center\"><strong>Informes e inscripciones<\/strong><br>Departamento de Actividades Culturales y Deportivas. Edificio B<br><a href=\"mailto:bku@utcancun.edu.mx\" target=\"_blank\" rel=\"noreferrer noopener\">bku@utcancun.edu.mx<\/a><br>Tel. 881 19 00 Ext. 1161 \/ 1162<br><strong>Horario de atenci\u00f3n<\/strong><br>9:00 a 17:00 hrs.<\/p>\n\n\n\n<\/div><\/div>\n\n\n\n<div class=\"su-spoiler su-spoiler-style-default su-spoiler-icon-plus su-spoiler-closed\" data-scroll-offset=\"0\" data-anchor-in-url=\"no\"><div class=\"su-spoiler-title\" tabindex=\"0\" role=\"button\"><span class=\"su-spoiler-icon\"><\/span>Dibujo y Pintura<\/div><div class=\"su-spoiler-content su-u-clearfix su-u-trim\"> <\/p>\n\n\n\n<figure class=\"wp-block-image\"><img decoding=\"async\" src=\"http:\/\/www.utcancun.edu.mx\/wp-content\/uploads\/2024\/01\/BANNERS-Cultura_DIBUJO.png\" alt=\"\" class=\"wp-image-17586\"\/><\/figure>\n\n\n\n<p><strong>Tallerista<\/strong><br>Lic. Juan Antonio God\u00ednez L\u00f3pez<\/p>\n\n\n\n<p><strong>Requisitos<\/strong><br>Ser miembro de la comunidad universitaria.<\/p>\n\n\n\n<p class=\"has-text-align-center\"><strong>Informes e inscripciones<\/strong><br>Departamento de Actividades Culturales y Deportivas. Edificio B<br><a href=\"mailto:bku@utcancun.edu.mx\" target=\"_blank\" rel=\"noreferrer noopener\">bku@utcancun.edu.mx<\/a><br>Tel. 881 19 00 Ext. 1161 \/ 1162<br><strong>Horario de atenci\u00f3n<\/strong><br>9:00 a 17:00 hrs.<\/p>\n\n\n\n<\/div><\/div>\n\n\n\n<div class=\"su-spoiler su-spoiler-style-default su-spoiler-icon-plus su-spoiler-closed\" data-scroll-offset=\"0\" data-anchor-in-url=\"no\"><div class=\"su-spoiler-title\" tabindex=\"0\" role=\"button\"><span class=\"su-spoiler-icon\"><\/span>Creatividad y comunicaci\u00f3n<\/div><div class=\"su-spoiler-content su-u-clearfix su-u-trim\">\n\n\n<div class=\"wp-block-image\">\n<figure class=\"aligncenter size-large\"><img fetchpriority=\"high\" decoding=\"async\" width=\"1024\" height=\"538\" src=\"\/wp-content\/uploads\/2025\/03\/BANNERS-Cultura-2025-1024x538.png\" alt=\"\" class=\"wp-image-2995\" srcset=\"https:\/\/utcancun.edu.mx\/wp-content\/uploads\/2025\/03\/BANNERS-Cultura-2025-1024x538.png 1024w, https:\/\/utcancun.edu.mx\/wp-content\/uploads\/2025\/03\/BANNERS-Cultura-2025-300x158.png 300w, https:\/\/utcancun.edu.mx\/wp-content\/uploads\/2025\/03\/BANNERS-Cultura-2025-768x403.png 768w, https:\/\/utcancun.edu.mx\/wp-content\/uploads\/2025\/03\/BANNERS-Cultura-2025-320x168.png 320w, https:\/\/utcancun.edu.mx\/wp-content\/uploads\/2025\/03\/BANNERS-Cultura-2025-480x252.png 480w, https:\/\/utcancun.edu.mx\/wp-content\/uploads\/2025\/03\/BANNERS-Cultura-2025-800x420.png 800w, https:\/\/utcancun.edu.mx\/wp-content\/uploads\/2025\/03\/BANNERS-Cultura-2025.png 1200w\" sizes=\"(max-width: 1024px) 100vw, 1024px\" \/><\/figure><\/div>\n\n\n<p><strong>Tallerista<\/strong><br>Mtro. Ernesto Fern\u00e1ndez Elvira<\/p>\n\n\n\n<p><strong>Informes e inscripciones<\/strong><br>Departamento de Actividades Culturales y Deportivas. Edificio B<\/p>\n\n\n\n<p class=\"has-text-align-center\"><strong>Informes e inscripciones<\/strong><br>Departamento de Actividades Culturales y Deportivas. Edificio B<br><a href=\"mailto:bku@utcancun.edu.mx\" target=\"_blank\" rel=\"noreferrer noopener\">bku@utcancun.edu.mx<\/a><br>Tel. 881 19 00 Ext. 1161 \/ 1162<br><strong>Horario de atenci\u00f3n<\/strong><br>9:00 a 17:00 hrs.<\/p>\n\n\n\n<\/div><\/div>\n\n\n\n<p><strong>ACTIVIDADES DEPORTIVAS<\/strong><\/p>\n\n\n\n<div class=\"su-spoiler su-spoiler-style-default su-spoiler-icon-plus su-spoiler-closed\" data-scroll-offset=\"0\" data-anchor-in-url=\"no\"><div class=\"su-spoiler-title\" tabindex=\"0\" role=\"button\"><span class=\"su-spoiler-icon\"><\/span>Ajedrez<\/div><div class=\"su-spoiler-content su-u-clearfix su-u-trim\">\n\n\n\n<figure class=\"wp-block-image\"><img decoding=\"async\" src=\"http:\/\/www.utcancun.edu.mx\/wp-content\/uploads\/2024\/01\/BANNERS-Deportes_AJEDREZ.png\" alt=\"\" class=\"wp-image-17594\"\/><\/figure>\n\n\n\n<p><strong>Entrenador<\/strong><br>Ing. Leonardo De Jes\u00fas Castillejos Maza<\/p>\n\n\n\n<p><strong>Requisitos<\/strong><br>Ropa c\u00f3moda y ser miembro de la comunidad universitaria.<\/p>\n\n\n\n<p class=\"has-text-align-center\"><strong>Informes e inscripciones:<\/strong><br>Depto. Actividades Culturales y Deportivas. Edif. B<br><a href=\"mailto:arosado@utcancun.edu.mx\">arosado@utcancun.edu.mx<\/a><br>881-19-00 Ext. 1161 \/ 1160<br><strong>Horario de atenci\u00f3n:<\/strong>&nbsp;8:00 a 16:00 hrs.<\/p>\n\n\n\n<p> <\/div><\/div>\n\n\n\n<div class=\"su-spoiler su-spoiler-style-default su-spoiler-icon-plus su-spoiler-closed\" data-scroll-offset=\"0\" data-anchor-in-url=\"no\"><div class=\"su-spoiler-title\" tabindex=\"0\" role=\"button\"><span class=\"su-spoiler-icon\"><\/span>Atletismo<\/div><div class=\"su-spoiler-content su-u-clearfix su-u-trim\"> <\/p>\n\n\n\n<figure class=\"wp-block-image\"><img decoding=\"async\" src=\"http:\/\/www.utcancun.edu.mx\/wp-content\/uploads\/2024\/01\/BANNERS-Deportes_ATLETISMO.png\" alt=\"\" class=\"wp-image-17596\"\/><\/figure>\n\n\n\n<p><strong>Entrenador<\/strong><br>Lic. Jos\u00e9 Guadalupe L\u00f3pez Salazar<\/p>\n\n\n\n<p><strong>Requisitos<\/strong><br>Ropa c\u00f3moda y ser miembro de la comunidad universitaria<\/p>\n\n\n\n<p class=\"has-text-align-center\"><strong>Informes e inscripciones:<\/strong><br>Depto. Actividades Culturales y Deportivas. Edif. B<br><a href=\"mailto:arosado@utcancun.edu.mx\">arosado@utcancun.edu.mx<\/a><br>881-19-00 Ext. 1161 \/ 1160<br>Horario de atenci\u00f3n:&nbsp;8:00 a 16:00 hrs.<\/p>\n\n\n\n<\/div><\/div>\n\n\n\n<div class=\"su-spoiler su-spoiler-style-default su-spoiler-icon-plus su-spoiler-closed\" data-scroll-offset=\"0\" data-anchor-in-url=\"no\"><div class=\"su-spoiler-title\" tabindex=\"0\" role=\"button\"><span class=\"su-spoiler-icon\"><\/span>Basquetbol Femenil<\/div><div class=\"su-spoiler-content su-u-clearfix su-u-trim\"> <\/p>\n\n\n\n<figure class=\"wp-block-image\"><img decoding=\"async\" src=\"https:\/\/www.utcancun.edu.mx\/wp-content\/uploads\/2024\/01\/BANNERS-Deportes_BASKETFEMENIL-1.png\" alt=\"\" class=\"wp-image-17608\"\/><\/figure>\n\n\n\n<p><strong>Entrenador<\/strong><br><\/p>\n\n\n\n<p><strong>Requisitos<\/strong><br>Ropa c\u00f3moda y ser miembro de la comunidad universitaria.<\/p>\n\n\n\n<p class=\"has-text-align-center\"><strong>Informes e inscripciones:<\/strong><br>Depto. Actividades Culturales y Deportivas. Edif. B<br><a href=\"mailto:arosado@utcancun.edu.mx\">arosado@utcancun.edu.mx<\/a><br>881-19-00 Ext. 1161 \/ 1160<br><strong>Horario de atenci\u00f3n:<\/strong>&nbsp;8:00 a 16:00 hrs.<\/p>\n\n\n\n<\/div><\/div>\n\n\n\n<div class=\"su-spoiler su-spoiler-style-default su-spoiler-icon-plus su-spoiler-closed\" data-scroll-offset=\"0\" data-anchor-in-url=\"no\"><div class=\"su-spoiler-title\" tabindex=\"0\" role=\"button\"><span class=\"su-spoiler-icon\"><\/span>Basquetbol Varonil<\/div><div class=\"su-spoiler-content su-u-clearfix su-u-trim\"> <\/p>\n\n\n<div class=\"wp-block-image\">\n<figure class=\"aligncenter\"><img decoding=\"async\" src=\"http:\/\/www.utcancun.edu.mx\/wp-content\/uploads\/2024\/01\/BANNERS-Deportes_BASKETVARONIL.png\" alt=\"\" class=\"wp-image-17598\"\/><\/figure><\/div>\n\n\n<p><strong>Entrenador<\/strong><br>Miguel \u00c1ngel Tamariz Ch\u00e1vez<\/p>\n\n\n\n<p><strong>Requisitos<\/strong><br>Ropa c\u00f3moda y ser miembro de la comunidad universitaria.<\/p>\n\n\n\n<p class=\"has-text-align-center\"><strong>Informes e inscripciones:<\/strong><br>Depto. Actividades Culturales y Deportivas. Edif. B<br><a href=\"mailto:arosado@utcancun.edu.mx\">arosado@utcancun.edu.mx<\/a><br>881-19-00 Ext. 1161 \/ 1160<br>Horario de atenci\u00f3n:&nbsp;8:00 a 16:00 hrs.<\/p>\n\n\n\n<\/div><\/div>\n\n\n\n<div class=\"su-spoiler su-spoiler-style-default su-spoiler-icon-plus su-spoiler-closed\" data-scroll-offset=\"0\" data-anchor-in-url=\"no\"><div class=\"su-spoiler-title\" tabindex=\"0\" role=\"button\"><span class=\"su-spoiler-icon\"><\/span>Flag Mixto<\/div><div class=\"su-spoiler-content su-u-clearfix su-u-trim\">\n\n\n\n<figure class=\"wp-block-image\"><img decoding=\"async\" src=\"http:\/\/www.utcancun.edu.mx\/wp-content\/uploads\/2024\/01\/BANNERS-Deportes_FLAG.png\" alt=\"\" class=\"wp-image-17604\"\/><\/figure>\n\n\n\n<p><strong>Entrenador<\/strong><br>Hugo Hilario P\u00e9rez Garc\u00eda<\/p>\n\n\n\n<p><strong>Requisitos<\/strong><br>Ropa c\u00f3moda y ser miembro de la comunidad universitaria<\/p>\n\n\n\n<p class=\"has-text-align-center\"><strong>Informes e inscripciones:<\/strong><br>Depto. Actividades Culturales y Deportivas. Edif. B<br><a href=\"mailto:arosado@utcancun.edu.mx\">arosado@utcancun.edu.mx<\/a><br>881-19-00 Ext. 1161 \/ 1160<br>Horario de atenci\u00f3n:&nbsp;8:00 a 16:00 hrs.<\/p>\n\n\n\n<p><\/p>\n\n\n\n<p> <\/div><\/div>\n\n\n\n<div class=\"su-spoiler su-spoiler-style-default su-spoiler-icon-plus su-spoiler-closed\" data-scroll-offset=\"0\" data-anchor-in-url=\"no\"><div class=\"su-spoiler-title\" tabindex=\"0\" role=\"button\"><span class=\"su-spoiler-icon\"><\/span>Futbol Femenil<\/div><div class=\"su-spoiler-content su-u-clearfix su-u-trim\">\n\n\n\n<figure class=\"wp-block-image\"><img decoding=\"async\" src=\"http:\/\/www.utcancun.edu.mx\/wp-content\/uploads\/2024\/01\/BANNERS-Deportes_FUTFEMENIL.png\" alt=\"\" class=\"wp-image-17612\"\/><\/figure>\n\n\n\n<p><strong>Entrenador<\/strong><br>Jos\u00e9 Guadalupe L\u00f3pez Salazar<\/p>\n\n\n\n<p><strong>Requisitos<\/strong><br>ropa c\u00f3moda y ser miembro de la comunidad universitaria.<\/p>\n\n\n\n<p class=\"has-text-align-center\"><strong>Informes e inscripciones:<\/strong><br>Depto. Actividades Culturales y Deportivas. Edif. B<br><a href=\"mailto:arosado@utcancun.edu.mx\">arosado@utcancun.edu.mx<\/a><br>881-19-00 Ext. 1161 \/ 1160<br>Horario de atenci\u00f3n:&nbsp;8:00 a 16:00 hrs.<\/p>\n\n\n\n<p> <\/div><\/div>\n\n\n\n<div class=\"su-spoiler su-spoiler-style-default su-spoiler-icon-plus su-spoiler-closed\" data-scroll-offset=\"0\" data-anchor-in-url=\"no\"><div class=\"su-spoiler-title\" tabindex=\"0\" role=\"button\"><span class=\"su-spoiler-icon\"><\/span>Futbol Varonil<\/div><div class=\"su-spoiler-content su-u-clearfix su-u-trim\">\n\n\n\n<figure class=\"wp-block-image\"><img decoding=\"async\" src=\"https:\/\/www.utcancun.edu.mx\/wp-content\/uploads\/2024\/01\/BANNERS-Deportes_SOCCER.png\" alt=\"\" class=\"wp-image-17615\"\/><\/figure>\n\n\n\n<p><strong>Entrenador<\/strong><br>Jos\u00e9 Guadalupe L\u00f3pez Salazar<\/p>\n\n\n\n<p><strong>Requisitos<\/strong><br>ropa c\u00f3moda y ser miembro de la comunidad universitaria.<\/p>\n\n\n\n<p class=\"has-text-align-center\"><strong>Informes e inscripciones:<\/strong><br>Depto. Actividades Culturales y Deportivas. Edif. B<br><a href=\"mailto:arosado@utcancun.edu.mx\">arosado@utcancun.edu.mx<\/a><br>881-19-00 Ext. 1161 \/ 1160<br>Horario de atenci\u00f3n:&nbsp;8:00 a 16:00 hrs.<\/p>\n\n\n\n<p> <\/div><\/div>\n\n\n\n<div class=\"su-spoiler su-spoiler-style-default su-spoiler-icon-plus su-spoiler-closed\" data-scroll-offset=\"0\" data-anchor-in-url=\"no\"><div class=\"su-spoiler-title\" tabindex=\"0\" role=\"button\"><span class=\"su-spoiler-icon\"><\/span>Tae Kwon Do<\/div><div class=\"su-spoiler-content su-u-clearfix su-u-trim\">\n\n\n\n<figure class=\"wp-block-image\"><img decoding=\"async\" src=\"http:\/\/www.utcancun.edu.mx\/wp-content\/uploads\/2024\/01\/BANNERS-Deportes_TKD.png\" alt=\"\" class=\"wp-image-17622\"\/><\/figure>\n\n\n\n<p><strong>Entrenador<\/strong>&nbsp;<br>Brandon Enrique Rej\u00f3n Calleja<\/p>\n\n\n\n<p><strong>Requisitos<\/strong><br>Ropa c\u00f3moda y ser miembro de la comunidad universitaria.<\/p>\n\n\n\n<p class=\"has-text-align-center\"><strong>Informes e inscripciones:<\/strong><br>Depto. Actividades Culturales y Deportivas. Edif. B<br><a href=\"mailto:arosado@utcancun.edu.mx\">arosado@utcancun.edu.mx<\/a><br>881-19-00 Ext. 1161 \/ 1160<br>Horario de atenci\u00f3n:&nbsp;8:00 a 16:00 hrs.<\/p>\n\n\n\n<\/div><\/div><br><div class=\"su-spoiler su-spoiler-style-default su-spoiler-icon-plus su-spoiler-closed\" data-scroll-offset=\"0\" data-anchor-in-url=\"no\"><div class=\"su-spoiler-title\" tabindex=\"0\" role=\"button\"><span class=\"su-spoiler-icon\"><\/span>Tenis de mesa<\/div><div class=\"su-spoiler-content su-u-clearfix su-u-trim\">\n\n\n\n<figure class=\"wp-block-image\"><img decoding=\"async\" src=\"https:\/\/www.utcancun.edu.mx\/wp-content\/uploads\/2024\/01\/BANNERS-Deportes_TENISMESA.png\" alt=\"\" class=\"wp-image-17624\"\/><\/figure>\n\n\n\n<p><strong>Entrenador<\/strong><br>Ricardo Mauricio Sosa Moreno<\/p>\n\n\n\n<p><strong>Requisitos<\/strong><br>Ropa c\u00f3moda y ser miembro de la comunidad universitaria.<\/p>\n\n\n\n<p class=\"has-text-align-center\"><strong>Informes e inscripciones:<\/strong><br>Depto. Actividades Culturales y Deportivas. Edif. B<br><a href=\"mailto:arosado@utcancun.edu.mx\">arosado@utcancun.edu.mx<\/a><br>881-19-00 Ext. 1161 \/ 1160<br>Horario de atenci\u00f3n:&nbsp;8:00 a 16:00 hrs.<\/p>\n\n\n\n<\/div><\/div>\n\n\n\n<div class=\"su-spoiler su-spoiler-style-default su-spoiler-icon-plus su-spoiler-closed\" data-scroll-offset=\"0\" data-anchor-in-url=\"no\"><div class=\"su-spoiler-title\" tabindex=\"0\" role=\"button\"><span class=\"su-spoiler-icon\"><\/span>Voleibol<\/div><div class=\"su-spoiler-content su-u-clearfix su-u-trim\">\n\n\n\n<figure class=\"wp-block-image\"><img decoding=\"async\" src=\"http:\/\/www.utcancun.edu.mx\/wp-content\/uploads\/2024\/01\/BANNERS-Deportes_VOLEIBOL.png\" alt=\"\" class=\"wp-image-17626\"\/><\/figure>\n\n\n\n<p><strong>Entrenador<\/strong><br>Edgar Calixto Ch\u00e1vez<\/p>\n\n\n\n<p><strong>Requisitos<\/strong><br>Ropa c\u00f3moda y ser miembro de la comunidad universitaria.<\/p>\n\n\n\n<p class=\"has-text-align-center\"><strong>Informes e inscripciones:<\/strong><br>Depto. Actividades Culturales y Deportivas. Edif. B<br><a href=\"mailto:arosado@utcancun.edu.mx\">arosado@utcancun.edu.mx<\/a><br>881-19-00 Ext. 1161 \/ 1160<br>Horario de atenci\u00f3n:&nbsp;8:00 a 16:00 hrs.<\/p>\n\n\n\n<p> <\/div><\/div>\n","protected":false},"excerpt":{"rendered":"<p>El Departamento de Actividades Culturales y Deportivas se encarga de complementar la formaci\u00f3n integral de los estudiantes&nbsp;a trav\u00e9s de la oferta de diversas actividades art\u00edstico-culturales y deportivas en las que puedan desarrollar sus habilidades, potenciar sus capacidades y valores. ACTIVIDADES CULTURALES ACTIVIDADES DEPORTIVAS<\/p>\n","protected":false},"author":1,"featured_media":0,"parent":0,"menu_order":0,"comment_status":"closed","ping_status":"closed","template":"","meta":{"content-type":"","footnotes":""},"class_list":["post-676","page","type-page","status-publish","hentry"],"_links":{"self":[{"href":"https:\/\/utcancun.edu.mx\/index.php\/wp-json\/wp\/v2\/pages\/676","targetHints":{"allow":["GET"]}}],"collection":[{"href":"https:\/\/utcancun.edu.mx\/index.php\/wp-json\/wp\/v2\/pages"}],"about":[{"href":"https:\/\/utcancun.edu.mx\/index.php\/wp-json\/wp\/v2\/types\/page"}],"author":[{"embeddable":true,"href":"https:\/\/utcancun.edu.mx\/index.php\/wp-json\/wp\/v2\/users\/1"}],"replies":[{"embeddable":true,"href":"https:\/\/utcancun.edu.mx\/index.php\/wp-json\/wp\/v2\/comments?post=676"}],"version-history":[{"count":14,"href":"https:\/\/utcancun.edu.mx\/index.php\/wp-json\/wp\/v2\/pages\/676\/revisions"}],"predecessor-version":[{"id":2999,"href":"https:\/\/utcancun.edu.mx\/index.php\/wp-json\/wp\/v2\/pages\/676\/revisions\/2999"}],"wp:attachment":[{"href":"https:\/\/utcancun.edu.mx\/index.php\/wp-json\/wp\/v2\/media?parent=676"}],"curies":[{"name":"wp","href":"https:\/\/api.w.org\/{rel}","templated":true}]}}