{"id":65,"date":"2024-05-30T15:29:56","date_gmt":"2024-05-30T21:29:56","guid":{"rendered":"http:\/\/192.168.1.237:8018\/?page_id=65"},"modified":"2025-12-04T10:39:41","modified_gmt":"2025-12-04T16:39:41","slug":"t-s-u-y-licenciatura","status":"publish","type":"page","link":"https:\/\/utcancun.edu.mx\/index.php\/t-s-u-y-licenciatura\/","title":{"rendered":"T.S.U y Licenciatura"},"content":{"rendered":"\n<h2 class=\"wp-block-heading has-large-font-size\">Licenciaturas<\/h2>\n\n\n\n<ul class=\"wp-block-list\">\n<li><a href=\"\/index.php\/licenciatura-en-negocios-y-mercadotecnia\/\" target=\"_blank\" rel=\"noreferrer noopener\">Licenciatura en Negocios y Mercadotecnia <\/a><\/li>\n\n\n\n<li><a href=\"\/index.php\/contaduria-2\/\" target=\"_blank\" rel=\"noreferrer noopener\">Licenciatura en Contadur\u00eda <\/a><\/li>\n\n\n\n<li><a href=\"\/index.php\/administracion\/\" target=\"_blank\" rel=\"noreferrer noopener\">Licenciatura en Administraci\u00f3n <\/a><\/li>\n\n\n\n<li><a href=\"\/index.php\/licenciatura-en-gestion-del-bienestar\/\" target=\"_blank\" rel=\"noreferrer noopener\">Licenciatura en Gesti\u00f3n del Bienestar <\/a><\/li>\n\n\n\n<li><a href=\"\/index.php\/desarrollo-productos-alternativos\/\" data-type=\"link\" data-id=\"\/index.php\/desarrollo-productos-alternativos\/\" target=\"_blank\" rel=\"noreferrer noopener\">Licenciatura en Gesti\u00f3n y Desarrollo Tur\u00edstico<\/a><\/li>\n\n\n\n<li><a href=\"\/index.php\/ingenieria-area-instalaciones\/\" target=\"_blank\" rel=\"noreferrer noopener\">Licenciatura en Ingenier\u00eda en Mantenimiento Industrial, \u00c1rea Instalaciones <\/a><\/li>\n\n\n\n<li><a href=\"\/index.php\/ingenieria-en-software\/\" target=\"_blank\" rel=\"noreferrer noopener\">Licenciatura en Ingenier\u00eda en Tecnolog\u00eda de la Informaci\u00f3n e Innovaci\u00f3n Digit\u00e1l, \u00c1rea Desarrollo de Software Multiplataforma <\/a><\/li>\n\n\n\n<li><a href=\"\/index.php\/ingenieria-en-redes\/\" target=\"_blank\" rel=\"noreferrer noopener\">Licenciatura en Ingenier\u00eda en Tecnolog\u00eda de la Informaci\u00f3n e Innovaci\u00f3n Digit\u00e1l, \u00c1rea Infraestructura  de Redes Digitales <\/a><\/li>\n\n\n\n<li><a href=\"\/index.php\/gastronomia-2\/\" target=\"_blank\" rel=\"noreferrer noopener\">Licenciatura en Gastronom\u00eda <\/a><br><br><\/li>\n<\/ul>\n\n\n\n<h4 class=\"wp-block-heading has-text-align-center has-large-font-size\"><strong><a href=\"\/index.php\/nuevo-ingreso\/\">Convocatoria de nuevo ingreso<\/a><\/strong><\/h4>\n\n\n\n<p><\/p>\n","protected":false},"excerpt":{"rendered":"<p>Licenciaturas Convocatoria de nuevo ingreso<\/p>\n","protected":false},"author":1,"featured_media":362,"parent":0,"menu_order":0,"comment_status":"closed","ping_status":"closed","template":"","meta":{"content-type":"","footnotes":""},"class_list":["post-65","page","type-page","status-publish","has-post-thumbnail","hentry"],"_links":{"self":[{"href":"https:\/\/utcancun.edu.mx\/index.php\/wp-json\/wp\/v2\/pages\/65","targetHints":{"allow":["GET"]}}],"collection":[{"href":"https:\/\/utcancun.edu.mx\/index.php\/wp-json\/wp\/v2\/pages"}],"about":[{"href":"https:\/\/utcancun.edu.mx\/index.php\/wp-json\/wp\/v2\/types\/page"}],"author":[{"embeddable":true,"href":"https:\/\/utcancun.edu.mx\/index.php\/wp-json\/wp\/v2\/users\/1"}],"replies":[{"embeddable":true,"href":"https:\/\/utcancun.edu.mx\/index.php\/wp-json\/wp\/v2\/comments?post=65"}],"version-history":[{"count":31,"href":"https:\/\/utcancun.edu.mx\/index.php\/wp-json\/wp\/v2\/pages\/65\/revisions"}],"predecessor-version":[{"id":4483,"href":"https:\/\/utcancun.edu.mx\/index.php\/wp-json\/wp\/v2\/pages\/65\/revisions\/4483"}],"wp:featuredmedia":[{"embeddable":true,"href":"https:\/\/utcancun.edu.mx\/index.php\/wp-json\/wp\/v2\/media\/362"}],"wp:attachment":[{"href":"https:\/\/utcancun.edu.mx\/index.php\/wp-json\/wp\/v2\/media?parent=65"}],"curies":[{"name":"wp","href":"https:\/\/api.w.org\/{rel}","templated":true}]}}