{"id":624,"date":"2024-07-15T13:25:32","date_gmt":"2024-07-15T19:25:32","guid":{"rendered":"http:\/\/192.168.1.237:8018\/?page_id=624"},"modified":"2024-07-15T13:29:03","modified_gmt":"2024-07-15T19:29:03","slug":"aspirantes","status":"publish","type":"page","link":"https:\/\/utcancun.edu.mx\/index.php\/aspirantes\/","title":{"rendered":"Aspirantes"},"content":{"rendered":"\n<p class=\"has-text-align-center has-large-font-size\"><strong>Convocatoria de nuevo ingreso 2024<\/strong><\/p>\n\n\n\n<div class=\"su-spoiler su-spoiler-style-default su-spoiler-icon-plus su-spoiler-closed\" data-anchor=\"a\" data-scroll-offset=\"0\" data-anchor-in-url=\"no\"><div class=\"su-spoiler-title\" tabindex=\"0\" role=\"button\"><span class=\"su-spoiler-icon\"><\/span>Primera evaluaci\u00f3n diagn\u00f3stica de ingreso, 16 de marzo 2024<\/div><div class=\"su-spoiler-content su-u-clearfix su-u-trim\">\n\n\n\n<ul class=\"wp-block-list\">\n<li><strong><em>Proceso de Admisi\u00f3n, Examen 16 de marzo<\/em><\/strong><\/li>\n\n\n\n<li><a href=\"https:\/\/drive.google.com\/file\/d\/1UCEBPwSgCkw-3oHjJzHS_jCqvu-kSmdm\/view?usp=sharing\"><strong><em>Gu\u00eda para presentar el Examen de Admisi\u00f3n<\/em><\/strong><\/a><\/li>\n\n\n\n<li><a href=\"https:\/\/miguia-exani-ii.ceneval.edu.mx\/login.php\"><strong><em>Gu\u00eda Interactiva CENEVAL<\/em><\/strong><\/a><\/li>\n\n\n\n<li><a href=\"http:\/\/www.utcancun.edu.mx\/wp-content\/uploads\/2016\/07\/DISTRIBUCION-DE-LABORATORIOS-16-MARZO-2024.pdf\"><em>Asignaci\u00f3n de laboratorios para presentar examen de admisi\u00f3n del 16 de marzo<\/em><\/a><\/li>\n\n\n\n<li><a href=\"http:\/\/www.utcancun.edu.mx\/wp-content\/uploads\/2016\/07\/PUBLICACION-RESULT-1er-EXANI-II-16-MARZO-2024-1.pdf\"><em>Resultados del Examen de Admisi\u00f3n 16 de marzo<\/em><\/a><\/li>\n<\/ul>\n\n\n\n<\/div><\/div>\n\n\n\n<div class=\"su-spoiler su-spoiler-style-default su-spoiler-icon-plus su-spoiler-closed\" data-anchor=\"a\" data-scroll-offset=\"0\" data-anchor-in-url=\"no\"><div class=\"su-spoiler-title\" tabindex=\"0\" role=\"button\"><span class=\"su-spoiler-icon\"><\/span>Segunda evaluaci\u00f3n diagn\u00f3stica de ingreso, 25 de mayo 2024<\/div><div class=\"su-spoiler-content su-u-clearfix su-u-trim\">\n\n\n\n<ul class=\"wp-block-list\">\n<li><a href=\"http:\/\/www.utcancun.edu.mx\/wp-content\/uploads\/2016\/07\/guia-Admision-25may.pdf\"><strong><em>Proceso de Admisi\u00f3n, Examen 25 de mayo<\/em><\/strong><\/a><\/li>\n\n\n\n<li><a href=\"https:\/\/drive.google.com\/file\/d\/1UCEBPwSgCkw-3oHjJzHS_jCqvu-kSmdm\/view?usp=sharing\"><strong><em>Gu\u00eda para presentar el Examen de Admisi\u00f3n<\/em><\/strong><\/a><\/li>\n\n\n\n<li><a href=\"https:\/\/miguia-exani-ii.ceneval.edu.mx\/login.php\"><strong><em>Gu\u00eda Interactiva CENEVAL<\/em><\/strong><\/a><\/li>\n\n\n\n<li><a href=\"http:\/\/www.utcancun.edu.mx\/wp-content\/uploads\/2016\/07\/DISTRIBUCION-DE-LABORATORIOS-25-MAYO-2024.pdf\"><em>Asignaci\u00f3n de laboratorios para presentar examen de admisi\u00f3n del 25 de mayo<\/em><\/a><\/li>\n\n\n\n<li><em>Resultados del Examen de Admisi\u00f3n 25 de mayo<\/em><\/li>\n<\/ul>\n\n\n\n<\/div><\/div>\n\n\n\n<div class=\"su-spoiler su-spoiler-style-default su-spoiler-icon-plus su-spoiler-closed\" data-anchor=\"a\" data-scroll-offset=\"0\" data-anchor-in-url=\"no\"><div class=\"su-spoiler-title\" tabindex=\"0\" role=\"button\"><span class=\"su-spoiler-icon\"><\/span>Tercera evaluaci\u00f3n diagn\u00f3stica de ingreso, 20 de julio 2024<\/div><div class=\"su-spoiler-content su-u-clearfix su-u-trim\">\n\n\n\n<ul class=\"wp-block-list\">\n<li><a href=\"http:\/\/www.utcancun.edu.mx\/wp-content\/uploads\/2016\/07\/PROCESO-Admision-2024_20jul_v4mar.pdf\"><strong><em>Proceso de Admisi\u00f3n, Tercera evaluaci\u00f3n diagn\u00f3stica&nbsp; 20 de jul<\/em><\/strong><strong><em>io<\/em><\/strong><\/a><\/li>\n\n\n\n<li><a href=\"https:\/\/drive.google.com\/file\/d\/1UCEBPwSgCkw-3oHjJzHS_jCqvu-kSmdm\/view?usp=sharing\"><strong><em>Gu\u00eda para presentar el Examen de Admisi\u00f3n<\/em><\/strong><\/a><\/li>\n\n\n\n<li><a href=\"https:\/\/miguia-exani-ii.ceneval.edu.mx\/login.php\"><strong><em>Gu\u00eda Interactiva CENEVAL<\/em><\/strong><\/a><\/li>\n\n\n\n<li><strong><a href=\"http:\/\/www.utcancun.edu.mx\/wp-content\/uploads\/2016\/07\/Temario-de-las-areas-transversales-EXANI-II-1.pdf\"><em>Temario de \u00e1reas transversales<\/em><\/a><\/strong><\/li>\n\n\n\n<li><em>Asignaci\u00f3n de laboratorios para presentar examen de admisi\u00f3n del 20 de julio<\/em><\/li>\n\n\n\n<li><em>Resultados del Examen de Admisi\u00f3n 20 <\/em><em>de julio<\/em><\/li>\n<\/ul>\n\n\n\n<\/div><\/div>\n\n\n\n<div class=\"su-spoiler su-spoiler-style-default su-spoiler-icon-plus su-spoiler-closed\" data-anchor=\"a\" data-scroll-offset=\"0\" data-anchor-in-url=\"no\"><div class=\"su-spoiler-title\" tabindex=\"0\" role=\"button\"><span class=\"su-spoiler-icon\"><\/span>Evaluaci\u00f3n diagn\u00f3stica de ingreso, 1 y 8  de agosto 2024<\/div><div class=\"su-spoiler-content su-u-clearfix su-u-trim\">\n\n\n\n<ul class=\"wp-block-list\">\n<li><strong><em><a href=\"https:\/\/drive.google.com\/file\/d\/116vUVg1lHEyFM54wD3tsPnVEF-PxjBvl\/view\">Proceso de Admisi\u00f3n, evaluaci\u00f3n 1 y 8 de marzo<\/a><\/em><\/strong><\/li>\n\n\n\n<li>Asignaci\u00f3n de laboratorios para presentar examen de la evaluaci\u00f3n 1 y 8 de marzo<\/li>\n\n\n\n<li><em>Resultados de la evaluaci\u00f3n 1 y 8 de marzo<\/em><\/li>\n<\/ul>\n\n\n\n<\/div><\/div>\n\n\n\n<p><em><strong>LICENCIATURAS E INGENIER\u00cdAS&nbsp;<\/strong><\/em><\/p>\n\n\n\n<ul class=\"wp-block-list\">\n<li><a href=\"https:\/\/drive.google.com\/file\/d\/19usVh8sMIF-H0jgxq1SpdLAAPMZAiuae\/view?usp=sharing\">Gu\u00eda de Evaluaci\u00f3n Diagn\u00f3stica Licenciaturas e Ingenier\u00edas&nbsp; Sep-Dic 2024<\/a><\/li>\n\n\n\n<li><a href=\"http:\/\/www.utcancun.edu.mx\/wp-content\/uploads\/2016\/07\/DISTRIB-DE-LABS-AD-Y-DNM-2023-BIS.pdf\">Asignaci\u00f3n de laboratorios para Examen Diagn\u00f3stico&nbsp;de Licenciaturas&nbsp;e&nbsp;Ingenier\u00edas<\/a><\/li>\n\n\n\n<li><a href=\"http:\/\/www.utcancun.edu.mx\/wp-content\/uploads\/2016\/07\/DISTRIBUCION-DE-LABS-TURISMO-2023.pdf\">Asignaci\u00f3n de laboratorios para Examen Diagn\u00f3stico&nbsp;de Licenciaturas&nbsp;e&nbsp;Ingenier\u00edas<\/a><\/li>\n\n\n\n<li><a href=\"http:\/\/www.utcancun.edu.mx\/wp-content\/uploads\/2016\/07\/GUIA-DE-ADMISI\u00d3N-DE-LIC_TERAPIA-2024-3.pdf\">Gu\u00eda de Admisi\u00f3n Licenciatura en Terapia F\u00edsica<\/a><\/li>\n<\/ul>\n\n\n\n<p class=\"has-text-align-center has-large-font-size\"><strong><a href=\"\/index.php\/t-s-u-y-licenciatura\/\">Oferta educativa<\/a><\/strong><\/p>\n\n\n\n<p><a href=\"https:\/\/renoes.sep.gob.mx\/\"><em><strong>Registro Nacional de Opciones para la Educaci\u00f3n<\/strong><\/em><\/a><\/p>\n","protected":false},"excerpt":{"rendered":"<p>Convocatoria de nuevo ingreso 2024 LICENCIATURAS E INGENIER\u00cdAS&nbsp; Oferta educativa Registro Nacional de Opciones para la Educaci\u00f3n<\/p>\n","protected":false},"author":1,"featured_media":0,"parent":0,"menu_order":0,"comment_status":"closed","ping_status":"closed","template":"","meta":{"content-type":"","footnotes":""},"class_list":["post-624","page","type-page","status-publish","hentry"],"_links":{"self":[{"href":"https:\/\/utcancun.edu.mx\/index.php\/wp-json\/wp\/v2\/pages\/624","targetHints":{"allow":["GET"]}}],"collection":[{"href":"https:\/\/utcancun.edu.mx\/index.php\/wp-json\/wp\/v2\/pages"}],"about":[{"href":"https:\/\/utcancun.edu.mx\/index.php\/wp-json\/wp\/v2\/types\/page"}],"author":[{"embeddable":true,"href":"https:\/\/utcancun.edu.mx\/index.php\/wp-json\/wp\/v2\/users\/1"}],"replies":[{"embeddable":true,"href":"https:\/\/utcancun.edu.mx\/index.php\/wp-json\/wp\/v2\/comments?post=624"}],"version-history":[{"count":4,"href":"https:\/\/utcancun.edu.mx\/index.php\/wp-json\/wp\/v2\/pages\/624\/revisions"}],"predecessor-version":[{"id":630,"href":"https:\/\/utcancun.edu.mx\/index.php\/wp-json\/wp\/v2\/pages\/624\/revisions\/630"}],"wp:attachment":[{"href":"https:\/\/utcancun.edu.mx\/index.php\/wp-json\/wp\/v2\/media?parent=624"}],"curies":[{"name":"wp","href":"https:\/\/api.w.org\/{rel}","templated":true}]}}