{"id":617,"date":"2024-07-15T12:22:06","date_gmt":"2024-07-15T18:22:06","guid":{"rendered":"http:\/\/192.168.1.237:8018\/?page_id=617"},"modified":"2024-08-13T08:46:04","modified_gmt":"2024-08-13T14:46:04","slug":"terapia-fisica","status":"publish","type":"page","link":"https:\/\/utcancun.edu.mx\/index.php\/terapia-fisica\/","title":{"rendered":"Terapia F\u00edsica"},"content":{"rendered":"\n<figure class=\"wp-block-image size-full is-style-default\"><img decoding=\"async\" src=\"http:\/\/www.utcancun.edu.mx\/wp-content\/uploads\/2023\/06\/CARATULAS-Carreras-edit-24.png\" alt=\"\" class=\"wp-image-16377\" title=\"ESTUDIAR ADMINISTRACI\u00d3N EN CANC\u00daN\"\/><\/figure>\n\n\n\n<p>El T\u00e9cnico Superior Universitario (T. S. U.) ser\u00e1 la primera parte de tus estudios de nivel superior, tiene una duraci\u00f3n de 2 a\u00f1os 4 meses en la modalidad Biling\u00fce Internacional y Sustentable (BIS) <\/p>\n\n\n\n<p class=\"has-text-align-center\"><strong>\u00a1No es necesario tener un nivel de ingles para ingresar! <\/strong><\/p>\n\n\n\n<p><strong><mark style=\"background-color:rgba(0, 0, 0, 0)\" class=\"has-inline-color has-vivid-cyan-blue-color\">Duraci\u00f3n:<\/mark><\/strong> 2 a\u00f1os 4 meses <br><strong><mark style=\"background-color:rgba(0, 0, 0, 0)\" class=\"has-inline-color has-vivid-cyan-blue-color\">Horario:<\/mark><\/strong> Turno matutino de 7:00 a. m. a 3:00 p. m. Turno vespertino de 2:00 p. m. a 9:00 p. m. De lunes a viernes.<br><\/p>\n\n\n\n<p>El modelo educativo es de manera escolarizado presencial y se divide en 7 cuatrimestres con la siguiente carga de materias:<\/p>\n\n\n\n<div class=\"wp-block-columns are-vertically-aligned-top is-layout-flex wp-container-core-columns-is-layout-1 wp-block-columns-is-layout-flex\">\n<div class=\"wp-block-column is-vertically-aligned-top is-layout-flow wp-block-column-is-layout-flow\" style=\"flex-basis:268px\">\n<p><strong><mark style=\"background-color:rgba(0, 0, 0, 0)\" class=\"has-inline-color has-vivid-cyan-blue-color\">CUATRIMESTRE CERO<br><\/mark><\/strong>\u2022Inmersi\u00f3n a la Lengua Inglesa.<br><strong>*Nivel A2 como requisito para continuar.<\/strong><\/p>\n\n\n\n<p><strong><mark style=\"background-color:rgba(0, 0, 0, 0)\" class=\"has-inline-color has-vivid-cyan-blue-color\">1er  CUATRIMESTRE<\/mark><\/strong><br>\u2022 Matem\u00e1ticas.<br>\u2022 Anatom\u00eda y Fisiolog\u00eda Humana l.<br>\u2022 Introducci\u00f3n a la Terapia F\u00edsica.<br>\u2022 Patolog\u00eda l.<br>\u2022 Inform\u00e1tica.<br>\u2022 Primeros Auxilios.<br>\u2022 Ingles I.<br>\u2022 Expresi\u00f3n Oral y Escrita l.<\/p>\n<\/div>\n\n\n\n<div class=\"wp-block-column is-vertically-aligned-top is-layout-flow wp-block-column-is-layout-flow\" style=\"flex-basis:268px\">\n<p><strong><mark style=\"background-color:rgba(0, 0, 0, 0)\" class=\"has-inline-color has-vivid-cyan-blue-color\">2do  CUATRIMESTRE<\/mark><\/strong><br>\u2022 Anatom\u00eda y Fisiolog\u00eda Humana Il.<br>\u2022 Masoterapia l.<br>\u2022 Estad\u00edstica Descriptiva.<br>\u2022 Cl\u00ednica Proped\u00e9utica.<br>\u2022 Patolog\u00eda Il.<br>\u2022 Ingl\u00e9s Ill.<br>\u2022 Formaci\u00f3n Sociocultural Il.<\/p>\n<\/div>\n\n\n\n<div class=\"wp-block-column is-vertically-aligned-top is-layout-flow wp-block-column-is-layout-flow\" style=\"flex-basis:268px\">\n<p><mark style=\"background-color:rgba(0, 0, 0, 0)\" class=\"has-inline-color has-vivid-cyan-blue-color\"><strong>3er CUATRIMESTRE<br><\/strong><\/mark>\u2022 Desarrollo y Psicomotricidad.<br>\u2022 Electroterapia.<br>\u2022 Administraci\u00f3n.<br>\u2022 Masoterapia Il.<br>\u2022 Integradora l.<br>\u2022Ingl\u00e9s Ill.<br>\u2022 Formaci\u00f3n Sociocultural Ill.<br><\/p>\n<\/div>\n<\/div>\n\n\n\n<div class=\"wp-block-columns are-vertically-aligned-top is-layout-flex wp-container-core-columns-is-layout-2 wp-block-columns-is-layout-flex\">\n<div class=\"wp-block-column is-vertically-aligned-top is-layout-flow wp-block-column-is-layout-flow\" style=\"flex-basis:268px\">\n<p><strong><mark style=\"background-color:rgba(0, 0, 0, 0)\" class=\"has-inline-color has-vivid-cyan-blue-color\">4to CUATRIMESTRE<\/mark><\/strong><br>\u2022 Desarrollo de Capital Humano.<br>\u2022 Cosmetolog\u00eda Integral I.<br>\u2022 Operatividad del Centro de Bienestar y Salud.<br>\u2022 Hidroterapia y Termoterapia Est\u00e9tica.<br>\u2022 Ingl\u00e9s IV.<br>\u2022 Formaci\u00f3n Sociocultural IV.<\/p>\n<\/div>\n\n\n\n<div class=\"wp-block-column is-vertically-aligned-top is-layout-flow wp-block-column-is-layout-flow\" style=\"flex-basis:268px\">\n<p><strong><mark style=\"background-color:rgba(0, 0, 0, 0)\" class=\"has-inline-color has-vivid-cyan-blue-color\">5to  CUATRIMESTRE<\/mark><\/strong><br>\u2022 Filosof\u00edas Culturales en la Medicina Tradicional.<br>\u2022 Cosmetologia Integral Il.<br>\u2022 Costos y Presupuestos.<br>\u2022 Calidad en el Servicio.<br>\u2022Comercializaci\u00f3n.<br>\u2022 Integradora Il.<br>\u2022 Ingl\u00e9s V.<br>\u2022 Expresi\u00f3n Oral y Escrita Il.<\/p>\n\n\n\n<p class=\"has-text-align-center\"><br><strong><strong><em>Certificado Nivel B1 como requisito de Titulaci\u00f3n.<\/em><\/strong><\/strong><\/p>\n<\/div>\n\n\n\n<div class=\"wp-block-column is-vertically-aligned-top is-layout-flow wp-block-column-is-layout-flow\" style=\"flex-basis:268px\">\n<p><mark style=\"background-color:rgba(0, 0, 0, 0)\" class=\"has-inline-color has-vivid-cyan-blue-color\"><strong>6to CUATRIMESTRE<br><\/strong><\/mark>\u2022 Estad\u00eda en el Sector productivo<\/p>\n<\/div>\n<\/div>\n\n\n\n<p> pr\u00e1ctica profesional que permite a los y las estudiantes aplicar los conocimientos y habilidades adquiridos en las aulas de clases y complementar su formaci\u00f3n dentro de la operaci\u00f3n real de una empresa del sector productivo.<\/p>\n\n\n\n<hr class=\"wp-block-separator has-alpha-channel-opacity is-style-wide\"\/>\n\n\n\n<figure class=\"wp-block-image size-full is-style-default\"><img decoding=\"async\" src=\"http:\/\/www.utcancun.edu.mx\/wp-content\/uploads\/2023\/06\/CARATULAS-Carreras-edit-25.png\" alt=\"\" class=\"wp-image-16378\"\/><\/figure>\n\n\n\n<p>Al obtener tu titulo como T\u00e9cnico Superior Universitario, podr\u00e1s continuar con tus estudios para alcanzar el nivel de Licenciatura, para ello ser\u00e1 necesario que hayas acreditado todas tus materias del nivel TSU y  culminado tus estad\u00edas profesionales. <\/p>\n\n\n\n<p class=\"has-text-align-center\"><strong>Certificado de ingles Nivel B1 como requisito para ingresar<\/strong><\/p>\n\n\n\n<p><strong><mark style=\"background-color:rgba(0, 0, 0, 0)\" class=\"has-inline-color has-vivid-cyan-blue-color\">Duraci\u00f3n:<\/mark><\/strong> 1 a\u00f1o 8 meses <br><strong><mark style=\"background-color:rgba(0, 0, 0, 0)\" class=\"has-inline-color has-vivid-cyan-blue-color\">Horario:<\/mark><\/strong> De lunes a viernes de 4:40 p. m. a 9:40 p. m.<br><\/p>\n\n\n\n<p>El modelo educativo es de manera escolarizado presencial y se divide en 5 cuatrimestres, con la siguiente carga de materias:<\/p>\n\n\n\n<div class=\"wp-block-columns is-layout-flex wp-container-core-columns-is-layout-3 wp-block-columns-is-layout-flex\">\n<div class=\"wp-block-column is-layout-flow wp-block-column-is-layout-flow\">\n<p><mark style=\"background-color:rgba(0, 0, 0, 0)\" class=\"has-inline-color has-vivid-cyan-blue-color\"><strong>7mo CUATRIMESTRE<\/strong><\/mark><br>\u2022 Administraci\u00f3n Estrat\u00e9gica.<br>\u2022 Implicaciones Farmacol\u00f3gicas en Terapia F\u00edsica.<br>\u2022 Sexualidad Aplicada a la Terapia F\u00edsica.<br>\u2022 Optativa l.<br>\u2022 Ingl\u00e9s VI.<br>\u2022 Administraci\u00f3n del Tiempo.<\/p>\n<\/div>\n\n\n\n<div class=\"wp-block-column is-layout-flow wp-block-column-is-layout-flow\">\n<p><mark style=\"background-color:rgba(0, 0, 0, 0)\" class=\"has-inline-color has-vivid-cyan-blue-color\"><strong>8vo CUATRIMESTRE<\/strong><\/mark><br>\u2022 Imagenolog\u00eda en Terapia F\u00edsica.<br>\u2022 Desarrollo Organizacional.<br>\u2022 Terapia F\u00edsica en Pediatr\u00eda I.<br>\u2022 Optativa Il.<br>\u2022 Ingl\u00e9s VIl.<br>\u2022 Planeaci\u00f3n y Organizaci\u00f3n del Trabajo.<\/p>\n<\/div>\n\n\n\n<div class=\"wp-block-column is-layout-flow wp-block-column-is-layout-flow\">\n<p><mark style=\"background-color:rgba(0, 0, 0, 0)\" class=\"has-inline-color has-vivid-cyan-blue-color\"><strong>9no CUATRIMESTRE<\/strong><\/mark><br>\u2022 Gesti\u00f3n de la Calidad.<br>\u2022 Terapia F\u00edsica en Pediatr\u00eda Il.<br>\u2022 Mercadotecnia de Servicios de Salud.<br>\u2022 Terapia F\u00edsica en el Acondicionamiento F\u00edsico.<br>\u2022 Ingl\u00e9s VIll.<br>\u2022 Direcci\u00f3n de Equipos de Alto Rendimiento.<\/p>\n<\/div>\n<\/div>\n\n\n\n<div class=\"wp-block-columns is-layout-flex wp-container-core-columns-is-layout-4 wp-block-columns-is-layout-flex\">\n<div class=\"wp-block-column is-layout-flow wp-block-column-is-layout-flow\">\n<p><mark style=\"background-color:rgba(0, 0, 0, 0)\" class=\"has-inline-color has-vivid-cyan-blue-color\"><strong>10mo CUATRIMESTRE<br><\/strong><\/mark>\u2022 Contabilidad Administrativa.<br>\u2022 Terapia F\u00edsica en Geriatr\u00eda<br>\u2022 Terapia F\u00edsica Deportiva.<br>\u2022 Integradora.<br>\u2022 Ingles IX.<br>\u2022 Negociaci\u00f3n Empresarial.<\/p>\n\n\n\n<p><\/p>\n<\/div>\n\n\n\n<div class=\"wp-block-column is-layout-flow wp-block-column-is-layout-flow\">\n<p><mark style=\"background-color:rgba(0, 0, 0, 0)\" class=\"has-inline-color has-vivid-cyan-blue-color\"><strong>11vo CUATRIMESTRE<\/strong><\/mark><br>\u2022 Estad\u00eda en el Sector Productivo.<\/p>\n<\/div>\n\n\n\n<div class=\"wp-block-column is-layout-flow wp-block-column-is-layout-flow\">\n<p><\/p>\n<\/div>\n<\/div>\n\n\n\n<p class=\"has-text-align-center\"><strong>ES REQUISITO INDISPENSABLE PARA LA TITULACI\u00d3N REALIZAR UN A\u00d1O DE SERVICIO SOCIAL.<\/strong><\/p>\n\n\n\n<p class=\"has-text-align-center\" style=\"font-size:22px\"><strong>Duraci\u00f3n total de la carrera: 5 a\u00f1os <\/strong><\/p>\n\n\n\n<figure class=\"wp-block-image size-full is-style-default\"><a href=\"https:\/\/api.whatsapp.com\/send?phone=5219981882697&amp;text=Hola,%20deseo%20incribirme%20a%20mercadotecnia%20\"><img decoding=\"async\" src=\"http:\/\/www.utcancun.edu.mx\/wp-content\/uploads\/2023\/04\/CARATULAS-Carreras-edit-06.png\" alt=\"\" class=\"wp-image-16075\"\/><\/a><\/figure>\n\n\n\n<p class=\"has-text-align-center\"><strong>Para mayores informes:<\/strong><br><a href=\"mailto:mrecio@utcancun.edu.mx.edu.mx\" target=\"_blank\" rel=\"noreferrer noopener\">Mtra. Mariana Recio L\u00f3pez<\/a><br>Directora de la Divisi\u00f3n Turismo<br>Tel: 881 1900 Ext. 1190<\/p>\n","protected":false},"excerpt":{"rendered":"<p>El T\u00e9cnico Superior Universitario (T. S. U.) ser\u00e1 la primera parte de tus estudios de nivel superior, tiene una duraci\u00f3n de 2 a\u00f1os 4 meses en la modalidad Biling\u00fce Internacional y Sustentable (BIS) \u00a1No es necesario tener un nivel de ingles para ingresar! Duraci\u00f3n: 2 a\u00f1os 4 meses Horario: Turno matutino de 7:00 a. m. [&hellip;]<\/p>\n","protected":false},"author":1,"featured_media":362,"parent":0,"menu_order":0,"comment_status":"closed","ping_status":"closed","template":"","meta":{"content-type":"","footnotes":""},"class_list":["post-617","page","type-page","status-publish","has-post-thumbnail","hentry"],"_links":{"self":[{"href":"https:\/\/utcancun.edu.mx\/index.php\/wp-json\/wp\/v2\/pages\/617","targetHints":{"allow":["GET"]}}],"collection":[{"href":"https:\/\/utcancun.edu.mx\/index.php\/wp-json\/wp\/v2\/pages"}],"about":[{"href":"https:\/\/utcancun.edu.mx\/index.php\/wp-json\/wp\/v2\/types\/page"}],"author":[{"embeddable":true,"href":"https:\/\/utcancun.edu.mx\/index.php\/wp-json\/wp\/v2\/users\/1"}],"replies":[{"embeddable":true,"href":"https:\/\/utcancun.edu.mx\/index.php\/wp-json\/wp\/v2\/comments?post=617"}],"version-history":[{"count":2,"href":"https:\/\/utcancun.edu.mx\/index.php\/wp-json\/wp\/v2\/pages\/617\/revisions"}],"predecessor-version":[{"id":832,"href":"https:\/\/utcancun.edu.mx\/index.php\/wp-json\/wp\/v2\/pages\/617\/revisions\/832"}],"wp:featuredmedia":[{"embeddable":true,"href":"https:\/\/utcancun.edu.mx\/index.php\/wp-json\/wp\/v2\/media\/362"}],"wp:attachment":[{"href":"https:\/\/utcancun.edu.mx\/index.php\/wp-json\/wp\/v2\/media?parent=617"}],"curies":[{"name":"wp","href":"https:\/\/api.w.org\/{rel}","templated":true}]}}