{"id":604,"date":"2024-07-15T11:56:06","date_gmt":"2024-07-15T17:56:06","guid":{"rendered":"http:\/\/192.168.1.237:8018\/?page_id=604"},"modified":"2024-08-13T08:45:01","modified_gmt":"2024-08-13T14:45:01","slug":"desarrollo-de-software-multiplataforma-2","status":"publish","type":"page","link":"https:\/\/utcancun.edu.mx\/index.php\/desarrollo-de-software-multiplataforma-2\/","title":{"rendered":"Desarrollo de software multiplataforma"},"content":{"rendered":"\n<figure class=\"wp-block-image size-full is-style-default\"><img decoding=\"async\" src=\"http:\/\/www.utcancun.edu.mx\/wp-content\/uploads\/2023\/06\/12-12.png\" alt=\"\" class=\"wp-image-16319\" title=\"ESTUDIAR ADMINISTRACI\u00d3N EN CANC\u00daN\"\/><\/figure>\n\n\n\n<p>El T\u00e9cnico Superior Universitario (T. S. U.) ser\u00e1 la primera parte de tus estudios de nivel superior, tiene una duraci\u00f3n de 2 a\u00f1os en la modalidad tradicional<\/p>\n\n\n\n<p><strong><mark style=\"background-color:rgba(0, 0, 0, 0)\" class=\"has-inline-color has-vivid-cyan-blue-color\">Duraci\u00f3n:<\/mark><\/strong> 2 a\u00f1os <br><strong><mark style=\"background-color:rgba(0, 0, 0, 0)\" class=\"has-inline-color has-vivid-cyan-blue-color\">Horario:<\/mark><\/strong> Turno matutino de 7:00 a. m. a 3:00 p. m. De lunes a viernes.<br><\/p>\n\n\n\n<p>El modelo educativo es de manera escolarizado presencial y se divide en 7 cuatrimestres con la siguiente carga de materias:<\/p>\n\n\n\n<div class=\"wp-block-columns are-vertically-aligned-top is-layout-flex wp-container-core-columns-is-layout-1 wp-block-columns-is-layout-flex\">\n<div class=\"wp-block-column is-vertically-aligned-top is-layout-flow wp-block-column-is-layout-flow\" style=\"flex-basis:268px\">\n<p><strong><mark style=\"background-color:rgba(0, 0, 0, 0)\" class=\"has-inline-color has-vivid-cyan-blue-color\">1er  CUATRIMESTRE<\/mark><\/strong><br>\u2022 Algebra Lineal.<br>\u2022 Desarrollo de Habilidades del<br>Pensamiento L\u00f3gico.<br>\u2022 Fundamentos de TI.<br>\u2022 Fundamentos de Redes.<br>\u2022 Metodolog\u00eda de la Programaci\u00f3n.<br>\u2022 Expresi\u00f3n Oral y Escrita l.<br>\u2022Ingles.<br>\u2022 Formaci\u00f3n Sociocultural I.<\/p>\n<\/div>\n\n\n\n<div class=\"wp-block-column is-vertically-aligned-top is-layout-flow wp-block-column-is-layout-flow\" style=\"flex-basis:268px\">\n<p><strong><mark style=\"background-color:rgba(0, 0, 0, 0)\" class=\"has-inline-color has-vivid-cyan-blue-color\">2do  CUATRIMESTRE<\/mark><\/strong><br>\u2022 Funciones Matem\u00e1ticas.<br>\u2022 Metodolog\u00edas y Modelado de Desarrollo de Software.<br>\u2022 Interconexi\u00f3n de Redes.<br>\u2022 Programaci\u00f3n Orientada a Objetos.<br>\u2022 Introducci\u00f3n al Dise\u00f1o Digital.<br>\u2022 Base de Datos.<br>\u2022 Ingl\u00e9sIl.<br>\u2022 Formaci\u00f3n Sociocultural Il.<\/p>\n<\/div>\n\n\n\n<div class=\"wp-block-column is-vertically-aligned-top is-layout-flow wp-block-column-is-layout-flow\" style=\"flex-basis:268px\">\n<p><mark style=\"background-color:rgba(0, 0, 0, 0)\" class=\"has-inline-color has-vivid-cyan-blue-color\"><strong>3er CUATRIMESTRE<br><\/strong><\/mark>\u2022 C\u00e1lculo Diferencial.<br>\u2022 Probabilidad y Estad\u00edstica.<br>\u2022 Sistemas Operativos.<br>\u2022 Integradora I.<br>\u2022 Aplicaciones Web.<br>\u2022 Bases de Datos para Aplicaciones<br>\u2022 Ingl\u00e9s Ill.<br>\u2022  Formaci\u00f3n Sociocultural Ill.<\/p>\n<\/div>\n<\/div>\n\n\n\n<div class=\"wp-block-columns are-vertically-aligned-top is-layout-flex wp-container-core-columns-is-layout-2 wp-block-columns-is-layout-flex\">\n<div class=\"wp-block-column is-vertically-aligned-top is-layout-flow wp-block-column-is-layout-flow\" style=\"flex-basis:268px\">\n<p><strong><mark style=\"background-color:rgba(0, 0, 0, 0)\" class=\"has-inline-color has-vivid-cyan-blue-color\">4to CUATRIMESTRE<\/mark><\/strong><br>\u2022 Est\u00e1ndares y M\u00e9tricas para el Desarrollo de Software<br>\u2022 Principios para loT.<br>\u2022 Dise\u00f1o de Apps.<br>\u2022 Estructura de Datos Aplicadas.<br>\u2022 Aplicaciones Web Orientada a Servicios.<br>\u2022 Evaluaci\u00f3n y Mejora para el Desarrollo de Software.<br>\u2022 Ingl\u00e9s IV.<br>\u2022 Formaci\u00f3n Sociocultural IV.<\/p>\n<\/div>\n\n\n\n<div class=\"wp-block-column is-vertically-aligned-top is-layout-flow wp-block-column-is-layout-flow\" style=\"flex-basis:268px\">\n<p><strong><mark style=\"background-color:rgba(0, 0, 0, 0)\" class=\"has-inline-color has-vivid-cyan-blue-color\">5to  CUATRIMESTRE<\/mark><\/strong><br>\u2022 Aplicaciones de loT.<br>\u2022 Desarrollo M\u00f3vil Multiplataforma.<br>\u2022 Integradora II.<br>\u2022 Aplicaciones Web para 14.0.<br>\u2022 Bases de Datos para C\u00f3mputo en la Nube.<br>\u2022 Expresi\u00f3n Oral y Escrita II.<br>\u2022 Ingl\u00e9s V.<\/p>\n<\/div>\n\n\n\n<div class=\"wp-block-column is-vertically-aligned-top is-layout-flow wp-block-column-is-layout-flow\" style=\"flex-basis:268px\">\n<p><mark style=\"background-color:rgba(0, 0, 0, 0)\" class=\"has-inline-color has-vivid-cyan-blue-color\"><strong>6to CUATRIMESTRE<br><\/strong><\/mark>\u2022 Estad\u00eda en el Sector productivo<\/p>\n<\/div>\n<\/div>\n\n\n\n<p>El periodo de estad\u00edas es una pr\u00e1ctica profesional que permite a los y las estudiantes aplicar los conocimientos y habilidades adquiridos en las aulas de clases y complementar su formaci\u00f3n dentro de la operaci\u00f3n real de una empresa del sector productivo.<\/p>\n\n\n\n<hr class=\"wp-block-separator has-alpha-channel-opacity is-style-wide\"\/>\n\n\n\n<figure class=\"wp-block-image size-full is-style-default\"><img decoding=\"async\" src=\"http:\/\/www.utcancun.edu.mx\/wp-content\/uploads\/2023\/06\/CARATULAS-Carreras-edit-15.png\" alt=\"\" class=\"wp-image-16321\"\/><\/figure>\n\n\n\n<p>Al obtener tu titulo como T\u00e9cnico Superior Universitario, podr\u00e1s continuar con tus estudios para alcanzar el nivel de Licenciatura, para ello ser\u00e1 necesario que hayas acreditado todas tus materias del nivel TSU y  culminado tus estad\u00edas profesionales. <\/p>\n\n\n\n<p><strong><mark style=\"background-color:rgba(0, 0, 0, 0)\" class=\"has-inline-color has-vivid-cyan-blue-color\">Duraci\u00f3n:<\/mark><\/strong> 1 a\u00f1o 8 meses <br><strong><mark style=\"background-color:rgba(0, 0, 0, 0)\" class=\"has-inline-color has-vivid-cyan-blue-color\">Horario:<\/mark><\/strong> De lunes a viernes de 4:40 p. m. a 9:40 p. m.<br><\/p>\n\n\n\n<p>El modelo educativo es de manera escolarizado presencial y se divide en 5 cuatrimestres, con la siguiente carga de materias:<\/p>\n\n\n\n<div class=\"wp-block-columns is-layout-flex wp-container-core-columns-is-layout-3 wp-block-columns-is-layout-flex\">\n<div class=\"wp-block-column is-layout-flow wp-block-column-is-layout-flow\">\n<p><mark style=\"background-color:rgba(0, 0, 0, 0)\" class=\"has-inline-color has-vivid-cyan-blue-color\"><strong>7mo CUATRIMESTRE<\/strong><\/mark><br>\u2022 Matem\u00e1ticas para Ingenier\u00eda I.<br>\u2022 Metodolog\u00edas para el Desarrollo de Proyectos.<br>\u2022 Arquitecturas de Software.<br>\u2022 Experiencia de Usuario.<br>\u2022 Seguridad Inform\u00e1tica.<br>\u2022 Ingl\u00e9s VI.<br>\u2022 Administraci\u00f3n del Tiempo.<\/p>\n<\/div>\n\n\n\n<div class=\"wp-block-column is-layout-flow wp-block-column-is-layout-flow\">\n<p><mark style=\"background-color:rgba(0, 0, 0, 0)\" class=\"has-inline-color has-vivid-cyan-blue-color\"><strong>8vo CUATRIMESTRE<\/strong><\/mark><br>\u2022 Matem\u00e1ticas para Ingenier\u00eda II.<br>\u2022 Administraci\u00f3n de Bases de Datos.<br>\u2022 Desarrollo Web Profesional.<br>\u2022 Seguridad en el Desarrollo de Aplicaciones.<br>\u2022 Ingl\u00e9s VII.<br>\u2022 Planeaci\u00f3n y Organizaci\u00f3n del Trabajo.<\/p>\n<\/div>\n\n\n\n<div class=\"wp-block-column is-layout-flow wp-block-column-is-layout-flow\">\n<p><mark style=\"background-color:rgba(0, 0, 0, 0)\" class=\"has-inline-color has-vivid-cyan-blue-color\"><strong>9no CUATRIMESTRE<\/strong><\/mark><br>\u2022 Administraci\u00f3n de Proyectos de TI.<br>\u2022 Extracci\u00f3n de Conocimiento en Bases de Datos.<br>\u2022 Desarrollo WEB Integral.<br>\u2022 Desarrollo para Dispositivos Inteligentes.<br>\u2022 Ingl\u00e9s VIII.<br>\u2022 Direcci\u00f3n de Equipos de Alto Rendimiento<\/p>\n<\/div>\n<\/div>\n\n\n\n<div class=\"wp-block-columns is-layout-flex wp-container-core-columns-is-layout-4 wp-block-columns-is-layout-flex\">\n<div class=\"wp-block-column is-layout-flow wp-block-column-is-layout-flow\">\n<p><mark style=\"background-color:rgba(0, 0, 0, 0)\" class=\"has-inline-color has-vivid-cyan-blue-color\"><strong>10mo CUATRIMESTRE<br><\/strong><\/mark>\u2022 Gesti\u00f3n del Proceso de Desarrollo de Software.<br>\u2022 Aplicaciones WEB Progresivas.<br>\u2022 Integradora.<br>\u2022 Desarrollo M\u00f3vil Integral.<br>\u2022 Optativa I: Creaci\u00f3n de Videojuegos.<br>\u2022 Ingl\u00e9s IX<br>\u2022 Negociaci\u00f3n Empresarial.<\/p>\n\n\n\n<p><br><\/p>\n<\/div>\n\n\n\n<div class=\"wp-block-column is-layout-flow wp-block-column-is-layout-flow\">\n<p><mark style=\"background-color:rgba(0, 0, 0, 0)\" class=\"has-inline-color has-vivid-cyan-blue-color\"><strong>11vo CUATRIMESTRE<\/strong><\/mark><br>\u2022 Estad\u00eda en el Sector Productivo.<\/p>\n<\/div>\n\n\n\n<div class=\"wp-block-column is-layout-flow wp-block-column-is-layout-flow\">\n<p><\/p>\n\n\n\n<p><\/p>\n<\/div>\n<\/div>\n\n\n<div class=\"su-tabs su-tabs-style-default su-tabs-mobile-stack\" data-active=\"1\" data-scroll-offset=\"0\" data-anchor-in-url=\"no\"><div class=\"su-tabs-nav\"><span class=\"\" data-url=\"\" data-target=\"blank\" tabindex=\"0\" role=\"button\">Divisi\u00f3n Ingenier\u00eda y Tecnolog\u00eda<\/span><span class=\"\" data-url=\"\" data-target=\"blank\" tabindex=\"0\" role=\"button\">TSU en Tecnolog\u00edas de la Informaci\u00f3n y Comunicaci\u00f3n, \u00c1rea Desarrollo de Software Multiplataforma; \u00c1rea Infraestructura en Redes Digitales<\/span><span class=\"\" data-url=\"\" data-target=\"blank\" tabindex=\"0\" role=\"button\">Ingenier\u00eda en Tecnolog\u00edas de la Informaci\u00f3n y Comunicaci\u00f3n<\/span><\/div><div class=\"su-tabs-panes\"><div class=\"su-tabs-pane su-u-clearfix su-u-trim\" data-title=\"Divisi\u00f3n Ingenier\u00eda y Tecnolog\u00eda\">\n<p><strong>Misi\u00f3n<\/strong><\/p>\n<p>Formar profesionistas de T\u00e9cnico Superior Universitario y Licenciatura en Ingenier\u00eda, mediante el desarrollo de las competencias profesionales e integrales requeridas para implementar soluciones en el \u00e1rea de inter\u00e9s con programas de calidad, buscando siempre la r\u00e1pida inserci\u00f3n&nbsp; laboral.<\/p>\n<p><strong>Visi\u00f3n<\/strong><\/p>\n<p>Obtener en el 2018,&nbsp; el reconocimiento y prestigio de los programas educativos de Mantenimiento y Tecnolog\u00edas de la Informaci\u00f3n por su calidad en la zona de influencia, logrando mediante una formaci\u00f3n integral la mayor aceptaci\u00f3n en el \u00e1mbito laboral.<\/p>\n<\/div>\n<div class=\"su-tabs-pane su-u-clearfix su-u-trim\" data-title=\"TSU en Tecnolog\u00edas de la Informaci\u00f3n y Comunicaci\u00f3n, \u00c1rea Desarrollo de Software Multiplataforma; \u00c1rea Infraestructura en Redes Digitales\">\n<p><strong>Misi\u00f3n<\/strong><\/p>\n<p>Contribuir en la Formaci\u00f3n del&nbsp; T\u00e9cnico Superior Universitario en las \u00e1reas de&nbsp; <strong>Desarrollo de Software Multiplataforma<\/strong> e&nbsp; <strong>Infraestructura de Redes Digitales<\/strong> para atender las necesidades laborales en Tecnolog\u00edas de la Informaci\u00f3n en la zona de influencia mediante Programas Educativos&nbsp; de buena calidad.<\/p>\n<p><strong>Visi\u00f3n<\/strong><\/p>\n<p>Ser en el 2022, T\u00e9cnicos Superiores reconocidos por el desempe\u00f1o y competitividad de sus egresados en las Tecnolog\u00edas de la informaci\u00f3n en la zona de influencia, logrando una alta aceptaci\u00f3n en el sector laboral mediante una formaci\u00f3n integral.<\/p>\n<p><strong>Perfil egreso \u00e1rea Desarrollo de Software Multiplataforma<br \/>\n<\/strong><\/p>\n<p>La actividad profesional del egresado en Tecnolog\u00edas de la Informaci\u00f3n, \u00e1rea <strong>Desarrollo de Software Multiplataforma<\/strong>, consiste en analizar, dise\u00f1ar, desarrollar, administrar, evaluar e implementar software y bases de datos a la medida en diferentes plataformas y lenguajes de programaci\u00f3n, desarrollo Web y dispositivos m\u00f3viles, Implementar soluciones multiplataforma, en la nube y software embebido; de acuerdo a las necesidades de las empresas, aplicando modelos y est\u00e1ndares de calidad en desarrollo de software.<\/p>\n<p><strong>Perfil de egreso \u00e1rea Infraestructura de Redes Digitales<br \/>\n<\/strong><\/p>\n<p>La actividad profesional del egresado en Tecnolog\u00edas de la Informaci\u00f3n, \u00e1rea<strong> Infraestructura de Redes Digitales<\/strong>, consiste en Promover, implementar y administrar redes de c\u00f3mputo y tecnolog\u00edas emergentes, Implementar servicios de red con esquemas b\u00e1sicos de seguridad mediante la configuraci\u00f3n y soporte de dispositivos de comunicaci\u00f3n, sistemas de telecomunicaciones y servidores de acuerdo a las necesidades empresariales, elevando la eficiencia y competitividad de la misma.<\/p>\n<\/div>\n<div class=\"su-tabs-pane su-u-clearfix su-u-trim\" data-title=\"Ingenier\u00eda en Tecnolog\u00edas de la Informaci\u00f3n y Comunicaci\u00f3n\">\n<p><strong>Misi\u00f3n<\/strong><\/p>\n<p>Formar l\u00edderes profesionistas a trav\u00e9s del desarrollo de competencias t\u00e9cnicas y directivas,&nbsp; que sean r\u00e1pidamente colocados en el sector productivo para dar soluci\u00f3n a las demandas del entorno en temas de Tecnolog\u00eda de la Informaci\u00f3n y Comunicaci\u00f3n.<\/p>\n<p><strong>Visi\u00f3n<\/strong><\/p>\n<p>Ser en el 2018, un programa educativo a nivel licenciatura en el \u00e1rea de Tecnolog\u00edas de la Informaci\u00f3n reconocido por el desempe\u00f1o y competitividad de sus egresados en la zona de influencia mediante una formaci\u00f3n integral.<\/p>\n<p><strong>Perfil de egreso<\/strong><\/p>\n<p>El egresado de Ingenier\u00eda en Tecnolog\u00edas de la Informaci\u00f3n y Comunicaci\u00f3n promueve el uso de la tecnolog\u00eda de la informaci\u00f3n, dentro de su campo laboral contribuyendo a elevar la eficiencia y la competitividad de las organizaciones a trav\u00e9s de la aplicaci\u00f3n de sistemas de informaci\u00f3n, soportadas por tecnolog\u00edas de vanguardia.<\/p>\n<\/div><\/div><\/div>\n\n\n\n<p class=\"has-text-align-center\" style=\"font-size:22px\"><strong>Duraci\u00f3n total de la carrera: 3 a\u00f1os 8 mese <\/strong><\/p>\n\n\n\n<figure class=\"wp-block-image size-full is-style-default\"><a href=\"https:\/\/api.whatsapp.com\/send?phone=5219981882697&amp;text=Hola,%20deseo%20incribirme%20a%20mercadotecnia%20\"><img decoding=\"async\" src=\"http:\/\/www.utcancun.edu.mx\/wp-content\/uploads\/2023\/04\/CARATULAS-Carreras-edit-06.png\" alt=\"\" class=\"wp-image-16075\"\/><\/a><\/figure>\n\n\n\n<p class=\"has-text-align-center\"><strong>Para mayores informes:<\/strong><\/p>\n\n\n\n<p class=\"has-text-align-center\"><strong><a href=\"mailto:rarceo@utcancun.edu.mx\" target=\"_blank\" rel=\"noreferrer noopener\">Dra. Roc\u00edo Arceo D\u00edaz<\/a><\/strong><br>Directora&nbsp;de la Direcci\u00f3n de Ingenier\u00eda y Tecnolog\u00eda<br>(Mantenimiento Industrial, Tecnolog\u00edas de la Informaci\u00f3n)<br>Tel. 881 1900 Ext. 1256<\/p>\n","protected":false},"excerpt":{"rendered":"<p>El T\u00e9cnico Superior Universitario (T. S. U.) ser\u00e1 la primera parte de tus estudios de nivel superior, tiene una duraci\u00f3n de 2 a\u00f1os en la modalidad tradicional Duraci\u00f3n: 2 a\u00f1os Horario: Turno matutino de 7:00 a. m. a 3:00 p. m. De lunes a viernes. El modelo educativo es de manera escolarizado presencial y se [&hellip;]<\/p>\n","protected":false},"author":1,"featured_media":362,"parent":0,"menu_order":0,"comment_status":"closed","ping_status":"closed","template":"","meta":{"content-type":"","footnotes":""},"class_list":["post-604","page","type-page","status-publish","has-post-thumbnail","hentry"],"_links":{"self":[{"href":"https:\/\/utcancun.edu.mx\/index.php\/wp-json\/wp\/v2\/pages\/604","targetHints":{"allow":["GET"]}}],"collection":[{"href":"https:\/\/utcancun.edu.mx\/index.php\/wp-json\/wp\/v2\/pages"}],"about":[{"href":"https:\/\/utcancun.edu.mx\/index.php\/wp-json\/wp\/v2\/types\/page"}],"author":[{"embeddable":true,"href":"https:\/\/utcancun.edu.mx\/index.php\/wp-json\/wp\/v2\/users\/1"}],"replies":[{"embeddable":true,"href":"https:\/\/utcancun.edu.mx\/index.php\/wp-json\/wp\/v2\/comments?post=604"}],"version-history":[{"count":2,"href":"https:\/\/utcancun.edu.mx\/index.php\/wp-json\/wp\/v2\/pages\/604\/revisions"}],"predecessor-version":[{"id":828,"href":"https:\/\/utcancun.edu.mx\/index.php\/wp-json\/wp\/v2\/pages\/604\/revisions\/828"}],"wp:featuredmedia":[{"embeddable":true,"href":"https:\/\/utcancun.edu.mx\/index.php\/wp-json\/wp\/v2\/media\/362"}],"wp:attachment":[{"href":"https:\/\/utcancun.edu.mx\/index.php\/wp-json\/wp\/v2\/media?parent=604"}],"curies":[{"name":"wp","href":"https:\/\/api.w.org\/{rel}","templated":true}]}}