{"id":601,"date":"2024-07-15T11:52:14","date_gmt":"2024-07-15T17:52:14","guid":{"rendered":"http:\/\/192.168.1.237:8018\/?page_id=601"},"modified":"2024-08-13T08:44:45","modified_gmt":"2024-08-13T14:44:45","slug":"mantenimiento-naval-2","status":"publish","type":"page","link":"https:\/\/utcancun.edu.mx\/index.php\/mantenimiento-naval-2\/","title":{"rendered":"Mantenimiento Naval"},"content":{"rendered":"\n<figure class=\"wp-block-image size-full is-style-default\"><img decoding=\"async\" src=\"http:\/\/www.utcancun.edu.mx\/wp-content\/uploads\/2023\/06\/CARATULAS-Carreras-edit-12.png\" alt=\"\" class=\"wp-image-16314\" title=\"ESTUDIAR ADMINISTRACI\u00d3N EN CANC\u00daN\"\/><\/figure>\n\n\n\n<p>El T\u00e9cnico Superior Universitario (T. S. U.) ser\u00e1 la primera parte de tus estudios de nivel superior, tiene una duraci\u00f3n de 2 a\u00f1os 4 meses en la modalidad Biling\u00fce Internacional y Sustentable (BIS) \u00bfNo sabes lo que es el Modelo BIS? <strong><a href=\"http:\/\/www.utcancun.edu.mx\/bis\/\">haz clic aqu\u00ed<\/a> <\/strong><\/p>\n\n\n\n<p class=\"has-text-align-center\"><strong>\u00a1No es necesario tener un nivel de ingles para ingresar! <\/strong><\/p>\n\n\n\n<p><strong><mark style=\"background-color:rgba(0, 0, 0, 0)\" class=\"has-inline-color has-vivid-cyan-blue-color\">Duraci\u00f3n:<\/mark><\/strong> 2 a\u00f1os 4 meses <br><strong><mark style=\"background-color:rgba(0, 0, 0, 0)\" class=\"has-inline-color has-vivid-cyan-blue-color\">Horario:<\/mark><\/strong> De 7:00 a. m. a 3:00 p. m. De lunes a viernes.<br><\/p>\n\n\n\n<p>El modelo educativo es de manera escolarizado presencial y se divide en 7 cuatrimestres con la siguiente carga de materias:<\/p>\n\n\n\n<div class=\"wp-block-columns are-vertically-aligned-top is-layout-flex wp-container-core-columns-is-layout-1 wp-block-columns-is-layout-flex\">\n<div class=\"wp-block-column is-vertically-aligned-top is-layout-flow wp-block-column-is-layout-flow\" style=\"flex-basis:268px\">\n<p><strong><mark style=\"background-color:rgba(0, 0, 0, 0)\" class=\"has-inline-color has-vivid-cyan-blue-color\">CUATRIMESTRE CERO<br><\/mark><\/strong>\u2022Inmersi\u00f3n a la Lengua Inglesa.<br><strong>*Nivel A2 como requisito para continuar.<\/strong><\/p>\n\n\n\n<p><strong><mark style=\"background-color:rgba(0, 0, 0, 0)\" class=\"has-inline-color has-vivid-cyan-blue-color\">1er  CUATRIMESTRE<\/mark><\/strong><br>\u2022 Algebra Lineal<br>\u2022 Qu\u00edmica B\u00e1sica.<br>\u2022 Introducci\u00f3n al Mantenimiento.<br>\u2022 Seguridad y Medio Ambiente.<br>\u2022 Tecnolog\u00edas para la Digitalizaci\u00f3n.<br>\u2022 Administraci\u00f3n del personal.<br>\u2022Ingl\u00e9sI.<br>\u2022 Expresi\u00f3n Oral y Escrita I.<br>\u2022 Formaci\u00f3n Sociocultural l.<\/p>\n<\/div>\n\n\n\n<div class=\"wp-block-column is-vertically-aligned-top is-layout-flow wp-block-column-is-layout-flow\" style=\"flex-basis:268px\">\n<p><strong><mark style=\"background-color:rgba(0, 0, 0, 0)\" class=\"has-inline-color has-vivid-cyan-blue-color\">2do  CUATRIMESTRE<\/mark><\/strong><br>\u2022 Funciones Matem\u00e1ticas. <br>\u2022 Fisica.<br>\u2022 Electricidad y Magnetismo.<br>\u2022 Gesti\u00f3n del Mantenimiento.<br>\u2022 Calidad del Mantenimiento.<br>\u2022 Dibujo Industrial.<br>\u2022 M\u00e9todos y Sistemas de Trabajo.<br>\u2022 Costos y Presupuestos.<br>\u2022 Ingl\u00e9s Il.<\/p>\n<\/div>\n\n\n\n<div class=\"wp-block-column is-vertically-aligned-top is-layout-flow wp-block-column-is-layout-flow\" style=\"flex-basis:268px\">\n<p><mark style=\"background-color:rgba(0, 0, 0, 0)\" class=\"has-inline-color has-vivid-cyan-blue-color\"><strong>3er CUATRIMESTRE<br><\/strong><\/mark>\u2022 C\u00e1lculo Diferencial.<br>\u2022  Probabilidad y Estad\u00edstica.<br>\u2022 Termodin\u00e1mica.<br>\u2022 Sistemas El\u00e9ctricos.<br>\u2022 M\u00e1quinas y Mecanismos.<br>\u2022 Electr\u00f3nica Anal\u00f3gica.<br>\u2022 Integradora I.<br>\u2022 Ingl\u00e9s Ill.<br>\u2022 Formaci\u00f3n Sociocultural Il.<\/p>\n<\/div>\n<\/div>\n\n\n\n<div class=\"wp-block-columns are-vertically-aligned-top is-layout-flex wp-container-core-columns-is-layout-2 wp-block-columns-is-layout-flex\">\n<div class=\"wp-block-column is-vertically-aligned-top is-layout-flow wp-block-column-is-layout-flow\" style=\"flex-basis:268px\">\n<p><strong><mark style=\"background-color:rgba(0, 0, 0, 0)\" class=\"has-inline-color has-vivid-cyan-blue-color\">4to CUATRIMESTRE<\/mark><\/strong><br>\u2022 C\u00e1lculo Integral.<br>\u2022 Estructura y Propiedades de los Materiales.<br>\u2022 Teor\u00eda de las Embarcaciones<br>\u2022 Maquinaria Mar\u00edtima Auxiliar I.<br>Motores y Propulsores.<br>\u2022 Control de Almac\u00e9n.<br>\u2022 M\u00e1quinas y Herramientas.<br>\u2022Ineles Iv<br>\u2022 Formaci\u00f3n Sociocultural IlI<\/p>\n\n\n\n<p><br><\/p>\n<\/div>\n\n\n\n<div class=\"wp-block-column is-vertically-aligned-top is-layout-flow wp-block-column-is-layout-flow\" style=\"flex-basis:268px\">\n<p><strong><mark style=\"background-color:rgba(0, 0, 0, 0)\" class=\"has-inline-color has-vivid-cyan-blue-color\">5to  CUATRIMESTRE<\/mark><\/strong><br>\u2022 Gesti\u00f3n del Mantenimiento Naval<br>\u2022 Maquinaria Mar\u00edtima Auxiliar Il.<br>\u2022 Formulaci\u00f3n de Proyectos.<br>\u2022 Mantenimiento al Casco y Superestructura<br>\u2022 Taller Naval.<br>\u2022 Integradora Il.<br>\u2022 Ingl\u00e9s V.<br>\u2022 Expresi\u00f3n Oral y Escrita Il.<br>\u2022 Formaci\u00f3n Sociocultural IV.<\/p>\n\n\n\n<p><strong>* Certificado Nivel B1 como requisito<\/strong><\/p>\n<\/div>\n\n\n\n<div class=\"wp-block-column is-vertically-aligned-top is-layout-flow wp-block-column-is-layout-flow\" style=\"flex-basis:268px\">\n<p><mark style=\"background-color:rgba(0, 0, 0, 0)\" class=\"has-inline-color has-vivid-cyan-blue-color\"><strong>6to CUATRIMESTRE<br><\/strong><\/mark>\u2022 Estad\u00eda en el Sector productivo<\/p>\n<\/div>\n<\/div>\n\n\n\n<p>El periodo de estad\u00edas es una pr\u00e1ctica profesional que permite a los y las estudiantes aplicar los conocimientos y habilidades adquiridos en las aulas de clases y complementar su formaci\u00f3n dentro de la operaci\u00f3n real de una empresa del sector productivo. <strong><a href=\"http:\/\/www.utcancun.edu.mx\/estadia-profesional\/\">M\u00e1s informaci\u00f3n<\/a><\/strong><\/p>\n\n\n\n<div class=\"wp-block-file\"><a id=\"wp-block-file--media-af9523c3-8ef6-4d64-8708-c9ca61f3ea1c\" href=\"http:\/\/www.utcancun.edu.mx\/wp-content\/uploads\/2016\/07\/Presentacio\u0301n-TSU-naval.pptx\">Presentacio\u0301n TSU naval<\/a><a href=\"http:\/\/www.utcancun.edu.mx\/wp-content\/uploads\/2016\/07\/Presentacio\u0301n-TSU-naval.pptx\" class=\"wp-block-file__button wp-element-button\" download aria-describedby=\"wp-block-file--media-af9523c3-8ef6-4d64-8708-c9ca61f3ea1c\">Descarga<\/a><\/div>\n\n\n\n<ol class=\"wp-block-list\">\n<li><a href=\"http:\/\/www.utcancun.edu.mx\/wp-content\/uploads\/2016\/07\/Perfil-Ejecutivo-TSU-Mantenimiento-A\u0301rea-Naval.docx\">Perfil de la carrera<\/a><\/li>\n\n\n\n<li><a href=\"https:\/\/utcancunmx-my.sharepoint.com\/personal\/rarceo_utcancun_edu_mx\/_layouts\/15\/onedrive.aspx?id=%2Fpersonal%2Frarceo%5Futcancun%5Fedu%5Fmx%2FDocuments%2FDatos%20adjuntos%2FEXPEDIENTE%20APERTURA%20NAVALUT%5FCANCUN%5FMTO%2DNV%5F2020%201%2Epdf&amp;parent=%2Fpersonal%2Frarceo%5Futcancun%5Fedu%5Fmx%2FDocuments%2FDatos%20adjuntos&amp;ga=1\">EXPEDIENTE APERTURA NAVALUT_CANCUN_MTO-NV_2020<\/a><\/li>\n\n\n\n<li><a href=\"http:\/\/www.utcancun.edu.mx\/wp-content\/uploads\/2016\/07\/Antecedentes-de-la-carrera-TSU-en-Mantenimiento-a\u0301rea-Naval.docx\">Antecedes y n\u00fameros de la carrera<\/a><\/li>\n<\/ol>\n\n\n\n<hr class=\"wp-block-separator has-alpha-channel-opacity is-style-wide\"\/>\n\n\n\n<figure class=\"wp-block-image size-full is-style-default\"><img decoding=\"async\" src=\"http:\/\/www.utcancun.edu.mx\/wp-content\/uploads\/2023\/05\/CARATULAS-Carreras-edit-11.png\" alt=\"\" class=\"wp-image-16298\"\/><\/figure>\n\n\n\n<p>Al obtener tu titulo como T\u00e9cnico Superior Universitario, podr\u00e1s continuar con tus estudios para alcanzar el nivel de Licenciatura, para ello ser\u00e1 necesario que hayas acreditado todas tus materias del nivel TSU y  culminado tus estad\u00edas profesionales. <\/p>\n\n\n\n<p class=\"has-text-align-center\"><strong>Certificado de ingles Nivel B1 como requisito para ingresar<\/strong><\/p>\n\n\n\n<p><strong><mark style=\"background-color:rgba(0, 0, 0, 0)\" class=\"has-inline-color has-vivid-cyan-blue-color\">Duraci\u00f3n:<\/mark><\/strong> 1 a\u00f1o 8 meses <br><strong><mark style=\"background-color:rgba(0, 0, 0, 0)\" class=\"has-inline-color has-vivid-cyan-blue-color\">Horario:<\/mark><\/strong> De lunes a viernes de 4:40 p. m. a 9:40 p. m.<br><br><\/p>\n\n\n\n<p>El modelo educativo es de manera escolarizado presencial y se divide en 5 cuatrimestres, con la siguiente carga de materias:<\/p>\n\n\n\n<div class=\"wp-block-columns is-layout-flex wp-container-core-columns-is-layout-3 wp-block-columns-is-layout-flex\">\n<div class=\"wp-block-column is-layout-flow wp-block-column-is-layout-flow\">\n<p><mark style=\"background-color:rgba(0, 0, 0, 0)\" class=\"has-inline-color has-vivid-cyan-blue-color\"><strong>7mo CUATRIMESTRE<br><\/strong><\/mark>\u2022 Matem\u00e1ticas para Ingenier\u00eda I.<br>\u2022 F\u00edsica para Ingenier\u00eda.<br>\u2022 Protocolo de Operaci\u00f3n y Mantenimiento<br>\u2022 Tribolog\u00eda.<br>\u2022 Ingl\u00e9s VI<br>\u2022 Planeaci\u00f3n y Organizaci\u00f3n del Trabajo.<br>\u2022 Administraci\u00f3n del Tiempo.<\/p>\n<\/div>\n\n\n\n<div class=\"wp-block-column is-layout-flow wp-block-column-is-layout-flow\">\n<p><mark style=\"background-color:rgba(0, 0, 0, 0)\" class=\"has-inline-color has-vivid-cyan-blue-color\"><strong>8vo CUATRIMESTRE<\/strong><\/mark><br>\u2022 Matem\u00e1ticas para Ingenier\u00eda Il.<br>\u2022 Ensayos Destructivos.<br>\u2022 T\u00e9cnicas TPM y RCM.<br>\u2022 Integradora l.<br>\u2022Optativa l.<br>\u2022Ingl\u00e9s VIl.<\/p>\n<\/div>\n\n\n\n<div class=\"wp-block-column is-layout-flow wp-block-column-is-layout-flow\">\n<p><mark style=\"background-color:rgba(0, 0, 0, 0)\" class=\"has-inline-color has-vivid-cyan-blue-color\"><strong>9no CUATRIMESTRE<\/strong><\/mark><br>\u2022 Sistemas Automatizaci\u00f3n y Redes Industriales.<br>\u2022 Administraci\u00f3n Estrat\u00e9gica para Mantenimiento.<br>\u2022 Mantenimiento Predictivo Mec\u00e1nico<br>\u2022Direcci\u00f3n de Equipos de Alto Rendimiento<br>\u2022 Ingl\u00e9s VIll.<\/p>\n\n\n\n<p><br><\/p>\n<\/div>\n<\/div>\n\n\n\n<div class=\"wp-block-columns is-layout-flex wp-container-core-columns-is-layout-4 wp-block-columns-is-layout-flex\">\n<div class=\"wp-block-column is-layout-flow wp-block-column-is-layout-flow\">\n<p><mark style=\"background-color:rgba(0, 0, 0, 0)\" class=\"has-inline-color has-vivid-cyan-blue-color\"><strong>10mo CUATRIMESTRE<br><\/strong><\/mark>\u2022 Ensayos no Destructivos<br>\u2022 Visualizaci\u00f3n y Control de Procesos.<br>\u2022 Integradora Il.<br>\u2022Optativa Il.<br>\u2022Ingl\u00e9s IX.<br>\u2022 Negociaci\u00f3n Empresarial.<br><\/p>\n<\/div>\n\n\n\n<div class=\"wp-block-column is-layout-flow wp-block-column-is-layout-flow\">\n<p><mark style=\"background-color:rgba(0, 0, 0, 0)\" class=\"has-inline-color has-vivid-cyan-blue-color\"><strong>11vo CUATRIMESTRE<\/strong><\/mark><br>\u2022 Estad\u00eda en el Sector Productivo.<\/p>\n<\/div>\n\n\n\n<div class=\"wp-block-column is-layout-flow wp-block-column-is-layout-flow\">\n<p><\/p>\n<\/div>\n<\/div>\n\n\n\n<p class=\"has-text-align-center\"><strong>Duraci\u00f3n total de la carrera: 4 a\u00f1os <\/strong><\/p>\n\n\n<div class=\"su-tabs su-tabs-style-default su-tabs-mobile-stack\" data-active=\"1\" data-scroll-offset=\"0\" data-anchor-in-url=\"no\"><div class=\"su-tabs-nav\"><span class=\"\" data-url=\"\" data-target=\"blank\" tabindex=\"0\" role=\"button\">Divisi\u00f3n Ingenier\u00eda y Tecnolog\u00eda<\/span><span class=\"\" data-url=\"\" data-target=\"blank\" tabindex=\"0\" role=\"button\">TSU en Mantenimiento \u00e1rea Naval<\/span><span class=\"\" data-url=\"\" data-target=\"blank\" tabindex=\"0\" role=\"button\">Ingenier\u00eda en Mantenimiento Industrial<\/span><\/div><div class=\"su-tabs-panes\"><div class=\"su-tabs-pane su-u-clearfix su-u-trim\" data-title=\"Divisi\u00f3n Ingenier\u00eda y Tecnolog\u00eda\">\n<p><strong>Misi\u00f3n<\/strong><\/p>\n<p>Formar profesionistas de T\u00e9cnico Superior Universitario y Licenciatura en Ingenier\u00eda, mediante el desarrollo de las competencias profesionales e integrales requeridas para implementar soluciones en el \u00e1rea de inter\u00e9s con programas de calidad, buscando siempre la r\u00e1pida inserci\u00f3n laboral.<\/p>\n<p><strong>Visi\u00f3n<\/strong><\/p>\n<p>Obtener en el 2025, el reconocimiento y prestigio de los programas educativos de&nbsp;<strong>Mantenimiento \u00e1rea Instalaciones<\/strong>,&nbsp;<strong>Mantenimiento \u00e1rea Naval<\/strong>,&nbsp;<strong>Tecnolog\u00edas de la Informaci\u00f3n \u00e1rea Infraestructura de Redes Digitales<\/strong>,&nbsp;<strong>Tecnolog\u00edas de la Informaci\u00f3n \u00e1rea Desarrollo de Software Multiplataforma<\/strong>,&nbsp;<strong>Ingenier\u00eda en Redes Inteligentes y Ciberseguridad<\/strong>&nbsp;e&nbsp;<strong>Ingenier\u00eda en Desarrollo y Gesti\u00f3n de Software&nbsp;<\/strong>por su calidad en la zona de influencia, logrando mediante una formaci\u00f3n integral la mayor aceptaci\u00f3n en el \u00e1mbito laboral.<\/p>\n<p style=\"text-align: left;\"><\/div>\n<div class=\"su-tabs-pane su-u-clearfix su-u-trim\" data-title=\"TSU en Mantenimiento \u00e1rea Naval\">\n<p><strong>Misi\u00f3n<\/strong><\/p>\n<p>Contribuir en la Formaci\u00f3n del T\u00e9cnico Superior Universitario en el \u00e1rea Naval para atender las necesidades laborales de mantenimiento en la zona de influencia mediante Programas educativos de buena calidad.<\/p>\n<p><strong>Visi\u00f3n<\/strong><\/p>\n<p>Ser en el 2025, T\u00e9cnicos superiores reconocidos por el desempe\u00f1o y competitividad de sus egresados en mantenimiento en la zona de influencia, logrando una alta aceptaci\u00f3n en el sector laboral mediante una formaci\u00f3n integral.<\/p>\n<p><strong>Perfil de egreso<\/strong><\/p>\n<p>La actividad profesional del egresado consiste en conservar en \u00f3ptimas condiciones de operaci\u00f3n y funcionamiento los equipos, maquinaria de las embarcaciones recreativas, deportivas y comerciales mediante programas de mantenimiento de prevenci\u00f3n y de correcci\u00f3n, en apego a las normas de calidad.<\/p>\n<p style=\"text-align: left;\"><\/div>\n<div class=\"su-tabs-pane su-u-clearfix su-u-trim\" data-title=\"Ingenier\u00eda en Mantenimiento Industrial\">\n<p style=\"text-align: justify; margin: 0cm 0cm 6.75pt 0cm;\"><span style=\"font-family: 'Arial',sans-serif; color: #333333;\">Formar l\u00edderes profesionistas a trav\u00e9s del desarrollo de competencias t\u00e9cnicas y directivas, que sean r\u00e1pidamente colocados en el sector productivo para dar soluci\u00f3n a las demandas del entorno en temas de Mantenimiento Industrial.<\/span><\/p>\n<p style=\"margin: 0cm 0cm 6.75pt 0cm;\"><strong><span style=\"font-family: 'Arial',sans-serif; color: #333333;\">Visi\u00f3n<\/span><\/strong><\/p>\n<p style=\"text-align: justify; margin: 0cm 0cm 6.75pt 0cm;\"><span style=\"font-family: 'Arial',sans-serif; color: #333333;\">Ser en el a\u00f1o 2025, el programa educativo a nivel licenciatura en el \u00e1rea de Mantenimiento Industrial con mayor aceptaci\u00f3n de profesionistas en el sector laboral en la zona de influencia, mediante una formaci\u00f3n integral.<\/span><\/p>\n<p style=\"margin: 0cm 0cm 6.75pt 0cm;\"><strong><span style=\"font-family: 'Arial',sans-serif; color: #333333;\">Perfil de egreso<\/span><\/strong><\/p>\n<p style=\"text-align: justify; margin: 0cm 0cm 6.75pt 0cm;\"><span style=\"font-family: 'Arial',sans-serif; color: #333333;\">La actividad profesional del egresado de Ingenier\u00eda en Mantenimiento Industrial comprende Dise\u00f1ar y optimizar estrategias de mantenimiento mediante el an\u00e1lisis de factores humanos, tecnol\u00f3gicos, econ\u00f3micos y financieros, para la elaboraci\u00f3n y administraci\u00f3n de los programas de mantenimiento, garantizando la disponibilidad y confiabilidad de los equipos productivos, a fin de evitar los paros en las l\u00edneas de producci\u00f3n, disminuir los costos y elevar la rentabilidad de la empresa<b>.<\/b><\/span><\/p>\n<p style=\"text-align: left;\"><\/div><\/div><\/div>\n\n\n\n<figure class=\"wp-block-image size-full is-style-default\"><a href=\"https:\/\/api.whatsapp.com\/send?phone=5219981882697&amp;text=Hola,%20deseo%20incribirme%20a%20mantenimiento%20\"><img decoding=\"async\" src=\"http:\/\/www.utcancun.edu.mx\/wp-content\/uploads\/2023\/04\/CARATULAS-Carreras-edit-06.png\" alt=\"\" class=\"wp-image-16075\"\/><\/a><\/figure>\n\n\n\n<p class=\"has-text-align-center\"><strong>Para mayores informes:<\/strong><br><strong><a rel=\"noreferrer noopener\" href=\"mailto:rarceo@utcancun.edu.mx\" target=\"_blank\">Dra. Roc\u00edo Arceo D\u00edaz<\/a><\/strong><br>Directora de la Divisi\u00f3n de Ingenier\u00eda y Tecnolog\u00eda<br>(Mantenimiento Industrial, Tecnolog\u00edas de la Informaci\u00f3n y Comunicaciones)<br>Tel. 881 1900 Ext. 1256<\/p>\n","protected":false},"excerpt":{"rendered":"<p>El T\u00e9cnico Superior Universitario (T. S. U.) ser\u00e1 la primera parte de tus estudios de nivel superior, tiene una duraci\u00f3n de 2 a\u00f1os 4 meses en la modalidad Biling\u00fce Internacional y Sustentable (BIS) \u00bfNo sabes lo que es el Modelo BIS? haz clic aqu\u00ed \u00a1No es necesario tener un nivel de ingles para ingresar! Duraci\u00f3n: [&hellip;]<\/p>\n","protected":false},"author":1,"featured_media":362,"parent":0,"menu_order":0,"comment_status":"closed","ping_status":"closed","template":"","meta":{"content-type":"","footnotes":""},"class_list":["post-601","page","type-page","status-publish","has-post-thumbnail","hentry"],"_links":{"self":[{"href":"https:\/\/utcancun.edu.mx\/index.php\/wp-json\/wp\/v2\/pages\/601","targetHints":{"allow":["GET"]}}],"collection":[{"href":"https:\/\/utcancun.edu.mx\/index.php\/wp-json\/wp\/v2\/pages"}],"about":[{"href":"https:\/\/utcancun.edu.mx\/index.php\/wp-json\/wp\/v2\/types\/page"}],"author":[{"embeddable":true,"href":"https:\/\/utcancun.edu.mx\/index.php\/wp-json\/wp\/v2\/users\/1"}],"replies":[{"embeddable":true,"href":"https:\/\/utcancun.edu.mx\/index.php\/wp-json\/wp\/v2\/comments?post=601"}],"version-history":[{"count":2,"href":"https:\/\/utcancun.edu.mx\/index.php\/wp-json\/wp\/v2\/pages\/601\/revisions"}],"predecessor-version":[{"id":827,"href":"https:\/\/utcancun.edu.mx\/index.php\/wp-json\/wp\/v2\/pages\/601\/revisions\/827"}],"wp:featuredmedia":[{"embeddable":true,"href":"https:\/\/utcancun.edu.mx\/index.php\/wp-json\/wp\/v2\/media\/362"}],"wp:attachment":[{"href":"https:\/\/utcancun.edu.mx\/index.php\/wp-json\/wp\/v2\/media?parent=601"}],"curies":[{"name":"wp","href":"https:\/\/api.w.org\/{rel}","templated":true}]}}