{"id":590,"date":"2024-07-15T11:33:45","date_gmt":"2024-07-15T17:33:45","guid":{"rendered":"http:\/\/192.168.1.237:8018\/?page_id=590"},"modified":"2026-03-11T14:09:01","modified_gmt":"2026-03-11T20:09:01","slug":"contaduria-2","status":"publish","type":"page","link":"https:\/\/utcancun.edu.mx\/index.php\/contaduria-2\/","title":{"rendered":"Contadur\u00eda"},"content":{"rendered":"<h2 class=\"wp-block-heading has-text-align-center\"><strong><mark class=\"has-inline-color has-vivid-cyan-blue-color\" style=\"background-color: rgba(0, 0, 0, 0);\">LICENCIATURA EN CONTADUR\u00cdA <br \/><\/mark><\/strong><\/h2>\n\n\n<p><strong><mark style=\"background-color:rgba(0, 0, 0, 0)\" class=\"has-inline-color has-vivid-cyan-blue-color\">Duraci\u00f3n:<\/mark><\/strong>&nbsp;3 a\u00f1os 4 meses<br><mark style=\"background-color:rgba(0, 0, 0, 0)\" class=\"has-inline-color has-vivid-cyan-blue-color\"><strong>Horario:<\/strong>&nbsp;<\/mark>Turno matutino y Turno vespertino. De lunes a viernes.<\/p>\n\n\n\n<p>El modelo educativo es de manera escolarizado presencial y se divide en 6 cuatrimestres con la siguiente carga ducativo es de manera escolarizado presencial y se divide en 6 cuatrimestres con la siguiente carga de materias:<\/p>\n\n\n\n<div class=\"wp-block-columns is-layout-flex wp-container-core-columns-is-layout-1 wp-block-columns-is-layout-flex\">\n<div class=\"wp-block-column is-layout-flow wp-block-column-is-layout-flow\">\n<p><strong><mark style=\"background-color:rgba(0, 0, 0, 0)\" class=\"has-inline-color has-vivid-cyan-blue-color\">PRIMER CUATRIMESTRE<\/mark><\/strong><\/p>\n\n\n\n<ul class=\"wp-block-list\">\n<li>Ingl\u00e9s I<\/li>\n\n\n\n<li>Desarrollo Humano y Valores<\/li>\n\n\n\n<li>Matem\u00e1ticas para Negocios<\/li>\n\n\n\n<li>Inform\u00e1tica<\/li>\n\n\n\n<li>Fundamentos de Administraci\u00f3n<\/li>\n\n\n\n<li>Contabilidad B\u00e1sica<\/li>\n\n\n\n<li>Comunicaci\u00f3n y Habilidades Digitales<\/li>\n<\/ul>\n<\/div>\n\n\n\n<div class=\"wp-block-column is-layout-flow wp-block-column-is-layout-flow\">\n<p><strong><mark style=\"background-color:rgba(0, 0, 0, 0)\" class=\"has-inline-color has-vivid-cyan-blue-color\">SEGUNDO CUATRIMESTRE<\/mark><\/strong><\/p>\n\n\n\n<ul class=\"wp-block-list\">\n<li>Ingl\u00e9s II<\/li>\n\n\n\n<li>Habilidades Socioemocionales y Manejo de<\/li>\n\n\n\n<li>Estad\u00edstica para Negocios<\/li>\n\n\n\n<li>Derecho Laboral<\/li>\n\n\n\n<li>Derecho Mercantil y Civil<\/li>\n\n\n\n<li>Contabilidad Intermedia<\/li>\n\n\n\n<li>Econom\u00eda<\/li>\n<\/ul>\n<\/div>\n\n\n\n<div class=\"wp-block-column is-layout-flow wp-block-column-is-layout-flow\">\n<p><strong><mark style=\"background-color:rgba(0, 0, 0, 0)\" class=\"has-inline-color has-vivid-cyan-blue-color\">TERCER CUATRIMESTRE<\/mark><\/strong><\/p>\n\n\n\n<ul class=\"wp-block-list\">\n<li>Ingl\u00e9s III<\/li>\n\n\n\n<li>Desarrollo del Pensamiento y Toma de Decisiones<\/li>\n\n\n\n<li>Matem\u00e1ticas Financieras<\/li>\n\n\n\n<li>Derecho Fiscal<\/li>\n\n\n\n<li>Contabilidad de Sociedades<\/li>\n\n\n\n<li>Contabilidad Superior<\/li>\n\n\n\n<li>Proyecto Integrador I<\/li>\n<\/ul>\n<\/div>\n<\/div>\n\n\n\n<div class=\"wp-block-columns is-layout-flex wp-container-core-columns-is-layout-2 wp-block-columns-is-layout-flex\">\n<div class=\"wp-block-column is-layout-flow wp-block-column-is-layout-flow\">\n<p><strong><mark style=\"background-color:rgba(0, 0, 0, 0)\" class=\"has-inline-color has-vivid-cyan-blue-color\">CUARTO CUATRIMESTRE<\/mark><\/strong><\/p>\n\n\n\n<ul class=\"wp-block-list\">\n<li>Ingl\u00e9s IV<\/li>\n\n\n\n<li>\u00c9tica Profesional<\/li>\n\n\n\n<li>An\u00e1lisis e Interpretaci\u00f3n de Estados Financieros<\/li>\n\n\n\n<li>Contribuciones de Personas Morales<\/li>\n\n\n\n<li>Presupuestos<\/li>\n\n\n\n<li>Contabilidad de Costos I<\/li>\n\n\n\n<li>Comercio Exterior<\/li>\n<\/ul>\n<\/div>\n\n\n\n<div class=\"wp-block-column is-layout-flow wp-block-column-is-layout-flow\">\n<p><strong><mark style=\"background-color:rgba(0, 0, 0, 0)\" class=\"has-inline-color has-vivid-cyan-blue-color\">QUINTO CUATRIMESTRE<\/mark><\/strong><\/p>\n\n\n\n<ul class=\"wp-block-list\">\n<li>Ingl\u00e9s V<\/li>\n\n\n\n<li>Liderazgo de Equipos de Alto Desempe\u00f1o<\/li>\n\n\n\n<li>Fundamentos de Auditor\u00eda<\/li>\n\n\n\n<li>Contribuciones de Personas F\u00edsicas<\/li>\n\n\n\n<li>Sueldos y Salarios<\/li>\n\n\n\n<li>Contabilidad de Costos II<\/li>\n\n\n\n<li>Proyecto Integrador II<\/li>\n<\/ul>\n<\/div>\n\n\n\n<div class=\"wp-block-column is-layout-flow wp-block-column-is-layout-flow\">\n<p><strong><mark style=\"background-color:rgba(0, 0, 0, 0)\" class=\"has-inline-color has-vivid-cyan-blue-color\">SEXTO CUATRIMESTRE<\/mark><\/strong><\/p>\n\n\n\n<ul class=\"wp-block-list\">\n<li> Estad\u00eda Profesional ***<\/li>\n<\/ul>\n<\/div>\n<\/div>\n\n\n\n<p><\/p>\n\n\n\n<p style=\"font-size:12px\"><strong>*** El periodo de estad\u00edas es una pr\u00e1ctica profesional que permite a los y las estudiantes aplicar los conocimientos y habilidades adquiridos en las aulas de clases y complementar su formaci\u00f3n dentro de la operaci\u00f3n real de una empresa del sector productivo.<\/strong><\/p>\n\n\n\n<p><\/p>\n\n\n\n<hr class=\"wp-block-separator has-alpha-channel-opacity is-style-wide\"\/>\n\n\n\n<p>Al obtener tu titulo como T\u00e9cnico Superior Universitario, podr\u00e1s continuar con tus estudios para alcanzar el nivel de Licenciatura, para ello ser\u00e1 necesario que hayas acreditado todas tus materias del nivel TSU y culminado tus estad\u00edas profesionales.&nbsp;<\/p>\n\n\n\n<p><\/p>\n\n\n\n<p><\/p>\n\n\n\n<p>El modelo educativo es de manera escolarizado presencial y se divide en 4 cuatrimestres, con la siguiente carga de materias:<\/p>\n\n\n\n<div class=\"wp-block-columns is-layout-flex wp-container-core-columns-is-layout-3 wp-block-columns-is-layout-flex\">\n<div class=\"wp-block-column is-layout-flow wp-block-column-is-layout-flow\">\n<p><mark style=\"background-color:rgba(0, 0, 0, 0)\" class=\"has-inline-color has-vivid-cyan-blue-color\"><strong>7mo CUATRIMESTRE<\/strong><\/mark><br><\/p>\n\n\n\n<ul class=\"wp-block-list\">\n<li>Ingl\u00e9s VI<\/li>\n\n\n\n<li>Habilidades gerenciales<\/li>\n\n\n\n<li>Mercado de Valores<\/li>\n\n\n\n<li>Administraci\u00f3n Financiera<\/li>\n\n\n\n<li>Seminario Fiscal de Personas Morales<\/li>\n\n\n\n<li>Seminario Fiscal de Asociaciones y Sociedades Civiles<\/li>\n\n\n\n<li>Auditor\u00eda Financiera<\/li>\n<\/ul>\n<\/div>\n\n\n\n<div class=\"wp-block-column is-layout-flow wp-block-column-is-layout-flow\">\n<p><mark style=\"background-color:rgba(0, 0, 0, 0)\" class=\"has-inline-color has-vivid-cyan-blue-color\"><strong>8vo   CUATRIMESTRE<\/strong><\/mark><br><\/p>\n\n\n\n<ul class=\"wp-block-list\">\n<li>Ingl\u00e9s VII<\/li>\n\n\n\n<li>Contabilidad Gubernamental<\/li>\n\n\n\n<li>Estructura de Capital<\/li>\n\n\n\n<li>Contabilidades Especiales<\/li>\n\n\n\n<li>Seminario Fiscal de Personas F\u00edsicas<\/li>\n\n\n\n<li>Seguridad Social<\/li>\n\n\n\n<li>Desarrollo Organizacional<\/li>\n<\/ul>\n\n\n\n<p><\/p>\n<\/div>\n\n\n\n<div class=\"wp-block-column is-layout-flow wp-block-column-is-layout-flow\">\n<p><mark style=\"background-color:rgba(0, 0, 0, 0)\" class=\"has-inline-color has-vivid-cyan-blue-color\"><strong>9no CUATRIMESTRE<\/strong><\/mark><br><\/p>\n\n\n\n<ul class=\"wp-block-list\">\n<li>Ingl\u00e9s VIII<\/li>\n\n\n\n<li>Auditor\u00eda Gubernamental<\/li>\n\n\n\n<li>Evaluaci\u00f3n Financiera<\/li>\n\n\n\n<li>Auditor\u00eda Fiscal<\/li>\n\n\n\n<li>Seminario de Defensa Fiscal<\/li>\n\n\n\n<li>Administraci\u00f3n de Costos e Inventarios para la Toma de<br>Decisiones<\/li>\n\n\n\n<li>Proyecto integrador III<\/li>\n<\/ul>\n\n\n\n<p><\/p>\n<\/div>\n<\/div>\n\n\n\n<div class=\"wp-block-columns is-layout-flex wp-container-core-columns-is-layout-4 wp-block-columns-is-layout-flex\">\n<div class=\"wp-block-column is-layout-flow wp-block-column-is-layout-flow\">\n<p><mark style=\"background-color:rgba(0, 0, 0, 0)\" class=\"has-inline-color has-vivid-cyan-blue-color\"><strong>10mo CUATRIMESTRE<br><\/strong><\/mark><\/p>\n\n\n\n<ul class=\"wp-block-list\">\n<li>Estad\u00eda profesional<\/li>\n<\/ul>\n\n\n\n<p><br><\/p>\n<\/div>\n\n\n\n<div class=\"wp-block-column is-layout-flow wp-block-column-is-layout-flow\">\n<p>.<\/p>\n<\/div>\n\n\n\n<div class=\"wp-block-column is-layout-flow wp-block-column-is-layout-flow\">\n<p><\/p>\n<\/div>\n<\/div>\n\n\n\n<p class=\"has-text-align-center\" style=\"font-size:20px\"><strong>Para mayores informes:<\/strong><br><a href=\"mailto:kflores@utcancun.edu.mx\" target=\"_blank\" rel=\"noreferrer noopener\">Mtra. Karla Monica Flores Garc\u00eda<\/a><br>Directora de la Divisi\u00f3n Econ\u00f3mico Administrativa.<br>Tel. 881 1900 Ext. 1201<\/p>\n\n\n\n<p class=\"has-text-align-center\" style=\"font-size:22px\"><\/p>\n\n\n\n<p><\/p>\n","protected":false},"excerpt":{"rendered":"<p>LICENCIATURA EN CONTADUR\u00cdA Duraci\u00f3n:&nbsp;3 a\u00f1os 4 mesesHorario:&nbsp;Turno matutino y Turno vespertino. De lunes a viernes. El modelo educativo es de manera escolarizado presencial y se divide en 6 cuatrimestres con la siguiente carga ducativo es de manera escolarizado presencial y se divide en 6 cuatrimestres con la siguiente carga de materias: PRIMER CUATRIMESTRE SEGUNDO CUATRIMESTRE [&hellip;]<\/p>\n","protected":false},"author":1,"featured_media":362,"parent":0,"menu_order":0,"comment_status":"closed","ping_status":"closed","template":"","meta":{"content-type":"","footnotes":""},"class_list":["post-590","page","type-page","status-publish","has-post-thumbnail","hentry"],"_links":{"self":[{"href":"https:\/\/utcancun.edu.mx\/index.php\/wp-json\/wp\/v2\/pages\/590","targetHints":{"allow":["GET"]}}],"collection":[{"href":"https:\/\/utcancun.edu.mx\/index.php\/wp-json\/wp\/v2\/pages"}],"about":[{"href":"https:\/\/utcancun.edu.mx\/index.php\/wp-json\/wp\/v2\/types\/page"}],"author":[{"embeddable":true,"href":"https:\/\/utcancun.edu.mx\/index.php\/wp-json\/wp\/v2\/users\/1"}],"replies":[{"embeddable":true,"href":"https:\/\/utcancun.edu.mx\/index.php\/wp-json\/wp\/v2\/comments?post=590"}],"version-history":[{"count":17,"href":"https:\/\/utcancun.edu.mx\/index.php\/wp-json\/wp\/v2\/pages\/590\/revisions"}],"predecessor-version":[{"id":4893,"href":"https:\/\/utcancun.edu.mx\/index.php\/wp-json\/wp\/v2\/pages\/590\/revisions\/4893"}],"wp:featuredmedia":[{"embeddable":true,"href":"https:\/\/utcancun.edu.mx\/index.php\/wp-json\/wp\/v2\/media\/362"}],"wp:attachment":[{"href":"https:\/\/utcancun.edu.mx\/index.php\/wp-json\/wp\/v2\/media?parent=590"}],"curies":[{"name":"wp","href":"https:\/\/api.w.org\/{rel}","templated":true}]}}