{"id":587,"date":"2024-07-15T11:29:02","date_gmt":"2024-07-15T17:29:02","guid":{"rendered":"http:\/\/192.168.1.237:8018\/?page_id=587"},"modified":"2024-08-13T08:33:05","modified_gmt":"2024-08-13T14:33:05","slug":"mercadotecnia-2","status":"publish","type":"page","link":"https:\/\/utcancun.edu.mx\/index.php\/mercadotecnia-2\/","title":{"rendered":"Mercadotecnia"},"content":{"rendered":"\n<figure class=\"wp-block-image size-full is-style-default\"><img decoding=\"async\" src=\"http:\/\/www.utcancun.edu.mx\/wp-content\/uploads\/2023\/05\/CARATULAS-Carreras-edit-04.png\" alt=\"\" class=\"wp-image-16249\" title=\"ESTUDIAR ADMINISTRACI\u00d3N EN CANC\u00daN\"\/><\/figure>\n\n\n\n<p>El T\u00e9cnico Superior Universitario (T. S. U.) ser\u00e1 la primera parte de tus estudios de nivel superior, tiene una duraci\u00f3n de 2 a\u00f1os 4 meses en la modalidad Biling\u00fce Internacional y Sustentable (BIS)<\/p>\n\n\n\n<p class=\"has-text-align-center\"><strong>\u00a1No es necesario tener un nivel de ingles para ingresar! <\/strong><\/p>\n\n\n\n<p><strong><mark style=\"background-color:rgba(0, 0, 0, 0)\" class=\"has-inline-color has-vivid-cyan-blue-color\">Duraci\u00f3n:<\/mark><\/strong> 2 a\u00f1os 4 meses <br><strong><mark style=\"background-color:rgba(0, 0, 0, 0)\" class=\"has-inline-color has-vivid-cyan-blue-color\">Horario:<\/mark><\/strong> Turno matutino de 7:00 a. m. a 3:00 p. m. Turno vespertino de 2:00 p. m. a 9:00 p. m. De lunes a viernes.<br><\/p>\n\n\n\n<p>El modelo educativo es de manera escolarizado presencial y se divide en 7 cuatrimestres con la siguiente carga de materias:<\/p>\n\n\n\n<div class=\"wp-block-columns are-vertically-aligned-top is-layout-flex wp-container-core-columns-is-layout-1 wp-block-columns-is-layout-flex\">\n<div class=\"wp-block-column is-vertically-aligned-top is-layout-flow wp-block-column-is-layout-flow\" style=\"flex-basis:268px\">\n<p><strong><mark style=\"background-color:rgba(0, 0, 0, 0)\" class=\"has-inline-color has-vivid-cyan-blue-color\">CUATRIMESTRE CERO<br><\/mark><\/strong>\u2022Inmersi\u00f3n a la Lengua Inglesa.<br><strong>*Nivel A2 como requisito para continuar.<\/strong><\/p>\n\n\n\n<p><strong><mark style=\"background-color:rgba(0, 0, 0, 0)\" class=\"has-inline-color has-vivid-cyan-blue-color\">1er  CUATRIMESTRE<\/mark><\/strong><br>\u2022 Matem\u00e1ticas.<br>\u2022 Administraci\u00f3n.<br>\u2022 Inform\u00e1tica l.<br>\u2022 Econom\u00eda.<br>\u2022 Mercadotecnia<br>\u2022 Ingl\u00e9s I.<br>\u2022 Expresi\u00f3n Oral y Escrita l.<br>\u2022 Formaci\u00f3n Sociocultural I.<\/p>\n<\/div>\n\n\n\n<div class=\"wp-block-column is-vertically-aligned-top is-layout-flow wp-block-column-is-layout-flow\" style=\"flex-basis:268px\">\n<p><strong><mark style=\"background-color:rgba(0, 0, 0, 0)\" class=\"has-inline-color has-vivid-cyan-blue-color\">2do  CUATRIMESTRE<\/mark><\/strong><br>Estad\u00edstica.<br>\u2022 Contabilidad.<br>\u2022 Inform\u00e1tica II.<br>\u2022 Planeaci\u00f3n Estrat\u00e9gica.<br>\u2022 Sistema de Investigaci\u00f3n de Mercados I.<br>\u2022 Ventas.<br><strong>\u2022 <\/strong>Ingl\u00e9s II.<br>\u2022 Formaci\u00f3n Sociocultural II.<br>\u2022 Expresi\u00f3n Oral y Escrita ll.<\/p>\n<\/div>\n\n\n\n<div class=\"wp-block-column is-vertically-aligned-top is-layout-flow wp-block-column-is-layout-flow\" style=\"flex-basis:268px\">\n<p><mark style=\"background-color:rgba(0, 0, 0, 0)\" class=\"has-inline-color has-vivid-cyan-blue-color\"><strong>3er CUATRIMESTRE<br><\/strong><\/mark>\u2022 Calidad<br>\u2022 Gesti\u00f3n de Provectos.<br>\u2022 Legislaci\u00f3n Comercial.<br>\u2022 Sistema de Investigaci\u00f3n de Mercados II.<br>\u2022 Integradora I.<br>\u2022 Estrategias de Producto.<br>\u2022 Ingl\u00e9s III.<br>\u2022 Formaci\u00f3n Sociocultural III.<\/p>\n<\/div>\n<\/div>\n\n\n\n<div class=\"wp-block-columns are-vertically-aligned-top is-layout-flex wp-container-core-columns-is-layout-2 wp-block-columns-is-layout-flex\">\n<div class=\"wp-block-column is-vertically-aligned-top is-layout-flow wp-block-column-is-layout-flow\" style=\"flex-basis:268px\">\n<p><strong><mark style=\"background-color:rgba(0, 0, 0, 0)\" class=\"has-inline-color has-vivid-cyan-blue-color\">4to CUATRIMESTRE<\/mark><\/strong><br>\u2022 Dise\u00f1o Gr\u00e1fico<br>\u2022 Log\u00edstica y Distribuci\u00f3n.<br>\u2022 Comportamiento del Consumidor.<br>\u2022 Estrategias de Precio.<br>\u2022 Mezcla Promocional I.<br>\u2022 Metodolog\u00eda de la Investigaci\u00f3n.<br>\u2022 Ingl\u00e9s IV.<br>\u2022 Formaci\u00f3n Sociocultural IV.<\/p>\n<\/div>\n\n\n\n<div class=\"wp-block-column is-vertically-aligned-top is-layout-flow wp-block-column-is-layout-flow\" style=\"flex-basis:268px\">\n<p><strong><mark style=\"background-color:rgba(0, 0, 0, 0)\" class=\"has-inline-color has-vivid-cyan-blue-color\">5to  CUATRIMESTRE<\/mark><\/strong><br>\u2022 Mercadotecnia Internacional.<br>\u2022 Mezcla Promocional II.<br>\u2022 Mercadotecnia Digital.<br>\u2022 Mercadotecnia Estrat\u00e9gica.<br>\u2022 Integradora II.<br>\u2022 Ingl\u00e9s V.<br>\u2022 Expresi\u00f3n Oral y Escrita II.<\/p>\n\n\n\n<p><br><strong>* Certificado Nivel B1 como requisito<\/strong><\/p>\n<\/div>\n\n\n\n<div class=\"wp-block-column is-vertically-aligned-top is-layout-flow wp-block-column-is-layout-flow\" style=\"flex-basis:268px\">\n<p><mark style=\"background-color:rgba(0, 0, 0, 0)\" class=\"has-inline-color has-vivid-cyan-blue-color\"><strong>6to CUATRIMESTRE<br><\/strong><\/mark>\u2022 Estad\u00eda en el Sector productivo<\/p>\n<\/div>\n<\/div>\n\n\n\n<p>El periodo de estad\u00edas es una pr\u00e1ctica profesional que permite a los y las estudiantes aplicar los conocimientos y habilidades adquiridos en las aulas de clases y complementar su formaci\u00f3n dentro de la operaci\u00f3n real de una empresa del sector productivo.<\/p>\n\n\n\n<hr class=\"wp-block-separator has-alpha-channel-opacity is-style-wide\"\/>\n\n\n\n<figure class=\"wp-block-image size-full is-style-default\"><img decoding=\"async\" src=\"http:\/\/www.utcancun.edu.mx\/wp-content\/uploads\/2023\/05\/CARATULAS-Carreras-edit-05.png\" alt=\"\" class=\"wp-image-16251\"\/><\/figure>\n\n\n\n<p>Al obtener tu titulo como T\u00e9cnico Superior Universitario, podr\u00e1s continuar con tus estudios para alcanzar el nivel de Licenciatura, para ello ser\u00e1 necesario que hayas acreditado todas tus materias del nivel TSU y  culminado tus estad\u00edas profesionales. <\/p>\n\n\n\n<p class=\"has-text-align-center\"><strong>Certificado de ingles Nivel B1 como requisito para ingresar<\/strong><\/p>\n\n\n\n<p><strong><mark style=\"background-color:rgba(0, 0, 0, 0)\" class=\"has-inline-color has-vivid-cyan-blue-color\">Duraci\u00f3n:<\/mark><\/strong> 1 a\u00f1o 8 meses <br><strong><mark style=\"background-color:rgba(0, 0, 0, 0)\" class=\"has-inline-color has-vivid-cyan-blue-color\">Horario:<\/mark><\/strong> De lunes a viernes de 4:40 p. m. a 9:40 p. m.<br><\/p>\n\n\n\n<p>El modelo educativo es de manera escolarizado presencial y se divide en 5 cuatrimestres, con la siguiente carga de materias:<\/p>\n\n\n\n<div class=\"wp-block-columns is-layout-flex wp-container-core-columns-is-layout-3 wp-block-columns-is-layout-flex\">\n<div class=\"wp-block-column is-layout-flow wp-block-column-is-layout-flow\">\n<p><mark style=\"background-color:rgba(0, 0, 0, 0)\" class=\"has-inline-color has-vivid-cyan-blue-color\"><strong>7mo CUATRIMESTRE<\/strong><\/mark><br>\u2022 Estad\u00edstica Aplicada a los Negocios.<br>\u2022 Desarrollo de Nuevos Productos.<br>\u2022 Inteligencia de Mercados.<br>\u2022 Ingl\u00e9s VI.<br>\u2022 Administraci\u00f3n del Tiempo.<\/p>\n<\/div>\n\n\n\n<div class=\"wp-block-column is-layout-flow wp-block-column-is-layout-flow\">\n<p><mark style=\"background-color:rgba(0, 0, 0, 0)\" class=\"has-inline-color has-vivid-cyan-blue-color\"><strong>8vo CUATRIMESTRE<\/strong><\/mark><br>\u2022 Tendencias del Mercado y Consumidor Global.<br>\u2022 Administraci\u00f3n de la Producci\u00f3n.<br>\u2022 Gesti\u00f3n del Talento Humano.<br>\u2022 Optativa I.<br>\u2022 Ingl\u00e9s VII.<br>\u2022 Planeaci\u00f3n y Organizaci\u00f3n del Trabajo.<\/p>\n<\/div>\n\n\n\n<div class=\"wp-block-column is-layout-flow wp-block-column-is-layout-flow\">\n<p><mark style=\"background-color:rgba(0, 0, 0, 0)\" class=\"has-inline-color has-vivid-cyan-blue-color\"><strong>9no CUATRIMESTRE<\/strong><\/mark><br>\u2022 Comunicaci\u00f3n Integral de Mercadotecnia.<br>\u2022 Planeaci\u00f3n y Seguimiento de Proyectos.<br>\u2022 Finanzas.<br>\u2022 Optativa II.<br>\u2022 Ingl\u00e9s VIII.<br>\u2022 Direcci\u00f3n de Equipos de Alto Rendimiento.<\/p>\n<\/div>\n<\/div>\n\n\n\n<div class=\"wp-block-columns is-layout-flex wp-container-core-columns-is-layout-4 wp-block-columns-is-layout-flex\">\n<div class=\"wp-block-column is-layout-flow wp-block-column-is-layout-flow\">\n<p><mark style=\"background-color:rgba(0, 0, 0, 0)\" class=\"has-inline-color has-vivid-cyan-blue-color\"><strong>10mo CUATRIMESTRE<br><\/strong><\/mark>\u2022 Comunicaci\u00f3n Ejecutiva.<br>\u2022 Cadena de Suministros.<br>\u2022 Plan de Negocios.<br>\u2022 Integradora II.<br>\u2022 Ingl\u00e9s IX.<br>\u2022 Negociaci\u00f3n Empresarial.<br><strong>* Certificado Nivel B2 como requisito<\/strong><\/p>\n<\/div>\n\n\n\n<div class=\"wp-block-column is-layout-flow wp-block-column-is-layout-flow\">\n<p><mark style=\"background-color:rgba(0, 0, 0, 0)\" class=\"has-inline-color has-vivid-cyan-blue-color\"><strong>11vo CUATRIMESTRE<\/strong><\/mark><br>\u2022 Estad\u00eda en el Sector Productivo.<\/p>\n<\/div>\n\n\n\n<div class=\"wp-block-column is-layout-flow wp-block-column-is-layout-flow\">\n<p><\/p>\n<\/div>\n<\/div>\n\n\n\n<p class=\"has-text-align-center\" style=\"font-size:22px\"><strong>Duraci\u00f3n total de la carrera: 4 a\u00f1os <\/strong><\/p>\n\n\n\n<figure class=\"wp-block-image size-full is-style-default\"><a href=\"https:\/\/api.whatsapp.com\/send?phone=5219981882697&amp;text=Hola,%20deseo%20incribirme%20a%20mercadotecnia%20\"><img decoding=\"async\" src=\"http:\/\/www.utcancun.edu.mx\/wp-content\/uploads\/2023\/04\/CARATULAS-Carreras-edit-06.png\" alt=\"\" class=\"wp-image-16075\"\/><\/a><\/figure>\n\n\n\n<p><\/p>\n\n\n\n<p class=\"has-text-align-center\"><strong>Para mayores informes:<\/strong><br><a href=\"mailto:MRIVERO@UTCANCUN.EDU.MX\">Mtro. Hector Soto<\/a><br>Director de la Divisi\u00f3n Econ\u00f3mico Administrativa.<br>Tel. 881 1900 Ext. 1201<\/p>\n","protected":false},"excerpt":{"rendered":"<p>El T\u00e9cnico Superior Universitario (T. S. U.) ser\u00e1 la primera parte de tus estudios de nivel superior, tiene una duraci\u00f3n de 2 a\u00f1os 4 meses en la modalidad Biling\u00fce Internacional y Sustentable (BIS) \u00a1No es necesario tener un nivel de ingles para ingresar! Duraci\u00f3n: 2 a\u00f1os 4 meses Horario: Turno matutino de 7:00 a. m. [&hellip;]<\/p>\n","protected":false},"author":1,"featured_media":362,"parent":0,"menu_order":0,"comment_status":"closed","ping_status":"closed","template":"","meta":{"content-type":"","footnotes":""},"class_list":["post-587","page","type-page","status-publish","has-post-thumbnail","hentry"],"_links":{"self":[{"href":"https:\/\/utcancun.edu.mx\/index.php\/wp-json\/wp\/v2\/pages\/587","targetHints":{"allow":["GET"]}}],"collection":[{"href":"https:\/\/utcancun.edu.mx\/index.php\/wp-json\/wp\/v2\/pages"}],"about":[{"href":"https:\/\/utcancun.edu.mx\/index.php\/wp-json\/wp\/v2\/types\/page"}],"author":[{"embeddable":true,"href":"https:\/\/utcancun.edu.mx\/index.php\/wp-json\/wp\/v2\/users\/1"}],"replies":[{"embeddable":true,"href":"https:\/\/utcancun.edu.mx\/index.php\/wp-json\/wp\/v2\/comments?post=587"}],"version-history":[{"count":2,"href":"https:\/\/utcancun.edu.mx\/index.php\/wp-json\/wp\/v2\/pages\/587\/revisions"}],"predecessor-version":[{"id":811,"href":"https:\/\/utcancun.edu.mx\/index.php\/wp-json\/wp\/v2\/pages\/587\/revisions\/811"}],"wp:featuredmedia":[{"embeddable":true,"href":"https:\/\/utcancun.edu.mx\/index.php\/wp-json\/wp\/v2\/media\/362"}],"wp:attachment":[{"href":"https:\/\/utcancun.edu.mx\/index.php\/wp-json\/wp\/v2\/media?parent=587"}],"curies":[{"name":"wp","href":"https:\/\/api.w.org\/{rel}","templated":true}]}}