{"id":584,"date":"2024-07-15T11:25:46","date_gmt":"2024-07-15T17:25:46","guid":{"rendered":"http:\/\/192.168.1.237:8018\/?page_id=584"},"modified":"2026-03-11T14:09:35","modified_gmt":"2026-03-11T20:09:35","slug":"administracion","status":"publish","type":"page","link":"https:\/\/utcancun.edu.mx\/index.php\/administracion\/","title":{"rendered":"Administraci\u00f3n"},"content":{"rendered":"\n<h2 class=\"wp-block-heading has-text-align-center\"><strong><mark class=\"has-inline-color has-vivid-cyan-blue-color\" style=\"background-color: rgba(0, 0, 0, 0);\">LICENCIATURA EN ADMINISTRACI\u00d3N<br><\/mark><\/strong><\/h2>\n\n\n\n<p><strong><mark style=\"background-color:rgba(0, 0, 0, 0)\" class=\"has-inline-color has-vivid-cyan-blue-color\">Duraci\u00f3n:<\/mark><\/strong> 3 a\u00f1os 4 meses <br><strong><mark style=\"background-color:rgba(0, 0, 0, 0)\" class=\"has-inline-color has-vivid-cyan-blue-color\">Horario:<\/mark><\/strong> Turno matutino y Turno vespertino. De lunes a viernes.<br><\/p>\n\n\n\n<p>El modelo educativo es de manera escolarizado presencial y se divide en 6 cuatrimestres con la siguiente carga ducativo es de manera escolarizado presencial y se divide en 6 cuatrimestres con la siguiente carga de materias:<\/p>\n\n\n\n<div class=\"wp-block-columns is-layout-flex wp-container-core-columns-is-layout-1 wp-block-columns-is-layout-flex\">\n<div class=\"wp-block-column is-layout-flow wp-block-column-is-layout-flow\">\n<p><strong><mark style=\"background-color:rgba(0, 0, 0, 0)\" class=\"has-inline-color has-vivid-cyan-blue-color\">PRIMER CUATRIMESTRE<\/mark><\/strong><\/p>\n\n\n\n<ul class=\"wp-block-list\">\n<li>Ingl\u00e9s I<\/li>\n\n\n\n<li>Desarrollo Humano y Valores<\/li>\n\n\n\n<li>Fundamentos matem\u00e1ticos<\/li>\n\n\n\n<li>Contabilidad I<\/li>\n\n\n\n<li>Fundamentos de Administraci\u00f3n<\/li>\n\n\n\n<li>Marco Legal de las Organizaciones<\/li>\n\n\n\n<li>Comunicaci\u00f3n y Habilidades Digitales<\/li>\n<\/ul>\n<\/div>\n\n\n\n<div class=\"wp-block-column is-layout-flow wp-block-column-is-layout-flow\">\n<p><strong><mark style=\"background-color:rgba(0, 0, 0, 0)\" class=\"has-inline-color has-vivid-cyan-blue-color\">SEGUNDO CUATRIMESTRE<\/mark><\/strong><\/p>\n\n\n\n<ul class=\"wp-block-list\">\n<li>Ingl\u00e9s II<\/li>\n\n\n\n<li>Habilidades Socioemocionales y Manejo de Conflictos<\/li>\n\n\n\n<li>Probabilidad y Estad\u00edstica<\/li>\n\n\n\n<li>Contabilidad II<\/li>\n\n\n\n<li>Planeaci\u00f3n Estrat\u00e9gica<\/li>\n\n\n\n<li>Microeconom\u00eda<\/li>\n\n\n\n<li>Derecho Corporativo<\/li>\n<\/ul>\n<\/div>\n\n\n\n<div class=\"wp-block-column is-layout-flow wp-block-column-is-layout-flow\">\n<p><strong><mark style=\"background-color:rgba(0, 0, 0, 0)\" class=\"has-inline-color has-vivid-cyan-blue-color\">TERCER CUATRIMESTRE<\/mark><\/strong><\/p>\n\n\n\n<ul class=\"wp-block-list\">\n<li>Ingl\u00e9s III<\/li>\n\n\n\n<li>Desarrollo del Pensamiento y Toma de Decisiones<\/li>\n\n\n\n<li>Fundamentos de Mercadotecnia<\/li>\n\n\n\n<li>An\u00e1lisis Financiero<\/li>\n\n\n\n<li>Fundamentos de Calidad<\/li>\n\n\n\n<li>Macroeconom\u00eda<\/li>\n\n\n\n<li>Proyecto Integrador I<\/li>\n<\/ul>\n<\/div>\n<\/div>\n\n\n\n<div class=\"wp-block-columns is-layout-flex wp-container-core-columns-is-layout-2 wp-block-columns-is-layout-flex\">\n<div class=\"wp-block-column is-layout-flow wp-block-column-is-layout-flow\">\n<p><strong><mark style=\"background-color:rgba(0, 0, 0, 0)\" class=\"has-inline-color has-vivid-cyan-blue-color\">CUARTO CUATRIMESTRE<\/mark><\/strong><\/p>\n\n\n\n<ul class=\"wp-block-list\">\n<li>Ingl\u00e9s IV<\/li>\n\n\n\n<li>\u00c9tica Profesional<\/li>\n\n\n\n<li>Gesti\u00f3n del Capital Humano<\/li>\n\n\n\n<li>Integraci\u00f3n del Capital Humano<\/li>\n\n\n\n<li>Comportamiento Organizacional<\/li>\n\n\n\n<li>Sueldos y Salarios I<\/li>\n\n\n\n<li>Legislaci\u00f3n Laboral<\/li>\n<\/ul>\n<\/div>\n\n\n\n<div class=\"wp-block-column is-layout-flow wp-block-column-is-layout-flow\">\n<p><strong><mark style=\"background-color:rgba(0, 0, 0, 0)\" class=\"has-inline-color has-vivid-cyan-blue-color\">QUINTO CUATRIMESTRE<\/mark><\/strong><\/p>\n\n\n\n<ul class=\"wp-block-list\">\n<li>Ingl\u00e9s V<\/li>\n\n\n\n<li>Liderazgo de Equipos de Alto Desempe\u00f1o<\/li>\n\n\n\n<li>Desarrollo del Capital Humano<\/li>\n\n\n\n<li>Seguridad e Higiene Laboral<\/li>\n\n\n\n<li>Desarrollo Organizacional<\/li>\n\n\n\n<li>Sueldos y Salarios II<\/li>\n\n\n\n<li>Proyecto Integrador II<\/li>\n<\/ul>\n<\/div>\n\n\n\n<div class=\"wp-block-column is-layout-flow wp-block-column-is-layout-flow\">\n<p><strong><mark style=\"background-color:rgba(0, 0, 0, 0)\" class=\"has-inline-color has-vivid-cyan-blue-color\">SEXTO CUATRIMESTRE<\/mark><\/strong><\/p>\n\n\n\n<ul class=\"wp-block-list\">\n<li>Estad\u00eda Profesional  ***<\/li>\n<\/ul>\n<\/div>\n<\/div>\n\n\n\n<p style=\"font-size:14px\"><strong>*** El periodo de estad\u00edas es una pr\u00e1ctica profesional que permite a los y las estudiantes aplicar los conocimientos y habilidades adquiridos en las aulas de clases y complementar su formaci\u00f3n dentro de la operaci\u00f3n real de una empresa del sector productivo.<\/strong><\/p>\n\n\n\n<p><\/p>\n\n\n\n<hr class=\"wp-block-separator has-alpha-channel-opacity is-style-wide\"\/>\n\n\n\n<p>Al obtener tu titulo como T\u00e9cnico Superior Universitario, podr\u00e1s continuar con tus estudios para alcanzar el nivel de Licenciatura, para ello ser\u00e1 necesario que hayas acreditado todas tus materias del nivel TSU y culminado tus estad\u00edas profesionales.&nbsp;<br><\/p>\n\n\n\n<p><\/p>\n\n\n\n<div class=\"wp-block-columns is-layout-flex wp-container-core-columns-is-layout-3 wp-block-columns-is-layout-flex\">\n<div class=\"wp-block-column is-layout-flow wp-block-column-is-layout-flow\">\n<p><mark style=\"background-color:rgba(0, 0, 0, 0)\" class=\"has-inline-color has-vivid-cyan-blue-color\"><strong>7mo CUATRIMESTRE<\/strong><\/mark><\/p>\n\n\n\n<ul class=\"wp-block-list\">\n<li>Ingl\u00e9s VI<\/li>\n\n\n\n<li>Habilidades gerenciales<\/li>\n\n\n\n<li>Mercadotecnia Estrat\u00e9gica<\/li>\n\n\n\n<li>Tecnolog\u00edas Aplicadas a los Negocios<\/li>\n\n\n\n<li>Proyectos de Innovaci\u00f3n Sostenibles<\/li>\n\n\n\n<li>Gesti\u00f3n del Talento Humano<\/li>\n\n\n\n<li>Administraci\u00f3n de la Producci\u00f3n<\/li>\n<\/ul>\n\n\n\n<p><mark style=\"background-color:rgba(0, 0, 0, 0)\" class=\"has-inline-color has-vivid-cyan-blue-color\"><strong><br><\/strong><\/mark>                  <\/p>\n<\/div>\n\n\n\n<div class=\"wp-block-column is-layout-flow wp-block-column-is-layout-flow\">\n<p><mark style=\"background-color:rgba(0, 0, 0, 0)\" class=\"has-inline-color has-vivid-cyan-blue-color\"><strong>8vo CUATRIMESTRE<\/strong><\/mark><\/p>\n\n\n\n<ul class=\"wp-block-list\">\n<li>Ingl\u00e9s VII<\/li>\n\n\n\n<li>Direcci\u00f3n Estrat\u00e9gica<\/li>\n\n\n\n<li>Investigaci\u00f3n de Operaciones<\/li>\n\n\n\n<li>Sistemas de la Informaci\u00f3n Aplicados en la<br>Organizaci\u00f3n<\/li>\n\n\n\n<li>Modelos de Negocios<\/li>\n\n\n\n<li>Evaluaci\u00f3n en el Desempe\u00f1o del Capital Humano<\/li>\n\n\n\n<li>Administraci\u00f3n y Gesti\u00f3n de la Calidad<\/li>\n\n\n\n<li><\/li>\n<\/ul>\n<\/div>\n\n\n\n<div class=\"wp-block-column is-layout-flow wp-block-column-is-layout-flow\">\n<p><mark style=\"background-color:rgba(0, 0, 0, 0)\" class=\"has-inline-color has-vivid-cyan-blue-color\"><strong>9no CUATRIMESTRE<\/strong><\/mark><\/p>\n\n\n\n<ul class=\"wp-block-list\">\n<li>Ingl\u00e9s VIII<\/li>\n\n\n\n<li>Comercio y Log\u00edstica Internacional<\/li>\n\n\n\n<li>Consultor\u00eda Empresarial<\/li>\n\n\n\n<li>Gesti\u00f3n de la Propiedad Intelectual<\/li>\n\n\n\n<li>Desarrollo en Proyectos de Emprendimiento Social<\/li>\n\n\n\n<li>Finanzas Corporativas<\/li>\n\n\n\n<li>Proyecto integrador III<\/li>\n<\/ul>\n\n\n\n<p><br><\/p>\n<\/div>\n<\/div>\n\n\n\n<div class=\"wp-block-columns is-layout-flex wp-container-core-columns-is-layout-4 wp-block-columns-is-layout-flex\">\n<div class=\"wp-block-column is-layout-flow wp-block-column-is-layout-flow\">\n<p><mark style=\"background-color:rgba(0, 0, 0, 0)\" class=\"has-inline-color has-vivid-cyan-blue-color\"><strong>10mo CUATRIMESTRE<\/strong><\/mark><\/p>\n\n\n\n<ul class=\"wp-block-list\">\n<li>Estad\u00eda Profesional <\/li>\n<\/ul>\n\n\n\n<p><br><\/p>\n<\/div>\n<\/div>\n\n\n\n<p class=\"has-text-align-center\"><strong>Duraci\u00f3n total de la carrera: 3 a\u00f1os y 4 meses <\/strong><\/p>\n\n\n\n<p class=\"has-text-align-center\"><strong>Para mayores informes:<\/strong><br><a href=\"mailto:kflores@utcancun.edu.mx\" target=\"_blank\" rel=\"noreferrer noopener\">Mtra. Karla Monica Flores Garc\u00eda<\/a><br>Directora de la Divisi\u00f3n Econ\u00f3mico Administrativa.<br>Tel. 881 1900 Ext. 1201<\/p>\n\n\n\n<p class=\"has-text-align-center\"><\/p>\n","protected":false},"excerpt":{"rendered":"<p>LICENCIATURA EN ADMINISTRACI\u00d3N Duraci\u00f3n: 3 a\u00f1os 4 meses Horario: Turno matutino y Turno vespertino. De lunes a viernes. El modelo educativo es de manera escolarizado presencial y se divide en 6 cuatrimestres con la siguiente carga ducativo es de manera escolarizado presencial y se divide en 6 cuatrimestres con la siguiente carga de materias: PRIMER [&hellip;]<\/p>\n","protected":false},"author":1,"featured_media":362,"parent":0,"menu_order":0,"comment_status":"closed","ping_status":"closed","template":"","meta":{"content-type":"","footnotes":""},"class_list":["post-584","page","type-page","status-publish","has-post-thumbnail","hentry"],"_links":{"self":[{"href":"https:\/\/utcancun.edu.mx\/index.php\/wp-json\/wp\/v2\/pages\/584","targetHints":{"allow":["GET"]}}],"collection":[{"href":"https:\/\/utcancun.edu.mx\/index.php\/wp-json\/wp\/v2\/pages"}],"about":[{"href":"https:\/\/utcancun.edu.mx\/index.php\/wp-json\/wp\/v2\/types\/page"}],"author":[{"embeddable":true,"href":"https:\/\/utcancun.edu.mx\/index.php\/wp-json\/wp\/v2\/users\/1"}],"replies":[{"embeddable":true,"href":"https:\/\/utcancun.edu.mx\/index.php\/wp-json\/wp\/v2\/comments?post=584"}],"version-history":[{"count":13,"href":"https:\/\/utcancun.edu.mx\/index.php\/wp-json\/wp\/v2\/pages\/584\/revisions"}],"predecessor-version":[{"id":4894,"href":"https:\/\/utcancun.edu.mx\/index.php\/wp-json\/wp\/v2\/pages\/584\/revisions\/4894"}],"wp:featuredmedia":[{"embeddable":true,"href":"https:\/\/utcancun.edu.mx\/index.php\/wp-json\/wp\/v2\/media\/362"}],"wp:attachment":[{"href":"https:\/\/utcancun.edu.mx\/index.php\/wp-json\/wp\/v2\/media?parent=584"}],"curies":[{"name":"wp","href":"https:\/\/api.w.org\/{rel}","templated":true}]}}