{"id":575,"date":"2024-07-10T18:08:26","date_gmt":"2024-07-11T00:08:26","guid":{"rendered":"http:\/\/192.168.1.237:8018\/?page_id=575"},"modified":"2024-07-10T18:08:26","modified_gmt":"2024-07-11T00:08:26","slug":"maestria-en-direccion-de-organizaciones","status":"publish","type":"page","link":"https:\/\/utcancun.edu.mx\/index.php\/maestria-en-direccion-de-organizaciones\/","title":{"rendered":"MAESTR\u00cdA EN DIRECCI\u00d3N DE ORGANIZACIONES"},"content":{"rendered":"\n<figure class=\"wp-block-image size-large\"><img fetchpriority=\"high\" decoding=\"async\" width=\"791\" height=\"1024\" src=\"http:\/\/192.168.1.237:8018\/wp-content\/uploads\/2024\/07\/DIRECCI\u0e40N-DE-ORGANIZACIONES-791x1024.png\" alt=\"\" class=\"wp-image-576\" srcset=\"https:\/\/utcancun.edu.mx\/wp-content\/uploads\/2024\/07\/DIRECCI\u0e40N-DE-ORGANIZACIONES-791x1024.png 791w, https:\/\/utcancun.edu.mx\/wp-content\/uploads\/2024\/07\/DIRECCI\u0e40N-DE-ORGANIZACIONES-232x300.png 232w, https:\/\/utcancun.edu.mx\/wp-content\/uploads\/2024\/07\/DIRECCI\u0e40N-DE-ORGANIZACIONES-768x994.png 768w, https:\/\/utcancun.edu.mx\/wp-content\/uploads\/2024\/07\/DIRECCI\u0e40N-DE-ORGANIZACIONES-1187x1536.png 1187w, https:\/\/utcancun.edu.mx\/wp-content\/uploads\/2024\/07\/DIRECCI\u0e40N-DE-ORGANIZACIONES-320x414.png 320w, https:\/\/utcancun.edu.mx\/wp-content\/uploads\/2024\/07\/DIRECCI\u0e40N-DE-ORGANIZACIONES-480x621.png 480w, https:\/\/utcancun.edu.mx\/wp-content\/uploads\/2024\/07\/DIRECCI\u0e40N-DE-ORGANIZACIONES-800x1036.png 800w, https:\/\/utcancun.edu.mx\/wp-content\/uploads\/2024\/07\/DIRECCI\u0e40N-DE-ORGANIZACIONES.png 1545w\" sizes=\"(max-width: 791px) 100vw, 791px\" \/><\/figure>\n\n\n\n<p><strong>Perfil de ingreso:<\/strong><br>Las y los aspirantes al programa acad\u00e9mico de Maestr\u00eda en Direcci\u00f3n de Organizaciones, deben contar con conocimientos b\u00e1sicos sobre las disciplinas relacionadas con la ciencia de la administraci\u00f3n, vocaci\u00f3n para el desarrollo de proyectos, inter\u00e9s por conocer y aplicar las nuevas tecnolog\u00edas en las organizaciones, aptitudes para la investigaci\u00f3n aplicada y la innovaci\u00f3n, comprensi\u00f3n del idioma ingl\u00e9s, capacidad para el trabajo en equipo multidisciplinario, as\u00ed como capacidad de an\u00e1lisis y s\u00edntesis.<\/p>\n\n\n\n<p><strong>Perfil de egreso:<\/strong><br>Las y los egresados de la Maestr\u00eda en Direcci\u00f3n de Organizaciones, formados en un s\u00f3lido modelo educativo de vanguardia, contar\u00e1n con conocimientos, habilidades y actitudes, enfocadas a desarrollar habilidades directivas con alto liderazgo en el manejo de conflictos y resoluci\u00f3n de problemas, capacidad de negociaci\u00f3n, pensamiento cr\u00edtico, anal\u00edtico y estrat\u00e9gico, con perspectiva local, nacional e internacional.<\/p>\n\n\n\n<p><strong>Campo de trabajo:<\/strong> <br>Con la especializaci\u00f3n adquirida, podr\u00e1 desempe\u00f1arse tanto en la iniciativa privada, como en la p\u00fablica y organizaciones de la sociedad civil a nivel directivo, cubriendo los siguientes perfiles;<br><\/p>\n\n\n\n<ul class=\"wp-block-list\">\n<li>Gerente de desarrollo de proyectos.<\/li>\n\n\n\n<li>Director(a) de Calidad y Sustentabilidad.<\/li>\n\n\n\n<li>CEO (Chief Executive Order).<\/li>\n\n\n\n<li>Titular de su propia empresa.<\/li>\n\n\n\n<li>Desarrollador (a) de nuevos negocios.<\/li>\n\n\n\n<li>Director (a) de proyectos<\/li>\n\n\n\n<li>Industria de servicios tur\u00edsticos.<\/li>\n\n\n\n<li>Empresas del sector financiero.<\/li>\n\n\n\n<li>Empresas prestadoras de servicios a embarcaciones<\/li>\n\n\n\n<li>Asesor\u00eda y consultor\u00eda.<\/li>\n<\/ul>\n\n\n\n<div class=\"wp-block-buttons is-content-justification-center is-layout-flex wp-container-core-buttons-is-layout-1 wp-block-buttons-is-layout-flex\">\n<div class=\"wp-block-button is-style-fill\"><a class=\"wp-block-button__link has-vivid-cyan-blue-background-color has-background wp-element-button\" href=\"https:\/\/forms.gle\/jkWBXzy5J9tbpi3j6\">Registro<\/a><\/div>\n<\/div>\n","protected":false},"excerpt":{"rendered":"<p>Perfil de ingreso:Las y los aspirantes al programa acad\u00e9mico de Maestr\u00eda en Direcci\u00f3n de Organizaciones, deben contar con conocimientos b\u00e1sicos sobre las disciplinas relacionadas con la ciencia de la administraci\u00f3n, vocaci\u00f3n para el desarrollo de proyectos, inter\u00e9s por conocer y aplicar las nuevas tecnolog\u00edas en las organizaciones, aptitudes para la investigaci\u00f3n aplicada y la innovaci\u00f3n, [&hellip;]<\/p>\n","protected":false},"author":1,"featured_media":362,"parent":0,"menu_order":0,"comment_status":"closed","ping_status":"closed","template":"","meta":{"content-type":"","footnotes":""},"class_list":["post-575","page","type-page","status-publish","has-post-thumbnail","hentry"],"_links":{"self":[{"href":"https:\/\/utcancun.edu.mx\/index.php\/wp-json\/wp\/v2\/pages\/575","targetHints":{"allow":["GET"]}}],"collection":[{"href":"https:\/\/utcancun.edu.mx\/index.php\/wp-json\/wp\/v2\/pages"}],"about":[{"href":"https:\/\/utcancun.edu.mx\/index.php\/wp-json\/wp\/v2\/types\/page"}],"author":[{"embeddable":true,"href":"https:\/\/utcancun.edu.mx\/index.php\/wp-json\/wp\/v2\/users\/1"}],"replies":[{"embeddable":true,"href":"https:\/\/utcancun.edu.mx\/index.php\/wp-json\/wp\/v2\/comments?post=575"}],"version-history":[{"count":1,"href":"https:\/\/utcancun.edu.mx\/index.php\/wp-json\/wp\/v2\/pages\/575\/revisions"}],"predecessor-version":[{"id":577,"href":"https:\/\/utcancun.edu.mx\/index.php\/wp-json\/wp\/v2\/pages\/575\/revisions\/577"}],"wp:featuredmedia":[{"embeddable":true,"href":"https:\/\/utcancun.edu.mx\/index.php\/wp-json\/wp\/v2\/media\/362"}],"wp:attachment":[{"href":"https:\/\/utcancun.edu.mx\/index.php\/wp-json\/wp\/v2\/media?parent=575"}],"curies":[{"name":"wp","href":"https:\/\/api.w.org\/{rel}","templated":true}]}}