{"id":571,"date":"2024-07-10T18:03:10","date_gmt":"2024-07-11T00:03:10","guid":{"rendered":"http:\/\/192.168.1.237:8018\/?page_id=571"},"modified":"2024-07-10T18:03:29","modified_gmt":"2024-07-11T00:03:29","slug":"maestria-en-gestion-de-destinos-turisticos-sustentables","status":"publish","type":"page","link":"https:\/\/utcancun.edu.mx\/index.php\/maestria-en-gestion-de-destinos-turisticos-sustentables\/","title":{"rendered":"MAESTR\u00cdA EN GESTI\u00d3N DE DESTINOS TUR\u00cdSTICOS SUSTENTABLES"},"content":{"rendered":"\n<figure class=\"wp-block-image size-large\"><img fetchpriority=\"high\" decoding=\"async\" width=\"791\" height=\"1024\" src=\"http:\/\/192.168.1.237:8018\/wp-content\/uploads\/2024\/07\/Gesti\u0e02n-de-Destinos-Tur\u0e01sticos-Sustentables--791x1024.png\" alt=\"\" class=\"wp-image-572\" srcset=\"https:\/\/utcancun.edu.mx\/wp-content\/uploads\/2024\/07\/Gesti\u0e02n-de-Destinos-Tur\u0e01sticos-Sustentables--791x1024.png 791w, https:\/\/utcancun.edu.mx\/wp-content\/uploads\/2024\/07\/Gesti\u0e02n-de-Destinos-Tur\u0e01sticos-Sustentables--232x300.png 232w, https:\/\/utcancun.edu.mx\/wp-content\/uploads\/2024\/07\/Gesti\u0e02n-de-Destinos-Tur\u0e01sticos-Sustentables--768x994.png 768w, https:\/\/utcancun.edu.mx\/wp-content\/uploads\/2024\/07\/Gesti\u0e02n-de-Destinos-Tur\u0e01sticos-Sustentables--1187x1536.png 1187w, https:\/\/utcancun.edu.mx\/wp-content\/uploads\/2024\/07\/Gesti\u0e02n-de-Destinos-Tur\u0e01sticos-Sustentables--320x414.png 320w, https:\/\/utcancun.edu.mx\/wp-content\/uploads\/2024\/07\/Gesti\u0e02n-de-Destinos-Tur\u0e01sticos-Sustentables--480x621.png 480w, https:\/\/utcancun.edu.mx\/wp-content\/uploads\/2024\/07\/Gesti\u0e02n-de-Destinos-Tur\u0e01sticos-Sustentables--800x1036.png 800w, https:\/\/utcancun.edu.mx\/wp-content\/uploads\/2024\/07\/Gesti\u0e02n-de-Destinos-Tur\u0e01sticos-Sustentables-.png 1545w\" sizes=\"(max-width: 791px) 100vw, 791px\" \/><\/figure>\n\n\n\n<p><strong>Perfil de ingreso:<\/strong><\/p>\n\n\n\n<p>El aspirante a la Maestr\u00eda en Gesti\u00f3n de Destinos Tur\u00edsticos Sustentables deber\u00e1 poseer caracter\u00edsticas cognoscitivas, procedimentales y actitudinales que le permitan desarrollar trabajo en equipo, generar investigaci\u00f3n y contar con experiencia profesional en el servicio a clientes, preferentemente en el sector tur\u00edstico.<\/p>\n\n\n\n<p><strong>Perfil de egreso:<\/strong><\/p>\n\n\n\n<p>Las y los egresados tomar\u00e1n decisiones para el desarrollo de modelos de gesti\u00f3n de actividad tur\u00edstica mediante la aplicaci\u00f3n de instrumentos y herramientas te\u00f3ricas, metodol\u00f3gicas, estad\u00edsticas y econ\u00f3micas para analizar las tendencias del sector, dise\u00f1ar e implementar estrategias para el desarrollo organizacional y proponer soluciones a los retos y amenazas que afectan a los destinos tur\u00edsticos.<\/p>\n\n\n\n<p><strong>Campo de trabajo:<\/strong><\/p>\n\n\n\n<p>Con la especializaci\u00f3n adquirida, podr\u00e1s desempe\u00f1ar alguno de los siguientes perfiles:<\/p>\n\n\n\n<ul class=\"wp-block-list\">\n<li>Directores (as) en empresas tur\u00edsticas.<\/li>\n\n\n\n<li>L\u00edderes de proyectos sustentables.<\/li>\n\n\n\n<li>Gestores(as) de alianzas entre organismos p\u00fablicos y privados.<\/li>\n\n\n\n<li>Gerentes de investigaci\u00f3n y desarrollo.<\/li>\n\n\n\n<li>Servidor(a) p\u00fablico(a) en el \u00e1rea de turismo en diferentes niveles de gobierno.<\/li>\n\n\n\n<li>Asesor\u00eda y consultor\u00eda en proyectos tur\u00edsticos con enfoque sustentable.<\/li>\n\n\n\n<li>Titular de su propia empresa.<\/li>\n<\/ul>\n\n\n\n<div class=\"wp-block-buttons is-content-justification-center is-layout-flex wp-container-core-buttons-is-layout-1 wp-block-buttons-is-layout-flex\">\n<div class=\"wp-block-button is-style-fill\"><a class=\"wp-block-button__link has-vivid-cyan-blue-background-color has-background wp-element-button\" href=\"https:\/\/forms.gle\/jkWBXzy5J9tbpi3j6\">Registro<\/a><\/div>\n<\/div>\n","protected":false},"excerpt":{"rendered":"<p>Perfil de ingreso: El aspirante a la Maestr\u00eda en Gesti\u00f3n de Destinos Tur\u00edsticos Sustentables deber\u00e1 poseer caracter\u00edsticas cognoscitivas, procedimentales y actitudinales que le permitan desarrollar trabajo en equipo, generar investigaci\u00f3n y contar con experiencia profesional en el servicio a clientes, preferentemente en el sector tur\u00edstico. Perfil de egreso: Las y los egresados tomar\u00e1n decisiones para [&hellip;]<\/p>\n","protected":false},"author":1,"featured_media":362,"parent":0,"menu_order":0,"comment_status":"closed","ping_status":"closed","template":"","meta":{"content-type":"","footnotes":""},"class_list":["post-571","page","type-page","status-publish","has-post-thumbnail","hentry"],"_links":{"self":[{"href":"https:\/\/utcancun.edu.mx\/index.php\/wp-json\/wp\/v2\/pages\/571","targetHints":{"allow":["GET"]}}],"collection":[{"href":"https:\/\/utcancun.edu.mx\/index.php\/wp-json\/wp\/v2\/pages"}],"about":[{"href":"https:\/\/utcancun.edu.mx\/index.php\/wp-json\/wp\/v2\/types\/page"}],"author":[{"embeddable":true,"href":"https:\/\/utcancun.edu.mx\/index.php\/wp-json\/wp\/v2\/users\/1"}],"replies":[{"embeddable":true,"href":"https:\/\/utcancun.edu.mx\/index.php\/wp-json\/wp\/v2\/comments?post=571"}],"version-history":[{"count":1,"href":"https:\/\/utcancun.edu.mx\/index.php\/wp-json\/wp\/v2\/pages\/571\/revisions"}],"predecessor-version":[{"id":573,"href":"https:\/\/utcancun.edu.mx\/index.php\/wp-json\/wp\/v2\/pages\/571\/revisions\/573"}],"wp:featuredmedia":[{"embeddable":true,"href":"https:\/\/utcancun.edu.mx\/index.php\/wp-json\/wp\/v2\/media\/362"}],"wp:attachment":[{"href":"https:\/\/utcancun.edu.mx\/index.php\/wp-json\/wp\/v2\/media?parent=571"}],"curies":[{"name":"wp","href":"https:\/\/api.w.org\/{rel}","templated":true}]}}