{"id":567,"date":"2024-07-10T17:59:45","date_gmt":"2024-07-10T23:59:45","guid":{"rendered":"http:\/\/192.168.1.237:8018\/?page_id=567"},"modified":"2024-07-10T17:59:59","modified_gmt":"2024-07-10T23:59:59","slug":"maestria-en-ingenieria-aplicada-en-la-innovacion-tecnologica","status":"publish","type":"page","link":"https:\/\/utcancun.edu.mx\/index.php\/maestria-en-ingenieria-aplicada-en-la-innovacion-tecnologica\/","title":{"rendered":"MAESTR\u00cdA EN\u00a0 INGENIER\u00cdA APLICADA EN LA INNOVACI\u00d3N TECNOL\u00d3GICA"},"content":{"rendered":"\n<figure class=\"wp-block-image size-large\"><img fetchpriority=\"high\" decoding=\"async\" width=\"791\" height=\"1024\" src=\"http:\/\/192.168.1.237:8018\/wp-content\/uploads\/2024\/07\/Ingenier\u0e01a-aplicada-en-la-Innovaci\u0e02n-Tecnol\u0e02gica-791x1024.png\" alt=\"\" class=\"wp-image-568\" srcset=\"https:\/\/utcancun.edu.mx\/wp-content\/uploads\/2024\/07\/Ingenier\u0e01a-aplicada-en-la-Innovaci\u0e02n-Tecnol\u0e02gica-791x1024.png 791w, https:\/\/utcancun.edu.mx\/wp-content\/uploads\/2024\/07\/Ingenier\u0e01a-aplicada-en-la-Innovaci\u0e02n-Tecnol\u0e02gica-232x300.png 232w, https:\/\/utcancun.edu.mx\/wp-content\/uploads\/2024\/07\/Ingenier\u0e01a-aplicada-en-la-Innovaci\u0e02n-Tecnol\u0e02gica-768x994.png 768w, https:\/\/utcancun.edu.mx\/wp-content\/uploads\/2024\/07\/Ingenier\u0e01a-aplicada-en-la-Innovaci\u0e02n-Tecnol\u0e02gica-1187x1536.png 1187w, https:\/\/utcancun.edu.mx\/wp-content\/uploads\/2024\/07\/Ingenier\u0e01a-aplicada-en-la-Innovaci\u0e02n-Tecnol\u0e02gica-320x414.png 320w, https:\/\/utcancun.edu.mx\/wp-content\/uploads\/2024\/07\/Ingenier\u0e01a-aplicada-en-la-Innovaci\u0e02n-Tecnol\u0e02gica-480x621.png 480w, https:\/\/utcancun.edu.mx\/wp-content\/uploads\/2024\/07\/Ingenier\u0e01a-aplicada-en-la-Innovaci\u0e02n-Tecnol\u0e02gica-800x1036.png 800w, https:\/\/utcancun.edu.mx\/wp-content\/uploads\/2024\/07\/Ingenier\u0e01a-aplicada-en-la-Innovaci\u0e02n-Tecnol\u0e02gica.png 1545w\" sizes=\"(max-width: 791px) 100vw, 791px\" \/><\/figure>\n\n\n\n<p><strong>Perfil de ingreso:<\/strong><\/p>\n\n\n\n<p>El aspirante debe tener conocimientos b\u00e1sicos de ciencias, f\u00edsicos y matem\u00e1ticos, contar con habilidades en programaci\u00f3n, l\u00f3gica desarrollada, lectura en idioma ingl\u00e9s e inter\u00e9s en desarrollo de proyectos aplicados a solventar problem\u00e1ticas actuales, gusto por la tecnolog\u00eda, la innovaci\u00f3n, la investigaci\u00f3n y el desarrollo sustentable.<\/p>\n\n\n\n<p><strong>Perfil de egreso:<\/strong><\/p>\n\n\n\n<p>Las y los egresados ser\u00e1n profesionistas de alto nivel, con capacidad para afrontar las problem\u00e1ticas propias de su especializaci\u00f3n, gestionando proyectos de innovaci\u00f3n y aplicando tecnolog\u00edas vigentes, promoviendo de esta manera el desarrollo sustentable y la responsabilidad social.<\/p>\n\n\n\n<p><strong>Campo de trabajo:<\/strong><\/p>\n\n\n\n<p>Con la especializaci\u00f3n adquirida, podr\u00e1s desempe\u00f1ar alguno de los siguientes perfiles:<\/p>\n\n\n\n<ul class=\"wp-block-list\">\n<li>Gerente de desarrollo de proyectos.<\/li>\n\n\n\n<li>Gerente de operaciones.<\/li>\n\n\n\n<li>Gestor de nuevas tecnolog\u00edas e innovaci\u00f3n.<\/li>\n\n\n\n<li>L\u00edder de proyectos de automatizaci\u00f3n, control e 14.0<\/li>\n\n\n\n<li>Gerente de investigaci\u00f3n y desarrollo tecnol\u00f3gico.<\/li>\n\n\n\n<li>Asesor\u00eda y consultor\u00eda.<\/li>\n\n\n\n<li>Directivos(as) de calidad y sustentabilidad.<\/li>\n\n\n\n<li>CEO (Chief Executive Order).<\/li>\n\n\n\n<li>Titular de su propia empresa.<\/li>\n<\/ul>\n\n\n\n<div class=\"wp-block-buttons is-content-justification-center is-layout-flex wp-container-core-buttons-is-layout-1 wp-block-buttons-is-layout-flex\">\n<div class=\"wp-block-button is-style-fill\"><a class=\"wp-block-button__link has-vivid-cyan-blue-background-color has-background wp-element-button\" href=\"https:\/\/forms.gle\/jkWBXzy5J9tbpi3j6\">Registro<\/a><\/div>\n<\/div>\n","protected":false},"excerpt":{"rendered":"<p>Perfil de ingreso: El aspirante debe tener conocimientos b\u00e1sicos de ciencias, f\u00edsicos y matem\u00e1ticos, contar con habilidades en programaci\u00f3n, l\u00f3gica desarrollada, lectura en idioma ingl\u00e9s e inter\u00e9s en desarrollo de proyectos aplicados a solventar problem\u00e1ticas actuales, gusto por la tecnolog\u00eda, la innovaci\u00f3n, la investigaci\u00f3n y el desarrollo sustentable. Perfil de egreso: Las y los egresados [&hellip;]<\/p>\n","protected":false},"author":1,"featured_media":362,"parent":0,"menu_order":0,"comment_status":"closed","ping_status":"closed","template":"","meta":{"content-type":"","footnotes":""},"class_list":["post-567","page","type-page","status-publish","has-post-thumbnail","hentry"],"_links":{"self":[{"href":"https:\/\/utcancun.edu.mx\/index.php\/wp-json\/wp\/v2\/pages\/567","targetHints":{"allow":["GET"]}}],"collection":[{"href":"https:\/\/utcancun.edu.mx\/index.php\/wp-json\/wp\/v2\/pages"}],"about":[{"href":"https:\/\/utcancun.edu.mx\/index.php\/wp-json\/wp\/v2\/types\/page"}],"author":[{"embeddable":true,"href":"https:\/\/utcancun.edu.mx\/index.php\/wp-json\/wp\/v2\/users\/1"}],"replies":[{"embeddable":true,"href":"https:\/\/utcancun.edu.mx\/index.php\/wp-json\/wp\/v2\/comments?post=567"}],"version-history":[{"count":1,"href":"https:\/\/utcancun.edu.mx\/index.php\/wp-json\/wp\/v2\/pages\/567\/revisions"}],"predecessor-version":[{"id":569,"href":"https:\/\/utcancun.edu.mx\/index.php\/wp-json\/wp\/v2\/pages\/567\/revisions\/569"}],"wp:featuredmedia":[{"embeddable":true,"href":"https:\/\/utcancun.edu.mx\/index.php\/wp-json\/wp\/v2\/media\/362"}],"wp:attachment":[{"href":"https:\/\/utcancun.edu.mx\/index.php\/wp-json\/wp\/v2\/media?parent=567"}],"curies":[{"name":"wp","href":"https:\/\/api.w.org\/{rel}","templated":true}]}}