{"id":554,"date":"2024-07-10T17:47:49","date_gmt":"2024-07-10T23:47:49","guid":{"rendered":"http:\/\/192.168.1.237:8018\/?page_id=554"},"modified":"2025-03-20T12:49:13","modified_gmt":"2025-03-20T18:49:13","slug":"posgrados","status":"publish","type":"page","link":"https:\/\/utcancun.edu.mx\/index.php\/posgrados\/","title":{"rendered":"Posgrados"},"content":{"rendered":"\n<p class=\"has-text-align-center\">En la Universidad Tecnol\u00f3gica de Canc\u00fan, nuestro compromiso es contribuir en la especializaci\u00f3n de profesionistas de alto nivel a trav\u00e9s de programas educativos de calidad, enfocados en la aplicaci\u00f3n de conocimientos y habilidades que conduzcan al desarrollo econ\u00f3mico y social de su entorno.<\/p>\n\n\n\n<p class=\"has-text-align-center\">Nuestros programas de estudio cuentan con validez oficial ante la Secretar\u00eda de Educaci\u00f3n P\u00fablica y tienen orientaci\u00f3n profesionalizante, enfocados en formar especialistas competentes para participar en el an\u00e1lisis, adaptaci\u00f3n e incorporaci\u00f3n a la pr\u00e1ctica de los avances en un \u00e1rea espec\u00edfica del ejercicio profesional; dotando al estudiante de las herramientas metodol\u00f3gicas y t\u00e9cnicas que le permitan aplicar sus conocimientos en la resoluci\u00f3n de problemas.<\/p>\n\n\n\n<p class=\"has-text-align-center\">A trav\u00e9s de la modalidad presencial e integrando actividades autogestivas, te permite alternar tus horarios laborales con tus estudios de Maestr\u00eda.<\/p>\n\n\n\n<div class=\"wp-block-columns is-layout-flex wp-container-core-columns-is-layout-1 wp-block-columns-is-layout-flex\">\n<div class=\"wp-block-column is-layout-flow wp-block-column-is-layout-flow\">\n<figure class=\"wp-block-image alignfull size-full\"><a href=\"\/index.php\/maestria-en-ingenieria-aplicada-en-la-innovacion-tecnologica\/\"><img fetchpriority=\"high\" decoding=\"async\" width=\"405\" height=\"348\" src=\"http:\/\/192.168.1.237:8018\/wp-content\/uploads\/2024\/07\/MDO-2.png\" alt=\"\" class=\"wp-image-555\" srcset=\"https:\/\/utcancun.edu.mx\/wp-content\/uploads\/2024\/07\/MDO-2.png 405w, https:\/\/utcancun.edu.mx\/wp-content\/uploads\/2024\/07\/MDO-2-300x258.png 300w, https:\/\/utcancun.edu.mx\/wp-content\/uploads\/2024\/07\/MDO-2-320x275.png 320w\" sizes=\"(max-width: 405px) 100vw, 405px\" \/><\/a><figcaption class=\"wp-element-caption\"><a href=\"\/index.php\/maestria-en-direccion-de-organizaciones\/\">M\u00e1s informaci\u00f3n<\/a><\/figcaption><\/figure>\n<\/div>\n\n\n\n<div class=\"wp-block-column is-layout-flow wp-block-column-is-layout-flow\">\n<figure class=\"wp-block-image alignfull size-full\"><a href=\"\/index.php\/maestria-en-gestion-de-destinos-turisticos-sustentables\/\"><img decoding=\"async\" width=\"401\" height=\"348\" src=\"http:\/\/192.168.1.237:8018\/wp-content\/uploads\/2024\/07\/MDTS.png\" alt=\"\" class=\"wp-image-556\" srcset=\"https:\/\/utcancun.edu.mx\/wp-content\/uploads\/2024\/07\/MDTS.png 401w, https:\/\/utcancun.edu.mx\/wp-content\/uploads\/2024\/07\/MDTS-300x260.png 300w, https:\/\/utcancun.edu.mx\/wp-content\/uploads\/2024\/07\/MDTS-320x278.png 320w\" sizes=\"(max-width: 401px) 100vw, 401px\" \/><\/a><figcaption class=\"wp-element-caption\"><a href=\"\/index.php\/maestria-en-gestion-de-destinos-turisticos-sustentables\/\">M\u00e1s informaci\u00f3n<\/a><\/figcaption><\/figure>\n<\/div>\n\n\n\n<div class=\"wp-block-column is-layout-flow wp-block-column-is-layout-flow\">\n<figure class=\"wp-block-image alignfull size-full\"><a href=\"\/index.php\/maestria-en-direccion-de-organizaciones\/\"><img decoding=\"async\" width=\"401\" height=\"358\" src=\"http:\/\/192.168.1.237:8018\/wp-content\/uploads\/2024\/07\/MIAIT.png\" alt=\"\" class=\"wp-image-557\" srcset=\"https:\/\/utcancun.edu.mx\/wp-content\/uploads\/2024\/07\/MIAIT.png 401w, https:\/\/utcancun.edu.mx\/wp-content\/uploads\/2024\/07\/MIAIT-300x268.png 300w, https:\/\/utcancun.edu.mx\/wp-content\/uploads\/2024\/07\/MIAIT-320x286.png 320w\" sizes=\"(max-width: 401px) 100vw, 401px\" \/><\/a><figcaption class=\"wp-element-caption\"><a href=\"\/index.php\/maestria-en-ingenieria-aplicada-en-la-innovacion-tecnologica\/\">M\u00e1s informaci\u00f3n<\/a><\/figcaption><\/figure>\n<\/div>\n<\/div>\n\n\n\n<div class=\"wp-block-columns is-layout-flex wp-container-core-columns-is-layout-2 wp-block-columns-is-layout-flex\">\n<div class=\"wp-block-column is-layout-flow wp-block-column-is-layout-flow\">\n<div class=\"wp-block-buttons alignfull is-content-justification-center is-layout-flex wp-container-core-buttons-is-layout-1 wp-block-buttons-is-layout-flex\">\n<div class=\"wp-block-button is-style-fill\"><a class=\"wp-block-button__link has-vivid-cyan-blue-background-color has-background has-text-align-center wp-element-button\"><strong>PROCESO DE<\/strong><br><strong>ADMISI\u00d3N<\/strong><\/a><\/div>\n<\/div>\n<\/div>\n\n\n\n<div class=\"wp-block-column is-layout-flow wp-block-column-is-layout-flow\">\n<div class=\"wp-block-buttons alignfull is-content-justification-center is-layout-flex wp-container-core-buttons-is-layout-2 wp-block-buttons-is-layout-flex\">\n<div class=\"wp-block-button\"><a class=\"wp-block-button__link has-vivid-cyan-blue-background-color has-background wp-element-button\"><strong>MODALIDADES DE<\/strong><br><strong>PAGO<\/strong><\/a><\/div>\n<\/div>\n<\/div>\n\n\n\n<div class=\"wp-block-column is-layout-flow wp-block-column-is-layout-flow\">\n<div class=\"wp-block-buttons alignfull is-content-justification-right is-layout-flex wp-container-core-buttons-is-layout-3 wp-block-buttons-is-layout-flex\">\n<div class=\"wp-block-button\"><a class=\"wp-block-button__link has-vivid-cyan-blue-background-color has-background wp-element-button\"><strong>PR\u00d3XIMA<\/strong><br><strong>CONVOCATORIA 2025<\/strong><\/a><\/div>\n<\/div>\n<\/div>\n<\/div>\n\n\n\n<p class=\"has-text-align-center\">Coordinaci\u00f3n de Posgrados<br><strong>Isabel Marmolejo Anda<\/strong><br>dposgrados@utcancun.edu.mx <br>Tel. 998 8811900 ext. 1254<\/p>\n","protected":false},"excerpt":{"rendered":"<p>En la Universidad Tecnol\u00f3gica de Canc\u00fan, nuestro compromiso es contribuir en la especializaci\u00f3n de profesionistas de alto nivel a trav\u00e9s de programas educativos de calidad, enfocados en la aplicaci\u00f3n de conocimientos y habilidades que conduzcan al desarrollo econ\u00f3mico y social de su entorno. Nuestros programas de estudio cuentan con validez oficial ante la Secretar\u00eda de [&hellip;]<\/p>\n","protected":false},"author":1,"featured_media":362,"parent":0,"menu_order":0,"comment_status":"closed","ping_status":"closed","template":"","meta":{"content-type":"","footnotes":""},"class_list":["post-554","page","type-page","status-publish","has-post-thumbnail","hentry"],"_links":{"self":[{"href":"https:\/\/utcancun.edu.mx\/index.php\/wp-json\/wp\/v2\/pages\/554","targetHints":{"allow":["GET"]}}],"collection":[{"href":"https:\/\/utcancun.edu.mx\/index.php\/wp-json\/wp\/v2\/pages"}],"about":[{"href":"https:\/\/utcancun.edu.mx\/index.php\/wp-json\/wp\/v2\/types\/page"}],"author":[{"embeddable":true,"href":"https:\/\/utcancun.edu.mx\/index.php\/wp-json\/wp\/v2\/users\/1"}],"replies":[{"embeddable":true,"href":"https:\/\/utcancun.edu.mx\/index.php\/wp-json\/wp\/v2\/comments?post=554"}],"version-history":[{"count":11,"href":"https:\/\/utcancun.edu.mx\/index.php\/wp-json\/wp\/v2\/pages\/554\/revisions"}],"predecessor-version":[{"id":2984,"href":"https:\/\/utcancun.edu.mx\/index.php\/wp-json\/wp\/v2\/pages\/554\/revisions\/2984"}],"wp:featuredmedia":[{"embeddable":true,"href":"https:\/\/utcancun.edu.mx\/index.php\/wp-json\/wp\/v2\/media\/362"}],"wp:attachment":[{"href":"https:\/\/utcancun.edu.mx\/index.php\/wp-json\/wp\/v2\/media?parent=554"}],"curies":[{"name":"wp","href":"https:\/\/api.w.org\/{rel}","templated":true}]}}