{"id":546,"date":"2024-07-01T17:33:17","date_gmt":"2024-07-01T23:33:17","guid":{"rendered":"http:\/\/192.168.1.237:8018\/?page_id=546"},"modified":"2026-01-22T14:42:13","modified_gmt":"2026-01-22T20:42:13","slug":"nuevo-ingreso","status":"publish","type":"page","link":"https:\/\/utcancun.edu.mx\/index.php\/nuevo-ingreso\/","title":{"rendered":"Nuevo ingreso"},"content":{"rendered":"\n<p><\/p>\n\n\n\n<div class=\"hero-convocatoria\">\n\n<a href=\"https:\/\/utcancun.edu.mx\/wp-content\/uploads\/2026\/01\/PROCESO-de-Admisio%CC%81n-2026_v13enero_v2.pdf\" target=\"_blank\" class=\"proceso-link\">\n  PROCESO DE ADMISI\u00d3N 2026  \n  <span class=\"estado\">Ya disponible (Click aqui)<\/span>\n<\/a>\n\n\n<\/div>\n\n\n\n<style>\n\n.estado{\n  display: block;\n  margin-top: 8px;\n  font-size: 14px;\n  font-weight: 500;\n  text-transform: none;\n  letter-spacing: normal;\n  color: #2bb3a3;\n}\n\n.hero-convocatoria{\n  max-width: 1100px;\n  margin: 80px auto;\n  padding: 80px 60px;\n  background: #ffffff;\n  border-radius: 18px;\n  box-shadow: 0 18px 45px rgba(0,0,0,0.08);\n  text-align: center;\n}\n\n\/* TEXTO PRINCIPAL *\/\n.proceso-link{\n  display: inline-block;\n  font-size: 30px;          \/* M\u00c1S GRANDE *\/\n  font-weight: 800;         \/* M\u00c1S FUERZA *\/\n  color: #444;\n  text-transform: uppercase;\n  letter-spacing: 1.2px;\n  text-decoration: none;\n  padding: 20px 40px;\n  transition: color 0.2s ease, background 0.2s ease;\n}\n\n\/* Hover MUY sutil *\/\n.proceso-link:hover{\n  background: #f6f6f6;\n}\n\n\n<\/style>\n\n\n\n<div class=\"banner-admision\">\n\n  <div class=\"banner-content\">\n    <div class=\"banner-text\">\n      <strong>Nuevo ingreso 2026<\/strong>\n      <span>Atenci\u00f3n directa para aspirantes<\/span>\n    <\/div>\n\n    <a href=\"https:\/\/wa.me\/9987611855?text=Quiero%20iniciar%20mi%20preregistro%202026\"\n       target=\"_blank\"\n       class=\"banner-btn\">\n      Inicia tu preregistro\n    <\/a>\n  <\/div>\n\n<\/div>\n\n<style>\n.banner-admision{\n  max-width: 1200px;\n  margin: 40px auto 70px;\n  padding: 0 20px;\n}\n\n.banner-content{\n  background: #e9f7f4; \/* verde MUY suave *\/\n  border-left: 6px solid #2bb3a3;\n  border-radius: 14px;\n  padding: 28px 32px;\n  display: flex;\n  align-items: center;\n  justify-content: space-between;\n  gap: 20px;\n}\n\n.banner-text strong{\n  display: block;\n  font-size: 20px;\n  color: #2b2b2b;\n  margin-bottom: 4px;\n}\n\n.banner-text span{\n  font-size: 15px;\n  color: #555;\n}\n\n.banner-btn{\n  background: #25D366;\n  color: #fff;\n  padding: 14px 28px;\n  border-radius: 40px;\n  font-size: 16px;\n  font-weight: 600;\n  text-decoration: none;\n  white-space: nowrap;\n  transition: transform 0.2s ease, box-shadow 0.2s ease;\n}\n\n.banner-btn:hover{\n  transform: scale(1.05);\n  box-shadow: 0 8px 18px rgba(0,0,0,0.2);\n}\n\n\/* Responsive *\/\n@media (max-width: 768px){\n  .banner-content{\n    flex-direction: column;\n    text-align: center;\n  }\n}\n<\/style>\n\n\n\n<a href=\"https:\/\/wa.me\/9987611855?text=Hola,%20quiero%20informes%20sobre%20el%20proceso%20de%20admisi\u00f3n%202026\"\n   class=\"whatsapp-float\"\n   target=\"_blank\"\n   aria-label=\"WhatsApp Admisiones 2026\">\n   \n  <svg width=\"28\" height=\"28\" viewBox=\"0 0 32 32\" fill=\"white\" xmlns=\"http:\/\/www.w3.org\/2000\/svg\">\n    <path d=\"M16 3C9.372 3 4 8.372 4 15c0 2.475.74 4.78 2.012 6.71L4 29l7.47-1.955A12.94 12.94 0 0 0 16 27c6.628 0 12-5.372 12-12S22.628 3 16 3zm0 21.5a9.44 9.44 0 0 1-4.812-1.316l-.344-.204-4.434 1.16 1.183-4.315-.223-.353A9.438 9.438 0 1 1 16 24.5zm5.042-7.106c-.275-.138-1.63-.804-1.883-.896-.252-.092-.436-.138-.62.138-.184.275-.713.896-.874 1.08-.16.184-.32.207-.596.069-.275-.138-1.162-.428-2.214-1.366-.819-.731-1.372-1.634-1.534-1.91-.16-.275-.017-.424.12-.561.123-.122.275-.32.413-.48.138-.16.184-.275.275-.459.092-.184.046-.345-.023-.483-.069-.138-.62-1.497-.848-2.05-.223-.537-.45-.464-.62-.472l-.528-.01c-.184 0-.483.069-.736.345-.252.275-.965.942-.965 2.297 0 1.355.988 2.665 1.126 2.849.138.184 1.946 2.975 4.71 4.172.657.283 1.17.452 1.57.578.66.21 1.26.18 1.736.109.53-.08 1.63-.667 1.86-1.31.23-.644.23-1.196.16-1.31-.07-.115-.25-.184-.53-.322z\"\/>\n  <\/svg>\n\n<\/a>\n\n<div class=\"whatsapp-tooltip\">Admisiones 2026<\/div>\n\n<style>\n.whatsapp-float{\n  position: fixed;\n  bottom: 26px;\n  right: 26px;\n  width: 62px;\n  height: 62px;\n  background: #25D366;\n  border-radius: 50%;\n  display: flex;\n  align-items: center;\n  justify-content: center;\n  box-shadow: 0 10px 25px rgba(0,0,0,0.25);\n  z-index: 999;\n  transition: transform 0.2s ease, box-shadow 0.2s ease;\n}\n\n.whatsapp-float:hover{\n  transform: scale(1.08);\n  box-shadow: 0 14px 30px rgba(0,0,0,0.35);\n}\n\n\/* Tooltip *\/\n.whatsapp-tooltip{\n  position: fixed;\n  bottom: 40px;\n  right: 100px;\n  background: #333;\n  color: #fff;\n  padding: 8px 14px;\n  border-radius: 8px;\n  font-size: 14px;\n  opacity: 0;\n  pointer-events: none;\n  transition: opacity 0.2s ease;\n  z-index: 998;\n}\n\n.whatsapp-float:hover + .whatsapp-tooltip{\n  opacity: 1;\n}\n\n\/* Mobile *\/\n@media (max-width: 768px){\n  .whatsapp-tooltip{\n    display: none;\n  }\n}\n<\/style>\n\n\n\n<section class=\"oferta-educativa\">\n\n  <h2>Oferta educativa<\/h2>\n\n  <div class=\"cards-grid\">\n\n    <a href=\"index.php\/licenciatura-en-negocios-y-mercadotecnia\/\" class=\"card-carrera\">\n      <h3>Licenciatura en Negocios y Mercadotecnia<\/h3>\n    <\/a>\n\n    <a href=\"index.php\/contaduria-2\/\" class=\"card-carrera\">\n      <h3>Licenciatura en Contadur\u00eda<\/h3>\n    <\/a>\n\n    <a href=\"index.php\/administracion\/\" class=\"card-carrera\">\n      <h3>Licenciatura en Administraci\u00f3n<\/h3>\n    <\/a>\n\n    <a href=\"index.php\/licenciatura-en-gestion-del-bienestar\/\" class=\"card-carrera\">\n      <h3>Licenciatura en Gesti\u00f3n del Bienestar<\/h3>\n    <\/a>\n\n    <a href=\"index.php\/desarrollo-productos-alternativos\/\" class=\"card-carrera\">\n      <h3>Licenciatura en Gesti\u00f3n y Desarrollo Tur\u00edstico<\/h3>\n    <\/a>\n\n    <a href=\"index.php\/ingenieria-area-instalaciones\/\" class=\"card-carrera\">\n      <h3>\n        Licenciatura en Ingenier\u00eda en Mantenimiento Industrial,\n        \u00c1rea Instalaciones\n      <\/h3>\n    <\/a>\n\n    <a href=\"index.php\/ingenieria-en-software\/\" class=\"card-carrera\">\n      <h3>\n        Licenciatura en Ingenier\u00eda en Tecnolog\u00eda de la Informaci\u00f3n\n        e Innovaci\u00f3n Digital, \u00c1rea Desarrollo de Software Multiplataforma\n      <\/h3>\n    <\/a>\n\n    <a href=\"index.php\/ingenieria-en-redes\/\" class=\"card-carrera\">\n      <h3>\n        Licenciatura en Ingenier\u00eda en Tecnolog\u00eda de la Informaci\u00f3n\n        e Innovaci\u00f3n Digital, \u00c1rea Infraestructura de Redes Digitales\n      <\/h3>\n    <\/a>\n\n    <a href=\"index.php\/gastronomia-2\/\" class=\"card-carrera\">\n      <h3>Licenciatura en Gastronom\u00eda<\/h3>\n    <\/a>\n\n  <\/div>\n\n<\/section>\n\n\n<style>\n.oferta-educativa{\n  max-width: 1200px;\n  margin: 90px auto;\n  padding: 0 20px;\n}\n\n.oferta-educativa h2{\n  text-align: center;\n  font-size: 34px;\n  margin-bottom: 60px;\n  color: #2bb3a3;\n}\n\n\/* Grid *\/\n.cards-grid{\n  display: grid;\n  grid-template-columns: repeat(auto-fit, minmax(300px, 1fr));\n  gap: 32px;\n}\n\n\/* Card como link *\/\n.card-carrera{\n  background: #ffffff;\n  border-radius: 18px;\n  padding: 40px 32px;\n  box-shadow: 0 14px 32px rgba(0,0,0,0.08);\n  display: flex;\n  align-items: center;\n  justify-content: center;\n  text-align: center;\n  text-decoration: none;\n  transition: transform 0.2s ease, box-shadow 0.2s ease;\n}\n\n.card-carrera:hover{\n  transform: translateY(-6px);\n  box-shadow: 0 20px 45px rgba(0,0,0,0.12);\n}\n\n.card-carrera h3{\n  font-size: 18px;\n  line-height: 1.35;\n  color: #333;\n}\n\n<\/style>\n\n\n\n<p><\/p>\n","protected":false},"excerpt":{"rendered":"<p>PROCESO DE ADMISI\u00d3N 2026 Ya disponible (Click aqui) Nuevo ingreso 2026 Atenci\u00f3n directa para aspirantes Inicia tu preregistro Admisiones 2026 Oferta educativa Licenciatura en Negocios y Mercadotecnia Licenciatura en Contadur\u00eda Licenciatura en Administraci\u00f3n Licenciatura en Gesti\u00f3n del Bienestar Licenciatura en Gesti\u00f3n y Desarrollo Tur\u00edstico Licenciatura en Ingenier\u00eda en Mantenimiento Industrial, \u00c1rea Instalaciones Licenciatura en Ingenier\u00eda [&hellip;]<\/p>\n","protected":false},"author":1,"featured_media":0,"parent":0,"menu_order":0,"comment_status":"closed","ping_status":"closed","template":"","meta":{"content-type":"","footnotes":""},"class_list":["post-546","page","type-page","status-publish","hentry"],"_links":{"self":[{"href":"https:\/\/utcancun.edu.mx\/index.php\/wp-json\/wp\/v2\/pages\/546","targetHints":{"allow":["GET"]}}],"collection":[{"href":"https:\/\/utcancun.edu.mx\/index.php\/wp-json\/wp\/v2\/pages"}],"about":[{"href":"https:\/\/utcancun.edu.mx\/index.php\/wp-json\/wp\/v2\/types\/page"}],"author":[{"embeddable":true,"href":"https:\/\/utcancun.edu.mx\/index.php\/wp-json\/wp\/v2\/users\/1"}],"replies":[{"embeddable":true,"href":"https:\/\/utcancun.edu.mx\/index.php\/wp-json\/wp\/v2\/comments?post=546"}],"version-history":[{"count":75,"href":"https:\/\/utcancun.edu.mx\/index.php\/wp-json\/wp\/v2\/pages\/546\/revisions"}],"predecessor-version":[{"id":4766,"href":"https:\/\/utcancun.edu.mx\/index.php\/wp-json\/wp\/v2\/pages\/546\/revisions\/4766"}],"wp:attachment":[{"href":"https:\/\/utcancun.edu.mx\/index.php\/wp-json\/wp\/v2\/media?parent=546"}],"curies":[{"name":"wp","href":"https:\/\/api.w.org\/{rel}","templated":true}]}}