{"id":496,"date":"2024-07-01T15:18:16","date_gmt":"2024-07-01T21:18:16","guid":{"rendered":"http:\/\/192.168.1.237:8018\/?page_id=496"},"modified":"2024-07-01T15:27:07","modified_gmt":"2024-07-01T21:27:07","slug":"contraloria-social-prodep-2019","status":"publish","type":"page","link":"https:\/\/utcancun.edu.mx\/index.php\/contraloria-social-prodep-2019\/","title":{"rendered":"CONTRALOR\u00cdA SOCIAL PRODEP 2019"},"content":{"rendered":"\n<figure class=\"wp-block-image size-full\"><img fetchpriority=\"high\" decoding=\"async\" width=\"768\" height=\"286\" src=\"http:\/\/192.168.1.237:8018\/wp-content\/uploads\/2024\/07\/image.png\" alt=\"\" class=\"wp-image-503\" srcset=\"https:\/\/utcancun.edu.mx\/wp-content\/uploads\/2024\/07\/image.png 768w, https:\/\/utcancun.edu.mx\/wp-content\/uploads\/2024\/07\/image-300x112.png 300w, https:\/\/utcancun.edu.mx\/wp-content\/uploads\/2024\/07\/image-320x119.png 320w, https:\/\/utcancun.edu.mx\/wp-content\/uploads\/2024\/07\/image-480x179.png 480w\" sizes=\"(max-width: 768px) 100vw, 768px\" \/><\/figure>\n\n\n\n<p><strong>Contralor\u00eda Social de la Universidad Tecnol\u00f3gica de Canc\u00fan, 2019.<\/strong><\/p>\n\n\n\n<p><strong>Programa para el Desarrollo Profesional Docente (PRODEP)<\/strong><\/p>\n\n\n\n<p>Conforme a lo dispuesto por la Ley General de Desarrollo Social, la Contralor\u00eda Social constituye una pr\u00e1ctica de transparencia, de rendici\u00f3n de cuentas y se convierte en un mecanismo para los beneficiarios, para que de manera organizada verifiquen el cumplimiento de las metas y la correcta aplicaci\u00f3n de los recursos p\u00fablicos asignados a diferentes Programas Federales.<\/p>\n\n\n\n<div class=\"su-spoiler su-spoiler-style-default su-spoiler-icon-plus su-spoiler-closed\" data-scroll-offset=\"0\" data-anchor-in-url=\"no\"><div class=\"su-spoiler-title\" tabindex=\"0\" role=\"button\"><span class=\"su-spoiler-icon\"><\/span><strong>Capacitaci\u00f3n<\/strong><\/div><div class=\"su-spoiler-content su-u-clearfix su-u-trim\">\n\n\n\n<ol class=\"wp-block-list\">\n<li><a href=\"http:\/\/www.utcancun.edu.mx\/wp-content\/uploads\/2016\/07\/1.-ESQUEMA-DE-CS.pdf\"><em><strong>Esquema<\/strong><\/em><\/a><\/li>\n\n\n\n<li><a href=\"http:\/\/www.utcancun.edu.mx\/wp-content\/uploads\/2016\/07\/2.-GUIA-OPERATIVA.pdf\"><em><strong>Gu\u00eda Operativa.<\/strong><\/em><\/a><\/li>\n\n\n\n<li><a href=\"http:\/\/www.utcancun.edu.mx\/wp-content\/uploads\/2016\/07\/3.-PATCS-PRODEP.pdf\"><em><strong>Programa Anual de Trabajo de Contralor\u00eda Social (PATCS).<\/strong><\/em><\/a><\/li>\n\n\n\n<li><a href=\"http:\/\/www.utcancun.edu.mx\/wp-content\/uploads\/2016\/07\/4.-PITCS-PRODEP.pdf\"><em><strong>Programa Estatal de Trabajo de Contralor\u00eda Social (PETCS).<\/strong><\/em><\/a><\/li>\n<\/ol>\n\n\n\n<\/div><\/div><div class=\"su-spoiler su-spoiler-style-default su-spoiler-icon-plus su-spoiler-closed\" data-scroll-offset=\"0\" data-anchor-in-url=\"no\"><div class=\"su-spoiler-title\" tabindex=\"0\" role=\"button\"><span class=\"su-spoiler-icon\"><\/span><strong>Formatos<\/strong><\/div><div class=\"su-spoiler-content su-u-clearfix su-u-trim\">\n\n\n\n<ol class=\"wp-block-list\">\n<li><a href=\"http:\/\/www.utcancun.edu.mx\/wp-content\/uploads\/2016\/07\/1.-Anexo-2-MINUTA-DE-REUNI%C3%93N.docx\"><em><strong>Minuta de Reuni\u00f3n.<\/strong><\/em><\/a><\/li>\n\n\n\n<li><a href=\"http:\/\/www.utcancun.edu.mx\/wp-content\/uploads\/2016\/07\/Anexo-3-LISTA-DE-ASISTENCIA.docx\"><em><strong>Minuta A3<\/strong><\/em><\/a><\/li>\n\n\n\n<li><a href=\"http:\/\/www.utcancun.edu.mx\/wp-content\/uploads\/2016\/07\/Acta-CCS-Anexo-4.pdf\"><em><strong>Acta de Registro del Comit\u00e9 de Contralor\u00eda Social.<\/strong><\/em><\/a><\/li>\n\n\n\n<li><a href=\"http:\/\/www.utcancun.edu.mx\/wp-content\/uploads\/2016\/07\/3.-Anexo-5-ACTA-DE-SUSTITUCI%C3%93N.docx\"><em><strong>Acta de Sustituci\u00f3n de un Integrante del Comit\u00e9.<\/strong><\/em><\/a><\/li>\n\n\n\n<li><a href=\"http:\/\/www.utcancun.edu.mx\/wp-content\/uploads\/2016\/07\/4.-Anexo-6-SOLICITUD-DE-INFORMACI%C3%93N.docx\"><em><strong>Solicitud de Informaci\u00f3n.<\/strong><\/em><\/a><\/li>\n\n\n\n<li><a href=\"http:\/\/www.utcancun.edu.mx\/wp-content\/uploads\/2016\/07\/5.-Anexo-7-INFORME-DEL-CCS.xlsx\"><em><strong>Informe del Comit\u00e9 de Contralor\u00eda Social.<\/strong><\/em><\/a><\/li>\n\n\n\n<li><a href=\"http:\/\/www.utcancun.edu.mx\/wp-content\/uploads\/2016\/07\/6.-Anexo-8-QUEJAS-Y-DENUNCIAS.xlsx\"><em><strong>C\u00e9dula de Quejas y Denuncias.<\/strong><\/em><\/a><\/li>\n<\/ol>\n\n\n\n<\/div><\/div><div class=\"su-spoiler su-spoiler-style-default su-spoiler-icon-plus su-spoiler-closed\" data-scroll-offset=\"0\" data-anchor-in-url=\"no\"><div class=\"su-spoiler-title\" tabindex=\"0\" role=\"button\"><span class=\"su-spoiler-icon\"><\/span><strong>Manuales<\/strong><\/div><div class=\"su-spoiler-content su-u-clearfix su-u-trim\">\n\n\n\n<p><a href=\"http:\/\/www.utcancun.edu.mx\/wp-content\/uploads\/2016\/07\/1.-Manual-SICS-Instancia-Ejecutora.pdf\"><em><strong>Manual de Usuario del Sistema Inform\u00e1tico de Contralor\u00eda Social (SICS) para Instancias Ejecutoras.<\/strong><\/em><\/a><\/p>\n\n\n\n<\/div><\/div><div class=\"su-spoiler su-spoiler-style-default su-spoiler-icon-plus su-spoiler-closed\" data-scroll-offset=\"0\" data-anchor-in-url=\"no\"><div class=\"su-spoiler-title\" tabindex=\"0\" role=\"button\"><span class=\"su-spoiler-icon\"><\/span><strong>Marco Normativo<\/strong><\/div><div class=\"su-spoiler-content su-u-clearfix su-u-trim\">\n\n\n\n<ol class=\"wp-block-list\">\n<li><a href=\"http:\/\/www.utcancun.edu.mx\/wp-content\/uploads\/2016\/07\/1.-Ley-General-de-Desarrollo-Social.pdf\"><em><strong>Ley General de Desarrollo Social.<\/strong><\/em><\/a><\/li>\n\n\n\n<li><a href=\"http:\/\/www.utcancun.edu.mx\/wp-content\/uploads\/2016\/07\/2.-ReglamentoLeyGDS.pdf\"><em><strong>Reglamento de la Ley General de Desarrollo Social.<\/strong><\/em><\/a><\/li>\n\n\n\n<li><a href=\"http:\/\/www.utcancun.edu.mx\/wp-content\/uploads\/2016\/07\/3.-Lineamientos-Contralor%C3%ADa-Social.pdf\"><em><strong>Lineamientos Para la Promoci\u00f3n y Operaci\u00f3n de la Contralor\u00eda Social en los Programas Federales de Desarrollo Social, 28-Octubre-2016.<\/strong><\/em><\/a><\/li>\n\n\n\n<li><a href=\"http:\/\/www.utcancun.edu.mx\/wp-content\/uploads\/2016\/07\/4.-Reglas-de-Operaci%C3%B3n-Prodep.pdf\"><em><strong>Reglas de Operaci\u00f3n del PFCE 2018, diciembre 2017.<\/strong><\/em><\/a><\/li>\n<\/ol>\n\n\n\n<\/div><\/div><div class=\"su-spoiler su-spoiler-style-default su-spoiler-icon-plus su-spoiler-closed\" data-scroll-offset=\"0\" data-anchor-in-url=\"no\"><div class=\"su-spoiler-title\" tabindex=\"0\" role=\"button\"><span class=\"su-spoiler-icon\"><\/span><strong>Difusi\u00f3n<\/strong><\/div><div class=\"su-spoiler-content su-u-clearfix su-u-trim\">\n\n\n\n<ol class=\"wp-block-list\">\n<li><a href=\"http:\/\/www.utcancun.edu.mx\/wp-content\/uploads\/2016\/07\/1.-TRIPTICO-CS-2019-PRODEP-JUN2019.pdf\"><strong><em>Tr\u00edptico de Contralor\u00eda Social de la CGUTyP<\/em><\/strong><\/a><\/li>\n\n\n\n<li><a href=\"http:\/\/www.utcancun.edu.mx\/wp-content\/uploads\/2016\/07\/MDIFUSION-UTC.pdf\"><em><strong>Material de Difusi\u00f3n de la Instancia Ejecutora \u2013 Tr\u00edptico<\/strong><\/em><\/a><\/li>\n\n\n\n<li><strong><em><a href=\"http:\/\/www.utcancun.edu.mx\/wp-content\/uploads\/2016\/07\/MDIFUSION2-UTC.pdf\">Material de Difusi\u00f3n de la Instancia Ejecutora \u2013 Cartel<\/a><\/em><\/strong><\/li>\n<\/ol>\n\n\n\n<\/div><\/div><div class=\"su-spoiler su-spoiler-style-default su-spoiler-icon-plus su-spoiler-closed\" data-scroll-offset=\"0\" data-anchor-in-url=\"no\"><div class=\"su-spoiler-title\" tabindex=\"0\" role=\"button\"><span class=\"su-spoiler-icon\"><\/span><strong>Quejas y Denuncias<\/strong><\/div><div class=\"su-spoiler-content su-u-clearfix su-u-trim\">\n\n\n\n<ol class=\"wp-block-list\">\n<li><a href=\"http:\/\/www.utcancun.edu.mx\/wp-content\/uploads\/2016\/07\/1.-Atencion-CD-SFP-JUN2019.pdf\"><em><strong>Atenci\u00f3n Ciudadana de la Secretar\u00eda de la Funci\u00f3n P\u00fablica (SFP).<\/strong><\/em><\/a><\/li>\n\n\n\n<li><a href=\"http:\/\/www.utcancun.edu.mx\/wp-content\/uploads\/2016\/07\/2.-AtencionCGUTyP-JUN2019.pdf\"><em><strong>Atenci\u00f3n de la Coordinaci\u00f3n General de Universidades Tecnol\u00f3gicas y Polit\u00e9cnicas (CGUTyP).<\/strong><\/em><\/a><\/li>\n<\/ol>\n\n\n\n<\/div><\/div><div class=\"su-spoiler su-spoiler-style-default su-spoiler-icon-plus su-spoiler-closed\" data-scroll-offset=\"0\" data-anchor-in-url=\"no\"><div class=\"su-spoiler-title\" tabindex=\"0\" role=\"button\"><span class=\"su-spoiler-icon\"><\/span><strong>Informe<\/strong><\/div><div class=\"su-spoiler-content su-u-clearfix su-u-trim\">\n\n\n\n<p><a href=\"http:\/\/www.utcancun.edu.mx\/wp-content\/uploads\/2016\/07\/A7-UTC-informe-del-CCS.pdf\"><em><strong>Informe del Sistema Inform\u00e1tico de Contralor\u00eda Social.<\/strong><\/em><\/a><\/p>\n\n\n\n<\/div><\/div><div class=\"su-spoiler su-spoiler-style-default su-spoiler-icon-plus su-spoiler-closed\" data-scroll-offset=\"0\" data-anchor-in-url=\"no\"><div class=\"su-spoiler-title\" tabindex=\"0\" role=\"button\"><span class=\"su-spoiler-icon\"><\/span><strong>Directorio<\/strong><\/div><div class=\"su-spoiler-content su-u-clearfix su-u-trim\">\n\n\n\n<ol class=\"wp-block-list\">\n<li><a href=\"http:\/\/www.utcancun.edu.mx\/wp-content\/uploads\/2016\/07\/1.-Directorio-CGUTyP-JUN2019.pdf\"><em><strong>Instancia Normativa.<\/strong><\/em><\/a><\/li>\n\n\n\n<li><a href=\"http:\/\/www.utcancun.edu.mx\/wp-content\/uploads\/2016\/07\/Directorio-Instancia-Ejecutora.pdf\"><em><strong>Instancia Ejecutora (Datos del Responsable de Contralor\u00eda Social y miembros del Comit\u00e9 de Contralor\u00eda Social).<\/strong><\/em><\/a><\/li>\n\n\n\n<li><a href=\"http:\/\/www.utcancun.edu.mx\/wp-content\/uploads\/2016\/07\/3.-Directorio-OEC%C2%B4S.pdf\"><em><strong>Responsables de la Contralor\u00eda Social en el \u00d3rgano Estatal de Control (OEC).<\/strong><\/em><\/a><\/li>\n<\/ol>\n\n\n\n<\/div><\/div>\n\n\n\n<p><em><strong>Enlace de la Contralor\u00eda Social del PRODEP<\/strong><\/em><\/p>\n\n\n\n<p><strong>M.B.A. Manuel Enrique Rivero Rivero<\/strong><strong>, Secretario Acad\u00e9mica<\/strong><\/p>\n\n\n\n<p>Tel\u00e9fono: (998) 881 1900 Ext. 1270<\/p>\n\n\n\n<p>Correo electr\u00f3nico:&nbsp;<a href=\"mailto:mrivero@utcancun.edu.mx\">mrivero@utcancun.edu.mx<\/a><\/p>\n\n\n\n<p>\u00abEste programa es p\u00fablico ajeno a cualquier partido pol\u00edtico. Queda prohibido el uso para fines distintos a los establecidos en el programa. Quien haga uso indebido de los recursos de este programa deber\u00e1 ser denunciado y sancionado con la ley aplicable y ante la autoridad competente\u00bb.<\/p>\n","protected":false},"excerpt":{"rendered":"<p>Contralor\u00eda Social de la Universidad Tecnol\u00f3gica de Canc\u00fan, 2019. Programa para el Desarrollo Profesional Docente (PRODEP) Conforme a lo dispuesto por la Ley General de Desarrollo Social, la Contralor\u00eda Social constituye una pr\u00e1ctica de transparencia, de rendici\u00f3n de cuentas y se convierte en un mecanismo para los beneficiarios, para que de manera organizada verifiquen el [&hellip;]<\/p>\n","protected":false},"author":1,"featured_media":0,"parent":0,"menu_order":0,"comment_status":"closed","ping_status":"closed","template":"","meta":{"content-type":"","footnotes":""},"class_list":["post-496","page","type-page","status-publish","hentry"],"_links":{"self":[{"href":"https:\/\/utcancun.edu.mx\/index.php\/wp-json\/wp\/v2\/pages\/496","targetHints":{"allow":["GET"]}}],"collection":[{"href":"https:\/\/utcancun.edu.mx\/index.php\/wp-json\/wp\/v2\/pages"}],"about":[{"href":"https:\/\/utcancun.edu.mx\/index.php\/wp-json\/wp\/v2\/types\/page"}],"author":[{"embeddable":true,"href":"https:\/\/utcancun.edu.mx\/index.php\/wp-json\/wp\/v2\/users\/1"}],"replies":[{"embeddable":true,"href":"https:\/\/utcancun.edu.mx\/index.php\/wp-json\/wp\/v2\/comments?post=496"}],"version-history":[{"count":4,"href":"https:\/\/utcancun.edu.mx\/index.php\/wp-json\/wp\/v2\/pages\/496\/revisions"}],"predecessor-version":[{"id":507,"href":"https:\/\/utcancun.edu.mx\/index.php\/wp-json\/wp\/v2\/pages\/496\/revisions\/507"}],"wp:attachment":[{"href":"https:\/\/utcancun.edu.mx\/index.php\/wp-json\/wp\/v2\/media?parent=496"}],"curies":[{"name":"wp","href":"https:\/\/api.w.org\/{rel}","templated":true}]}}