{"id":484,"date":"2024-06-27T09:58:59","date_gmt":"2024-06-27T15:58:59","guid":{"rendered":"http:\/\/192.168.1.237:8018\/?page_id=484"},"modified":"2025-07-23T09:04:32","modified_gmt":"2025-07-23T15:04:32","slug":"programas-federales","status":"publish","type":"page","link":"https:\/\/utcancun.edu.mx\/index.php\/programas-federales\/","title":{"rendered":"Programas Federales"},"content":{"rendered":"\t\t<div data-elementor-type=\"wp-page\" data-elementor-id=\"484\" class=\"elementor elementor-484\">\n\t\t\t\t<div class=\"elementor-element elementor-element-be076a2 e-flex e-con-boxed e-con e-parent\" data-id=\"be076a2\" data-element_type=\"container\">\n\t\t\t\t\t<div class=\"e-con-inner\">\n\t\t\t\t<div class=\"elementor-element elementor-element-ba037ab elementor-widget elementor-widget-image\" data-id=\"ba037ab\" data-element_type=\"widget\" data-widget_type=\"image.default\">\n\t\t\t\t<div class=\"elementor-widget-container\">\n\t\t\t\t\t\t\t\t\t\t\t\t\t\t\t<img fetchpriority=\"high\" decoding=\"async\" width=\"525\" height=\"307\" src=\"https:\/\/utcancun.edu.mx\/wp-content\/uploads\/2024\/12\/post_logo_contraloria_socialf-01_-_copia.jpg\" class=\"attachment-large size-large wp-image-1818\" alt=\"\" srcset=\"https:\/\/utcancun.edu.mx\/wp-content\/uploads\/2024\/12\/post_logo_contraloria_socialf-01_-_copia.jpg 650w, https:\/\/utcancun.edu.mx\/wp-content\/uploads\/2024\/12\/post_logo_contraloria_socialf-01_-_copia-300x175.jpg 300w, https:\/\/utcancun.edu.mx\/wp-content\/uploads\/2024\/12\/post_logo_contraloria_socialf-01_-_copia-320x187.jpg 320w, https:\/\/utcancun.edu.mx\/wp-content\/uploads\/2024\/12\/post_logo_contraloria_socialf-01_-_copia-480x281.jpg 480w\" sizes=\"(max-width: 525px) 100vw, 525px\" \/>\t\t\t\t\t\t\t\t\t\t\t\t\t\t\t<\/div>\n\t\t\t\t<\/div>\n\t\t\t\t\t<\/div>\n\t\t\t\t<\/div>\n\t\t<div class=\"elementor-element elementor-element-3f16345 e-flex e-con-boxed e-con e-parent\" data-id=\"3f16345\" data-element_type=\"container\">\n\t\t\t\t\t<div class=\"e-con-inner\">\n\t\t\t\t<div class=\"elementor-element elementor-element-e9b48d3 elementor-widget elementor-widget-heading\" data-id=\"e9b48d3\" data-element_type=\"widget\" data-widget_type=\"heading.default\">\n\t\t\t\t<div class=\"elementor-widget-container\">\n\t\t\t\t\t<h2 class=\"elementor-heading-title elementor-size-default\">Contralor\u00eda Social de la Universidad Tecnol\u00f3gica de Canc\u00fan, 2025.<\/h2>\t\t\t\t<\/div>\n\t\t\t\t<\/div>\n\t\t\t\t\t<\/div>\n\t\t\t\t<\/div>\n\t\t<div class=\"elementor-element elementor-element-983f25f e-grid e-con-boxed e-con e-parent\" data-id=\"983f25f\" data-element_type=\"container\">\n\t\t\t\t\t<div class=\"e-con-inner\">\n\t\t\t\t<div class=\"elementor-element elementor-element-3ec1058 elementor-widget elementor-widget-image\" data-id=\"3ec1058\" data-element_type=\"widget\" data-widget_type=\"image.default\">\n\t\t\t\t<div class=\"elementor-widget-container\">\n\t\t\t\t\t\t\t\t\t\t\t\t\t\t\t\t<a href=\"\/index.php\/programa-para-el-desarrollo-profesional-docente-prodep\/\">\n\t\t\t\t\t\t\t<img decoding=\"async\" width=\"1563\" height=\"1563\" src=\"https:\/\/utcancun.edu.mx\/wp-content\/uploads\/2024\/12\/1.png\" class=\"attachment-2048x2048 size-2048x2048 wp-image-1704\" alt=\"\" srcset=\"https:\/\/utcancun.edu.mx\/wp-content\/uploads\/2024\/12\/1.png 1563w, https:\/\/utcancun.edu.mx\/wp-content\/uploads\/2024\/12\/1-300x300.png 300w, https:\/\/utcancun.edu.mx\/wp-content\/uploads\/2024\/12\/1-1024x1024.png 1024w, https:\/\/utcancun.edu.mx\/wp-content\/uploads\/2024\/12\/1-150x150.png 150w, https:\/\/utcancun.edu.mx\/wp-content\/uploads\/2024\/12\/1-768x768.png 768w, https:\/\/utcancun.edu.mx\/wp-content\/uploads\/2024\/12\/1-1536x1536.png 1536w, https:\/\/utcancun.edu.mx\/wp-content\/uploads\/2024\/12\/1-320x320.png 320w, https:\/\/utcancun.edu.mx\/wp-content\/uploads\/2024\/12\/1-480x480.png 480w, https:\/\/utcancun.edu.mx\/wp-content\/uploads\/2024\/12\/1-800x800.png 800w, https:\/\/utcancun.edu.mx\/wp-content\/uploads\/2024\/12\/1-100x100.png 100w\" sizes=\"(max-width: 1563px) 100vw, 1563px\" \/>\t\t\t\t\t\t\t\t<\/a>\n\t\t\t\t\t\t\t\t\t\t\t\t\t\t\t<\/div>\n\t\t\t\t<\/div>\n\t\t\t\t<div class=\"elementor-element elementor-element-cad4e90 elementor-widget elementor-widget-image\" data-id=\"cad4e90\" data-element_type=\"widget\" data-widget_type=\"image.default\">\n\t\t\t\t<div class=\"elementor-widget-container\">\n\t\t\t\t\t\t\t\t\t\t\t\t\t\t\t\t<a href=\"\/index.php\/contraloria-social-del-programa-u006-subsidios-federales-para-organismos-descentralizados-estatales-2024\/\">\n\t\t\t\t\t\t\t<img decoding=\"async\" width=\"1563\" height=\"1563\" src=\"https:\/\/utcancun.edu.mx\/wp-content\/uploads\/2024\/12\/2-2.png\" class=\"attachment-2048x2048 size-2048x2048 wp-image-1703\" alt=\"\" srcset=\"https:\/\/utcancun.edu.mx\/wp-content\/uploads\/2024\/12\/2-2.png 1563w, https:\/\/utcancun.edu.mx\/wp-content\/uploads\/2024\/12\/2-2-300x300.png 300w, https:\/\/utcancun.edu.mx\/wp-content\/uploads\/2024\/12\/2-2-1024x1024.png 1024w, https:\/\/utcancun.edu.mx\/wp-content\/uploads\/2024\/12\/2-2-150x150.png 150w, https:\/\/utcancun.edu.mx\/wp-content\/uploads\/2024\/12\/2-2-768x768.png 768w, https:\/\/utcancun.edu.mx\/wp-content\/uploads\/2024\/12\/2-2-1536x1536.png 1536w, https:\/\/utcancun.edu.mx\/wp-content\/uploads\/2024\/12\/2-2-320x320.png 320w, https:\/\/utcancun.edu.mx\/wp-content\/uploads\/2024\/12\/2-2-480x480.png 480w, https:\/\/utcancun.edu.mx\/wp-content\/uploads\/2024\/12\/2-2-800x800.png 800w, https:\/\/utcancun.edu.mx\/wp-content\/uploads\/2024\/12\/2-2-100x100.png 100w\" sizes=\"(max-width: 1563px) 100vw, 1563px\" \/>\t\t\t\t\t\t\t\t<\/a>\n\t\t\t\t\t\t\t\t\t\t\t\t\t\t\t<\/div>\n\t\t\t\t<\/div>\n\t\t\t\t\t<\/div>\n\t\t\t\t<\/div>\n\t\t\t\t<\/div>\n\t\t","protected":false},"excerpt":{"rendered":"<p>Contralor\u00eda Social de la Universidad Tecnol\u00f3gica de Canc\u00fan, 2025.<\/p>\n","protected":false},"author":1,"featured_media":362,"parent":0,"menu_order":0,"comment_status":"closed","ping_status":"closed","template":"","meta":{"content-type":"","footnotes":""},"class_list":["post-484","page","type-page","status-publish","has-post-thumbnail","hentry"],"_links":{"self":[{"href":"https:\/\/utcancun.edu.mx\/index.php\/wp-json\/wp\/v2\/pages\/484","targetHints":{"allow":["GET"]}}],"collection":[{"href":"https:\/\/utcancun.edu.mx\/index.php\/wp-json\/wp\/v2\/pages"}],"about":[{"href":"https:\/\/utcancun.edu.mx\/index.php\/wp-json\/wp\/v2\/types\/page"}],"author":[{"embeddable":true,"href":"https:\/\/utcancun.edu.mx\/index.php\/wp-json\/wp\/v2\/users\/1"}],"replies":[{"embeddable":true,"href":"https:\/\/utcancun.edu.mx\/index.php\/wp-json\/wp\/v2\/comments?post=484"}],"version-history":[{"count":50,"href":"https:\/\/utcancun.edu.mx\/index.php\/wp-json\/wp\/v2\/pages\/484\/revisions"}],"predecessor-version":[{"id":3725,"href":"https:\/\/utcancun.edu.mx\/index.php\/wp-json\/wp\/v2\/pages\/484\/revisions\/3725"}],"wp:featuredmedia":[{"embeddable":true,"href":"https:\/\/utcancun.edu.mx\/index.php\/wp-json\/wp\/v2\/media\/362"}],"wp:attachment":[{"href":"https:\/\/utcancun.edu.mx\/index.php\/wp-json\/wp\/v2\/media?parent=484"}],"curies":[{"name":"wp","href":"https:\/\/api.w.org\/{rel}","templated":true}]}}