{"id":4541,"date":"2025-12-19T16:46:02","date_gmt":"2025-12-19T22:46:02","guid":{"rendered":"http:\/\/192.168.1.237:8018\/?page_id=4541"},"modified":"2026-01-08T09:39:25","modified_gmt":"2026-01-08T15:39:25","slug":"contraloria-social-del-programa-u006-subsidios-federales-para-organismos-descentralizados-estatales-2026","status":"publish","type":"page","link":"https:\/\/utcancun.edu.mx\/index.php\/contraloria-social-del-programa-u006-subsidios-federales-para-organismos-descentralizados-estatales-2026\/","title":{"rendered":"Contralor\u00eda Social del Programa U006 \u201cSubsidios Federales para Organismos Descentralizados Estatales\u201d, 2026."},"content":{"rendered":"\n<p class=\"has-text-align-center\"><strong>Contralor\u00eda Social del Programa U006 \u201cSubsidios Federales para Organismos Descentralizados Estatales&#8221;<\/strong><\/p>\n\n\n\n<div class=\"su-spoiler su-spoiler-style-default su-spoiler-icon-plus su-spoiler-closed\" data-scroll-offset=\"0\" data-anchor-in-url=\"no\"><div class=\"su-spoiler-title\" tabindex=\"0\" role=\"button\"><span class=\"su-spoiler-icon\"><\/span>Documentos Normativos<\/div><div class=\"su-spoiler-content su-u-clearfix su-u-trim\">\n\n\n\n<ul class=\"wp-block-list\">\n<li><a href=\"\/wp-content\/uploads\/2026\/01\/Esquema-U006-DGUTyP.pdf\" target=\"_blank\" rel=\"noreferrer noopener\">Esquema<\/a><\/li>\n\n\n\n<li><a href=\"\/wp-content\/uploads\/2026\/01\/Gui\u0301a-Operativa-U006-DGUTyP-.pdf\" target=\"_blank\" rel=\"noreferrer noopener\">Gu\u00eda operativa <\/a><\/li>\n\n\n\n<li><a href=\"\/wp-content\/uploads\/2026\/01\/PATCS-U006-DGUTYP-2.pdf\" target=\"_blank\" rel=\"noreferrer noopener\">PATCS<\/a><\/li>\n\n\n\n<li><a href=\"\/wp-content\/uploads\/2026\/01\/PTIE-U006-UTCAN_.pdf\" target=\"_blank\" rel=\"noreferrer noopener\">PTIE<\/a><\/li>\n<\/ul>\n\n\n\n<\/div><\/div>\n\n\n\n<div class=\"su-spoiler su-spoiler-style-default su-spoiler-icon-plus su-spoiler-closed\" data-scroll-offset=\"0\" data-anchor-in-url=\"no\"><div class=\"su-spoiler-title\" tabindex=\"0\" role=\"button\"><span class=\"su-spoiler-icon\"><\/span>Formatos<\/div><div class=\"su-spoiler-content su-u-clearfix su-u-trim\">\n\n\n\n<ul class=\"wp-block-list\">\n<li><a href=\"\/wp-content\/uploads\/2026\/01\/Anexo-1-Acta-constitucio\u0301n-de-CCS.docx\" target=\"_blank\" rel=\"noreferrer noopener\">Acta de Constituci\u00f3n<\/a><\/li>\n\n\n\n<li><a href=\"\/wp-content\/uploads\/2026\/01\/Anexo-2-Acta-sustitucio\u0301n-de-CCS.docx\" target=\"_blank\" rel=\"noreferrer noopener\">Acta de Sustituci\u00f3n<\/a><\/li>\n\n\n\n<li><a href=\"\/wp-content\/uploads\/2026\/01\/Anexo-3-Minuta-1.docx\" target=\"_blank\" rel=\"noreferrer noopener\">Minuta de reuni\u00f3n <\/a><\/li>\n\n\n\n<li><a href=\"\/wp-content\/uploads\/2026\/01\/Anexo-4-Informe-del-CCS-1.xlsx\" target=\"_blank\" rel=\"noreferrer noopener\">Informe del CCS<\/a><\/li>\n<\/ul>\n\n\n\n<\/div><\/div>\n\n\n\n<div class=\"su-spoiler su-spoiler-style-default su-spoiler-icon-plus su-spoiler-closed\" data-scroll-offset=\"0\" data-anchor-in-url=\"no\"><div class=\"su-spoiler-title\" tabindex=\"0\" role=\"button\"><span class=\"su-spoiler-icon\"><\/span>Marco Normativo<\/div><div class=\"su-spoiler-content su-u-clearfix su-u-trim\">\n\n\n\n<ul class=\"wp-block-list\">\n<li><a href=\"\/wp-content\/uploads\/2026\/01\/Ley-General-de-Desarrollo-social-LGDS-1.pdf\" target=\"_blank\" rel=\"noreferrer noopener\">Ley general de Desarrollo Social LGDS<\/a><\/li>\n\n\n\n<li><a href=\"\/wp-content\/uploads\/2026\/01\/LINEAMIENTOS-PARA-LA-PROOPYSEG-DE-CS-2023-1.pdf\" target=\"_blank\" rel=\"noreferrer noopener\">Lineamientos para la PROOPYSEG DE CS 2023<\/a><\/li>\n\n\n\n<li><a href=\"\/wp-content\/uploads\/2026\/01\/Reg_LGDS.pdf\" target=\"_blank\" rel=\"noreferrer noopener\">Reglamento de la ley general de desarrollo social <\/a><br><\/li>\n<\/ul>\n\n\n\n<\/div><\/div>\n\n\n\n<div class=\"su-spoiler su-spoiler-style-default su-spoiler-icon-plus su-spoiler-closed\" data-scroll-offset=\"0\" data-anchor-in-url=\"no\"><div class=\"su-spoiler-title\" tabindex=\"0\" role=\"button\"><span class=\"su-spoiler-icon\"><\/span>Materiales de difusi\u00f3n<\/div><div class=\"su-spoiler-content su-u-clearfix su-u-trim\">\n\n\n\n<details class=\"wp-block-details is-layout-flow wp-block-details-is-layout-flow\" style=\"font-style:normal;font-weight:700\"><summary>Instancia Ejecutora <\/summary>\n<figure class=\"wp-block-image size-large is-resized\"><img decoding=\"async\" src=\"\/wp-content\/uploads\/2026\/01\/2-Que\u0301-es-la-contraloria-social-2025.png\" alt=\"\" style=\"aspect-ratio:0.7725136871147131;width:744px;height:auto\"\/><\/figure>\n\n\n\n<ul class=\"wp-block-list\">\n<li><a href=\"\/wp-content\/uploads\/2026\/01\/1-Conoce-ma\u0301s-del-Programa-U006-y-Que\u0301-es-Contralori\u0301a-Social-2025.pdf\">\u00a1Conoce m\u00e1s del programa!<\/a><\/li>\n\n\n\n<li><a href=\"\/wp-content\/uploads\/2026\/01\/CONVOCATORIA-CCS_2025.pdf\">Convocatoria <\/a><\/li>\n<\/ul>\n<\/details>\n\n\n\n<details class=\"wp-block-details is-layout-flow wp-block-details-is-layout-flow\" style=\"font-style:normal;font-weight:700\"><summary>Instancia Normativa <\/summary>\n<ul class=\"wp-block-list\">\n<li><a href=\"\/wp-content\/uploads\/2026\/01\/Triptico-Contralori\u0301a-Social-U006-2025.pdf\">Tr\u00edptico Contralor\u00eda <\/a><\/li>\n\n\n\n<li><a href=\"\/wp-content\/uploads\/2026\/01\/Cartel-de-Contralori\u0301a-Social-2025-U006.pdf\">Cartel de la Contralor\u00eda Social <\/a><\/li>\n\n\n\n<li><a href=\"\/wp-content\/uploads\/2026\/01\/Proceso-de-Contralori\u0301a-Social-U006-2025.pdf\">Proceso de Contralor\u00eda Social <\/a><\/li>\n<\/ul>\n<\/details>\n\n\n\n<\/div><\/div>\n\n\n\n<div class=\"su-spoiler su-spoiler-style-default su-spoiler-icon-plus su-spoiler-closed\" data-scroll-offset=\"0\" data-anchor-in-url=\"no\"><div class=\"su-spoiler-title\" tabindex=\"0\" role=\"button\"><span class=\"su-spoiler-icon\"><\/span>Material de capacitaci\u00f3n<\/div><div class=\"su-spoiler-content su-u-clearfix su-u-trim\">\n\n\n\n<ul class=\"wp-block-list\">\n<li><a href=\"\/wp-content\/uploads\/2026\/01\/Material_capacitacion_CCS_2025.pdf\" target=\"_blank\" rel=\"noreferrer noopener\">Material de capacitaci\u00f3n <\/a><\/li>\n\n\n\n<li><a href=\"\/wp-content\/uploads\/2026\/01\/Presentacio\u0301n-de-Contralori\u0301a-Social-U006-2025_IN-.pdf\" target=\"_blank\" rel=\"noreferrer noopener\">Presentaci\u00f3n de la Contralor\u00eda Social <\/a><\/li>\n<\/ul>\n\n\n\n<\/div><\/div>\n\n\n\n<div class=\"su-spoiler su-spoiler-style-default su-spoiler-icon-plus su-spoiler-closed\" data-scroll-offset=\"0\" data-anchor-in-url=\"no\"><div class=\"su-spoiler-title\" tabindex=\"0\" role=\"button\"><span class=\"su-spoiler-icon\"><\/span>Directorio<\/div><div class=\"su-spoiler-content su-u-clearfix su-u-trim\">\n\n\n\n<ul class=\"wp-block-list\">\n<li><a href=\"\/wp-content\/uploads\/2026\/01\/1-Directorio-IN.pdf\" target=\"_blank\" rel=\"noreferrer noopener\">Directorio IN <\/a><\/li>\n\n\n\n<li><a href=\"\/wp-content\/uploads\/2026\/01\/2-Directorio-IE.pdf\">Directorio IE <\/a><\/li>\n<\/ul>\n\n\n\n<\/div><\/div>\n\n\n\n<div class=\"su-spoiler su-spoiler-style-default su-spoiler-icon-plus su-spoiler-closed\" data-scroll-offset=\"0\" data-anchor-in-url=\"no\"><div class=\"su-spoiler-title\" tabindex=\"0\" role=\"button\"><span class=\"su-spoiler-icon\"><\/span>Atenci\u00f3n a quejas y denuncias<\/div><div class=\"su-spoiler-content su-u-clearfix su-u-trim\">\n\n\n\n<ul class=\"wp-block-list\">\n<li><a href=\"\/wp-content\/uploads\/2026\/01\/ATENCION-CIUDADANA-SABGOB.pdf\">Atenci\u00f3n ciudadana SABGOB<\/a><\/li>\n\n\n\n<li><a href=\"\/wp-content\/uploads\/2026\/01\/QUEJAS-Y-DENUNCIAS-IN.pdf\">Quejas y denuncias IN <\/a><\/li>\n\n\n\n<li><a href=\"\/wp-content\/uploads\/2026\/01\/QUEJAS-Y-DENUNCIAS-IE.pdf\">Quejas y denuncias IE<\/a><\/li>\n<\/ul>\n\n\n\n<p><\/p>\n\n\n\n<\/div><\/div>\n\n\n\n<p class=\"has-text-align-center\">Enlace de Contralor\u00eda Social del Programa U006.<\/p>\n\n\n\n<p class=\"has-text-align-center\">Lic. Salvador Carrera Bautista<\/p>\n\n\n\n<p class=\"has-text-align-center\">Tel\u00e9fono: (998) 881 1900 Ext. 1240 y 1250<\/p>\n\n\n\n<p class=\"has-text-align-center\">Correo electr\u00f3nico: <a href=\"mailto:scarrera@utcancun.edu.mx\">scarrera@utcancun.edu.mx<\/a><\/p>\n\n\n\n<p class=\"has-text-align-center\">\u201cEste programa es p\u00fablico ajeno a cualquier partido pol\u00edtico. Queda prohibido el uso para fines distintos a los establecidos en el programa. Quien haga uso indebido de los recursos de este programa deber\u00e1 ser denunciado y sancionado con la ley aplicable y ante la autoridad competente\u201d.<\/p>\n\n\n\n<p><\/p>\n","protected":false},"excerpt":{"rendered":"<p>Contralor\u00eda Social del Programa U006 \u201cSubsidios Federales para Organismos Descentralizados Estatales&#8221; Enlace de Contralor\u00eda Social del Programa U006. Lic. Salvador Carrera Bautista Tel\u00e9fono: (998) 881 1900 Ext. 1240 y 1250 Correo electr\u00f3nico: scarrera@utcancun.edu.mx \u201cEste programa es p\u00fablico ajeno a cualquier partido pol\u00edtico. Queda prohibido el uso para fines distintos a los establecidos en el programa. [&hellip;]<\/p>\n","protected":false},"author":1,"featured_media":0,"parent":0,"menu_order":0,"comment_status":"closed","ping_status":"closed","template":"","meta":{"content-type":"","footnotes":""},"class_list":["post-4541","page","type-page","status-publish","hentry"],"_links":{"self":[{"href":"https:\/\/utcancun.edu.mx\/index.php\/wp-json\/wp\/v2\/pages\/4541","targetHints":{"allow":["GET"]}}],"collection":[{"href":"https:\/\/utcancun.edu.mx\/index.php\/wp-json\/wp\/v2\/pages"}],"about":[{"href":"https:\/\/utcancun.edu.mx\/index.php\/wp-json\/wp\/v2\/types\/page"}],"author":[{"embeddable":true,"href":"https:\/\/utcancun.edu.mx\/index.php\/wp-json\/wp\/v2\/users\/1"}],"replies":[{"embeddable":true,"href":"https:\/\/utcancun.edu.mx\/index.php\/wp-json\/wp\/v2\/comments?post=4541"}],"version-history":[{"count":14,"href":"https:\/\/utcancun.edu.mx\/index.php\/wp-json\/wp\/v2\/pages\/4541\/revisions"}],"predecessor-version":[{"id":4631,"href":"https:\/\/utcancun.edu.mx\/index.php\/wp-json\/wp\/v2\/pages\/4541\/revisions\/4631"}],"wp:attachment":[{"href":"https:\/\/utcancun.edu.mx\/index.php\/wp-json\/wp\/v2\/media?parent=4541"}],"curies":[{"name":"wp","href":"https:\/\/api.w.org\/{rel}","templated":true}]}}