{"id":375,"date":"2024-06-24T17:17:37","date_gmt":"2024-06-24T23:17:37","guid":{"rendered":"http:\/\/192.168.1.237:8018\/?page_id=375"},"modified":"2026-02-26T09:10:10","modified_gmt":"2026-02-26T15:10:10","slug":"marco-legal","status":"publish","type":"page","link":"https:\/\/utcancun.edu.mx\/index.php\/marco-legal\/","title":{"rendered":"Marco legal"},"content":{"rendered":"\n<ul class=\"wp-block-list\">\n<li><a href=\"\/wp-content\/uploads\/2025\/03\/DECRETO-PeriodicoOficial-5-nov-2021.pdf\">Decreto de la Universidad Tecnol\u00f3gica de Canc\u00fan<\/a><\/li>\n\n\n\n<li><a href=\"\/wp-content\/uploads\/2025\/03\/REGLAMENTO-INTERIOR-PERIOD-OFIC-04-ABRIL-2012.pdf\">Reglamento Interior<\/a><\/li>\n\n\n\n<li><a href=\"\/wp-content\/uploads\/2025\/03\/REGLAMENTO-ACADEMICO-UT-CANCUN.pdf\">Reglamento Acad\u00e9mico UTC<\/a><\/li>\n\n\n\n<li><a href=\"\/wp-content\/uploads\/2025\/03\/LINEAMIENTOS-DE-OPERACIO\u0301N-DEL-FONDO-DE-CONTINGENCIA-DE-LA-UT.pdf\">Lineamientos Fondo de Contingencia UTC<\/a><\/li>\n\n\n\n<li>Pol\u00edtica de Privacidad, Propiedad Intelectual y Derechos de Autor<\/li>\n\n\n\n<li><a href=\"\/wp-content\/uploads\/2025\/03\/Lineamiento-para-la-operacion-de-Academias.pdf\">Lineamientos Generales para la Operaci\u00f3n de las Academias<\/a><\/li>\n\n\n\n<li><a href=\"\/wp-content\/uploads\/2025\/03\/REGLAMENTOS-DE-CUERPOS-ACADEMICOS-DE-LA-UT-CANCUN.pdf\">Reglamento Cuerpos Acad\u00e9micos UTC<\/a><\/li>\n\n\n\n<li><a href=\"\/wp-content\/uploads\/2025\/03\/reglamento-de-ingreso-promocion-y-permanencia-del-personal-.pdf\">Reglamento de Ingreso, Promoci\u00f3n y Permanencia del Personal Acad\u00e9mico<\/a><\/li>\n\n\n\n<li>Reglamento de Condiciones Generales de Trabajo UTC<\/li>\n\n\n\n<li>Reglamento de Colocaci\u00f3n y Seguimiento de Egresados<\/li>\n\n\n\n<li><a href=\"\/wp-content\/uploads\/2025\/03\/REGLAMENTO-ACTIVIDADES-CULTURALES-Y-DEPORTIVAS.pdf\">Reglamento de Actividades Culturales y Deportivas<\/a><\/li>\n\n\n\n<li><a href=\"\/wp-content\/uploads\/2025\/03\/LINEAMIENTO-DE-LABORATORIOS-DE-COMPUTP.pdf\">Reglamento de Laboratorios de C\u00f3mputo<\/a><\/li>\n\n\n\n<li><a href=\"\/wp-content\/uploads\/2026\/02\/REGLAMENTO-DE-TITULACION.pdf\">Reglamento de Titulaci\u00f3n<\/a><\/li>\n\n\n\n<li>T\u00e9rminos y Condiciones sobre el Uso del Correo Electr\u00f3nico<\/li>\n\n\n\n<li><a href=\"\/wp-content\/uploads\/2025\/03\/Lineamientos_para_la_Conservacion_de_Archivos.pdf\">Lineamientos para la Conservaci\u00f3n de Archivos<\/a><\/li>\n\n\n\n<li>Reglamento de ingresos propios<\/li>\n\n\n\n<li><a href=\"\/wp-content\/uploads\/2025\/03\/REGLAMENTO-DE-BECAS.pdf\">Reglamento de Becas<\/a><\/li>\n\n\n\n<li>Reglamento de Visitas Vigente<\/li>\n\n\n\n<li>Lineamientos en Gastos de Representaci\u00f3n de la UT<\/li>\n\n\n\n<li><a href=\"\/wp-content\/uploads\/2025\/03\/Lineamientos-para-el-ejercicio-control-y-comprobacio\u0301n-del-gasto-pu\u0301blico-destinado-al-pago-de-via\u0301ticos.pdf\">Lineamientos para Regular el otorgamiento de vi\u00e1ticos y pasajes en la Administraci\u00f3n P\u00fablica Central y Paraestatal del Estado de Quintana Roo.<\/a><\/li>\n\n\n\n<li><a href=\"\/wp-content\/uploads\/2025\/03\/normas-generales-de-control-interno-de-la-administracion-publica-central-y-paraestatal-del-estado-de-quintana-roo.pdf\">Normas generales de control interno de la administraci\u00f3n p\u00fablica central y paraestatal del estado de Quintana Roo<\/a><\/li>\n\n\n\n<li><a href=\"\/wp-content\/uploads\/2025\/03\/LEY-DE-TRANSPARENCIA-Y-ACCESO-A-LA-INFORMACION-PUBLICA-DEL-EDO-DE-QUINTANA-ROO.pdf\">Ley de Transparencia y Acceso a la informaci\u00f3n p\u00fablica del Estado de Quintana Roo<\/a><\/li>\n\n\n\n<li><a href=\"\/wp-content\/uploads\/2025\/03\/Ley-General-Ttransparencia-y-Acceso-a-la-Informacion-Publica.pdf\">Ley General de Transparencia y Acceso a la Informaci\u00f3n P\u00fablica<\/a><\/li>\n\n\n\n<li><a href=\"\/wp-content\/uploads\/2025\/03\/ley-de-proteccion-de-datos-personales-en-posesion-de-sujetos-obligados-para-el-edo-qroo.pdf\">Ley de Protecci\u00f3n de Datos Personales en Posesi\u00f3n de Sujetos Obligados para el Estado de Quintana Roo<\/a><\/li>\n<\/ul>\n\n\n\n<p><\/p>\n","protected":false},"excerpt":{"rendered":"","protected":false},"author":1,"featured_media":362,"parent":0,"menu_order":0,"comment_status":"closed","ping_status":"closed","template":"","meta":{"content-type":"","footnotes":""},"class_list":["post-375","page","type-page","status-publish","has-post-thumbnail","hentry"],"_links":{"self":[{"href":"https:\/\/utcancun.edu.mx\/index.php\/wp-json\/wp\/v2\/pages\/375","targetHints":{"allow":["GET"]}}],"collection":[{"href":"https:\/\/utcancun.edu.mx\/index.php\/wp-json\/wp\/v2\/pages"}],"about":[{"href":"https:\/\/utcancun.edu.mx\/index.php\/wp-json\/wp\/v2\/types\/page"}],"author":[{"embeddable":true,"href":"https:\/\/utcancun.edu.mx\/index.php\/wp-json\/wp\/v2\/users\/1"}],"replies":[{"embeddable":true,"href":"https:\/\/utcancun.edu.mx\/index.php\/wp-json\/wp\/v2\/comments?post=375"}],"version-history":[{"count":10,"href":"https:\/\/utcancun.edu.mx\/index.php\/wp-json\/wp\/v2\/pages\/375\/revisions"}],"predecessor-version":[{"id":4857,"href":"https:\/\/utcancun.edu.mx\/index.php\/wp-json\/wp\/v2\/pages\/375\/revisions\/4857"}],"wp:featuredmedia":[{"embeddable":true,"href":"https:\/\/utcancun.edu.mx\/index.php\/wp-json\/wp\/v2\/media\/362"}],"wp:attachment":[{"href":"https:\/\/utcancun.edu.mx\/index.php\/wp-json\/wp\/v2\/media?parent=375"}],"curies":[{"name":"wp","href":"https:\/\/api.w.org\/{rel}","templated":true}]}}