{"id":368,"date":"2024-06-24T17:08:00","date_gmt":"2024-06-24T23:08:00","guid":{"rendered":"http:\/\/192.168.1.237:8018\/?page_id=368"},"modified":"2025-05-07T16:04:11","modified_gmt":"2025-05-07T22:04:11","slug":"avisos-de-privacidad","status":"publish","type":"page","link":"https:\/\/utcancun.edu.mx\/index.php\/avisos-de-privacidad\/","title":{"rendered":"Avisos de privacidad"},"content":{"rendered":"\n<p class=\"has-text-align-left has-x-large-font-size\"><strong><mark style=\"background-color:rgba(0, 0, 0, 0)\" class=\"has-inline-color has-vivid-cyan-blue-color\">AVISOS DE PRIVACIDAD <\/mark><\/strong><\/p>\n\n\n\n<p class=\"has-text-align-left has-medium-font-size\">La Universidad Tecnol\u00f3gica de Canc\u00fan, en apego a lo dispuesto en el Art\u00edculo 16 de la Constituci\u00f3n Pol\u00edtica de los Estados Unidos Mexicanos, que garantiza el derecho a la protecci\u00f3n de datos personales, y en cumplimiento con la Ley General de Protecci\u00f3n de Datos Personales en Posesi\u00f3n de Sujetos Obligados, expide los presentes avisos de privacidad:<\/p>\n\n\n\n<div class=\"su-spoiler su-spoiler-style-default su-spoiler-icon-plus su-spoiler-closed\" data-anchor=\"a\" data-scroll-offset=\"0\" data-anchor-in-url=\"no\"><div class=\"su-spoiler-title\" tabindex=\"0\" role=\"button\"><span class=\"su-spoiler-icon\"><\/span>AVISO DE PRIVACIDAD: ADMISI\u00d3N E INSCRIPCI\u00d3N DE ESTUDIANTES.<\/div><div class=\"su-spoiler-content su-u-clearfix su-u-trim\"><strong> <\/strong><\/p>\n\n\n\n<p><a href=\"\/wp-content\/uploads\/2025\/05\/UTC-AP-DEUSE.DSE-IN-001.pdf\">Integral<\/a>  \/  <a href=\"\/wp-content\/uploads\/2025\/05\/UTC-AP-DEUSE.DSE-SIM-001.pdf\">Simplificado <\/a><\/p>\n\n\n\n<\/div><\/div><div class=\"su-spoiler su-spoiler-style-default su-spoiler-icon-plus su-spoiler-closed\" data-anchor=\"a\" data-scroll-offset=\"0\" data-anchor-in-url=\"no\"><div class=\"su-spoiler-title\" tabindex=\"0\" role=\"button\"><span class=\"su-spoiler-icon\"><\/span>AVISO DE PRIVACIDAD: ENTREGA \u2013 RECEPCI\u00d3N DE CREDENCIAL ESTUDIANTIL (TARJETA UNIVERSITARIA INTELIGENTE).<\/div><div class=\"su-spoiler-content su-u-clearfix su-u-trim\"><strong> <\/strong><\/p>\n\n\n\n<p><a href=\"\/wp-content\/uploads\/2025\/05\/UTC-AP-DEUSE.DSE-IN-002.pdf\">Integral <\/a> \/   <a href=\"\/wp-content\/uploads\/2025\/05\/UTC-AP-DEUSE.DSE-SIM-002.pdf\">Simplificado<\/a> <\/p>\n\n\n\n<\/div><\/div><div class=\"su-spoiler su-spoiler-style-default su-spoiler-icon-plus su-spoiler-closed\" data-anchor=\"a\" data-scroll-offset=\"0\" data-anchor-in-url=\"no\"><div class=\"su-spoiler-title\" tabindex=\"0\" role=\"button\"><span class=\"su-spoiler-icon\"><\/span>AVISO DE PRIVACIDAD: REGISTRO DE T\u00cdTULO Y EXPEDICI\u00d3N DE C\u00c9DULA PROFESIONAL.<\/div><div class=\"su-spoiler-content su-u-clearfix su-u-trim\"><strong> <\/strong><\/p>\n\n\n\n<p><a href=\"\/wp-content\/uploads\/2025\/05\/UTC-AP-DEUSE.DSE-IN-003.pdf\">Integral<\/a>  \/   <a href=\"\/wp-content\/uploads\/2025\/05\/UTC-AP-DEUSE.DSE-SIM-003.pdf\">Simplificado <\/a><\/p>\n\n\n\n<\/div><\/div><div class=\"su-spoiler su-spoiler-style-default su-spoiler-icon-plus su-spoiler-closed\" data-anchor=\"a\" data-scroll-offset=\"0\" data-anchor-in-url=\"no\"><div class=\"su-spoiler-title\" tabindex=\"0\" role=\"button\"><span class=\"su-spoiler-icon\"><\/span>AVISO DE PRIVACIDAD: REGISTRO Y SEGUIMIENTO DE EGRESADOS.<\/div><div class=\"su-spoiler-content su-u-clearfix su-u-trim\"><strong> <\/strong><\/p>\n\n\n\n<p><a href=\"\/wp-content\/uploads\/2025\/05\/UTC-AP-SV.DGEM-IN-01.pdf\">Integral<\/a>  \/   <a href=\"\/wp-content\/uploads\/2025\/05\/UTC-AP-SV.DGEM-SIM-01.pdf\">Simplificado<\/a> <\/p>\n\n\n\n<\/div><\/div><div class=\"su-spoiler su-spoiler-style-default su-spoiler-icon-plus su-spoiler-closed\" data-anchor=\"a\" data-scroll-offset=\"0\" data-anchor-in-url=\"no\"><div class=\"su-spoiler-title\" tabindex=\"0\" role=\"button\"><span class=\"su-spoiler-icon\"><\/span>AVISO DE PRIVACIDAD: VISITAS.<\/div><div class=\"su-spoiler-content su-u-clearfix su-u-trim\"><strong> <\/strong><\/p>\n\n\n\n<p><a href=\"\/wp-content\/uploads\/2025\/05\/UTC-AP-SV.DGEM-IN-02.pdf\">Integral<\/a>  \/   <a href=\"\/wp-content\/uploads\/2025\/05\/UTC-AP-SV.DGEM-SIM-02.pdf\">Simplificado<\/a> <\/p>\n\n\n\n<\/div><\/div><div class=\"su-spoiler su-spoiler-style-default su-spoiler-icon-plus su-spoiler-closed\" data-anchor=\"a\" data-scroll-offset=\"0\" data-anchor-in-url=\"no\"><div class=\"su-spoiler-title\" tabindex=\"0\" role=\"button\"><span class=\"su-spoiler-icon\"><\/span>AVISO DE PRIVACIDAD: ESTAD\u00cdAS PROFESIONALES.<\/div><div class=\"su-spoiler-content su-u-clearfix su-u-trim\"><strong> <\/strong><\/p>\n\n\n\n<p><a href=\"\/wp-content\/uploads\/2025\/05\/UTC-AP-SV.DGEM-IN-03.pdf\">Integral<\/a>  \/   <a href=\"\/wp-content\/uploads\/2025\/05\/UTC-AP-SV.DGEM-SIM-03.pdf\">Simplificado<\/a> <\/p>\n\n\n\n<\/div><\/div><div class=\"su-spoiler su-spoiler-style-default su-spoiler-icon-plus su-spoiler-closed\" data-anchor=\"a\" data-scroll-offset=\"0\" data-anchor-in-url=\"no\"><div class=\"su-spoiler-title\" tabindex=\"0\" role=\"button\"><span class=\"su-spoiler-icon\"><\/span>AVISO DE PRIVACIDAD: ADQUISICIONES POR CONCURSO<strong>.<\/strong><\/div><div class=\"su-spoiler-content su-u-clearfix su-u-trim\"><strong> <\/strong><\/p>\n\n\n\n<p><a href=\"\/wp-content\/uploads\/2025\/05\/UTC-AP-DAF.DRM-IN-01.pdf\">Integral<\/a>  \/   <a href=\"\/wp-content\/uploads\/2025\/05\/UTC-AP-DAF.DRM-SIM-01.pdf\">Simplificado<\/a> <\/p>\n\n\n\n<\/div><\/div><div class=\"su-spoiler su-spoiler-style-default su-spoiler-icon-plus su-spoiler-closed\" data-anchor=\"a\" data-scroll-offset=\"0\" data-anchor-in-url=\"no\"><div class=\"su-spoiler-title\" tabindex=\"0\" role=\"button\"><span class=\"su-spoiler-icon\"><\/span>AVISO DE PRIVACIDAD: ELABORACI\u00d3N DE CONVENIOS Y\/O CONTRATOS.<\/div><div class=\"su-spoiler-content su-u-clearfix su-u-trim\"><strong> <\/strong><\/p>\n\n\n\n<p><a href=\"\/wp-content\/uploads\/2025\/05\/UTC-AP-DJ-IN-01.pdf\">Integral<\/a>  \/   <a href=\"\/wp-content\/uploads\/2025\/05\/UTC-AP-DJ-SIM-01.pdf\">Simplificado<\/a> <\/p>\n\n\n\n<\/div><\/div>\n\n\n\n<p><\/p>\n\n\n\n<p><\/p>\n","protected":false},"excerpt":{"rendered":"<p>AVISOS DE PRIVACIDAD La Universidad Tecnol\u00f3gica de Canc\u00fan, en apego a lo dispuesto en el Art\u00edculo 16 de la Constituci\u00f3n Pol\u00edtica de los Estados Unidos Mexicanos, que garantiza el derecho a la protecci\u00f3n de datos personales, y en cumplimiento con la Ley General de Protecci\u00f3n de Datos Personales en Posesi\u00f3n de Sujetos Obligados, expide los [&hellip;]<\/p>\n","protected":false},"author":1,"featured_media":362,"parent":0,"menu_order":0,"comment_status":"closed","ping_status":"closed","template":"","meta":{"content-type":"","footnotes":""},"class_list":["post-368","page","type-page","status-publish","has-post-thumbnail","hentry"],"_links":{"self":[{"href":"https:\/\/utcancun.edu.mx\/index.php\/wp-json\/wp\/v2\/pages\/368","targetHints":{"allow":["GET"]}}],"collection":[{"href":"https:\/\/utcancun.edu.mx\/index.php\/wp-json\/wp\/v2\/pages"}],"about":[{"href":"https:\/\/utcancun.edu.mx\/index.php\/wp-json\/wp\/v2\/types\/page"}],"author":[{"embeddable":true,"href":"https:\/\/utcancun.edu.mx\/index.php\/wp-json\/wp\/v2\/users\/1"}],"replies":[{"embeddable":true,"href":"https:\/\/utcancun.edu.mx\/index.php\/wp-json\/wp\/v2\/comments?post=368"}],"version-history":[{"count":6,"href":"https:\/\/utcancun.edu.mx\/index.php\/wp-json\/wp\/v2\/pages\/368\/revisions"}],"predecessor-version":[{"id":3217,"href":"https:\/\/utcancun.edu.mx\/index.php\/wp-json\/wp\/v2\/pages\/368\/revisions\/3217"}],"wp:featuredmedia":[{"embeddable":true,"href":"https:\/\/utcancun.edu.mx\/index.php\/wp-json\/wp\/v2\/media\/362"}],"wp:attachment":[{"href":"https:\/\/utcancun.edu.mx\/index.php\/wp-json\/wp\/v2\/media?parent=368"}],"curies":[{"name":"wp","href":"https:\/\/api.w.org\/{rel}","templated":true}]}}