{"id":2841,"date":"2025-03-18T08:13:32","date_gmt":"2025-03-18T14:13:32","guid":{"rendered":"http:\/\/192.168.1.237:8018\/?page_id=2841"},"modified":"2025-03-20T15:40:50","modified_gmt":"2025-03-20T21:40:50","slug":"turismo-sustentable","status":"publish","type":"page","link":"https:\/\/utcancun.edu.mx\/index.php\/turismo-sustentable\/","title":{"rendered":"Turismo sustentable"},"content":{"rendered":"<div class=\"wp-block-image\">\n<figure class=\"aligncenter size-large\"><img fetchpriority=\"high\" decoding=\"async\" width=\"1024\" height=\"512\" src=\"http:\/\/192.168.1.237:8018\/wp-content\/uploads\/2025\/03\/1200-2-1024x512.png\" alt=\"\" class=\"wp-image-2894\" srcset=\"https:\/\/utcancun.edu.mx\/wp-content\/uploads\/2025\/03\/1200-2-1024x512.png 1024w, https:\/\/utcancun.edu.mx\/wp-content\/uploads\/2025\/03\/1200-2-300x150.png 300w, https:\/\/utcancun.edu.mx\/wp-content\/uploads\/2025\/03\/1200-2-768x384.png 768w, https:\/\/utcancun.edu.mx\/wp-content\/uploads\/2025\/03\/1200-2-320x160.png 320w, https:\/\/utcancun.edu.mx\/wp-content\/uploads\/2025\/03\/1200-2-480x240.png 480w, https:\/\/utcancun.edu.mx\/wp-content\/uploads\/2025\/03\/1200-2-800x400.png 800w, https:\/\/utcancun.edu.mx\/wp-content\/uploads\/2025\/03\/1200-2.png 1200w\" sizes=\"(max-width: 1024px) 100vw, 1024px\" \/><\/figure><\/div>\n\n\n<p class=\"has-text-align-center has-vivid-cyan-blue-color has-text-color has-link-color wp-elements-19cdbf9029db579b375df5ad0d0c2f40\" style=\"font-size:30px\"><\/p>\n\n\n\n<p><\/p>\n\n\n\n<p class=\"has-vivid-cyan-blue-color has-text-color has-link-color wp-elements-cc42c1e57a95b5c9c8a7e09ebedd8615\"><strong>Objetivo<\/strong><\/p>\n\n\n\n<p>Desarrollar personal capacitado en el dise\u00f1o, implementaci\u00f3n y gesti\u00f3n&nbsp; de proyectos de turismo deportivo sustentable que impulsen el desarrollo econ\u00f3mico, social y ambiental en comunidades locales del Estado de Quintana Roo, fortaleciendo la oferta tur\u00edstica mediante evento deportivos y actividades que respeten el entorno natural y cultural.<\/p>\n\n\n\n<p class=\"has-vivid-cyan-blue-color has-text-color has-link-color wp-elements-df47841059cabf635d70b7222d338129\"><strong>Impacto<\/strong><\/p>\n\n\n\n<p>El turismo deportivo es una de las tendencias de mayor crecimiento dentro de la industria tur\u00edstica, con un impacto significativo en la econom\u00eda global. Sin embargo, este crecimiento conlleva desaf\u00edos relacionados con la sostenibilidad, el respeto por los recursos naturales y el desarrollo de las comunidades anfitrionas.<\/p>\n\n\n\n<p>Este diplomado busca capacitar a profesionales y emprendedores en el dise\u00f1o de estrategias que combinen actividades deportivas y experiencias tur\u00edsticas con un enfoque sustentable, respondiendo a la demanda de un turismo m\u00e1s consciente. Adem\u00e1s, se busca promover pr\u00e1cticas responsables que reduzcan el impacto ambiental y contribuyan al desarrollo social y econ\u00f3mico de los destinos.<\/p>\n\n\n\n<p class=\"has-vivid-cyan-blue-color has-text-color has-link-color wp-elements-d8c257af7625944538d04c4404b16a44\"><strong>Duraci\u00f3n<\/strong><\/p>\n\n\n\n<p>El diplomado est\u00e1 dise\u00f1ado para impartirse en un formato modular con una duraci\u00f3n total de&nbsp;<strong>120 horas<\/strong>, distribuidas en sesiones te\u00f3ricas y pr\u00e1cticas (presenciales o en l\u00ednea) a lo largo de&nbsp;<strong>4 a 6 meses<\/strong>.<\/p>\n\n\n\n<p class=\"has-vivid-cyan-blue-color has-text-color has-link-color wp-elements-b6064cf9c0765f24fa59577b6f878d1c\"><strong>P\u00fablico Objetivo<\/strong><\/p>\n\n\n\n<ul class=\"wp-block-list\">\n<li>Profesionales del turismo, deportes y eventos.<\/li>\n\n\n\n<li>Empresarios y emprendedores interesados en el desarrollo de proyectos de turismo deportivo.<\/li>\n\n\n\n<li>Funcionarios de organismos p\u00fablicos y privados relacionados con el turismo.<\/li>\n\n\n\n<li>Acad\u00e9micos y estudiantes de carreras afines al turismo y la sustentabilidad.<\/li>\n<\/ul>\n\n\n\n<p class=\"has-vivid-cyan-blue-color has-text-color has-link-color wp-elements-554405237d1c7695a32c32e9455db45c\"><strong>Metodolog\u00eda<\/strong><\/p>\n\n\n\n<ul class=\"wp-block-list\">\n<li>Clases te\u00f3ricas din\u00e1micas con expertos en turismo y deportes.<\/li>\n\n\n\n<li>Talleres pr\u00e1cticos para el dise\u00f1o de estrategias y proyectos.<\/li>\n\n\n\n<li>An\u00e1lisis de casos reales.<\/li>\n\n\n\n<li>Conferencias con invitados internacionales especializados en el tema.<\/li>\n<\/ul>\n\n\n\n<p class=\"has-vivid-cyan-blue-color has-text-color has-link-color wp-elements-cc884494e9517b4caa9ce3abfb5a0800\"><strong>Evaluaci\u00f3n<\/strong><\/p>\n\n\n\n<ul class=\"wp-block-list\">\n<li>Participaci\u00f3n activa en talleres y clases.<\/li>\n\n\n\n<li>Entrega de actividades pr\u00e1cticas en cada m\u00f3dulo.<\/li>\n\n\n\n<li>Proyecto final integrador con presentaci\u00f3n y retroalimentaci\u00f3n.<\/li>\n<\/ul>\n\n\n\n<hr class=\"wp-block-separator has-alpha-channel-opacity is-style-wide\"\/>\n\n\n\n<p class=\"has-vivid-cyan-blue-color has-text-color has-link-color wp-elements-f732d221da8795accb7b562271f7e17a\"><strong>M\u00f3dulo 1: Introducci\u00f3n a la Sostenibilidad<\/strong><\/p>\n\n\n\n<p><strong>Duraci\u00f3n Total<\/strong>:&nbsp;<strong>15 horas<\/strong><\/p>\n\n\n\n<ul class=\"wp-block-list\">\n<li>Impacto Ambiental y Gestion de Recursos<\/li>\n\n\n\n<li>Concepto de Sostenibilidad<\/li>\n<\/ul>\n\n\n\n<ul class=\"wp-block-list\">\n<li><strong>Horas Te\u00f3ricas<\/strong>: 10 horas<\/li>\n\n\n\n<li><strong>Horas Pr\u00e1cticas<\/strong>: 5 horas<\/li>\n<\/ul>\n\n\n\n<hr class=\"wp-block-separator has-alpha-channel-opacity\"\/>\n\n\n\n<p class=\"has-vivid-cyan-blue-color has-text-color has-link-color wp-elements-b011046939c620d17bb8905cffc1a0e4\"><strong>M\u00f3dulo 2: Planeaci\u00f3n Estrat\u00e9gica de Eventos Deportivos Sustentables<\/strong><\/p>\n\n\n\n<ul class=\"wp-block-list\">\n<li>Dise\u00f1o de eventos deportivos con enfoque sustentable.<\/li>\n\n\n\n<li>Gesti\u00f3n de recursos y presupuestos para minimizar el impacto ambiental.<\/li>\n\n\n\n<li>Colaboraci\u00f3n con comunidades locales y stakeholders.<\/li>\n\n\n\n<li><strong>Duraci\u00f3n<\/strong>: 25 horas<\/li>\n\n\n\n<li><strong>Detalle<\/strong>:\n<ul class=\"wp-block-list\">\n<li>12 horas te\u00f3ricas para aprender herramientas y metodolog\u00edas de planeaci\u00f3n.<\/li>\n\n\n\n<li>13 horas pr\u00e1cticas para dise\u00f1ar eventos deportivos sustentables (talleres y simulaciones).<\/li>\n<\/ul>\n<\/li>\n<\/ul>\n\n\n\n<hr class=\"wp-block-separator has-alpha-channel-opacity\"\/>\n\n\n\n<p class=\"has-vivid-cyan-blue-color has-text-color has-link-color wp-elements-d06e2cabaf4b6ea3790ec5fa5e51f4c8\"><strong>M\u00f3dulo 3: Marketing y Comunicaci\u00f3n en Turismo Deportivo Sustentable<\/strong><\/p>\n\n\n\n<ul class=\"wp-block-list\">\n<li>Identificaci\u00f3n de mercados meta y tendencias en turismo deportivo.<\/li>\n\n\n\n<li>Estrategias de marketing digital para promocionar eventos sustentables.<\/li>\n\n\n\n<li>Desarrollo de una identidad de marca enfocada en la sustentabilidad.<\/li>\n\n\n\n<li><strong>Duraci\u00f3n<\/strong>: 20 horas<\/li>\n\n\n\n<li><strong>Detalle<\/strong>:\n<ul class=\"wp-block-list\">\n<li>8 horas de teor\u00eda enfocada en estrategias de marketing y branding.<\/li>\n\n\n\n<li>12 horas pr\u00e1cticas para el dise\u00f1o de campa\u00f1as publicitarias y creaci\u00f3n de contenidos.<\/li>\n<\/ul>\n<\/li>\n<\/ul>\n\n\n\n<hr class=\"wp-block-separator has-alpha-channel-opacity\"\/>\n\n\n\n<p class=\"has-vivid-cyan-blue-color has-text-color has-link-color wp-elements-a9c2aff06e07d3bace9a357bedafc816\"><strong>M\u00f3dulo 4: Innovaci\u00f3n y Tecnolog\u00edas para el Turismo Deportivo<\/strong><\/p>\n\n\n\n<ul class=\"wp-block-list\">\n<li>Uso de tecnolog\u00edas verdes y herramientas digitales en eventos deportivos.<\/li>\n\n\n\n<li>Aplicaciones para la medici\u00f3n y mitigaci\u00f3n del impacto ambiental.<\/li>\n\n\n\n<li>Innovaci\u00f3n en productos tur\u00edsticos deportivos sustentables.<\/li>\n\n\n\n<li><strong>Duraci\u00f3n<\/strong>: 20 horas<\/li>\n\n\n\n<li><strong>Detalle<\/strong>:\n<ul class=\"wp-block-list\">\n<li>8 horas te\u00f3ricas sobre herramientas tecnol\u00f3gicas y tendencias en innovaci\u00f3n.<\/li>\n\n\n\n<li>12 horas pr\u00e1cticas en el uso de plataformas digitales y aplicaciones tecnol\u00f3gicas para proyectos tur\u00edsticos.<\/li>\n<\/ul>\n<\/li>\n<\/ul>\n\n\n\n<hr class=\"wp-block-separator has-alpha-channel-opacity\"\/>\n\n\n\n<p class=\"has-vivid-cyan-blue-color has-text-color has-link-color wp-elements-b3eece05ee2a98167760514b5ff8f969\"><strong>M\u00f3dulo 5: Normatividad y Certificaciones en Turismo Sustentable<\/strong><\/p>\n\n\n\n<ul class=\"wp-block-list\">\n<li>Marco legal y normatividad aplicable en turismo y deportes.<\/li>\n\n\n\n<li>Certificaciones en turismo sostenible (ISO 14001, Biosphere, entre otras).<\/li>\n\n\n\n<li>Protocolos para garantizar la sustentabilidad en eventos y actividades deportivas.<\/li>\n\n\n\n<li><strong>Duraci\u00f3n<\/strong>: 15 horas<\/li>\n\n\n\n<li><strong>Detalle<\/strong>:\n<ul class=\"wp-block-list\">\n<li>10 horas te\u00f3ricas para conocer las normativas y procesos de certificaci\u00f3n.<\/li>\n\n\n\n<li>5 horas pr\u00e1cticas para simulaciones de auditor\u00edas y an\u00e1lisis de requisitos.<\/li>\n<\/ul>\n<\/li>\n<\/ul>\n\n\n\n<hr class=\"wp-block-separator has-alpha-channel-opacity\"\/>\n\n\n\n<p class=\"has-vivid-cyan-blue-color has-text-color has-link-color wp-elements-fa381f1fd50d4d43cca1f6487ca37e0c\"><strong>M\u00f3dulo 6: Proyecto Final de Turismo Deportivo Sustentable<\/strong><\/p>\n\n\n\n<ul class=\"wp-block-list\">\n<li>Desarrollo de un proyecto integral que combine turismo deportivo con pr\u00e1cticas sustentables, incorporando los aprendizajes de todos los m\u00f3dulos.<\/li>\n\n\n\n<li>Presentaci\u00f3n del proyecto a un panel de expertos para su retroalimentaci\u00f3n.<\/li>\n\n\n\n<li><strong>Duraci\u00f3n<\/strong>: 25 horas<\/li>\n\n\n\n<li><strong>Detalle<\/strong>:\n<ul class=\"wp-block-list\">\n<li>10 horas de asesor\u00edas grupales e individuales.<\/li>\n\n\n\n<li>15 horas para el desarrollo y presentaci\u00f3n de proyectos finales ante un panel de expertos.<\/li>\n<\/ul>\n<\/li>\n<\/ul>\n\n\n\n<p class=\"has-text-align-center\"><strong>M\u00e1s informaci\u00f3n: <\/strong><\/p>\n\n\n\n<p class=\"has-text-align-center\">sluna@utcancun.edu.mx \/ jtorres@utcancun.edu.mx <\/p>\n\n\n\n<p><\/p>\n\n\n\n<p><\/p>\n\n\n\n<p><\/p>\n\n\n\n<p><\/p>\n\n\n\n<p><\/p>\n","protected":false},"excerpt":{"rendered":"<p>Objetivo Desarrollar personal capacitado en el dise\u00f1o, implementaci\u00f3n y gesti\u00f3n&nbsp; de proyectos de turismo deportivo sustentable que impulsen el desarrollo econ\u00f3mico, social y ambiental en comunidades locales del Estado de Quintana Roo, fortaleciendo la oferta tur\u00edstica mediante evento deportivos y actividades que respeten el entorno natural y cultural. Impacto El turismo deportivo es una de [&hellip;]<\/p>\n","protected":false},"author":1,"featured_media":0,"parent":0,"menu_order":0,"comment_status":"closed","ping_status":"closed","template":"","meta":{"content-type":"","footnotes":""},"class_list":["post-2841","page","type-page","status-publish","hentry"],"_links":{"self":[{"href":"https:\/\/utcancun.edu.mx\/index.php\/wp-json\/wp\/v2\/pages\/2841","targetHints":{"allow":["GET"]}}],"collection":[{"href":"https:\/\/utcancun.edu.mx\/index.php\/wp-json\/wp\/v2\/pages"}],"about":[{"href":"https:\/\/utcancun.edu.mx\/index.php\/wp-json\/wp\/v2\/types\/page"}],"author":[{"embeddable":true,"href":"https:\/\/utcancun.edu.mx\/index.php\/wp-json\/wp\/v2\/users\/1"}],"replies":[{"embeddable":true,"href":"https:\/\/utcancun.edu.mx\/index.php\/wp-json\/wp\/v2\/comments?post=2841"}],"version-history":[{"count":42,"href":"https:\/\/utcancun.edu.mx\/index.php\/wp-json\/wp\/v2\/pages\/2841\/revisions"}],"predecessor-version":[{"id":2992,"href":"https:\/\/utcancun.edu.mx\/index.php\/wp-json\/wp\/v2\/pages\/2841\/revisions\/2992"}],"wp:attachment":[{"href":"https:\/\/utcancun.edu.mx\/index.php\/wp-json\/wp\/v2\/media?parent=2841"}],"curies":[{"name":"wp","href":"https:\/\/api.w.org\/{rel}","templated":true}]}}