{"id":25,"date":"2024-05-28T16:17:51","date_gmt":"2024-05-28T22:17:51","guid":{"rendered":"http:\/\/192.168.1.237:8018\/?page_id=25"},"modified":"2026-04-24T08:37:19","modified_gmt":"2026-04-24T14:37:19","slug":"hola-mundo","status":"publish","type":"page","link":"https:\/\/utcancun.edu.mx\/","title":{"rendered":"Inicio"},"content":{"rendered":"<div id=\"fb-root\">\u00a0<\/div>\n<p><script async defer crossorigin=\"anonymous\" src=\"https:\/\/connect.facebook.net\/es_ES\/sdk.js#xfbml=1&#038;version=v20.0\" nonce=\"QHf3TGeF\"><\/script><\/p>\n\n\n\n\n\n\n<div style=\"height:38px\" aria-hidden=\"true\" class=\"wp-block-spacer\"><\/div>\n\n\n\n<p class=\"has-text-align-center has-medium-font-size\"><strong>OFERTA EDUCATIVA<\/strong><\/p>\n\n\n\n\t\t<div class=\"wpaas-accordion-wrap wpaas-row-clearfix\">\n\t\t\t<div id=\"wpaas-accordion-1\" class=\"wpos-tab-slider\">\n\t\t\t\t<div class=\"as-wposslides\">\n\t\t\t\t\t\t\t\t\t\t\t<div class=\"as-wposslide\">\n\t\t\t\t\t\t\t\t\t\t\t\t\t\t\t<a href=\"\/index.php\/licenciatura-en-negocios-y-mercadotecnia\/\" >\n\t\t\t\t\t\t\t\t\t<img decoding=\"async\" class=\"as-wposbg\" src=\"https:\/\/utcancun.edu.mx\/wp-content\/uploads\/2025\/03\/BANNERS-Oferta-Educativa-NME_2025_cambios_LNM-768x1024.png\" alt=\"\" \/>\n\t\t\t\t\t\t\t\t<\/a>\n\t\t\t\t\t\t\t\t\t\t\t\t\t\t\t<div class=\"as-layer as-closed as-black as-padding\">Mas informaci\u00f3n<\/div>\n\t\t\t\t\t\t\t\t\t\t\t\t\t<\/div>\n\t\t\t\t\t\t\t\t\t\t\t<div class=\"as-wposslide\">\n\t\t\t\t\t\t\t\t\t\t\t\t\t\t\t<a href=\"\/index.php\/contaduria-2\/\" >\n\t\t\t\t\t\t\t\t\t<img decoding=\"async\" class=\"as-wposbg\" src=\"https:\/\/utcancun.edu.mx\/wp-content\/uploads\/2025\/03\/BANNERS-Oferta-Educativa-NME_2025_cambios_LCON-768x1024.png\" alt=\"\" \/>\n\t\t\t\t\t\t\t\t<\/a>\n\t\t\t\t\t\t\t\t\t\t\t\t\t\t\t<div class=\"as-layer as-closed as-black as-padding\">Mas informaci\u00f3n<\/div>\n\t\t\t\t\t\t\t\t\t\t\t\t\t<\/div>\n\t\t\t\t\t\t\t\t\t\t\t<div class=\"as-wposslide\">\n\t\t\t\t\t\t\t\t\t\t\t\t\t\t\t<a href=\"\/index.php\/administracion\/\" >\n\t\t\t\t\t\t\t\t\t<img decoding=\"async\" class=\"as-wposbg\" src=\"https:\/\/utcancun.edu.mx\/wp-content\/uploads\/2025\/03\/BANNERS-Oferta-Educativa-NME_2025_cambios_LADM-768x1024.png\" alt=\"\" \/>\n\t\t\t\t\t\t\t\t<\/a>\n\t\t\t\t\t\t\t\t\t\t\t\t\t\t\t<div class=\"as-layer as-closed as-black as-padding\">Mas informaci\u00f3n<\/div>\n\t\t\t\t\t\t\t\t\t\t\t\t\t<\/div>\n\t\t\t\t\t\t\t\t\t\t\t<div class=\"as-wposslide\">\n\t\t\t\t\t\t\t\t\t\t\t\t\t\t\t<a href=\"\/index.php\/licenciatura-en-gestion-del-bienestar\/\" >\n\t\t\t\t\t\t\t\t\t<img decoding=\"async\" class=\"as-wposbg\" src=\"https:\/\/utcancun.edu.mx\/wp-content\/uploads\/2025\/03\/BANNERS-Oferta-Educativa-NME_2025_cambios_LGB-768x1024.png\" alt=\"\" \/>\n\t\t\t\t\t\t\t\t<\/a>\n\t\t\t\t\t\t\t\t\t\t\t\t\t\t\t<div class=\"as-layer as-closed as-black as-padding\">Mas informaci\u00f3n<\/div>\n\t\t\t\t\t\t\t\t\t\t\t\t\t<\/div>\n\t\t\t\t\t\t\t\t\t\t\t<div class=\"as-wposslide\">\n\t\t\t\t\t\t\t\t\t\t\t\t\t\t\t<a href=\"index.php\/ingenieria-area-instalaciones\/\" >\n\t\t\t\t\t\t\t\t\t<img decoding=\"async\" class=\"as-wposbg\" src=\"https:\/\/utcancun.edu.mx\/wp-content\/uploads\/2025\/03\/BANNERS-Oferta-Educativa-NME_2025_cambios_Instalaciones-768x1024.png\" alt=\"\" \/>\n\t\t\t\t\t\t\t\t<\/a>\n\t\t\t\t\t\t\t\t\t\t\t\t\t\t\t<div class=\"as-layer as-closed as-black as-padding\">Mas informaci\u00f3n<\/div>\n\t\t\t\t\t\t\t\t\t\t\t\t\t<\/div>\n\t\t\t\t\t\t\t\t\t\t\t<div class=\"as-wposslide\">\n\t\t\t\t\t\t\t\t\t\t\t\t\t\t\t<a href=\"index.php\/ingenieria-en-software\/\" >\n\t\t\t\t\t\t\t\t\t<img decoding=\"async\" class=\"as-wposbg\" src=\"https:\/\/utcancun.edu.mx\/wp-content\/uploads\/2025\/03\/BANNERS-Oferta-Educativa-NME_2025_cambios_Software-768x1024.png\" alt=\"\" \/>\n\t\t\t\t\t\t\t\t<\/a>\n\t\t\t\t\t\t\t\t\t\t\t\t\t\t\t<div class=\"as-layer as-closed as-black as-padding\">Mas informaci\u00f3n<\/div>\n\t\t\t\t\t\t\t\t\t\t\t\t\t<\/div>\n\t\t\t\t\t\t\t\t\t\t\t<div class=\"as-wposslide\">\n\t\t\t\t\t\t\t\t\t\t\t\t\t\t\t<a href=\"index.php\/ingenieria-en-redes\/\" >\n\t\t\t\t\t\t\t\t\t<img decoding=\"async\" class=\"as-wposbg\" src=\"https:\/\/utcancun.edu.mx\/wp-content\/uploads\/2025\/03\/BANNERS-Oferta-Educativa-NME_2025_cambios_Redes-768x1024.png\" alt=\"\" \/>\n\t\t\t\t\t\t\t\t<\/a>\n\t\t\t\t\t\t\t\t\t\t\t\t\t\t\t<div class=\"as-layer as-closed as-black as-padding\">Mas informaci\u00f3n<\/div>\n\t\t\t\t\t\t\t\t\t\t\t\t\t<\/div>\n\t\t\t\t\t\t\t\t\t\t\t<div class=\"as-wposslide\">\n\t\t\t\t\t\t\t\t\t\t\t\t\t\t\t<a href=\"\/index.php\/gastronomia-2\/\" >\n\t\t\t\t\t\t\t\t\t<img decoding=\"async\" class=\"as-wposbg\" src=\"https:\/\/utcancun.edu.mx\/wp-content\/uploads\/2025\/03\/BANNERS-Oferta-Educativa-NME_2025_cambios_LGAS-768x1024.png\" alt=\"\" \/>\n\t\t\t\t\t\t\t\t<\/a>\n\t\t\t\t\t\t\t\t\t\t\t\t\t\t\t<div class=\"as-layer as-closed as-black as-padding\">Mas informaci\u00f3n<\/div>\n\t\t\t\t\t\t\t\t\t\t\t\t\t<\/div>\n\t\t\t\t\t\t\t\t\t\t\t<div class=\"as-wposslide\">\n\t\t\t\t\t\t\t\t\t\t\t\t\t\t\t<a href=\"index.php\/desarrollo-productos-alternativos\/\" >\n\t\t\t\t\t\t\t\t\t<img decoding=\"async\" class=\"as-wposbg\" src=\"https:\/\/utcancun.edu.mx\/wp-content\/uploads\/2025\/03\/BANNERS-Oferta-Educativa-NME_2025_cambios_LGDT-768x1024.png\" alt=\"\" \/>\n\t\t\t\t\t\t\t\t<\/a>\n\t\t\t\t\t\t\t\t\t\t\t\t\t\t\t<div class=\"as-layer as-closed as-black as-padding\">Mas informaci\u00f3n<\/div>\n\t\t\t\t\t\t\t\t\t\t\t\t\t<\/div>\n\t\t\t\t\t\t\t\t\t<\/div>\n\t\t\t\t<div class=\"wpaas-conf wpaas-hide\">{\"visible_panels\":\"5\",\"width\":\"1400\",\"height\":\"450\",\"orientation\":\"horizontal\",\"panel_distance\":\"20\",\"max_openedaccordion_size\":\"100%\",\"open_panel_on\":\"hover\",\"shadow\":\"false\",\"autoplay\":\"true\",\"mouse_wheel\":\"false\"}<\/div><!-- end of-slider-conf -->\n\t\t\t<\/div><!-- end .msacwl-carousel -->\n\t\t<\/div><!-- end .msacwl-carousel-wrap -->\n\t\n\n\n\n<div style=\"height:44px\" aria-hidden=\"true\" class=\"wp-block-spacer\"><\/div>\n\n\n\n<p class=\"has-text-align-center has-medium-font-size\"><strong>SERVICIOS<\/strong><\/p>\n\n\n\n<div class=\"wp-block-columns is-layout-flex wp-container-core-columns-is-layout-1 wp-block-columns-is-layout-flex\">\n<div class=\"wp-block-column is-layout-flow wp-block-column-is-layout-flow\">\n<figure class=\"wp-block-image size-large\"><a href=\"\/index.php\/becas\/\"><img fetchpriority=\"high\" decoding=\"async\" width=\"1024\" height=\"576\" src=\"\/wp-content\/uploads\/2026\/04\/3-1-1024x576.png\" alt=\"\" class=\"wp-image-5127\" srcset=\"https:\/\/utcancun.edu.mx\/wp-content\/uploads\/2026\/04\/3-1-1024x576.png 1024w, https:\/\/utcancun.edu.mx\/wp-content\/uploads\/2026\/04\/3-1-300x169.png 300w, https:\/\/utcancun.edu.mx\/wp-content\/uploads\/2026\/04\/3-1-768x432.png 768w, https:\/\/utcancun.edu.mx\/wp-content\/uploads\/2026\/04\/3-1-1536x864.png 1536w, https:\/\/utcancun.edu.mx\/wp-content\/uploads\/2026\/04\/3-1.png 1920w\" sizes=\"(max-width: 1024px) 100vw, 1024px\" \/><\/a><\/figure>\n\n\n\n<figure class=\"wp-block-gallery has-nested-images columns-default is-cropped wp-block-gallery-1 is-layout-flex wp-block-gallery-is-layout-flex\">\n<figure class=\"wp-block-image size-large is-style-default\"><a href=\"\/index.php\/actividades-culturales-y-deportivas\/\"><img decoding=\"async\" width=\"1024\" height=\"576\" src=\"\/wp-content\/uploads\/2026\/04\/4-1-1024x576.png\" alt=\"\" class=\"wp-image-5128\" srcset=\"https:\/\/utcancun.edu.mx\/wp-content\/uploads\/2026\/04\/4-1-1024x576.png 1024w, https:\/\/utcancun.edu.mx\/wp-content\/uploads\/2026\/04\/4-1-300x169.png 300w, https:\/\/utcancun.edu.mx\/wp-content\/uploads\/2026\/04\/4-1-768x432.png 768w, https:\/\/utcancun.edu.mx\/wp-content\/uploads\/2026\/04\/4-1-1536x864.png 1536w, https:\/\/utcancun.edu.mx\/wp-content\/uploads\/2026\/04\/4-1.png 1920w\" sizes=\"(max-width: 1024px) 100vw, 1024px\" \/><\/a><\/figure>\n<\/figure>\n<\/div>\n\n\n\n<div class=\"wp-block-column is-layout-flow wp-block-column-is-layout-flow\">\n<figure class=\"wp-block-image size-large\"><a href=\"\/index.php\/educacion-continua\/\"><img decoding=\"async\" width=\"1024\" height=\"576\" src=\"\/wp-content\/uploads\/2026\/04\/5-1024x576.png\" alt=\"\" class=\"wp-image-5186\" srcset=\"https:\/\/utcancun.edu.mx\/wp-content\/uploads\/2026\/04\/5-1024x576.png 1024w, https:\/\/utcancun.edu.mx\/wp-content\/uploads\/2026\/04\/5-300x169.png 300w, https:\/\/utcancun.edu.mx\/wp-content\/uploads\/2026\/04\/5-768x432.png 768w, https:\/\/utcancun.edu.mx\/wp-content\/uploads\/2026\/04\/5-1536x864.png 1536w, https:\/\/utcancun.edu.mx\/wp-content\/uploads\/2026\/04\/5.png 1920w\" sizes=\"(max-width: 1024px) 100vw, 1024px\" \/><\/a><\/figure>\n\n\n\n<figure class=\"wp-block-gallery has-nested-images columns-default is-cropped wp-block-gallery-2 is-layout-flex wp-block-gallery-is-layout-flex\">\n<figure class=\"wp-block-image size-large\"><a href=\"\/index.php\/bolsa-de-trabajo\/\"><img loading=\"lazy\" decoding=\"async\" width=\"1024\" height=\"576\" src=\"\/wp-content\/uploads\/2026\/04\/6-1-1024x576.png\" alt=\"\" class=\"wp-image-5188\" srcset=\"https:\/\/utcancun.edu.mx\/wp-content\/uploads\/2026\/04\/6-1-1024x576.png 1024w, https:\/\/utcancun.edu.mx\/wp-content\/uploads\/2026\/04\/6-1-300x169.png 300w, https:\/\/utcancun.edu.mx\/wp-content\/uploads\/2026\/04\/6-1-768x432.png 768w, https:\/\/utcancun.edu.mx\/wp-content\/uploads\/2026\/04\/6-1-1536x864.png 1536w, https:\/\/utcancun.edu.mx\/wp-content\/uploads\/2026\/04\/6-1.png 1920w\" sizes=\"(max-width: 1024px) 100vw, 1024px\" \/><\/a><\/figure>\n<\/figure>\n<\/div>\n<\/div>\n\n\n\n<p class=\"has-text-align-center has-medium-font-size\"><strong>CON\u00d3CENOS<\/strong><\/p>\n\n\n\n<div class=\"wp-block-columns is-layout-flex wp-container-core-columns-is-layout-2 wp-block-columns-is-layout-flex\">\n<div class=\"wp-block-column is-layout-flow wp-block-column-is-layout-flow\">\n<p class=\"has-text-align-center has-medium-font-size\"><\/p>\n\n\n\n\t\t<div class=\"wpaas-accordion-wrap wpaas-row-clearfix\">\n\t\t\t<div id=\"wpaas-accordion-2\" class=\"wpos-tab-slider\">\n\t\t\t\t<div class=\"as-wposslides\">\n\t\t\t\t\t\t\t\t\t\t\t<div class=\"as-wposslide\">\n\t\t\t\t\t\t\t\t\t\t\t\t\t\t\t<img decoding=\"async\" class=\"as-wposbg\" src=\"https:\/\/utcancun.edu.mx\/wp-content\/uploads\/2024\/06\/Instalaciones-UT-Cancu\u0301n.jpeg\" alt=\"Entrada Acceso 1\" \/>\t\n\t\t\t\t\t\t\t\t\t\t\t\t\t\t\t<div class=\"as-layer as-closed as-black as-padding\">\u200eEntrada Acceso 1<\/div>\n\t\t\t\t\t\t\t\t\t\t\t\t\t<\/div>\n\t\t\t\t\t\t\t\t\t\t\t<div class=\"as-wposslide\">\n\t\t\t\t\t\t\t\t\t\t\t\t\t\t\t<img decoding=\"async\" class=\"as-wposbg\" src=\"https:\/\/utcancun.edu.mx\/wp-content\/uploads\/2024\/07\/inicii-02.png\" alt=\"\" \/>\t\n\t\t\t\t\t\t\t\t\t\t\t\t\t\t\t<div class=\"as-layer as-closed as-black as-padding\">Laboratorio Practico SPA<\/div>\n\t\t\t\t\t\t\t\t\t\t\t\t\t<\/div>\n\t\t\t\t\t\t\t\t\t\t\t<div class=\"as-wposslide\">\n\t\t\t\t\t\t\t\t\t\t\t\t\t\t\t<img decoding=\"async\" class=\"as-wposbg\" src=\"https:\/\/utcancun.edu.mx\/wp-content\/uploads\/2024\/06\/Instalaciones-UT-Cancu\u0301n-2.jpeg\" alt=\"\" \/>\t\n\t\t\t\t\t\t\t\t\t\t\t\t\t\t\t<div class=\"as-layer as-closed as-black as-padding\">Parque Universitario<\/div>\n\t\t\t\t\t\t\t\t\t\t\t\t\t<\/div>\n\t\t\t\t\t\t\t\t\t\t\t<div class=\"as-wposslide\">\n\t\t\t\t\t\t\t\t\t\t\t\t\t\t\t<img decoding=\"async\" class=\"as-wposbg\" src=\"https:\/\/utcancun.edu.mx\/wp-content\/uploads\/2024\/07\/inicii-05.png\" alt=\"\" \/>\t\n\t\t\t\t\t\t\t\t\t\t\t\t\t\t\t<div class=\"as-layer as-closed as-black as-padding\">Ronqueo de At\u00fan<\/div>\n\t\t\t\t\t\t\t\t\t\t\t\t\t<\/div>\n\t\t\t\t\t\t\t\t\t\t\t<div class=\"as-wposslide\">\n\t\t\t\t\t\t\t\t\t\t\t\t\t\t\t<img decoding=\"async\" class=\"as-wposbg\" src=\"https:\/\/utcancun.edu.mx\/wp-content\/uploads\/2024\/06\/Instalaciones-UT-Cancu\u0301n-3.jpeg\" alt=\"\" \/>\t\n\t\t\t\t\t\t\t\t\t\t\t\t\t\t\t<div class=\"as-layer as-closed as-black as-padding\">\u200ePolo de la Paz<\/div>\n\t\t\t\t\t\t\t\t\t\t\t\t\t<\/div>\n\t\t\t\t\t\t\t\t\t\t\t<div class=\"as-wposslide\">\n\t\t\t\t\t\t\t\t\t\t\t\t\t\t\t<img decoding=\"async\" class=\"as-wposbg\" src=\"https:\/\/utcancun.edu.mx\/wp-content\/uploads\/2024\/07\/inicii-01.png\" alt=\"\" \/>\t\n\t\t\t\t\t\t\t\t\t\t\t\t\t\t\t<div class=\"as-layer as-closed as-black as-padding\">Laboratorios de Computo<\/div>\n\t\t\t\t\t\t\t\t\t\t\t\t\t<\/div>\n\t\t\t\t\t\t\t\t\t<\/div>\n\t\t\t\t<div class=\"wpaas-conf wpaas-hide\">{\"visible_panels\":\"1\",\"width\":\"800\",\"height\":\"450\",\"orientation\":\"horizontal\",\"panel_distance\":\"0\",\"max_openedaccordion_size\":\"100%\",\"open_panel_on\":\"click\",\"shadow\":\"false\",\"autoplay\":\"true\",\"mouse_wheel\":\"false\"}<\/div><!-- end of-slider-conf -->\n\t\t\t<\/div><!-- end .msacwl-carousel -->\n\t\t<\/div><!-- end .msacwl-carousel-wrap -->\n\t\n<\/div>\n\n\n\n<div class=\"wp-block-column is-vertically-aligned-center is-layout-flow wp-block-column-is-layout-flow\">\n<figure class=\"wp-block-embed is-type-video is-provider-youtube wp-block-embed-youtube wp-embed-aspect-16-9 wp-has-aspect-ratio\"><div class=\"wp-block-embed__wrapper\">\n<iframe title=\"UT Canc\u00fan 2025\" width=\"525\" height=\"295\" src=\"https:\/\/www.youtube.com\/embed\/EicU6F4JB-k?feature=oembed\" frameborder=\"0\" allow=\"accelerometer; autoplay; clipboard-write; encrypted-media; gyroscope; picture-in-picture; web-share\" referrerpolicy=\"strict-origin-when-cross-origin\" allowfullscreen><\/iframe>\n<\/div><\/figure>\n<\/div>\n<\/div>\n\n\n\n<p class=\"has-text-align-center has-medium-font-size\"><strong>NOTICIAS<\/strong><\/p>\n\n\n[noticias_utcancun]\n\n\n\n<p class=\"has-text-align-center has-medium-font-size\"><\/p>\n\n\n<ul style=\"background-color:#2eafa4; text-decoration:underline;text-transform:capitalize;\" class=\"wp-block-latest-posts__list is-grid columns-3 has-dates has-link-color aligncenter ul.postsbycategory { list-style: none; } .postsbycategory li { padding-bottom:5px; } .postsbycategory img { margin-right:5px } wp-elements-19fd9edda66d7c12f477e1ca1e6bfcdf wp-block-latest-posts has-text-color has-white-color has-background has-medium-font-size\"><li><div class=\"wp-block-latest-posts__featured-image aligncenter\"><a href=\"https:\/\/utcancun.edu.mx\/index.php\/2026\/03\/19\/ut-cancun-bis-sede-de-la-4a-expo-mundo-pyme-de-la-abm\/\" aria-label=\"UT CANC\u00daN BIS SEDE DE LA 4\u00aa EXPO MUNDO PyME DE LA ABM\"><img loading=\"lazy\" decoding=\"async\" width=\"300\" height=\"186\" src=\"https:\/\/utcancun.edu.mx\/wp-content\/uploads\/2026\/03\/644a0d97-8880-4da2-95b7-950944c1b6f6-300x186.jpg\" class=\"attachment-medium size-medium wp-post-image\" alt=\"\" style=\"\" srcset=\"https:\/\/utcancun.edu.mx\/wp-content\/uploads\/2026\/03\/644a0d97-8880-4da2-95b7-950944c1b6f6-300x186.jpg 300w, https:\/\/utcancun.edu.mx\/wp-content\/uploads\/2026\/03\/644a0d97-8880-4da2-95b7-950944c1b6f6-1024x636.jpg 1024w, https:\/\/utcancun.edu.mx\/wp-content\/uploads\/2026\/03\/644a0d97-8880-4da2-95b7-950944c1b6f6-768x477.jpg 768w, https:\/\/utcancun.edu.mx\/wp-content\/uploads\/2026\/03\/644a0d97-8880-4da2-95b7-950944c1b6f6-1536x953.jpg 1536w, https:\/\/utcancun.edu.mx\/wp-content\/uploads\/2026\/03\/644a0d97-8880-4da2-95b7-950944c1b6f6.jpg 1600w\" sizes=\"(max-width: 300px) 100vw, 300px\" \/><\/a><\/div><a class=\"wp-block-latest-posts__post-title\" href=\"https:\/\/utcancun.edu.mx\/index.php\/2026\/03\/19\/ut-cancun-bis-sede-de-la-4a-expo-mundo-pyme-de-la-abm\/\">UT CANC\u00daN BIS SEDE DE LA 4\u00aa EXPO MUNDO PyME DE LA ABM<\/a><time datetime=\"2026-03-19T13:01:20-06:00\" class=\"wp-block-latest-posts__post-date\">19 marzo, 2026<\/time><\/li>\n<li><div class=\"wp-block-latest-posts__featured-image aligncenter\"><a href=\"https:\/\/utcancun.edu.mx\/index.php\/2026\/03\/11\/organiza-ut-cancun-bis-feria-del-empleo-y-estadias\/\" aria-label=\"ORGANIZA UT CANC\u00daN BIS FERIA DEL EMPLEO Y ESTAD\u00cdAS\"><img loading=\"lazy\" decoding=\"async\" width=\"300\" height=\"200\" src=\"https:\/\/utcancun.edu.mx\/wp-content\/uploads\/2026\/03\/WhatsApp-Image-2026-03-10-at-16.11.11-2-300x200.jpeg\" class=\"attachment-medium size-medium wp-post-image\" alt=\"\" style=\"\" srcset=\"https:\/\/utcancun.edu.mx\/wp-content\/uploads\/2026\/03\/WhatsApp-Image-2026-03-10-at-16.11.11-2-300x200.jpeg 300w, https:\/\/utcancun.edu.mx\/wp-content\/uploads\/2026\/03\/WhatsApp-Image-2026-03-10-at-16.11.11-2-1024x682.jpeg 1024w, https:\/\/utcancun.edu.mx\/wp-content\/uploads\/2026\/03\/WhatsApp-Image-2026-03-10-at-16.11.11-2-768x512.jpeg 768w, https:\/\/utcancun.edu.mx\/wp-content\/uploads\/2026\/03\/WhatsApp-Image-2026-03-10-at-16.11.11-2-1536x1023.jpeg 1536w, https:\/\/utcancun.edu.mx\/wp-content\/uploads\/2026\/03\/WhatsApp-Image-2026-03-10-at-16.11.11-2.jpeg 1600w\" sizes=\"(max-width: 300px) 100vw, 300px\" \/><\/a><\/div><a class=\"wp-block-latest-posts__post-title\" href=\"https:\/\/utcancun.edu.mx\/index.php\/2026\/03\/11\/organiza-ut-cancun-bis-feria-del-empleo-y-estadias\/\">ORGANIZA UT CANC\u00daN BIS FERIA DEL EMPLEO Y ESTAD\u00cdAS<\/a><time datetime=\"2026-03-11T11:24:07-06:00\" class=\"wp-block-latest-posts__post-date\">11 marzo, 2026<\/time><\/li>\n<li><div class=\"wp-block-latest-posts__featured-image aligncenter\"><a href=\"https:\/\/utcancun.edu.mx\/index.php\/2026\/03\/05\/oxford-university-reconoce-compromiso-de-ut-cancun-bis\/\" aria-label=\"OXFORD UNIVERSITY RECONOCE COMPROMISO DE UT CANC\u00daN BIS\"><img loading=\"lazy\" decoding=\"async\" width=\"300\" height=\"196\" src=\"https:\/\/utcancun.edu.mx\/wp-content\/uploads\/2026\/03\/3e0a47ea-b08c-4071-bf59-a6010427c350-300x196.jpg\" class=\"attachment-medium size-medium wp-post-image\" alt=\"\" style=\"\" srcset=\"https:\/\/utcancun.edu.mx\/wp-content\/uploads\/2026\/03\/3e0a47ea-b08c-4071-bf59-a6010427c350-300x196.jpg 300w, https:\/\/utcancun.edu.mx\/wp-content\/uploads\/2026\/03\/3e0a47ea-b08c-4071-bf59-a6010427c350-1024x668.jpg 1024w, https:\/\/utcancun.edu.mx\/wp-content\/uploads\/2026\/03\/3e0a47ea-b08c-4071-bf59-a6010427c350-768x501.jpg 768w, https:\/\/utcancun.edu.mx\/wp-content\/uploads\/2026\/03\/3e0a47ea-b08c-4071-bf59-a6010427c350-1536x1002.jpg 1536w, https:\/\/utcancun.edu.mx\/wp-content\/uploads\/2026\/03\/3e0a47ea-b08c-4071-bf59-a6010427c350.jpg 1600w\" sizes=\"(max-width: 300px) 100vw, 300px\" \/><\/a><\/div><a class=\"wp-block-latest-posts__post-title\" href=\"https:\/\/utcancun.edu.mx\/index.php\/2026\/03\/05\/oxford-university-reconoce-compromiso-de-ut-cancun-bis\/\">OXFORD UNIVERSITY RECONOCE COMPROMISO DE UT CANC\u00daN BIS<\/a><time datetime=\"2026-03-05T15:01:41-06:00\" class=\"wp-block-latest-posts__post-date\">5 marzo, 2026<\/time><\/li>\n<\/ul>\n\n\n<p class=\"has-text-align-center has-medium-font-size\"><\/p>\n\n\n\n<p><\/p>\n\n\n\n<p>&nbsp;<\/p>\n\n\n\n<p class=\"has-text-align-center has-medium-font-size\"><strong>CONT\u00c1CTANOS<\/strong><\/p>\n\n\n\n<!-- SOLO DESKTOP -->\n<div class=\"solo-desktop\">\n\n  <div class=\"redes-flip-grid\">\n\n    <!-- FACEBOOK -->\n    <div class=\"flip-card\">\n      <div class=\"flip-inner\">\n        <div class=\"flip-front\">\n          <i class=\"fab fa-facebook-f\"><\/i>\n          <span>Facebook<\/span>\n        <\/div>\n        <div class=\"flip-back\">\n          <a href=\"https:\/\/www.facebook.com\/UTdeCancun\" target=\"_blank\" class=\"btn-social\">\n            Ver p\u00e1gina\n          <\/a>\n        <\/div>\n      <\/div>\n    <\/div>\n\n    <!-- TIKTOK -->\n    <div class=\"flip-card\">\n      <div class=\"flip-inner\">\n        <div class=\"flip-front\">\n          <svg class=\"icon-tiktok\" viewBox=\"0 0 24 24\" fill=\"currentColor\">\n            <path d=\"M12.75 2h3.25c.1 1.7.8 3.1 2 4.2 1.1 1.1 2.6 1.8 4.2 2v3.2c-1.6-.1-3.1-.5-4.5-1.2v6.7c0 3.9-3.1 7.1-7 7.1s-7-3.2-7-7.1 3.1-7.1 7-7.1c.4 0 .7 0 1.1.1v3.4c-.3-.1-.7-.1-1.1-.1-2.1 0-3.8 1.7-3.8 3.8s1.7 3.8 3.8 3.8 3.8-1.7 3.8-3.8V2z\"\/>\n          <\/svg>\n          <span>TikTok<\/span>\n        <\/div>\n        <div class=\"flip-back\">\n          <a href=\"https:\/\/www.tiktok.com\/@utcancun\" target=\"_blank\" class=\"btn-social\">\n            Ver perfil\n          <\/a>\n        <\/div>\n      <\/div>\n    <\/div>\n\n    <!-- INSTAGRAM -->\n    <div class=\"flip-card\">\n      <div class=\"flip-inner\">\n        <div class=\"flip-front\">\n          <i class=\"fab fa-instagram\"><\/i>\n          <span>Instagram<\/span>\n        <\/div>\n        <div class=\"flip-back\">\n          <a href=\"https:\/\/www.instagram.com\/utcancun\/\" target=\"_blank\" class=\"btn-social\">\n            Ver perfil\n          <\/a>\n        <\/div>\n      <\/div>\n    <\/div>\n\n    <!-- YOUTUBE -->\n    <div class=\"flip-card\">\n      <div class=\"flip-inner\">\n        <div class=\"flip-front\">\n          <i class=\"fab fa-youtube\"><\/i>\n          <span>YouTube<\/span>\n        <\/div>\n        <div class=\"flip-back\">\n          <a href=\"https:\/\/www.youtube.com\/@UTCancunBIS\" target=\"_blank\" class=\"btn-social\">\n            Ver canal\n          <\/a>\n        <\/div>\n      <\/div>\n    <\/div>\n\n    <!-- LINKEDIN -->\n    <div class=\"flip-card\">\n      <div class=\"flip-inner\">\n        <div class=\"flip-front\">\n          <i class=\"fab fa-linkedin-in\"><\/i>\n          <span>LinkedIn<\/span>\n        <\/div>\n        <div class=\"flip-back\">\n          <a href=\"https:\/\/mx.linkedin.com\/company\/ut-cancun\" target=\"_blank\" class=\"btn-social\">\n            Ver perfil\n          <\/a>\n        <\/div>\n      <\/div>\n    <\/div>\n\n    <!-- X -->\n    <div class=\"flip-card\">\n      <div class=\"flip-inner\">\n        <div class=\"flip-front\">\n          <svg class=\"icon-x\" viewBox=\"0 0 24 24\">\n            <path fill=\"currentColor\" d=\"M18.244 2H21l-6.5 7.43L22 22h-6.828l-5.34-6.98L3.5 22H1l7-8.01L2 2h6.828l4.8 6.32L18.244 2z\"\/>\n          <\/svg>\n          <span>X<\/span>\n        <\/div>\n        <div class=\"flip-back\">\n          <a href=\"https:\/\/x.com\/UTCancun\" target=\"_blank\" class=\"btn-social\">\n            Ver perfil\n          <\/a>\n        <\/div>\n      <\/div>\n    <\/div>\n\n  <\/div>\n<\/div>\n\n<!-- SOLO M\u00d3VIL -->\n<div class=\"solo-movil\">\n  \n\t\t<div class=\"wpaas-accordion-wrap wpaas-row-clearfix\">\n\t\t\t<div id=\"wpaas-accordion-3\" class=\"wpos-tab-slider\">\n\t\t\t\t<div class=\"as-wposslides\">\n\t\t\t\t\t\t\t\t\t\t\t<div class=\"as-wposslide\">\n\t\t\t\t\t\t\t\t\t\t\t\t\t\t\t<img decoding=\"async\" class=\"as-wposbg\" src=\"https:\/\/utcancun.edu.mx\/wp-content\/uploads\/2026\/04\/7-768x1024.png\" alt=\"\" \/>\t\n\t\t\t\t\t\t\t\t\t\t\t\t\t\t\t<div class=\"as-layer as-closed as-black as-padding\">7<\/div>\n\t\t\t\t\t\t\t\t\t\t\t\t\t<\/div>\n\t\t\t\t\t\t\t\t\t\t\t<div class=\"as-wposslide\">\n\t\t\t\t\t\t\t\t\t\t\t\t\t\t\t<img decoding=\"async\" class=\"as-wposbg\" src=\"https:\/\/utcancun.edu.mx\/wp-content\/uploads\/2026\/04\/3-2-768x1024.png\" alt=\"\" \/>\t\n\t\t\t\t\t\t\t\t\t\t\t\t\t\t\t<div class=\"as-layer as-closed as-black as-padding\">3<\/div>\n\t\t\t\t\t\t\t\t\t\t\t\t\t<\/div>\n\t\t\t\t\t\t\t\t\t\t\t<div class=\"as-wposslide\">\n\t\t\t\t\t\t\t\t\t\t\t\t\t\t\t<img decoding=\"async\" class=\"as-wposbg\" src=\"https:\/\/utcancun.edu.mx\/wp-content\/uploads\/2026\/04\/2-768x1024.png\" alt=\"\" \/>\t\n\t\t\t\t\t\t\t\t\t\t\t\t\t\t\t<div class=\"as-layer as-closed as-black as-padding\">2<\/div>\n\t\t\t\t\t\t\t\t\t\t\t\t\t<\/div>\n\t\t\t\t\t\t\t\t\t\t\t<div class=\"as-wposslide\">\n\t\t\t\t\t\t\t\t\t\t\t\t\t\t\t<img decoding=\"async\" class=\"as-wposbg\" src=\"https:\/\/utcancun.edu.mx\/wp-content\/uploads\/2026\/04\/5-1-768x1024.png\" alt=\"\" \/>\t\n\t\t\t\t\t\t\t\t\t\t\t\t\t\t\t<div class=\"as-layer as-closed as-black as-padding\">5<\/div>\n\t\t\t\t\t\t\t\t\t\t\t\t\t<\/div>\n\t\t\t\t\t\t\t\t\t\t\t<div class=\"as-wposslide\">\n\t\t\t\t\t\t\t\t\t\t\t\t\t\t\t<img decoding=\"async\" class=\"as-wposbg\" src=\"https:\/\/utcancun.edu.mx\/wp-content\/uploads\/2026\/04\/6-2-768x1024.png\" alt=\"\" \/>\t\n\t\t\t\t\t\t\t\t\t\t\t\t\t\t\t<div class=\"as-layer as-closed as-black as-padding\">6<\/div>\n\t\t\t\t\t\t\t\t\t\t\t\t\t<\/div>\n\t\t\t\t\t\t\t\t\t\t\t<div class=\"as-wposslide\">\n\t\t\t\t\t\t\t\t\t\t\t\t\t\t\t<img decoding=\"async\" class=\"as-wposbg\" src=\"https:\/\/utcancun.edu.mx\/wp-content\/uploads\/2026\/04\/4-2-768x1024.png\" alt=\"\" \/>\t\n\t\t\t\t\t\t\t\t\t\t\t\t\t\t\t<div class=\"as-layer as-closed as-black as-padding\">4<\/div>\n\t\t\t\t\t\t\t\t\t\t\t\t\t<\/div>\n\t\t\t\t\t\t\t\t\t<\/div>\n\t\t\t\t<div class=\"wpaas-conf wpaas-hide\">{\"visible_panels\":\"6\",\"width\":\"1200\",\"height\":\"300\",\"orientation\":\"horizontal\",\"panel_distance\":\"10\",\"max_openedaccordion_size\":\"100%\",\"open_panel_on\":\"hover\",\"shadow\":\"false\",\"autoplay\":\"true\",\"mouse_wheel\":\"false\"}<\/div><!-- end of-slider-conf -->\n\t\t\t<\/div><!-- end .msacwl-carousel -->\n\t\t<\/div><!-- end .msacwl-carousel-wrap -->\n\t\n<\/div>\n\n\n\n<p>&nbsp;<\/p>\n\n\n\n<p class=\"has-text-align-center has-medium-font-size\"><strong>VIS\u00cdTANOS<\/strong><\/p>\n\n\n\n<iframe \n  src=\"https:\/\/www.google.com\/maps\/embed?pb=!1m14!1m8!1m3!1d29786.96653762258!2d-86.8521389!3d21.0578468!3m2!1i1024!2i768!4f13.1!3m3!1m2!1s0x8f4e81c385c4677f%3A0x539479cfc0929edb!2sUniversidad%20Tecnol%C3%B3gica%20de%20Canc%C3%BAn%2C!5e0!3m2!1ses!2smx!4v1717456551141!5m2!1ses!2smx\" \n  width=\"100%\" \n  height=\"450\" \n  style=\"border:0;\" \n  allowfullscreen=\"\" \n  loading=\"lazy\">\n<\/iframe>\n\n\n\n\n\n\n\n<p><\/p>\n","protected":false},"excerpt":{"rendered":"<p>\u00a0 OFERTA EDUCATIVA SERVICIOS CON\u00d3CENOS NOTICIAS &nbsp; CONT\u00c1CTANOS Facebook Ver p\u00e1gina TikTok Ver perfil Instagram Ver perfil YouTube Ver canal LinkedIn Ver perfil X Ver perfil &nbsp; VIS\u00cdTANOS<\/p>\n","protected":false},"author":1,"featured_media":0,"parent":0,"menu_order":0,"comment_status":"closed","ping_status":"closed","template":"","meta":{"content-type":"","footnotes":""},"class_list":["post-25","page","type-page","status-publish","hentry"],"_links":{"self":[{"href":"https:\/\/utcancun.edu.mx\/index.php\/wp-json\/wp\/v2\/pages\/25","targetHints":{"allow":["GET"]}}],"collection":[{"href":"https:\/\/utcancun.edu.mx\/index.php\/wp-json\/wp\/v2\/pages"}],"about":[{"href":"https:\/\/utcancun.edu.mx\/index.php\/wp-json\/wp\/v2\/types\/page"}],"author":[{"embeddable":true,"href":"https:\/\/utcancun.edu.mx\/index.php\/wp-json\/wp\/v2\/users\/1"}],"replies":[{"embeddable":true,"href":"https:\/\/utcancun.edu.mx\/index.php\/wp-json\/wp\/v2\/comments?post=25"}],"version-history":[{"count":228,"href":"https:\/\/utcancun.edu.mx\/index.php\/wp-json\/wp\/v2\/pages\/25\/revisions"}],"predecessor-version":[{"id":5306,"href":"https:\/\/utcancun.edu.mx\/index.php\/wp-json\/wp\/v2\/pages\/25\/revisions\/5306"}],"wp:attachment":[{"href":"https:\/\/utcancun.edu.mx\/index.php\/wp-json\/wp\/v2\/media?parent=25"}],"curies":[{"name":"wp","href":"https:\/\/api.w.org\/{rel}","templated":true}]}}