{"id":2106,"date":"2025-01-23T15:48:09","date_gmt":"2025-01-23T21:48:09","guid":{"rendered":"http:\/\/192.168.1.237:8018\/?page_id=2106"},"modified":"2025-02-10T12:41:17","modified_gmt":"2025-02-10T18:41:17","slug":"pasillo-historico","status":"publish","type":"page","link":"https:\/\/utcancun.edu.mx\/index.php\/pasillo-historico\/","title":{"rendered":"Pasillo Hist\u00f3rico"},"content":{"rendered":"\n<p class=\"has-text-align-center\"><strong><mark style=\"background-color:rgba(0, 0, 0, 0)\" class=\"has-inline-color has-vivid-cyan-blue-color\">PASILLO HIST\u00d3RICO<\/mark><\/strong><\/p>\n\n\n\n<p>El pasillo hist\u00f3rico es un trabajo desarrollado por los estudiantes de la Universidad Tecnol\u00f3gica de Canc\u00fan (UT Canc\u00fan) BIS para adentrarse y conocer la historia del estado m\u00e1s joven de M\u00e9xico. Con el fin de fortalecer la identidad quintanarroense, de manera interactiva podr\u00e1n conocer acerca de este bello estado, que tiene una gran riqueza por mostrar a los visitantes.<\/p>\n\n\n\n<p>Para conocer un poco m\u00e1s de Quintana Roo, la historia se remonta a la \u00e9poca de los primeros pobladores mayas y a la conquista espa\u00f1ola.&nbsp;<\/p>\n\n\n\n<ul class=\"wp-block-list\">\n<li>Muyil&nbsp; conocido como Chunyaxch\u00e9, es uno de los primeros asentamientos mayas de la costa oriental de la pen\u00ednsula de Yucat\u00e1n, que data alrededor del a\u00f1o 300 a.C.<\/li>\n\n\n\n<li>Los itzaes fundaron en el a\u00f1o 435 d.C., la poblaci\u00f3n de Siyancaan Bakhalal que significa &#8220;puerta del cielo&#8221; y &#8220;lugar de carrizos&#8221;, conocida actualmente como Bacalar.<\/li>\n\n\n\n<li>Durante el per\u00edodo poscl\u00e1sico temprano (1000-1250 d.C.) llegaron a la pen\u00ednsula de Yucat\u00e1n los chontales, putunes, itzaes, xiues y toltecas.&nbsp;<\/li>\n<\/ul>\n\n\n\n<p><strong>Conquista espa\u00f1ola&nbsp;<\/strong><\/p>\n\n\n\n<ul class=\"wp-block-list\">\n<li>En 1505, Juan D\u00edaz de Sol\u00eds y Vicente Ya\u00f1ez Pinz\u00f3n fueron los primeros espa\u00f1oles en viajar por la pen\u00ednsula de Yucat\u00e1n.<\/li>\n\n\n\n<li>Melchor Pacheco fund\u00f3 la Villa de Salamanca de Bacalar en 1545.<\/li>\n<\/ul>\n\n\n\n<p><strong>Creaci\u00f3n del Territorio Federal de Quintana Roo&nbsp;<\/strong><\/p>\n\n\n\n<ul class=\"wp-block-list\">\n<li>El 24 de noviembre de 1902, el presidente Porfirio D\u00edaz Mori decret\u00f3 la creaci\u00f3n del Territorio Federal de Quintana Roo.<\/li>\n<\/ul>\n\n\n\n<p><strong>Creaci\u00f3n del Estado Libre y Soberano de Quintana Roo&nbsp;<\/strong><\/p>\n\n\n\n<ul class=\"wp-block-list\">\n<li>Desde su creaci\u00f3n como Territorio Federal, hasta el 8 de octubre de 1974 en que fue promovido a Estado Libre y Soberano, no existieron municipios y la divisi\u00f3n pol\u00edtica estatal estaba formada por 4 Delegaciones de Gobierno: Payo Obispo, Felipe Carrillo Puerto, Cozumel e Isla Mujeres.<\/li>\n\n\n\n<li>El 8 de octubre de 1974, el presidente Luis Echeverr\u00eda \u00c1lvarez decret\u00f3 la creaci\u00f3n del Estado Libre y Soberano de Quintana Roo.<\/li>\n\n\n\n<li>El estado de Quintana Roo se llama as\u00ed en honor a&nbsp;Andr\u00e9s Quintana Roo&nbsp;(1787-1851), un pol\u00edtico, escritor, poeta y periodista yucateco; quien fue un l\u00edder de las guerras de independencia de M\u00e9xico (1810-1821) y diputado que firm\u00f3 el Acta de Independencia.&nbsp;Fue esposo de Leona Vicario.&nbsp;<\/li>\n<\/ul>\n\n\n\n<p><strong>Creaci\u00f3n de municipios&nbsp;<\/strong><\/p>\n\n\n\n<ul class=\"wp-block-list\">\n<li>Cuando se decreta como un estado de la federaci\u00f3n (1974), se crean tambi\u00e9n 7 municipios: Oth\u00f3n P. Blanco, Felipe Carrillo Puerto, Jos\u00e9 Mar\u00eda Morelos, Cozumel, Benito Ju\u00e1rez, Isla Mujeres y L\u00e1zaro C\u00e1rdenas.<\/li>\n<\/ul>\n\n\n\n<ul class=\"wp-block-list\">\n<li>En 1993 se cre\u00f3 el municipio de Solidaridad.<\/li>\n\n\n\n<li>En 2008 se cre\u00f3 el municipio de Tulum<\/li>\n\n\n\n<li>En 2011 se cre\u00f3 el municipio de Bacalar.<\/li>\n\n\n\n<li>En 2015 se cre\u00f3 el municipio de Puerto Morelos.<\/li>\n<\/ul>\n\n\n\n<p><strong>Ubicaci\u00f3n geogr\u00e1fica<\/strong><\/p>\n\n\n\n<ul class=\"wp-block-list\">\n<li>El estado de Quintana Roo se encuentra en la pen\u00ednsula de Yucat\u00e1n, en la regi\u00f3n sureste de M\u00e9xico.&nbsp;Limita al norte con Yucat\u00e1n y al oeste con Campeche.&nbsp;<\/li>\n<\/ul>\n\n\n\n<p> \u00b7<strong>Capital<\/strong>: Chetumal, ubicada en el municipio de Oth\u00f3n P. Blanco<br> \u00b7<strong>Municipios<\/strong>: 11<br>&nbsp;\u00b7<strong>Extensi\u00f3n<\/strong>: Representa 2.3 % del territorio nacional.<br> \u00b7<strong>Poblaci\u00f3n<\/strong>: 1,857,985 habitantes, el 1.5 % del total del pa\u00eds.<br>&nbsp;\u00b7<strong>Distribuci\u00f3n de poblaci\u00f3n<\/strong>: 90 % urbana y 10 % rural<\/p>\n\n\n\n<p> \u00b7<strong>Escolaridad<\/strong>: 10.2 (poco m\u00e1s de primer a\u00f1o de educaci\u00f3n media superior); 9.7 el promedio nacional.<br> \u00b7<strong>Hablantes de lengua ind\u00edgena de 3 a\u00f1os y m\u00e1s<\/strong>: 12 de cada 100 personas. El 86.2% habla maya y el 2.7% Tzeltal<br> \u00b7<strong>Sector de actividad que m\u00e1s aporta al PIB estatal<\/strong>: Servicios de alojamiento temporal y de preparaci\u00f3n de alimentos y bebidas.<br> \u00b7<strong>Aportaci\u00f3n al PIB Nacional<\/strong>: 1.6 % siendo el turismo la actividad econ\u00f3mica preponderante<\/p>\n\n\n\n<p>Te invitamos a conocer m\u00e1s de la historia de Quintana Roo, visita los siguientes videos que fueron realizados por nuestros estudiantes.<\/p>\n\n\n\n<div class=\"su-spoiler su-spoiler-style-default su-spoiler-icon-plus su-spoiler-closed\" data-anchor=\"a\" data-scroll-offset=\"0\" data-anchor-in-url=\"no\"><div class=\"su-spoiler-title\" tabindex=\"0\" role=\"button\"><span class=\"su-spoiler-icon\"><\/span><strong>Quintana Roo antes de ser M\u00e9xico<\/strong><\/div><div class=\"su-spoiler-content su-u-clearfix su-u-trim\">\n\n\n\n<ul class=\"wp-block-list\">\n<li><a href=\"https:\/\/youtu.be\/sS-UDIeiA34\">Kukulkan <\/a><\/li>\n\n\n\n<li><a href=\"https:\/\/youtu.be\/q95BkP9tLkk\">Chaac<\/a><\/li>\n\n\n\n<li><a href=\"https:\/\/youtu.be\/1wv3hDorjMc\">Sac Nicte<\/a><\/li>\n\n\n\n<li><a href=\"https:\/\/youtu.be\/dNv1JtGNWEM\">Nachan Can <\/a><\/li>\n\n\n\n<li>Nahum Pat <\/li>\n\n\n\n<li><a href=\"https:\/\/youtu.be\/bTI3abAUE8A\">Gonzalo Guerrero <\/a><\/li>\n\n\n\n<li>Francisco de Montejo <\/li>\n\n\n\n<li><a href=\"https:\/\/youtu.be\/-5cvr5x6JQc\">Nachi Cocom <\/a><\/li>\n\n\n\n<li><a href=\"https:\/\/youtu.be\/u4c_tO8okE8\">Jacinto Canek <\/a><\/li>\n\n\n\n<li><a href=\"https:\/\/youtu.be\/7QcYGI6AZMo\">Payo Obispo <\/a><\/li>\n<\/ul>\n\n\n\n<\/div><\/div><div class=\"su-spoiler su-spoiler-style-default su-spoiler-icon-plus su-spoiler-closed\" data-anchor=\"a\" data-scroll-offset=\"0\" data-anchor-in-url=\"no\"><div class=\"su-spoiler-title\" tabindex=\"0\" role=\"button\"><span class=\"su-spoiler-icon\"><\/span><strong>Quintana Roo como parte de Yucat\u00e1n <\/strong><\/div><div class=\"su-spoiler-content su-u-clearfix su-u-trim\">\n\n\n\n<ul class=\"wp-block-list\">\n<li><a href=\"https:\/\/youtu.be\/7_DLu_ZS3Bg\">Andres Quintana Roo <\/a><\/li>\n\n\n\n<li><a href=\"https:\/\/youtu.be\/BiS8u_n8AKc\">Leona Vicario <\/a><\/li>\n\n\n\n<li><a href=\"https:\/\/youtu.be\/np1ThMmHePs\">Cecilio Chi <\/a><\/li>\n\n\n\n<li><a href=\"https:\/\/youtu.be\/2qO3RGonKOI\">Jacinto Pat <\/a><\/li>\n\n\n\n<li><a href=\"https:\/\/youtu.be\/b2R0wr1c7Lo\">Miguel Barbachano <\/a><\/li>\n\n\n\n<li><a href=\"https:\/\/youtu.be\/ma9DOETcVFk\">Ferm\u00edn Mundaca <\/a><\/li>\n\n\n\n<li><a href=\"https:\/\/youtu.be\/32eBhZKX5oQ\">Manuel Jos\u00e9 Sierra M\u00e9ndez <\/a><\/li>\n\n\n\n<li><a href=\"https:\/\/youtu.be\/MNthjllzWh0\">Venancio Pec <\/a><\/li>\n\n\n\n<li><a href=\"https:\/\/youtu.be\/GVi0nFRXo_M\">Mar\u00eda Ulicab <\/a><\/li>\n\n\n\n<li><a href=\"https:\/\/youtu.be\/R9_0e5XEcLI\">Jose Mar\u00eda Barrera <\/a><\/li>\n<\/ul>\n\n\n\n<\/div><\/div><div class=\"su-spoiler su-spoiler-style-default su-spoiler-icon-plus su-spoiler-closed\" data-anchor=\"a\" data-scroll-offset=\"0\" data-anchor-in-url=\"no\"><div class=\"su-spoiler-title\" tabindex=\"0\" role=\"button\"><span class=\"su-spoiler-icon\"><\/span><strong>Quintana Roo como Territorio <\/strong><\/div><div class=\"su-spoiler-content su-u-clearfix su-u-trim\">\n\n\n\n<\/div><\/div><div class=\"su-spoiler su-spoiler-style-default su-spoiler-icon-plus su-spoiler-closed\" data-anchor=\"a\" data-scroll-offset=\"0\" data-anchor-in-url=\"no\"><div class=\"su-spoiler-title\" tabindex=\"0\" role=\"button\"><span class=\"su-spoiler-icon\"><\/span><strong>Quintana Roo como Estado Libre <\/strong><\/div><div class=\"su-spoiler-content su-u-clearfix su-u-trim\">\n\n\n\n<ul class=\"wp-block-list\">\n<li><a href=\"https:\/\/youtu.be\/8X2YGZCRj0w\">Rodrigo G\u00f3mez G\u00f3mez <\/a><\/li>\n\n\n\n<li><a href=\"https:\/\/youtu.be\/3xyRLKO7X3A\">Antonio Enrique Sabignac<\/a><\/li>\n\n\n\n<li><a href=\"https:\/\/youtu.be\/9dDWKwUrwIs\">Ernesto Fern\u00e1ndez Hurtado <\/a><\/li>\n\n\n\n<li><a href=\"https:\/\/youtu.be\/PyNnrLo6jBY\">Jos\u00e9 de Jes\u00fas Lima Gutierrez <\/a><\/li>\n\n\n\n<li><a href=\"https:\/\/youtu.be\/JD01Yqao35U\">Miguel Sanchez Azueta <\/a><\/li>\n\n\n\n<li><a href=\"https:\/\/youtu.be\/RaMr-Yf8SUs\">Mar\u00eda Cristina Sangri Aguilar<\/a><\/li>\n\n\n\n<li><a href=\"https:\/\/youtu.be\/Y1yyy9PdWDs\">Vital Jes\u00fas Carmichael Jimenez <\/a><\/li>\n\n\n\n<li><a href=\"https:\/\/youtu.be\/RACb6wNW8-M\">Fausto Nassim Joaqu\u00edn Ibarra <\/a><\/li>\n\n\n\n<li><a href=\"https:\/\/youtu.be\/TCnflP1EIC0\">Mar\u00eda Cristina Castro Sari\u00f1ana <\/a><\/li>\n\n\n\n<li><a href=\"https:\/\/youtu.be\/2xpEAzXIR9Q\">Primitivo Alonso Alcocer <\/a><\/li>\n<\/ul>\n\n\n\n<\/div><\/div>\n","protected":false},"excerpt":{"rendered":"<p>PASILLO HIST\u00d3RICO El pasillo hist\u00f3rico es un trabajo desarrollado por los estudiantes de la Universidad Tecnol\u00f3gica de Canc\u00fan (UT Canc\u00fan) BIS para adentrarse y conocer la historia del estado m\u00e1s joven de M\u00e9xico. Con el fin de fortalecer la identidad quintanarroense, de manera interactiva podr\u00e1n conocer acerca de este bello estado, que tiene una gran [&hellip;]<\/p>\n","protected":false},"author":1,"featured_media":0,"parent":0,"menu_order":0,"comment_status":"closed","ping_status":"closed","template":"","meta":{"content-type":"","footnotes":""},"class_list":["post-2106","page","type-page","status-publish","hentry"],"_links":{"self":[{"href":"https:\/\/utcancun.edu.mx\/index.php\/wp-json\/wp\/v2\/pages\/2106","targetHints":{"allow":["GET"]}}],"collection":[{"href":"https:\/\/utcancun.edu.mx\/index.php\/wp-json\/wp\/v2\/pages"}],"about":[{"href":"https:\/\/utcancun.edu.mx\/index.php\/wp-json\/wp\/v2\/types\/page"}],"author":[{"embeddable":true,"href":"https:\/\/utcancun.edu.mx\/index.php\/wp-json\/wp\/v2\/users\/1"}],"replies":[{"embeddable":true,"href":"https:\/\/utcancun.edu.mx\/index.php\/wp-json\/wp\/v2\/comments?post=2106"}],"version-history":[{"count":6,"href":"https:\/\/utcancun.edu.mx\/index.php\/wp-json\/wp\/v2\/pages\/2106\/revisions"}],"predecessor-version":[{"id":2447,"href":"https:\/\/utcancun.edu.mx\/index.php\/wp-json\/wp\/v2\/pages\/2106\/revisions\/2447"}],"wp:attachment":[{"href":"https:\/\/utcancun.edu.mx\/index.php\/wp-json\/wp\/v2\/media?parent=2106"}],"curies":[{"name":"wp","href":"https:\/\/api.w.org\/{rel}","templated":true}]}}