{"id":1981,"date":"2025-01-06T09:14:50","date_gmt":"2025-01-06T15:14:50","guid":{"rendered":"http:\/\/192.168.1.237:8018\/?page_id=1981"},"modified":"2026-04-21T16:07:36","modified_gmt":"2026-04-21T22:07:36","slug":"transparencia-2","status":"publish","type":"page","link":"https:\/\/utcancun.edu.mx\/index.php\/transparencia-2\/","title":{"rendered":"Transparencia"},"content":{"rendered":"\n<div class=\"su-spoiler su-spoiler-style-default su-spoiler-icon-plus su-spoiler-closed\" data-anchor=\"a\" data-scroll-offset=\"0\" data-anchor-in-url=\"no\"><div class=\"su-spoiler-title\" tabindex=\"0\" role=\"button\"><span class=\"su-spoiler-icon\"><\/span>Obligaciones de Transparencia<\/div><div class=\"su-spoiler-content su-u-clearfix su-u-trim\">\n\n\n\n<p class=\"has-text-align-center\">En el presente apartado podr\u00e1 acceder a la informaci\u00f3n P\u00fablica de la Universidad Tecnol\u00f3gica de Canc\u00fan, para cumplir con sus Obligaciones de Transparencia establecidas en la Ley General de Transparencia y Acceso a la Informaci\u00f3n P\u00fablica y la Ley de Transparencia y Acceso a la Informaci\u00f3n P\u00fablica para el Estado de Quintana Roo, de acuerdo con la Tabla de Aplicabilidad aprobada por el Pleno.<\/p>\n\n\n<div class=\"wp-block-image\">\n<figure class=\"aligncenter is-resized\"><a href=\"https:\/\/consultapublicamx.plataformadetransparencia.org.mx\/vut-web\/faces\/view\/consultaPublica.xhtml#obligaciones\"><img decoding=\"async\" src=\"https:\/\/www.uqroo.mx\/transparencia\/logoheader.jpeg\" alt=\"\" style=\"width:416px;height:auto\"\/><\/a><\/figure><\/div>\n\n\n<p class=\"has-text-align-center\"><strong><mark style=\"background-color:rgba(0, 0, 0, 0)\" class=\"has-inline-color has-vivid-green-cyan-color\"><a href=\"https:\/\/consultapublicamx.plataformadetransparencia.org.mx\/vut-web\/faces\/view\/consultaPublica.xhtml#obligaciones\">Ingresar<\/a><\/mark><\/strong><\/p>\n\n\n\n<\/div><\/div><div class=\"su-spoiler su-spoiler-style-default su-spoiler-icon-plus su-spoiler-closed\" data-anchor=\"a\" data-scroll-offset=\"0\" data-anchor-in-url=\"no\"><div class=\"su-spoiler-title\" tabindex=\"0\" role=\"button\"><span class=\"su-spoiler-icon\"><\/span>Unidad de Transparencia<\/div><div class=\"su-spoiler-content su-u-clearfix su-u-trim\">\n\n\n\n<p>El art\u00edculo 64 de la&nbsp;<strong>Ley de Transparencia y Acceso a la Informaci\u00f3n P\u00fablica para el Estado de Quintana Roo<\/strong>, establece que las Unidades de Transparencia ser\u00e1n el enlace entre los sujetos obligados y el solicitante, establecer\u00e1n sus oficinas en lugares visibles y accesibles al p\u00fablico, ya que son las responsables de la atenci\u00f3n de las solicitudes de informaci\u00f3n y gozar\u00e1n de autonom\u00eda de gesti\u00f3n a fin de cumplir con sus funciones y las disposiciones de esta Ley.<\/p>\n\n\n\n<figure class=\"wp-block-image size-large\"><img fetchpriority=\"high\" decoding=\"async\" width=\"1024\" height=\"791\" src=\"http:\/\/192.168.1.237:8018\/wp-content\/uploads\/2025\/11\/COMITE\u0301-Transparencia-2025-1-1024x791.png\" alt=\"\" class=\"wp-image-4271\" srcset=\"https:\/\/utcancun.edu.mx\/wp-content\/uploads\/2025\/11\/COMITE\u0301-Transparencia-2025-1-1024x791.png 1024w, https:\/\/utcancun.edu.mx\/wp-content\/uploads\/2025\/11\/COMITE\u0301-Transparencia-2025-1-300x232.png 300w, https:\/\/utcancun.edu.mx\/wp-content\/uploads\/2025\/11\/COMITE\u0301-Transparencia-2025-1-768x593.png 768w, https:\/\/utcancun.edu.mx\/wp-content\/uploads\/2025\/11\/COMITE\u0301-Transparencia-2025-1-320x247.png 320w, https:\/\/utcancun.edu.mx\/wp-content\/uploads\/2025\/11\/COMITE\u0301-Transparencia-2025-1-480x371.png 480w, https:\/\/utcancun.edu.mx\/wp-content\/uploads\/2025\/11\/COMITE\u0301-Transparencia-2025-1-800x618.png 800w, https:\/\/utcancun.edu.mx\/wp-content\/uploads\/2025\/11\/COMITE\u0301-Transparencia-2025-1.png 1200w\" sizes=\"(max-width: 1024px) 100vw, 1024px\" \/><\/figure>\n\n\n\n<p class=\"has-text-align-center\"><strong>Contacto con la Unidad de Transparencia<\/strong> <\/p>\n\n\n\n<p class=\"has-text-align-center\"><strong><em>Correo electr\u00f3nico:<\/em><\/strong> unidad_transparencia@utcancun.edu.mx<\/p>\n\n\n\n<p class=\"has-text-align-center\"><strong><em>Direcci\u00f3n:<\/em><\/strong> Carretera Canc\u00fan-Aeropuerto, S.M 299-Km. 11.5, 77560 Q.<\/p>\n\n\n\n<p class=\"has-text-align-center\"><strong><em>Solicitudes de informaci\u00f3n:<\/em><\/strong> <a href=\"https:\/\/www.plataformadetransparencia.org.mx\">https:\/\/www.plataformadetransparencia.org.mx<\/a><\/p>\n\n\n\n<p class=\"has-text-align-center\"><strong><em>Horarios de atenci\u00f3n:<\/em><\/strong> Lunes a Viernes 9:00 a 16:00 hrs.<\/p>\n\n\n\n<p class=\"has-text-align-left\"><\/div><\/div><div class=\"su-spoiler su-spoiler-style-default su-spoiler-icon-plus su-spoiler-closed\" data-anchor=\"a\" data-scroll-offset=\"0\" data-anchor-in-url=\"no\"><div class=\"su-spoiler-title\" tabindex=\"0\" role=\"button\"><span class=\"su-spoiler-icon\"><\/span>Solicitudes de informaci\u00f3n y ejercicio de derechos ARCO<\/div><div class=\"su-spoiler-content su-u-clearfix su-u-trim\">\n\n\n\n<p class=\"has-text-align-left\"><\/p>\n\n\n\n<div class=\"wp-block-columns is-layout-flex wp-container-core-columns-is-layout-1 wp-block-columns-is-layout-flex\">\n<div class=\"wp-block-column is-layout-flow wp-block-column-is-layout-flow\">\n<p><img decoding=\"async\" src=\"\/wp-content\/uploads\/2024\/12\/Captura-de-pantalla-2024-12-11-a-las-10.52.03\u202fa.m-1024x725.png\" alt=\"\"><\/p>\n<\/div>\n\n\n\n<div class=\"wp-block-column is-layout-flow wp-block-column-is-layout-flow\">\n<p><img decoding=\"async\" src=\"\/wp-content\/uploads\/2024\/12\/Captura-de-pantalla-2024-12-11-a-las-10.55.36\u202fa.m-1024x992.png\" alt=\"\" style=\"\"><\/p>\n<\/div>\n<\/div>\n\n\n\n<p class=\"has-text-align-center\"><strong>https:\/\/www.plataformadetransparencia.org.mx\/Inicio<\/strong><\/p>\n\n\n\n<p><strong>Formatos:<\/strong><\/p>\n\n\n\n<ul class=\"wp-block-list\">\n<li><a href=\"\/wp-content\/uploads\/2025\/06\/Formato-Solicitud-de-Informacion-Publica_-UT-CANCU\u0301N.pdf\" target=\"_blank\" rel=\"noreferrer noopener\">Formato Solicitud de Informaci\u00f3n P\u00fablica.<\/a><\/li>\n\n\n\n<li><a href=\"\/wp-content\/uploads\/2025\/06\/Formato-Solicitud-DerechosARCO_UT-CANCUN.pdf\" target=\"_blank\" rel=\"noreferrer noopener\">Formato de Solicitud para el ejercicio de los derechos ARCO (Acceso, Rectificaci\u00f3n, Cancelaci\u00f3n Y Oposici\u00f3n) de datos personales.<\/a><\/li>\n\n\n\n<li><a href=\"\/wp-content\/uploads\/2025\/06\/FRR-Acceso-a-la-Informacion_UT-CANCU\u0301N.pdf\" target=\"_blank\" rel=\"noreferrer noopener\">Recepci\u00f3n de Recurso de Revisi\u00f3n en contra de las respuestas a las solicitudes de acceso a la informaci\u00f3n de los sujetos obligados del poder ejecutivo.<\/a><\/li>\n\n\n\n<li><a href=\"\/wp-content\/uploads\/2025\/06\/FRR-ARCOyP_UT-CANCU\u0301N.pdf\" target=\"_blank\" rel=\"noreferrer noopener\">Recepci\u00f3n de Recurso de Revisi\u00f3n en contra de las respuestas a las solicitudes de derecho ARCO.<\/a><\/li>\n\n\n\n<li><a href=\"\/wp-content\/uploads\/2025\/06\/Formato-denuncia-por-Incumplimiento_UT-CANCU\u0301N.pdf\" target=\"_blank\" rel=\"noreferrer noopener\">Formato denuncia por Incumplimiento.<\/a><\/li>\n<\/ul>\n\n\n\n<\/div><\/div><div class=\"su-spoiler su-spoiler-style-default su-spoiler-icon-plus su-spoiler-closed\" data-anchor=\"a\" data-scroll-offset=\"0\" data-anchor-in-url=\"no\"><div class=\"su-spoiler-title\" tabindex=\"0\" role=\"button\"><span class=\"su-spoiler-icon\"><\/span>Transparencia Local<\/div><div class=\"su-spoiler-content su-u-clearfix su-u-trim\">\n\n\n\n<figure class=\"wp-block-table\"><table class=\"has-fixed-layout\"><tbody><tr><td class=\"has-text-align-center\" data-align=\"center\"><br><img decoding=\"async\" src=\"\/wp-content\/uploads\/2024\/12\/1-2.png\" alt=\"\"><br><strong><a href=\"http:\/\/www.idaipqroo.org.mx\/vinculacion-sujetos-obligados\/semaforizacion-de-cumplimiento\/\" target=\"_blank\" rel=\"noreferrer noopener\">Semaforizaci\u00f3n de Cumplimiento de las Obligaciones De Transparencia<\/a><\/strong><\/td><td class=\"has-text-align-center\" data-align=\"center\"><img decoding=\"async\" src=\"\/wp-content\/uploads\/2024\/12\/2-4.png\" alt=\"\"><br><a href=\"https:\/\/consultapublicamx.plataformadetransparencia.org.mx\/vut-web\/faces\/view\/consultaPublica.xhtml?param=0v\/t6WJ9i10=?HIIJpqYmau4=?fNUbEDuTSDo=?Ro4T0r6GyqA=?lLm0wCM9DUW2IUBQHZu\/R01W2FFBVGrEdS7A2u4OqBsTuFVpjffRmGqHTlsKG4oao1KWMiNNFAs=?WVwjpvq4hDM=?lLm0wCM9DUW2IUBQHZu\/R01W2FFBVGrEdS7A2u4OqBsTuFVpjffRmGqHTlsKG4oao1KWMiNNFAs=?gtkiDoug3JQ=?q73eYbqqHXg=?\/xoRfMVrMBw=#inicio\" target=\"_blank\" rel=\"noreferrer noopener\"><strong>Presupuesto<\/strong> <br><strong>Egresos\/Distribuci\u00f3n<\/strong><\/a><\/td><td class=\"has-text-align-center\" data-align=\"center\"><img decoding=\"async\" src=\"\/wp-content\/uploads\/2024\/12\/3-1.png\" alt=\"\"><br><a href=\"https:\/\/tinyurl.com\/268j7rtc\" target=\"_blank\" rel=\"noreferrer noopener\"><strong>Disposiciones <\/strong><br><strong>Administrativas<\/strong><\/a><\/td><\/tr><tr><td class=\"has-text-align-center\" data-align=\"center\"><br><img decoding=\"async\" src=\"\/wp-content\/uploads\/2024\/12\/4.png\" alt=\"\"><br><strong>Calendario de Actividades<\/strong><br><strong><a href=\"\/wp-content\/uploads\/2026\/04\/CALENDARIO-DE-ACTIVIDADES-cultura-2026.odp\" target=\"_blank\" rel=\"noreferrer noopener\">Culturales<\/a> | <a href=\"\/wp-content\/uploads\/2026\/04\/CALENDARIO-DE-ACTIVIDADES-Deportivas-2026_compressed.pdf\" target=\"_blank\" rel=\"noreferrer noopener\">Deportivas <\/a><\/strong><br><strong>\u00a0<\/strong><\/td><td class=\"has-text-align-center\" data-align=\"center\"><img decoding=\"async\" src=\"\/wp-content\/uploads\/2025\/01\/Black-Oranye-Archetype-Inspired-Logo.png\" alt=\"\"><br><strong><a href=\"https:\/\/drive.google.com\/file\/d\/15tXjlvmY2Or1_SctgWTOasnjwwyT6dji\/view\" target=\"_blank\" rel=\"noreferrer noopener\">Programa de Protecci\u00f3n Civil Vigente<\/a><\/strong><\/td><td class=\"has-text-align-center\" data-align=\"center\"><br><img decoding=\"async\" src=\"\/wp-content\/uploads\/2024\/12\/5.png\" alt=\"\"><br><strong><a href=\"\/index.php\/denuncias-por-incumplimiento-a-las-obligaciones-de-transparencia\/\">Denuncias por Incumplimiento a las Obligaciones de Transparencia<\/a><\/strong><\/td><\/tr><tr><td class=\"has-text-align-center\" data-align=\"center\"><img decoding=\"async\" src=\"\/wp-content\/uploads\/2024\/12\/6.png\" alt=\"\"><br><strong><a href=\"\/index.php\/informes-de-resultados\/\">Informe de Resultados<\/a><\/strong><\/td><td class=\"has-text-align-center\" data-align=\"center\"><img decoding=\"async\" src=\"\/wp-content\/uploads\/2024\/12\/7.png\" alt=\"\"><br><strong><a href=\"https:\/\/drive.google.com\/file\/d\/1s3C8QymWT0WnDlg51Toz7T8Y0-kG8pJJ\/view?usp=sharing\">Logo<\/a><\/strong><\/td><td class=\"has-text-align-center\" data-align=\"center\"><img decoding=\"async\" src=\"\/wp-content\/uploads\/2024\/12\/8.png\" alt=\"\"><br><strong><a href=\"\/index.php\/programa-para-el-desarrollo-profesional-docente-prodep\/\">PRODEP<\/a><\/strong><\/td><\/tr><\/tbody><tfoot><tr><td class=\"has-text-align-center\" data-align=\"center\"><\/td><td class=\"has-text-align-center\" data-align=\"center\"><\/td><td class=\"has-text-align-center\" data-align=\"center\"><\/td><\/tr><\/tfoot><\/table><\/figure>\n\n\n\n<\/div><\/div><div class=\"su-spoiler su-spoiler-style-default su-spoiler-icon-plus su-spoiler-closed\" data-anchor=\"a\" data-scroll-offset=\"0\" data-anchor-in-url=\"no\"><div class=\"su-spoiler-title\" tabindex=\"0\" role=\"button\"><span class=\"su-spoiler-icon\"><\/span>Directorio<\/div><div class=\"su-spoiler-content su-u-clearfix su-u-trim\">\n\n\n\n<iframe src=\"https:\/\/archivo.transparencia.qroo.gob.mx\/portal\/Transparencia\/directoriodependencia.php?IdUbicacion=146\" height=\"800px\" style=\"border:none;\"><\/iframe>\n\n\n\n<p><\/p>\n\n\n\n<p><\/p>\n\n\n\n<\/div><\/div><div class=\"su-spoiler su-spoiler-style-default su-spoiler-icon-plus su-spoiler-closed\" data-anchor=\"a\" data-scroll-offset=\"0\" data-anchor-in-url=\"no\"><div class=\"su-spoiler-title\" tabindex=\"0\" role=\"button\"><span class=\"su-spoiler-icon\"><\/span>Honorable Consejo Directivo de la UTC<\/div><div class=\"su-spoiler-content su-u-clearfix su-u-trim\">\n\n\n\n<figure class=\"wp-block-image size-large\"><img decoding=\"async\" width=\"1024\" height=\"576\" src=\"http:\/\/192.168.1.237:8018\/wp-content\/uploads\/2025\/11\/ORGANIGRAMA-Consejo-Directivo_1-1-1-1024x576.png\" alt=\"\" class=\"wp-image-4277\" srcset=\"https:\/\/utcancun.edu.mx\/wp-content\/uploads\/2025\/11\/ORGANIGRAMA-Consejo-Directivo_1-1-1-1024x576.png 1024w, https:\/\/utcancun.edu.mx\/wp-content\/uploads\/2025\/11\/ORGANIGRAMA-Consejo-Directivo_1-1-1-300x169.png 300w, https:\/\/utcancun.edu.mx\/wp-content\/uploads\/2025\/11\/ORGANIGRAMA-Consejo-Directivo_1-1-1-768x432.png 768w, https:\/\/utcancun.edu.mx\/wp-content\/uploads\/2025\/11\/ORGANIGRAMA-Consejo-Directivo_1-1-1-320x180.png 320w, https:\/\/utcancun.edu.mx\/wp-content\/uploads\/2025\/11\/ORGANIGRAMA-Consejo-Directivo_1-1-1-480x270.png 480w, https:\/\/utcancun.edu.mx\/wp-content\/uploads\/2025\/11\/ORGANIGRAMA-Consejo-Directivo_1-1-1-800x450.png 800w, https:\/\/utcancun.edu.mx\/wp-content\/uploads\/2025\/11\/ORGANIGRAMA-Consejo-Directivo_1-1-1.png 1366w\" sizes=\"(max-width: 1024px) 100vw, 1024px\" \/><\/figure>\n\n\n\n<p>El Honorable Consejo Directivo es el \u00f3rgano m\u00e1ximo de gobierno de nuestra universidad. Encargado de definir las pol\u00edticas y estrategias institucionales, este consejo est\u00e1 compuesto por representantes de diferentes sectores externos de la Comunidad Universitaria o de sectores profesionales. Su labor es fundamental para garantizar la calidad acad\u00e9mica, la buena gesti\u00f3n administrativa y el cumplimiento de la misi\u00f3n institucional.<\/p>\n\n\n\n<div class=\"su-tabs su-tabs-style-default su-tabs-mobile-stack\" data-active=\"1\" data-scroll-offset=\"0\" data-anchor-in-url=\"no\"><div class=\"su-tabs-nav\"><span class=\"\" data-url=\"\" data-target=\"blank\" tabindex=\"0\" role=\"button\">2025<\/span><span class=\"\" data-url=\"\" data-target=\"blank\" tabindex=\"0\" role=\"button\">2024<\/span><\/div><div class=\"su-tabs-panes\"><div class=\"su-tabs-pane su-u-clearfix su-u-trim\" data-title=\"2025\">\n\n\n\n<figure class=\"wp-block-table is-style-stripes\"><table class=\"has-fixed-layout\"><tbody><tr><td><\/td><td class=\"has-text-align-center\" data-align=\"center\">1<\/td><td class=\"has-text-align-center\" data-align=\"center\">2<\/td><td class=\"has-text-align-center\" data-align=\"center\">3<\/td><td class=\"has-text-align-center\" data-align=\"center\">4<\/td><\/tr><tr><td>SESIONES ORDINARIAS <\/td><td class=\"has-text-align-center\" data-align=\"center\"><a href=\"\/wp-content\/uploads\/2025\/10\/Acta-1Shcd-2025_compressed.pdf\" target=\"_blank\" rel=\"noreferrer noopener\">\u2713<\/a><\/td><td class=\"has-text-align-center\" data-align=\"center\"><\/td><td class=\"has-text-align-center\" data-align=\"center\"><\/td><td class=\"has-text-align-center\" data-align=\"center\"><a href=\"\/wp-content\/uploads\/2025\/11\/Acta-4Shcd-2024.pdf\" target=\"_blank\" rel=\"noreferrer noopener\">\u2713<\/a><\/td><\/tr><tr><td>ACUERDOS DE LAS SESIONES <\/td><td class=\"has-text-align-center\" data-align=\"center\"><a href=\"\/wp-content\/uploads\/2025\/10\/HCD_Seguimiento-de-Acuerdos-S1-2025.pdf\" target=\"_blank\" rel=\"noreferrer noopener\">\u2713<\/a><\/td><td class=\"has-text-align-center\" data-align=\"center\"><\/td><td class=\"has-text-align-center\" data-align=\"center\"><\/td><td class=\"has-text-align-center\" data-align=\"center\"><\/td><\/tr><tr><td>INFORME DE DESEMPE\u00d1O DE ACTIVIDADES <\/td><td class=\"has-text-align-center\" data-align=\"center\"><a href=\"\/wp-content\/uploads\/2025\/10\/HCD_Informe-de-desempen\u0303o-S1-2025.pdf\" target=\"_blank\" rel=\"noreferrer noopener\">\u2713<\/a><\/td><td class=\"has-text-align-center\" data-align=\"center\"><\/td><td class=\"has-text-align-center\" data-align=\"center\"><\/td><td class=\"has-text-align-center\" data-align=\"center\"><\/td><\/tr><\/tbody><\/table><\/figure>\n\n\n\n<\/div>\n<div class=\"su-tabs-pane su-u-clearfix su-u-trim\" data-title=\"2024\">\n\n\n\n<figure class=\"wp-block-table is-style-stripes\"><table class=\"has-fixed-layout\"><tbody><tr><td><\/td><td class=\"has-text-align-center\" data-align=\"center\">1<\/td><td class=\"has-text-align-center\" data-align=\"center\">2<\/td><td class=\"has-text-align-center\" data-align=\"center\">3<\/td><td class=\"has-text-align-center\" data-align=\"center\">4<\/td><\/tr><tr><td>SESIONES ORDINARIAS <\/td><td class=\"has-text-align-center\" data-align=\"center\"><a href=\"\/wp-content\/uploads\/2025\/01\/1ERA-ORDINARIA-2024_compressed.pdf\" target=\"_blank\" rel=\"noreferrer noopener\">\u2713<\/a><\/td><td class=\"has-text-align-center\" data-align=\"center\"><a href=\"\/wp-content\/uploads\/2025\/01\/ACTA-DE-LA-2D-SO-2024.pdf\" target=\"_blank\" rel=\"noreferrer noopener\">\u2713<\/a><\/td><td class=\"has-text-align-center\" data-align=\"center\"><a href=\"\/wp-content\/uploads\/2025\/01\/acta-de-la-3ra-sesion-validada.pdf\" target=\"_blank\" rel=\"noreferrer noopener\">\u2713<\/a><\/td><td class=\"has-text-align-center\" data-align=\"center\"><a href=\"\/wp-content\/uploads\/2025\/10\/Acta-4Shcd-2024_compressed.pdf\" target=\"_blank\" rel=\"noreferrer noopener\">\u2713<\/a><\/td><\/tr><tr><td>ACUERDOS DE LAS SESIONES <\/td><td class=\"has-text-align-center\" data-align=\"center\"><a href=\"\/wp-content\/uploads\/2025\/01\/SEGUIMIENTO-DE-ACUERDOS.pdf\" target=\"_blank\" rel=\"noreferrer noopener\">\u2713<\/a><\/td><td class=\"has-text-align-center\" data-align=\"center\"><a href=\"\/wp-content\/uploads\/2025\/01\/SEGUIMIENTO-DE-ACUERDOS-1.pdf\" target=\"_blank\" rel=\"noreferrer noopener\">\u2713<\/a><\/td><td class=\"has-text-align-center\" data-align=\"center\"><a href=\"\/wp-content\/uploads\/2025\/01\/SEGUIMIENTO-DE-ACUERDOS-2.pdf\" target=\"_blank\" rel=\"noreferrer noopener\">\u2713<\/a><\/td><td class=\"has-text-align-center\" data-align=\"center\"><a href=\"\/wp-content\/uploads\/2025\/01\/SEGUIMIENTO-DE-ACUERDOS-3.pdf\" target=\"_blank\" rel=\"noreferrer noopener\">\u2713<\/a><\/td><\/tr><tr><td>INFORME DE DESEMPE\u00d1O DE ACTIVIDADES <\/td><td class=\"has-text-align-center\" data-align=\"center\"><a href=\"\/wp-content\/uploads\/2025\/01\/INFORME-DEL-PERIODO.pdf\" target=\"_blank\" rel=\"noreferrer noopener\">\u2713<\/a><\/td><td class=\"has-text-align-center\" data-align=\"center\"><a href=\"\/wp-content\/uploads\/2025\/01\/INFORME-DE-ACTIVIDADES.pdf\" target=\"_blank\" rel=\"noreferrer noopener\">\u2713<\/a><\/td><td class=\"has-text-align-center\" data-align=\"center\"><a href=\"\/wp-content\/uploads\/2025\/01\/INFORME-DE-ACTIVIDADES-1.pdf\" target=\"_blank\" rel=\"noreferrer noopener\">\u2713<\/a><\/td><td class=\"has-text-align-center\" data-align=\"center\"><a href=\"\/wp-content\/uploads\/2025\/01\/INFORME-DE-ACTIVIDADES-2.pdf\" target=\"_blank\" rel=\"noreferrer noopener\">\u2713<\/a><\/td><\/tr><\/tbody><\/table><\/figure>\n\n\n\n<\/div><\/div><\/div><br><\/p>\n\n\n\n<\/div><\/div><div class=\"su-spoiler su-spoiler-style-default su-spoiler-icon-plus su-spoiler-closed\" data-anchor=\"a\" data-scroll-offset=\"0\" data-anchor-in-url=\"no\"><div class=\"su-spoiler-title\" tabindex=\"0\" role=\"button\"><span class=\"su-spoiler-icon\"><\/span>Marco Legal<\/div><div class=\"su-spoiler-content su-u-clearfix su-u-trim\">\n\n\n\n<p>&nbsp; <u><a href=\"\/index.php\/marco-legal\/\">Legal<\/a><\/u><\/p>\n\n\n\n<\/div><\/div>\n\n\n\n<div class=\"su-spoiler su-spoiler-style-default su-spoiler-icon-plus su-spoiler-closed\" data-anchor=\"a\" data-scroll-offset=\"0\" data-anchor-in-url=\"no\"><div class=\"su-spoiler-title\" tabindex=\"0\" role=\"button\"><span class=\"su-spoiler-icon\"><\/span>Aviso de Privacidad<\/div><div class=\"su-spoiler-content su-u-clearfix su-u-trim\">\n\n\n\n<p><u><a href=\"\/index.php\/avisos-de-privacidad\/\">Avisos de privacidad<\/a><\/u><\/p>\n\n\n\n<\/div><\/div><div class=\"su-spoiler su-spoiler-style-default su-spoiler-icon-plus su-spoiler-closed\" data-anchor=\"a\" data-scroll-offset=\"0\" data-anchor-in-url=\"no\"><div class=\"su-spoiler-title\" tabindex=\"0\" role=\"button\"><span class=\"su-spoiler-icon\"><\/span>Medios de verificaci\u00f3n planeaci\u00f3n<\/div><div class=\"su-spoiler-content su-u-clearfix su-u-trim\"><br><\/p>\n\n\n\n<ul class=\"wp-block-list\">\n<li><a href=\"\/wp-content\/uploads\/2026\/03\/Auxiliar-suii-al-31-de-marzo-de-2026.pdf\">Auxiliar SUI <\/a><\/li>\n<\/ul>\n\n\n\n<\/div><\/div>\n","protected":false},"excerpt":{"rendered":"","protected":false},"author":1,"featured_media":0,"parent":0,"menu_order":0,"comment_status":"closed","ping_status":"closed","template":"","meta":{"content-type":"","footnotes":""},"class_list":["post-1981","page","type-page","status-publish","hentry"],"_links":{"self":[{"href":"https:\/\/utcancun.edu.mx\/index.php\/wp-json\/wp\/v2\/pages\/1981","targetHints":{"allow":["GET"]}}],"collection":[{"href":"https:\/\/utcancun.edu.mx\/index.php\/wp-json\/wp\/v2\/pages"}],"about":[{"href":"https:\/\/utcancun.edu.mx\/index.php\/wp-json\/wp\/v2\/types\/page"}],"author":[{"embeddable":true,"href":"https:\/\/utcancun.edu.mx\/index.php\/wp-json\/wp\/v2\/users\/1"}],"replies":[{"embeddable":true,"href":"https:\/\/utcancun.edu.mx\/index.php\/wp-json\/wp\/v2\/comments?post=1981"}],"version-history":[{"count":72,"href":"https:\/\/utcancun.edu.mx\/index.php\/wp-json\/wp\/v2\/pages\/1981\/revisions"}],"predecessor-version":[{"id":5093,"href":"https:\/\/utcancun.edu.mx\/index.php\/wp-json\/wp\/v2\/pages\/1981\/revisions\/5093"}],"wp:attachment":[{"href":"https:\/\/utcancun.edu.mx\/index.php\/wp-json\/wp\/v2\/media?parent=1981"}],"curies":[{"name":"wp","href":"https:\/\/api.w.org\/{rel}","templated":true}]}}