{"id":1967,"date":"2025-01-02T14:09:44","date_gmt":"2025-01-02T20:09:44","guid":{"rendered":"http:\/\/192.168.1.237:8018\/?page_id=1967"},"modified":"2026-04-25T10:48:47","modified_gmt":"2026-04-25T16:48:47","slug":"ingenieria-area-instalaciones","status":"publish","type":"page","link":"https:\/\/utcancun.edu.mx\/index.php\/ingenieria-area-instalaciones\/","title":{"rendered":"Ingenier\u00eda Area Instalaciones"},"content":{"rendered":"\n<p class=\"has-text-align-center\"><strong><mark style=\"background-color:rgba(0, 0, 0, 0)\" class=\"has-inline-color has-vivid-cyan-blue-color\">LICENCIATURA EN INGENIER\u00cdA EN MANTENIMIENTO INDUSTRIAL<\/mark><\/strong><\/p>\n\n\n\n<p><mark style=\"background-color:rgba(0, 0, 0, 0)\" class=\"has-inline-color has-vivid-cyan-blue-color\"><strong>Duraci\u00f3n:<\/strong><\/mark>\u00a03 a\u00f1os 4 meses<br><strong><mark style=\"background-color:rgba(0, 0, 0, 0)\" class=\"has-inline-color has-vivid-cyan-blue-color\">Horario: <\/mark><\/strong>Turno matutino y Turno vespertino de lunes a viernes. <\/p>\n\n\n\n<p>El modelo educativo es de manera escolarizado presencial y se divide en 6 cuatrimestres con la siguiente carga ducativo es de manera escolarizado presencial.<\/p>\n\n\n\n<div class=\"wp-block-columns is-layout-flex wp-container-core-columns-is-layout-1 wp-block-columns-is-layout-flex\">\n<div class=\"wp-block-column is-layout-flow wp-block-column-is-layout-flow\">\n<p><strong><mark style=\"background-color:rgba(0, 0, 0, 0)\" class=\"has-inline-color has-vivid-cyan-blue-color\">PRIMER CUATRIMESTRE<\/mark><\/strong><\/p>\n\n\n\n<ul class=\"wp-block-list\">\n<li>Ingl\u00e9s I<\/li>\n\n\n\n<li>Desarrollo Humano y Valores<\/li>\n\n\n\n<li>Fundamentos Matem\u00e1ticos<\/li>\n\n\n\n<li>Fundamentos de Mantenimiento<\/li>\n\n\n\n<li>Dibujo Industrial<\/li>\n\n\n\n<li>Seguridad Industrial<\/li>\n\n\n\n<li>Comunicaci\u00f3n y Habilidades Digitales<\/li>\n<\/ul>\n<\/div>\n\n\n\n<div class=\"wp-block-column is-layout-flow wp-block-column-is-layout-flow\">\n<p><strong><mark style=\"background-color:rgba(0, 0, 0, 0)\" class=\"has-inline-color has-vivid-cyan-blue-color\">SEGUNDO CUATRIMESTRE<\/mark><\/strong><\/p>\n\n\n\n<ul class=\"wp-block-list\">\n<li>Ingl\u00e9s II<\/li>\n\n\n\n<li>Habilidades Socioemocionales y Manejo de Conflictos<\/li>\n\n\n\n<li>C\u00e1lculo Diferencial<\/li>\n\n\n\n<li>F\u00edsica<\/li>\n\n\n\n<li>Probabilidad y Estad\u00edstica<\/li>\n\n\n\n<li>Gesti\u00f3n Del Mantenimiento<\/li>\n\n\n\n<li>Termodin\u00e1mica<\/li>\n<\/ul>\n<\/div>\n\n\n\n<div class=\"wp-block-column is-layout-flow wp-block-column-is-layout-flow\">\n<p><strong><mark style=\"background-color:rgba(0, 0, 0, 0)\" class=\"has-inline-color has-vivid-cyan-blue-color\">TERCER CUATRIMESTRE<\/mark><\/strong><\/p>\n\n\n\n<ul class=\"wp-block-list\">\n<li>Ingl\u00e9s III<\/li>\n\n\n\n<li>Desarrollo del Pensamiento y Toma de Decisiones<\/li>\n\n\n\n<li>C\u00e1lculo Integral<\/li>\n\n\n\n<li>Sistemas El\u00e9ctricos<\/li>\n\n\n\n<li>M\u00e1quinas y Mecanismos<\/li>\n\n\n\n<li>Electr\u00f3nica Anal\u00f3gica<\/li>\n\n\n\n<li>Proyecto Integrador I<\/li>\n<\/ul>\n<\/div>\n<\/div>\n\n\n\n<div class=\"wp-block-columns is-layout-flex wp-container-core-columns-is-layout-2 wp-block-columns-is-layout-flex\">\n<div class=\"wp-block-column is-layout-flow wp-block-column-is-layout-flow\">\n<p><strong><mark style=\"background-color:rgba(0, 0, 0, 0)\" class=\"has-inline-color has-vivid-cyan-blue-color\">CUARTO CUATRIMESTRE<\/mark><\/strong><\/p>\n\n\n\n<ul class=\"wp-block-list\">\n<li>Ingl\u00e9s IV<\/li>\n\n\n\n<li>\u00c9tica Profesional<\/li>\n\n\n\n<li>C\u00e1lculo de Varias Variables<\/li>\n\n\n\n<li>Mantenimiento a Sistemas El\u00e9ctricos<\/li>\n\n\n\n<li>Aire Acondicionado y Refrigeraci\u00f3n<\/li>\n\n\n\n<li>Electr\u00f3nica Digital<\/li>\n\n\n\n<li>Sistemas Neum\u00e1ticos E Hidr\u00e1ulicos<\/li>\n<\/ul>\n<\/div>\n\n\n\n<div class=\"wp-block-column is-layout-flow wp-block-column-is-layout-flow\">\n<p><strong><mark style=\"background-color:rgba(0, 0, 0, 0)\" class=\"has-inline-color has-vivid-cyan-blue-color\">QUINTO CUATRIMESTRE<\/mark><\/strong><\/p>\n\n\n\n<ul class=\"wp-block-list\">\n<li>Ingl\u00e9s V<\/li>\n\n\n\n<li>Liderazgo de Equipos de Alto Desempe\u00f1o<\/li>\n\n\n\n<li>Ecuaciones Diferenciales<\/li>\n\n\n\n<li>Automatizaci\u00f3n de Infraestructura y<\/li>\n\n\n\n<li>Telecomunicaciones<\/li>\n\n\n\n<li>Mantenimiento a Servicios Industriales<\/li>\n\n\n\n<li>Ciencia de Los Materiales<\/li>\n\n\n\n<li>Proyecto integrador II<\/li>\n<\/ul>\n<\/div>\n\n\n\n<div class=\"wp-block-column is-layout-flow wp-block-column-is-layout-flow\">\n<p><strong><mark style=\"background-color:rgba(0, 0, 0, 0)\" class=\"has-inline-color has-vivid-cyan-blue-color\">SEXTO CUATRIMESTRE<\/mark><\/strong><\/p>\n\n\n\n<ul class=\"wp-block-list\">\n<li>Estad\u00eda Profesional <\/li>\n<\/ul>\n<\/div>\n<\/div>\n\n\n\n<p style=\"font-size:14px\"><strong>*** El periodo de estad\u00edas es una pr\u00e1ctica profesional que permite a los y las estudiantes aplicar los conocimientos y habilidades adquiridos en las aulas de clases y complementar su formaci\u00f3n dentro de la operaci\u00f3n real de una empresa del sector productivo.<\/strong><\/p>\n\n\n\n<p><\/p>\n\n\n\n<hr class=\"wp-block-separator has-alpha-channel-opacity is-style-wide\"\/>\n\n\n\n<p>Al obtener tu titulo como T\u00e9cnico Superior Universitario, podr\u00e1s continuar con tus estudios para alcanzar el nivel de Licenciatura, para ello ser\u00e1 necesario que hayas acreditado todas tus materias del nivel TSU y culminado tus estad\u00edas profesionales.&nbsp;<\/p>\n\n\n\n<div class=\"wp-block-columns is-layout-flex wp-container-core-columns-is-layout-3 wp-block-columns-is-layout-flex\">\n<div class=\"wp-block-column is-layout-flow wp-block-column-is-layout-flow\">\n<p><mark style=\"background-color:rgba(0, 0, 0, 0)\" class=\"has-inline-color has-vivid-cyan-blue-color\"><strong>7mo CUATRIMESTRE<\/strong><\/mark><br><\/p>\n\n\n\n<ul class=\"wp-block-list\">\n<li>Ingl\u00e9s VI<\/li>\n\n\n\n<li>Habilidades Gerenciales<\/li>\n\n\n\n<li>F\u00edsica para Ingenier\u00eda<\/li>\n\n\n\n<li>Administraci\u00f3n Estrategica para Mantenimiento<\/li>\n\n\n\n<li>Tribolog\u00eda<\/li>\n\n\n\n<li>Instalaciones El\u00e9ctricas<\/li>\n\n\n\n<li>M\u00e9todos y Sistemas de Trabajo<\/li>\n<\/ul>\n<\/div>\n\n\n\n<div class=\"wp-block-column is-layout-flow wp-block-column-is-layout-flow\">\n<p><mark style=\"background-color:rgba(0, 0, 0, 0)\" class=\"has-inline-color has-vivid-cyan-blue-color\"><strong>8vo CUATRIMESTRE<\/strong><\/mark><br><\/p>\n\n\n\n<ul class=\"wp-block-list\">\n<li>Ingl\u00e9s VII<\/li>\n\n\n\n<li>Ingenier\u00eda Econ\u00f3mica<\/li>\n\n\n\n<li>Mantenimiento Predictivo Mec\u00e1nico<\/li>\n\n\n\n<li>T\u00e9cnicas TPM y RCM<\/li>\n\n\n\n<li>Ensayos Destructivos<\/li>\n\n\n\n<li>Sistemas Automatizados y Redes Industriales<\/li>\n\n\n\n<li>Protocolos de Operaci\u00f3n y Mantenimiento<\/li>\n<\/ul>\n\n\n\n<p><\/p>\n<\/div>\n\n\n\n<div class=\"wp-block-column is-layout-flow wp-block-column-is-layout-flow\">\n<p><mark style=\"background-color:rgba(0, 0, 0, 0)\" class=\"has-inline-color has-vivid-cyan-blue-color\"><strong>9no CUATRIMESTRE<\/strong><\/mark><br><\/p>\n\n\n\n<ul class=\"wp-block-list\">\n<li>Ingl\u00e9s VIII<\/li>\n\n\n\n<li>Gesti\u00f3n Ambiental<\/li>\n\n\n\n<li>Manufactura Asistida Por Computadora<\/li>\n\n\n\n<li>Gesti\u00f3n Del Talento Humano<\/li>\n\n\n\n<li>Ensayos No Destructivos<\/li>\n\n\n\n<li>Visualizaci\u00f3n y Control de Procesos<\/li>\n\n\n\n<li>Proyecto integrador III<\/li>\n<\/ul>\n\n\n\n<p><\/p>\n<\/div>\n<\/div>\n\n\n\n<p><strong><mark style=\"background-color:rgba(0, 0, 0, 0)\" class=\"has-inline-color has-vivid-cyan-blue-color\">10mo CUATRIMESTRE<\/mark><\/strong><\/p>\n\n\n\n<ul class=\"wp-block-list\">\n<li>Estad\u00eda profesional <\/li>\n<\/ul>\n\n\n\n<p class=\"has-text-align-center\"><\/p>\n\n\n\n<p class=\"has-text-align-center\"><strong>Para mayores informes:<\/strong><\/p>\n\n\n\n<p class=\"has-text-align-center\"><strong><a href=\"mailto:rarceo@utcancun.edu.mx\" target=\"_blank\" rel=\"noreferrer noopener\">Dra. Roc\u00edo Arceo D\u00edaz<\/a><\/strong><br>Directora&nbsp;de la Direcci\u00f3n de Ingenier\u00eda y Tecnolog\u00eda<br>(Mantenimiento Industrial, Tecnolog\u00edas de la Informaci\u00f3n)<br>Tel. 881 1900 Ext. 1256<\/p>\n\n\n\n<p><\/p>\n","protected":false},"excerpt":{"rendered":"<p>LICENCIATURA EN INGENIER\u00cdA EN MANTENIMIENTO INDUSTRIAL Duraci\u00f3n:\u00a03 a\u00f1os 4 mesesHorario: Turno matutino y Turno vespertino de lunes a viernes. El modelo educativo es de manera escolarizado presencial y se divide en 6 cuatrimestres con la siguiente carga ducativo es de manera escolarizado presencial. PRIMER CUATRIMESTRE SEGUNDO CUATRIMESTRE TERCER CUATRIMESTRE CUARTO CUATRIMESTRE QUINTO CUATRIMESTRE SEXTO CUATRIMESTRE [&hellip;]<\/p>\n","protected":false},"author":1,"featured_media":0,"parent":0,"menu_order":0,"comment_status":"closed","ping_status":"closed","template":"","meta":{"content-type":"","footnotes":""},"class_list":["post-1967","page","type-page","status-publish","hentry"],"_links":{"self":[{"href":"https:\/\/utcancun.edu.mx\/index.php\/wp-json\/wp\/v2\/pages\/1967","targetHints":{"allow":["GET"]}}],"collection":[{"href":"https:\/\/utcancun.edu.mx\/index.php\/wp-json\/wp\/v2\/pages"}],"about":[{"href":"https:\/\/utcancun.edu.mx\/index.php\/wp-json\/wp\/v2\/types\/page"}],"author":[{"embeddable":true,"href":"https:\/\/utcancun.edu.mx\/index.php\/wp-json\/wp\/v2\/users\/1"}],"replies":[{"embeddable":true,"href":"https:\/\/utcancun.edu.mx\/index.php\/wp-json\/wp\/v2\/comments?post=1967"}],"version-history":[{"count":5,"href":"https:\/\/utcancun.edu.mx\/index.php\/wp-json\/wp\/v2\/pages\/1967\/revisions"}],"predecessor-version":[{"id":5327,"href":"https:\/\/utcancun.edu.mx\/index.php\/wp-json\/wp\/v2\/pages\/1967\/revisions\/5327"}],"wp:attachment":[{"href":"https:\/\/utcancun.edu.mx\/index.php\/wp-json\/wp\/v2\/media?parent=1967"}],"curies":[{"name":"wp","href":"https:\/\/api.w.org\/{rel}","templated":true}]}}