{"id":1957,"date":"2025-01-02T13:34:02","date_gmt":"2025-01-02T19:34:02","guid":{"rendered":"http:\/\/192.168.1.237:8018\/?page_id=1957"},"modified":"2025-03-06T16:19:37","modified_gmt":"2025-03-06T22:19:37","slug":"ingenieria-en-redes","status":"publish","type":"page","link":"https:\/\/utcancun.edu.mx\/index.php\/ingenieria-en-redes\/","title":{"rendered":"Ingenier\u00eda en redes"},"content":{"rendered":"\n<p class=\"has-text-align-center has-vivid-cyan-blue-color has-text-color has-link-color wp-elements-eaaae24bbc1c6947b520fe763ae66dd7\"><strong><strong><strong>LICENCIATURA EN INGENIER\u00cdA TECNOLOG\u00cdAS DE LA INFORMACI\u00d3N E INNOVACI\u00d3N DIGITAL<br>AREA INFRAESTRUCTURA DE REDES DIGITALES<\/strong><\/strong><\/strong><\/p>\n\n\n\n<p>El T\u00e9cnico Superior Universitario (T. S. U.) ser\u00e1 la primera parte de tus estudios de nivel superior, tiene una duraci\u00f3n de 2 a\u00f1os en la modalidad tradicional<\/p>\n\n\n\n<p><mark style=\"background-color:rgba(0, 0, 0, 0)\" class=\"has-inline-color has-vivid-cyan-blue-color\"><strong>Duraci\u00f3n:<\/strong><\/mark>&nbsp;2 a\u00f1os<br><strong><mark style=\"background-color:rgba(0, 0, 0, 0)\" class=\"has-inline-color has-vivid-cyan-blue-color\">Horario:<\/mark><\/strong>&nbsp;Turno matutino de 7:00 a. m. a 3:00 p. m. De lunes a viernes.<\/p>\n\n\n\n<p>El modelo educativo es de manera escolarizado presencial y se divide en 7 cuatrimestres con la siguiente carga de materias:<\/p>\n\n\n\n<div class=\"wp-block-columns is-layout-flex wp-container-core-columns-is-layout-1 wp-block-columns-is-layout-flex\">\n<div class=\"wp-block-column is-layout-flow wp-block-column-is-layout-flow\">\n<p><strong><mark style=\"background-color:rgba(0, 0, 0, 0)\" class=\"has-inline-color has-vivid-cyan-blue-color\">PRIMER CUATRIMESTRE<\/mark><\/strong><\/p>\n\n\n\n<ul class=\"wp-block-list\">\n<li>Ingl\u00e9s I<\/li>\n\n\n\n<li>Desarrollo Humano y Valores<\/li>\n\n\n\n<li>Fundamentos Matem\u00e1ticos<\/li>\n\n\n\n<li>Fundamentos de Redes<\/li>\n\n\n\n<li>F\u00edsica<\/li>\n\n\n\n<li>Metodolog\u00eda de la Programaci\u00f3n<\/li>\n\n\n\n<li>Comunicaci\u00f3n y Habilidades Digitales<\/li>\n<\/ul>\n<\/div>\n\n\n\n<div class=\"wp-block-column is-layout-flow wp-block-column-is-layout-flow\">\n<p><strong><mark style=\"background-color:rgba(0, 0, 0, 0)\" class=\"has-inline-color has-vivid-cyan-blue-color\">SEGUNDO CUATRIMESTRE<\/mark><\/strong><\/p>\n\n\n\n<ul class=\"wp-block-list\">\n<li>Ingl\u00e9s II<\/li>\n\n\n\n<li>Habilidades Socioemocionales y Manejo de Conflictos<\/li>\n\n\n\n<li>C\u00e1lculo Diferencial<\/li>\n\n\n\n<li>Conmutaci\u00f3n y Enrutamiento de Redes<\/li>\n\n\n\n<li>Probabilidad y Estad\u00edstica<\/li>\n\n\n\n<li>Programaci\u00f3n<\/li>\n\n\n\n<li>Sistemas Operativos<\/li>\n<\/ul>\n<\/div>\n\n\n\n<div class=\"wp-block-column is-layout-flow wp-block-column-is-layout-flow\">\n<p><strong><mark style=\"background-color:rgba(0, 0, 0, 0)\" class=\"has-inline-color has-vivid-cyan-blue-color\">TERCER CUATRIMESTRE<\/mark><\/strong><\/p>\n\n\n\n<ul class=\"wp-block-list\">\n<li>Ingl\u00e9s III<\/li>\n\n\n\n<li>Desarrollo del Pensamiento y Toma de Decisiones<\/li>\n\n\n\n<li>C\u00e1lculo Integral<\/li>\n\n\n\n<li>T\u00f3picos de Calidad para el Dise\u00f1o de Software<\/li>\n\n\n\n<li>Estructura de Datos<\/li>\n\n\n\n<li>Programaci\u00f3n Orientada a Objetos<\/li>\n\n\n\n<li>Proyecto Integrador I<\/li>\n<\/ul>\n<\/div>\n<\/div>\n\n\n\n<div class=\"wp-block-columns is-layout-flex wp-container-core-columns-is-layout-2 wp-block-columns-is-layout-flex\">\n<div class=\"wp-block-column is-layout-flow wp-block-column-is-layout-flow\">\n<p><mark style=\"background-color:rgba(0, 0, 0, 0)\" class=\"has-inline-color has-vivid-cyan-blue-color\"><strong>CUARTO CUATRIMESTRE<\/strong><\/mark><\/p>\n\n\n\n<ul class=\"wp-block-list\">\n<li>Ingl\u00e9s IV<\/li>\n\n\n\n<li>\u00c9tica Profesional<\/li>\n\n\n\n<li>C\u00e1lculo de Varias Variables<\/li>\n\n\n\n<li>Escalabilidad de Redes<\/li>\n\n\n\n<li>Programaci\u00f3n de Redes<\/li>\n\n\n\n<li>Centro de Datos<\/li>\n\n\n\n<li>Infraestructura de Redes de Datos<\/li>\n<\/ul>\n<\/div>\n\n\n\n<div class=\"wp-block-column is-layout-flow wp-block-column-is-layout-flow\">\n<p><mark style=\"background-color:rgba(0, 0, 0, 0)\" class=\"has-inline-color has-vivid-cyan-blue-color\"><strong>QUINTO CUATRIMESTRE<\/strong><\/mark><\/p>\n\n\n\n<ul class=\"wp-block-list\">\n<li>Ingl\u00e9s V<\/li>\n\n\n\n<li>Liderazgo de Equipos de Alto Desempe\u00f1o<\/li>\n\n\n\n<li>Ecuaciones Diferenciales<\/li>\n\n\n\n<li>Conexi\u00f3n de Redes Wan<\/li>\n\n\n\n<li>C\u00f3mputo en la Nube<\/li>\n\n\n\n<li>Seguridad en Redes<\/li>\n\n\n\n<li>Proyecto integrador II<\/li>\n<\/ul>\n<\/div>\n\n\n\n<div class=\"wp-block-column is-layout-flow wp-block-column-is-layout-flow\">\n<p><mark style=\"background-color:rgba(0, 0, 0, 0)\" class=\"has-inline-color has-vivid-cyan-blue-color\"><strong>SEXTO CUATRIMESTRE<\/strong><\/mark><\/p>\n\n\n\n<ul class=\"wp-block-list\">\n<li>Estad\u00eda profesional<\/li>\n<\/ul>\n<\/div>\n<\/div>\n\n\n\n<hr class=\"wp-block-separator has-alpha-channel-opacity is-style-wide\"\/>\n\n\n\n<p>Al obtener tu titulo como T\u00e9cnico Superior Universitario, podr\u00e1s continuar con tus estudios para alcanzar el nivel de Licenciatura, para ello ser\u00e1 necesario que hayas acreditado todas tus materias del nivel TSU y culminado tus estad\u00edas profesionales.<\/p>\n\n\n\n<p><strong><mark style=\"background-color:rgba(0, 0, 0, 0)\" class=\"has-inline-color has-vivid-cyan-blue-color\">Duraci\u00f3n:<\/mark><\/strong>&nbsp;1 a\u00f1o 8 meses<br><strong><mark style=\"background-color:rgba(0, 0, 0, 0)\" class=\"has-inline-color has-vivid-cyan-blue-color\">Horario:<\/mark><\/strong>&nbsp;De lunes a viernes de 4:40 p. m. a 9:40 p. m.<\/p>\n\n\n\n<p>El modelo educativo es de manera escolarizado presencial y se divide en 5 cuatrimestres, con la siguiente carga de materias:<\/p>\n\n\n\n<div class=\"wp-block-columns is-layout-flex wp-container-core-columns-is-layout-3 wp-block-columns-is-layout-flex\">\n<div class=\"wp-block-column is-layout-flow wp-block-column-is-layout-flow\">\n<p><strong><mark style=\"background-color:rgba(0, 0, 0, 0)\" class=\"has-inline-color has-vivid-cyan-blue-color\">S\u00c9PTIMO CUATRIMESTRE<\/mark><\/strong><\/p>\n\n\n\n<ul class=\"wp-block-list\">\n<li>Ingl\u00e9s VI<\/li>\n\n\n\n<li>Habilidades Gerenciales<\/li>\n\n\n\n<li>Formulaci\u00f3n de Proyectos de Tecnolog\u00eda<\/li>\n\n\n\n<li>Fundamentos de Inteligencia Artificial<\/li>\n\n\n\n<li>\u00c9tica y Legislaci\u00f3n en Tecnolog\u00edas de la Informaci\u00f3n<\/li>\n\n\n\n<li>Optativa I<\/li>\n\n\n\n<li>Seguridad Inform\u00e1tica<\/li>\n<\/ul>\n<\/div>\n\n\n\n<div class=\"wp-block-column is-layout-flow wp-block-column-is-layout-flow\">\n<p><mark style=\"background-color:rgba(0, 0, 0, 0)\" class=\"has-inline-color has-vivid-cyan-blue-color\"><strong>OCTAVO CUATRIMESTRE<\/strong><\/mark><\/p>\n\n\n\n<ul class=\"wp-block-list\">\n<li>Ingl\u00e9s VII<\/li>\n\n\n\n<li>Electr\u00f3nica Digital<\/li>\n\n\n\n<li>Gesti\u00f3n de Proyectos de Tecnolog\u00eda<\/li>\n\n\n\n<li>Programaci\u00f3n para Inteligencia Artificial<\/li>\n\n\n\n<li>Administraci\u00f3n de Servidores<\/li>\n\n\n\n<li>Optativa II<\/li>\n\n\n\n<li>Inform\u00e1tica Forense<\/li>\n<\/ul>\n<\/div>\n\n\n\n<div class=\"wp-block-column is-layout-flow wp-block-column-is-layout-flow\">\n<p><strong><mark style=\"background-color:rgba(0, 0, 0, 0)\" class=\"has-inline-color has-vivid-cyan-blue-color\">NOVENO CUATRIMESTRE<\/mark><\/strong><\/p>\n\n\n\n<ul class=\"wp-block-list\">\n<li>Ingl\u00e9s VIII<\/li>\n\n\n\n<li>Internet de Las Cosas<\/li>\n\n\n\n<li>Evaluaci\u00f3n de Proyectos de Tecnolog\u00eda<\/li>\n\n\n\n<li>Ciencia de Datos<\/li>\n\n\n\n<li>Tecnolog\u00edas Disruptivas<\/li>\n\n\n\n<li>Optativa III<\/li>\n\n\n\n<li>Proyecto integrador III<\/li>\n<\/ul>\n<\/div>\n<\/div>\n\n\n\n<div class=\"wp-block-columns is-layout-flex wp-container-core-columns-is-layout-4 wp-block-columns-is-layout-flex\">\n<div class=\"wp-block-column is-layout-flow wp-block-column-is-layout-flow\">\n<p><mark style=\"background-color:rgba(0, 0, 0, 0)\" class=\"has-inline-color has-vivid-cyan-blue-color\"><strong>D\u00c9CIMO CUATRIMESTRE<\/strong><\/mark><\/p>\n\n\n\n<ul class=\"wp-block-list\">\n<li>Estad\u00eda profesional<\/li>\n<\/ul>\n<\/div>\n\n\n\n<div class=\"wp-block-column is-layout-flow wp-block-column-is-layout-flow\"><\/div>\n<\/div>\n\n\n\n<p class=\"has-text-align-center\"><strong>Duraci\u00f3n total de la carrera: 3 a\u00f1os 8 meses<\/strong><\/p>\n\n\n\n<p class=\"has-text-align-center\"><strong>Para mayores informes:<\/strong><\/p>\n\n\n\n<p class=\"has-text-align-center\"><strong><a href=\"mailto:rarceo@utcancun.edu.mx\" target=\"_blank\" rel=\"noreferrer noopener\">Dra. Roc\u00edo Arceo D\u00edaz<\/a><\/strong><br>Directora&nbsp;de la Direcci\u00f3n de Ingenier\u00eda y Tecnolog\u00eda<br>(Mantenimiento Industrial, Tecnolog\u00edas de la Informaci\u00f3n)<br>Tel. 881 1900 Ext. 1256<\/p>\n\n\n\n<p><\/p>\n","protected":false},"excerpt":{"rendered":"<p>LICENCIATURA EN INGENIER\u00cdA TECNOLOG\u00cdAS DE LA INFORMACI\u00d3N E INNOVACI\u00d3N DIGITALAREA INFRAESTRUCTURA DE REDES DIGITALES El T\u00e9cnico Superior Universitario (T. S. U.) ser\u00e1 la primera parte de tus estudios de nivel superior, tiene una duraci\u00f3n de 2 a\u00f1os en la modalidad tradicional Duraci\u00f3n:&nbsp;2 a\u00f1osHorario:&nbsp;Turno matutino de 7:00 a. m. a 3:00 p. m. De lunes a [&hellip;]<\/p>\n","protected":false},"author":1,"featured_media":0,"parent":0,"menu_order":0,"comment_status":"closed","ping_status":"closed","template":"","meta":{"content-type":"","footnotes":""},"class_list":["post-1957","page","type-page","status-publish","hentry"],"_links":{"self":[{"href":"https:\/\/utcancun.edu.mx\/index.php\/wp-json\/wp\/v2\/pages\/1957","targetHints":{"allow":["GET"]}}],"collection":[{"href":"https:\/\/utcancun.edu.mx\/index.php\/wp-json\/wp\/v2\/pages"}],"about":[{"href":"https:\/\/utcancun.edu.mx\/index.php\/wp-json\/wp\/v2\/types\/page"}],"author":[{"embeddable":true,"href":"https:\/\/utcancun.edu.mx\/index.php\/wp-json\/wp\/v2\/users\/1"}],"replies":[{"embeddable":true,"href":"https:\/\/utcancun.edu.mx\/index.php\/wp-json\/wp\/v2\/comments?post=1957"}],"version-history":[{"count":5,"href":"https:\/\/utcancun.edu.mx\/index.php\/wp-json\/wp\/v2\/pages\/1957\/revisions"}],"predecessor-version":[{"id":2716,"href":"https:\/\/utcancun.edu.mx\/index.php\/wp-json\/wp\/v2\/pages\/1957\/revisions\/2716"}],"wp:attachment":[{"href":"https:\/\/utcancun.edu.mx\/index.php\/wp-json\/wp\/v2\/media?parent=1957"}],"curies":[{"name":"wp","href":"https:\/\/api.w.org\/{rel}","templated":true}]}}