{"id":1933,"date":"2024-12-31T07:10:28","date_gmt":"2024-12-31T13:10:28","guid":{"rendered":"http:\/\/192.168.1.237:8018\/?page_id=1933"},"modified":"2026-03-11T14:07:27","modified_gmt":"2026-03-11T20:07:27","slug":"licenciatura-en-negocios-y-mercadotecnia","status":"publish","type":"page","link":"https:\/\/utcancun.edu.mx\/index.php\/licenciatura-en-negocios-y-mercadotecnia\/","title":{"rendered":"Licenciatura en negocios y mercadotecnia"},"content":{"rendered":"\n<p class=\"has-text-align-center\"><\/p>\n\n\n\n<h2 class=\"wp-block-heading has-text-align-center\"><strong><mark class=\"has-inline-color has-vivid-cyan-blue-color\" style=\"background-color: rgba(0, 0, 0, 0);\">LICENCIATURA EN NEGOCIOS<br>Y MERCADOTECNIA <\/mark><\/strong><\/h2>\n\n\n\n<p><\/p>\n\n\n\n<p><strong><mark style=\"background-color:rgba(0, 0, 0, 0)\" class=\"has-inline-color has-vivid-cyan-blue-color\">Duraci\u00f3n:<\/mark><\/strong>&nbsp;3 a\u00f1os 4 meses<br><mark style=\"background-color:rgba(0, 0, 0, 0)\" class=\"has-inline-color has-vivid-cyan-blue-color\"><strong>Horario:<\/strong>&nbsp;<\/mark>Turno matutino y Turno vespertino. De lunes a viernes.<\/p>\n\n\n\n<p>El modelo educativo es de manera escolarizado presencial y se divide en 6 cuatrimestres con la siguiente carga: <\/p>\n\n\n\n<div class=\"wp-block-columns is-layout-flex wp-container-core-columns-is-layout-1 wp-block-columns-is-layout-flex\">\n<div class=\"wp-block-column is-layout-flow wp-block-column-is-layout-flow\">\n<p><strong><mark style=\"background-color:rgba(0, 0, 0, 0)\" class=\"has-inline-color has-vivid-cyan-blue-color\">PRIMER CUATRIMESTRE<\/mark><\/strong><\/p>\n\n\n\n<ul class=\"wp-block-list\">\n<li>Ingl\u00e9s I<\/li>\n\n\n\n<li>Desarrollo humano y valores<\/li>\n\n\n\n<li>Mercadotecnia<\/li>\n\n\n\n<li>Matem\u00e1ticas<\/li>\n\n\n\n<li>Inform\u00e1tica<\/li>\n\n\n\n<li>Fundamentos de Administraci\u00f3n y Entorno Empresarial<\/li>\n\n\n\n<li>Comunicaci\u00f3n y Habilidades Digitales<\/li>\n<\/ul>\n<\/div>\n\n\n\n<div class=\"wp-block-column is-layout-flow wp-block-column-is-layout-flow\">\n<p><strong><mark style=\"background-color:rgba(0, 0, 0, 0)\" class=\"has-inline-color has-vivid-cyan-blue-color\">SEGUNDO CUATRIMESTRE<\/mark><\/strong><\/p>\n\n\n\n<ul class=\"wp-block-list\">\n<li>Ingl\u00e9s II<\/li>\n\n\n\n<li>Habilidades socioemocionales y manejo de conflictos<\/li>\n\n\n\n<li>Estad\u00edstica I<\/li>\n\n\n\n<li>Planeaci\u00f3n Estrat\u00e9gica<\/li>\n\n\n\n<li>Contabilidad para Negocios<\/li>\n\n\n\n<li>Comportamiento del Consumidor<\/li>\n\n\n\n<li>Econom\u00eda<\/li>\n<\/ul>\n<\/div>\n\n\n\n<div class=\"wp-block-column is-layout-flow wp-block-column-is-layout-flow\">\n<p><strong><mark style=\"background-color:rgba(0, 0, 0, 0)\" class=\"has-inline-color has-vivid-cyan-blue-color\">TERCER CUATRIMESTRE<\/mark><\/strong><\/p>\n\n\n\n<ul class=\"wp-block-list\">\n<li>Ingl\u00e9s III<\/li>\n\n\n\n<li>Desarrollo del Pensamiento y Toma de Decisiones<\/li>\n\n\n\n<li>Legislaci\u00f3n Comercial<\/li>\n\n\n\n<li>Estad\u00edstica II<\/li>\n\n\n\n<li>Sistema de Investigaci\u00f3n de Mercados I<\/li>\n\n\n\n<li>Estrategias de Producto y Precio<\/li>\n\n\n\n<li>Proyecto Integrador I<\/li>\n<\/ul>\n<\/div>\n<\/div>\n\n\n\n<div class=\"wp-block-columns is-layout-flex wp-container-core-columns-is-layout-2 wp-block-columns-is-layout-flex\">\n<div class=\"wp-block-column is-layout-flow wp-block-column-is-layout-flow\">\n<p><strong><mark style=\"background-color:rgba(0, 0, 0, 0)\" class=\"has-inline-color has-vivid-cyan-blue-color\">CUARTO CUATRIMESTRE<\/mark><\/strong><\/p>\n\n\n\n<ul class=\"wp-block-list\">\n<li>Ingl\u00e9s IV<\/li>\n\n\n\n<li>\u00c9tica Profesional<\/li>\n\n\n\n<li>Mezcla Promocional<\/li>\n\n\n\n<li>Dise\u00f1o Digital y Multimedia<\/li>\n\n\n\n<li>Sistema de Investigaci\u00f3n de Mercados II<\/li>\n\n\n\n<li>Gesti\u00f3n de Ventas<\/li>\n\n\n\n<li>Administraci\u00f3n del Tiempo<\/li>\n<\/ul>\n<\/div>\n\n\n\n<div class=\"wp-block-column is-layout-flow wp-block-column-is-layout-flow\">\n<p><strong><mark style=\"background-color:rgba(0, 0, 0, 0)\" class=\"has-inline-color has-vivid-cyan-blue-color\">QUINTO CUATRIMESTRE<\/mark><\/strong><\/p>\n\n\n\n<ul class=\"wp-block-list\">\n<li>Ingl\u00e9s V<\/li>\n\n\n\n<li>Liderazgo de equipos de alto desempe\u00f1o<\/li>\n\n\n\n<li>Log\u00edstica y Distribuci\u00f3n<\/li>\n\n\n\n<li>Mercadotecnia de Servicios<\/li>\n\n\n\n<li>Mercadotecnia Digital I<\/li>\n<\/ul>\n<\/div>\n\n\n\n<div class=\"wp-block-column is-layout-flow wp-block-column-is-layout-flow\">\n<p><strong><mark style=\"background-color:rgba(0, 0, 0, 0)\" class=\"has-inline-color has-vivid-cyan-blue-color\">SEXTO CUATRIMESTRE<\/mark><\/strong><\/p>\n\n\n\n<ul class=\"wp-block-list\">\n<li>Estad\u00eda Profesional  ***<\/li>\n<\/ul>\n<\/div>\n<\/div>\n\n\n\n<p style=\"font-size:14px\"><strong>*** El periodo de estad\u00edas es una pr\u00e1ctica profesional que permite a los y las estudiantes aplicar los conocimientos y habilidades adquiridos en las aulas de clases y complementar su formaci\u00f3n dentro de la operaci\u00f3n real de una empresa del sector productivo.<\/strong><\/p>\n\n\n\n<p><\/p>\n\n\n\n<hr class=\"wp-block-separator has-alpha-channel-opacity is-style-wide\"\/>\n\n\n\n<p>Al obtener tu titulo como T\u00e9cnico Superior Universitario, podr\u00e1s continuar con tus estudios para alcanzar el nivel de Licenciatura, para ello ser\u00e1 necesario que hayas acreditado todas tus materias del nivel TSU y culminado tus estad\u00edas profesionales.&nbsp;<\/p>\n\n\n\n<p><\/p>\n\n\n\n<div class=\"wp-block-columns is-layout-flex wp-container-core-columns-is-layout-3 wp-block-columns-is-layout-flex\">\n<div class=\"wp-block-column is-layout-flow wp-block-column-is-layout-flow\">\n<p><mark style=\"background-color:rgba(0, 0, 0, 0)\" class=\"has-inline-color has-vivid-cyan-blue-color\"><strong>7mo CUATRIMESTRE<\/strong><\/mark><br><\/p>\n\n\n\n<ul class=\"wp-block-list\">\n<li>Ingl\u00e9s VI<\/li>\n\n\n\n<li>Habilidades gerenciales<\/li>\n\n\n\n<li>Estad\u00edstica Aplicada a los Negocios<\/li>\n\n\n\n<li>Mercadotecnia Internacional<\/li>\n\n\n\n<li>Desarrollo de Nuevos Productos<\/li>\n\n\n\n<li>Tendencias del Mercado y Consumidor Global<\/li>\n\n\n\n<li>Planeaci\u00f3n y Organizaci\u00f3n del Trabajo<\/li>\n<\/ul>\n<\/div>\n\n\n\n<div class=\"wp-block-column is-layout-flow wp-block-column-is-layout-flow\">\n<p><mark style=\"background-color:rgba(0, 0, 0, 0)\" class=\"has-inline-color has-vivid-cyan-blue-color\"><strong>8vo   CUATRIMESTRE<\/strong><\/mark><br><\/p>\n\n\n\n<ul class=\"wp-block-list\">\n<li>Ingl\u00e9s VII<\/li>\n\n\n\n<li>Mercadotecnia Digital II<\/li>\n\n\n\n<li>Inteligencia de Mercados<\/li>\n\n\n\n<li>Gesti\u00f3n de la Calidad<\/li>\n\n\n\n<li>Inteligencia Financiera<\/li>\n\n\n\n<li>Administraci\u00f3n de la Producci\u00f3n<\/li>\n\n\n\n<li>Gesti\u00f3n del Talento Humano<\/li>\n<\/ul>\n\n\n\n<p><\/p>\n<\/div>\n\n\n\n<div class=\"wp-block-column is-layout-flow wp-block-column-is-layout-flow\">\n<p><mark style=\"background-color:rgba(0, 0, 0, 0)\" class=\"has-inline-color has-vivid-cyan-blue-color\"><strong>9no CUATRIMESTRE<\/strong><\/mark><br><\/p>\n\n\n\n<ul class=\"wp-block-list\">\n<li>Ingl\u00e9s VIII<\/li>\n\n\n\n<li>Cultura Emprendedora<\/li>\n\n\n\n<li>Cadena de Suministro<\/li>\n\n\n\n<li>Plan de Negocios<\/li>\n\n\n\n<li>Comunicaci\u00f3n Integral de la Mercadotecnia<\/li>\n\n\n\n<li>Derecho Corporativo<\/li>\n\n\n\n<li>Proyecto integrador III<\/li>\n<\/ul>\n\n\n\n<p><\/p>\n<\/div>\n<\/div>\n\n\n\n<p><strong><mark style=\"background-color:rgba(0, 0, 0, 0)\" class=\"has-inline-color has-vivid-cyan-blue-color\">10mo CUATRIMESTRE<\/mark><\/strong><\/p>\n\n\n\n<ul class=\"wp-block-list\">\n<li>Estad\u00eda profesional <\/li>\n<\/ul>\n\n\n\n<p class=\"has-text-align-center\"><strong>Duraci\u00f3n total de la carrera: 3 a\u00f1os y 4 meses<\/strong><\/p>\n\n\n\n<p class=\"has-text-align-center\"><strong>Para mayores informes:<\/strong><br><a href=\"mailto:kflores@utcancun.edu.mx\" data-type=\"mailto\" data-id=\"mailto:kflores@utcancun.edu.mx\" target=\"_blank\" rel=\"noreferrer noopener\">Mtra. Karla Monica Flores Garc\u00eda<\/a><br>Directora de la Divisi\u00f3n Econ\u00f3mico Administrativa.<br>Tel. 881 1900 Ext. 1201<\/p>\n\n\n\n<p class=\"has-text-align-center\"><\/p>\n\n\n\n<p><\/p>\n","protected":false},"excerpt":{"rendered":"<p>LICENCIATURA EN NEGOCIOSY MERCADOTECNIA Duraci\u00f3n:&nbsp;3 a\u00f1os 4 mesesHorario:&nbsp;Turno matutino y Turno vespertino. De lunes a viernes. El modelo educativo es de manera escolarizado presencial y se divide en 6 cuatrimestres con la siguiente carga: PRIMER CUATRIMESTRE SEGUNDO CUATRIMESTRE TERCER CUATRIMESTRE CUARTO CUATRIMESTRE QUINTO CUATRIMESTRE SEXTO CUATRIMESTRE *** El periodo de estad\u00edas es una pr\u00e1ctica profesional [&hellip;]<\/p>\n","protected":false},"author":1,"featured_media":0,"parent":0,"menu_order":0,"comment_status":"closed","ping_status":"closed","template":"","meta":{"content-type":"","footnotes":""},"class_list":["post-1933","page","type-page","status-publish","hentry"],"_links":{"self":[{"href":"https:\/\/utcancun.edu.mx\/index.php\/wp-json\/wp\/v2\/pages\/1933","targetHints":{"allow":["GET"]}}],"collection":[{"href":"https:\/\/utcancun.edu.mx\/index.php\/wp-json\/wp\/v2\/pages"}],"about":[{"href":"https:\/\/utcancun.edu.mx\/index.php\/wp-json\/wp\/v2\/types\/page"}],"author":[{"embeddable":true,"href":"https:\/\/utcancun.edu.mx\/index.php\/wp-json\/wp\/v2\/users\/1"}],"replies":[{"embeddable":true,"href":"https:\/\/utcancun.edu.mx\/index.php\/wp-json\/wp\/v2\/comments?post=1933"}],"version-history":[{"count":34,"href":"https:\/\/utcancun.edu.mx\/index.php\/wp-json\/wp\/v2\/pages\/1933\/revisions"}],"predecessor-version":[{"id":4891,"href":"https:\/\/utcancun.edu.mx\/index.php\/wp-json\/wp\/v2\/pages\/1933\/revisions\/4891"}],"wp:attachment":[{"href":"https:\/\/utcancun.edu.mx\/index.php\/wp-json\/wp\/v2\/media?parent=1933"}],"curies":[{"name":"wp","href":"https:\/\/api.w.org\/{rel}","templated":true}]}}