{"id":153,"date":"2024-05-31T18:35:31","date_gmt":"2024-06-01T00:35:31","guid":{"rendered":"http:\/\/192.168.1.237:8018\/?page_id=153"},"modified":"2026-04-21T14:24:33","modified_gmt":"2026-04-21T20:24:33","slug":"tutorias","status":"publish","type":"page","link":"https:\/\/utcancun.edu.mx\/index.php\/tutorias\/","title":{"rendered":"Tutor\u00edas"},"content":{"rendered":"\n<h2 class=\"wp-block-heading\">Antecedentes<\/h2>\n\n\n\n<p>El Programa Institucional de Tutor\u00edas (PIT) de la Universidad Tecnol\u00f3gica de Canc\u00fan nace en el 2009 bajo una visi\u00f3n de atenci\u00f3n a la formaci\u00f3n integral por medio de bloques, donde cada uno tend\u00eda una tem\u00e1tica particular.<\/p>\n\n\n\n<ul class=\"wp-block-list\">\n<li>Bloque 1: Integraci\u00f3n al modelo de la UTC y adaptaci\u00f3n al cambio.<\/li>\n\n\n\n<li>Bloque 2: Construyendo el futuro.<\/li>\n\n\n\n<li>Bloque 3: Construyendo relaciones humanas positivas.<\/li>\n\n\n\n<li>Bloque 4: \u00c9tica profesional y comportamiento social.<\/li>\n\n\n\n<li>Bloque 5: Profesionalizaci\u00f3n del trabajo<\/li>\n<\/ul>\n\n\n\n<p>Este primer programa dise\u00f1ado contemplaba la planeaci\u00f3n de sesiones sobre temas espec\u00edficos como: cohesi\u00f3n grupal, administraci\u00f3n del tiempo, integraci\u00f3n&nbsp; grupal&nbsp; u&nbsp; organizaci\u00f3n&nbsp; grupal,&nbsp; comunicaci\u00f3n&nbsp; asertiva,&nbsp; lenguaje corporal, la familia, grupo de iguales, toma de decisiones, entre otros, todos estos temas hab\u00edan sido desarrollados para que las y los tutores los replicaran en las aulas, mismo que gener\u00f3 dificultades pues los responsables de la funci\u00f3n tutorial no ten\u00edan formaci\u00f3n en esos contenidos, y se limitaban a replicarlos sin que ello contemplase un compromiso e involucramiento en su pr\u00e1ctica, aunado a que no se atend\u00edan siempre las necesidades particulares de los grupos o dar seguimiento y acompa\u00f1amiento real a estudiantes, lo que generaba diversas problem\u00e1ticas.<\/p>\n\n\n\n<p>En el 2014 se actualiza como Programa Institucional de Tutor\u00edas, en donde se especifica el modelo educativo, el cual incluye estrategias de tutor\u00edas y asesor\u00eda para el acompa\u00f1amiento individual y grupal a lo largo de su trayectoria acad\u00e9mica. Las tutor\u00edas grupales se impart\u00edan en un horario establecido cada semana, adem\u00e1s en este programa se establecen las horas de tutor\u00eda individual donde las personas responsables de la funci\u00f3n pudieran atender al estudiantado que presentaban dificultades en su proceso de aprendizaje, con el prop\u00f3sito de orientarlos y asesorarlos para mejorar su rendimiento acad\u00e9mico. De esta manera, era posible detectar a estudiantes que requer\u00edan apoyo psicol\u00f3gico o psicopedag\u00f3gico.<\/p>\n\n\n\n<p>Derivado de la necesidad de estandarizar un modelo de tutor\u00edas la Direcci\u00f3n General de Universidades Tecnol\u00f3gicas y Polit\u00e9cnicas (DGUTyP), a trav\u00e9s de la Comisi\u00f3n de Fortalecimiento del Subsistema de Universidades Tecnol\u00f3gicas, tuvo la iniciativa de crear el Programa Nacional de Tutor\u00edas y Servicios de Apoyo al Estudiante, del cual surge en el 2017 Modelo Nacional de Tutor\u00edas como documento rector para la conformaci\u00f3n del Programa Institucional de Tutor\u00edas (PIT) en las Universidades Tecnol\u00f3gicas, por lo que el PIT dise\u00f1ado en 2019 contempla los lineamientos y pol\u00edticas de operaci\u00f3n que, a nivel nacional, se instruyen para el funcionamiento y cuyos par\u00e1metros delimitan las responsabilidades, indicadores de cumplimiento de la funci\u00f3n tutorial y las normas para el acompa\u00f1amiento del estudiantado.<\/p>\n\n\n\n<p>OBJETIVO GENERAL <\/p>\n\n\n\n<p>Brindar acompa\u00f1amiento al estudiantado bajo una visi\u00f3n humanista en los \u00e1mbitos acad\u00e9mico, personal y socioecon\u00f3mico para potenciar su permanencia favoreciendo el desarrollo humano e integral.<\/p>\n\n\n\n<p>OBJETIVOS ESPEC\u00cdFICOS<\/p>\n\n\n\n<ul class=\"wp-block-list\">\n<li>Preparar al estudiantado para su adaptaci\u00f3n e integraci\u00f3n al Modelo educativo de la Universidad Tecnol\u00f3gica de Canc\u00fan.<\/li>\n\n\n\n<li>Identificar necesidades en cada \u00e1mbito y etapa de la tutor\u00eda para generar acciones institucionales que favorezcan su permanencia en la universidad y su profesionalizaci\u00f3n para la vida laboral.<\/li>\n\n\n\n<li>Programar\u00a0 acciones\u00a0 tutoriales\u00a0 que\u00a0 promuevan\u00a0 la\u00a0 responsabilidad ciudadana,\u00a0 el\u00a0 desarrollo\u00a0 de\u00a0 habilidades\u00a0 de\u00a0 estudio,\u00a0 digitales,\u00a0 de pensamiento cr\u00edtico y de aprender a vivir y convivir.<\/li>\n\n\n\n<li>Complementar\u00a0 la\u00a0 formaci\u00f3n\u00a0 del\u00a0 estudiantado\u00a0 fomentando\u00a0 valores, inclusi\u00f3n, interculturalidad, igualdad de g\u00e9nero, cultura de paz, respeto a derechos humanos y medio ambiente para prepararles a los cambios sociales actuales.<\/li>\n<\/ul>\n\n\n\n<p>Para&nbsp; el&nbsp; cumplimiento&nbsp; de&nbsp; los&nbsp; objetivos&nbsp; es&nbsp; indispensable&nbsp; contemplar&nbsp; la participaci\u00f3n&nbsp; de&nbsp; diferentes&nbsp; actores&nbsp; que&nbsp; proporcionen&nbsp; estrategias&nbsp; para&nbsp; los \u00e1mbitos acad\u00e9mico, socioecon\u00f3mico y personal y acompa\u00f1en las acciones tutoriales&nbsp; favoreciendo&nbsp; la&nbsp; formaci\u00f3n&nbsp; del&nbsp; estudiantado,&nbsp; su&nbsp; rendimiento acad\u00e9mico, logren aportar al desarrollo humano e integral.<\/p>\n\n\n\n<p>Documentos de consulta:<\/p>\n\n\n\n<ul class=\"wp-block-list\">\n<li><a href=\"\/wp-content\/uploads\/2026\/04\/DOCUMENTO-PIT-2025_v1sep.pdf\" target=\"_blank\" rel=\"noreferrer noopener\">Programa Institucional de tutor\u00edas PIT<\/a><\/li>\n\n\n\n<li><a href=\"\/wp-content\/uploads\/2026\/04\/Programa-tutori\u0301a-par-UTC.pdf\">Programa Tutoria entre pares<\/a><\/li>\n\n\n\n<li><a href=\"\/wp-content\/uploads\/2026\/04\/Diagno\u0301stico-COEPES_2024.pdf\">Diagn\u00f3stico Construcci\u00f3n de Paz COEPES 2024<\/a><\/li>\n\n\n\n<li><a href=\"\/wp-content\/uploads\/2026\/04\/Diagnostico-COEPES-2025.pdf\">Diagn\u00f3stico Construcci\u00f3n de Paz COEPES 2025<\/a><\/li>\n<\/ul>\n\n\n\n<p class=\"has-text-align-center\">Contacto:<br><a href=\"mailto:llopez@utcancun.edu.mx\">Lic. Lizette A. L\u00f3pez Correa<\/a><br>Departamento de Tutor\u00eda y Desarrollo Estudiantil<br>Edificio G-107<br>(998) 881 1900 ext. 1315<\/p>\n","protected":false},"excerpt":{"rendered":"<p>Antecedentes El Programa Institucional de Tutor\u00edas (PIT) de la Universidad Tecnol\u00f3gica de Canc\u00fan nace en el 2009 bajo una visi\u00f3n de atenci\u00f3n a la formaci\u00f3n integral por medio de bloques, donde cada uno tend\u00eda una tem\u00e1tica particular. Este primer programa dise\u00f1ado contemplaba la planeaci\u00f3n de sesiones sobre temas espec\u00edficos como: cohesi\u00f3n grupal, administraci\u00f3n del tiempo, [&hellip;]<\/p>\n","protected":false},"author":1,"featured_media":0,"parent":0,"menu_order":0,"comment_status":"closed","ping_status":"closed","template":"","meta":{"content-type":"","footnotes":""},"class_list":["post-153","page","type-page","status-publish","hentry"],"_links":{"self":[{"href":"https:\/\/utcancun.edu.mx\/index.php\/wp-json\/wp\/v2\/pages\/153","targetHints":{"allow":["GET"]}}],"collection":[{"href":"https:\/\/utcancun.edu.mx\/index.php\/wp-json\/wp\/v2\/pages"}],"about":[{"href":"https:\/\/utcancun.edu.mx\/index.php\/wp-json\/wp\/v2\/types\/page"}],"author":[{"embeddable":true,"href":"https:\/\/utcancun.edu.mx\/index.php\/wp-json\/wp\/v2\/users\/1"}],"replies":[{"embeddable":true,"href":"https:\/\/utcancun.edu.mx\/index.php\/wp-json\/wp\/v2\/comments?post=153"}],"version-history":[{"count":4,"href":"https:\/\/utcancun.edu.mx\/index.php\/wp-json\/wp\/v2\/pages\/153\/revisions"}],"predecessor-version":[{"id":5089,"href":"https:\/\/utcancun.edu.mx\/index.php\/wp-json\/wp\/v2\/pages\/153\/revisions\/5089"}],"wp:attachment":[{"href":"https:\/\/utcancun.edu.mx\/index.php\/wp-json\/wp\/v2\/media?parent=153"}],"curies":[{"name":"wp","href":"https:\/\/api.w.org\/{rel}","templated":true}]}}