{"id":151,"date":"2024-05-31T18:35:30","date_gmt":"2024-06-01T00:35:30","guid":{"rendered":"http:\/\/192.168.1.237:8018\/?page_id=151"},"modified":"2026-02-20T15:38:33","modified_gmt":"2026-02-20T21:38:33","slug":"internacionalizacion","status":"publish","type":"page","link":"https:\/\/utcancun.edu.mx\/index.php\/internacionalizacion\/","title":{"rendered":"Internacionalizaci\u00f3n"},"content":{"rendered":"\n<p class=\"has-text-align-center has-vivid-cyan-blue-color has-text-color has-link-color has-large-font-size wp-elements-2559e1dfef24d304fd284f1794eaaf8e\"><strong>INTERNACIONALIZACI\u00d3N <\/strong><\/p>\n\n\n\n<p><\/p>\n\n\n\n<ul class=\"wp-block-list\">\n<li><a href=\"http:\/\/192.168.1.237:8018\/wp-content\/uploads\/2026\/02\/MIN-P01-F01-Solicitud-de-Movilidad-Internacional.pdf\" data-type=\"link\" data-id=\"http:\/\/192.168.1.237:8018\/wp-content\/uploads\/2026\/02\/MIN-P01-F01-Solicitud-de-Movilidad-Internacional.pdf\" target=\"_blank\" rel=\"noreferrer noopener\">Formato Movilidad\u00a0<\/a><\/li>\n<\/ul>\n\n\n\n<p class=\"has-text-align-center\"><strong>Horario de Atenci\u00f3n:<\/strong><br>Lunes a Viernes 8:00 a 17:00 hrs Edificio D Oficinas del CRI<br>Tel\u00e9fono: (998) 8811900 Ext. 1140<br>Contacto: internacional@utcancun.edu.mx<\/p>\n","protected":false},"excerpt":{"rendered":"<p>INTERNACIONALIZACI\u00d3N Horario de Atenci\u00f3n:Lunes a Viernes 8:00 a 17:00 hrs Edificio D Oficinas del CRITel\u00e9fono: (998) 8811900 Ext. 1140Contacto: internacional@utcancun.edu.mx<\/p>\n","protected":false},"author":1,"featured_media":0,"parent":0,"menu_order":0,"comment_status":"closed","ping_status":"closed","template":"","meta":{"content-type":"","footnotes":""},"class_list":["post-151","page","type-page","status-publish","hentry"],"_links":{"self":[{"href":"https:\/\/utcancun.edu.mx\/index.php\/wp-json\/wp\/v2\/pages\/151","targetHints":{"allow":["GET"]}}],"collection":[{"href":"https:\/\/utcancun.edu.mx\/index.php\/wp-json\/wp\/v2\/pages"}],"about":[{"href":"https:\/\/utcancun.edu.mx\/index.php\/wp-json\/wp\/v2\/types\/page"}],"author":[{"embeddable":true,"href":"https:\/\/utcancun.edu.mx\/index.php\/wp-json\/wp\/v2\/users\/1"}],"replies":[{"embeddable":true,"href":"https:\/\/utcancun.edu.mx\/index.php\/wp-json\/wp\/v2\/comments?post=151"}],"version-history":[{"count":7,"href":"https:\/\/utcancun.edu.mx\/index.php\/wp-json\/wp\/v2\/pages\/151\/revisions"}],"predecessor-version":[{"id":4853,"href":"https:\/\/utcancun.edu.mx\/index.php\/wp-json\/wp\/v2\/pages\/151\/revisions\/4853"}],"wp:attachment":[{"href":"https:\/\/utcancun.edu.mx\/index.php\/wp-json\/wp\/v2\/media?parent=151"}],"curies":[{"name":"wp","href":"https:\/\/api.w.org\/{rel}","templated":true}]}}