{"id":150,"date":"2024-05-31T18:35:30","date_gmt":"2024-06-01T00:35:30","guid":{"rendered":"http:\/\/192.168.1.237:8018\/?page_id=150"},"modified":"2026-02-27T12:33:10","modified_gmt":"2026-02-27T18:33:10","slug":"estadia-profesional","status":"publish","type":"page","link":"https:\/\/utcancun.edu.mx\/index.php\/estadia-profesional\/","title":{"rendered":"Estad\u00eda profesional"},"content":{"rendered":"\n<p>Es una pr\u00e1ctica profesional que permite a los y las estudiantes aplicar los conocimientos y habilidades adquiridos en las aulas de clases y complementar su formaci\u00f3n dentro de la operaci\u00f3n real de una empresa del sector productivo.<\/p>\n\n\n\n<p>Aplica en el \u00faltimo cuatrimestre de cada nivel educativo, en el 6\u00b0 cuatrimestre para nivel TSU, acreditando 525 horas y en el 11\u00b0 cuatrimestre para las licenciaturas e ingenier\u00edas, acreditando 480 horas.<\/p>\n\n\n\n<div class=\"su-spoiler su-spoiler-style-default su-spoiler-icon-plus su-spoiler-closed\" data-scroll-offset=\"0\" data-anchor-in-url=\"no\"><div class=\"su-spoiler-title\" tabindex=\"0\" role=\"button\"><span class=\"su-spoiler-icon\"><\/span>Formatos de Estad\u00eda profesional<\/div><div class=\"su-spoiler-content su-u-clearfix su-u-trim\">\n\n\n\n<ul class=\"wp-block-list\">\n<li><a href=\"\/wp-content\/uploads\/2026\/02\/AGENDA-Estadi\u0301as-Profesionales-MAY-AGO-26-1.pdf\" target=\"_blank\" rel=\"noreferrer noopener\">Agenda de actividades de estad\u00edas profesionales del cuatrimestre\u00a0Mayo-Agosto <\/a><\/li>\n<\/ul>\n\n\n\n<ul class=\"wp-block-list\">\n<li><a href=\"http:\/\/201.134.180.251:8080\/estadiasut\/\">Descarga de la Carta de Presentaci\u00f3n<\/a>\n<ul class=\"wp-block-list\">\n<li><strong><em>Nota:<\/em><\/strong>&nbsp;Este link aplica para estudiantes regulares. Para la entrega de la carta de presentaci\u00f3n a los\/las estudiantes de reingreso al per\u00edodo de Estad\u00eda&nbsp; Profesional deber\u00e1n enviar por correo su vigencia de derechos actualizada y su ficha de reingreso a&nbsp;<a href=\"mailto:estadia@utcancun.edu.mx\">estadia@utcancun.edu.mx<\/a>;&nbsp;<a href=\"mailto:rquintero@utcancun.edu.mx\">rsanchez@utcancun.edu.mx<\/a><\/li>\n<\/ul>\n<\/li>\n<\/ul>\n\n\n\n<ul class=\"wp-block-list\">\n<li><a href=\"http:\/\/201.134.180.251:8080\/encuestas\/index.php\/221695?lang=es-MX\">Registro de Estad\u00eda Profesional<\/a><\/li>\n\n\n\n<li><a href=\"\/wp-content\/uploads\/2025\/03\/Carta-de-Liberacio\u0301n-de-Estadias-Profesionales.doc\"><\/a><a href=\"\/wp-content\/uploads\/2026\/02\/Formato-Carta-de-Liberacio\u0301n-de-Estadias-Profesionales-3.doc\" target=\"_blank\" rel=\"noreferrer noopener\">Descarga la carta de liberaci\u00f3n de estad\u00edas profesionales <\/a><\/li>\n<\/ul>\n\n\n<\/div><\/div>\n<div class=\"su-spoiler su-spoiler-style-default su-spoiler-icon-plus su-spoiler-closed\" data-scroll-offset=\"0\" data-anchor-in-url=\"no\"><div class=\"su-spoiler-title\" tabindex=\"0\" role=\"button\"><span class=\"su-spoiler-icon\"><\/span>Per\u00edodos de Estad\u00eda Profesional<\/div><div class=\"su-spoiler-content su-u-clearfix su-u-trim\">\n\n\n<h3 class=\"wp-block-heading\"><strong><em>PER\u00cdODOS DE ESTAD\u00cdA PROFESIONAL Y CARRERAS DISPONIBLES EN 202<\/em><\/strong>5<\/h3>\n\n\n\n<figure class=\"wp-block-table\"><table><thead><tr><th><strong>PERIODO DE ESTADIA<\/strong><\/th><th><strong>CUATRIMESTRE<\/strong><\/th><th><strong>NIVEL<\/strong><\/th><th><strong>HORAS DE ESTAD\u00cdA PROFESIONAL<\/strong>&nbsp;<\/th><\/tr><\/thead><tbody><tr><td><strong>Enero \u2013 Abril<\/strong>&nbsp;<\/td><td><strong>11\u00b0<\/strong>&nbsp;<\/td><td><strong>Licenciatura \u2013 Ingenier\u00eda<\/strong>&nbsp;<br>1. Ingenier\u00eda en Desarrollo y Gesti\u00f3n de Software<br><br>2. Ingenier\u00eda en Redes Inteligentes y Ciberseguridad<br><br>3. Licenciatura en Contadur\u00eda<\/td><td>480<\/td><\/tr><tr><td><strong>Mayo \u2013 Agosto&nbsp;<\/strong><\/td><td><strong>11\u00b0&nbsp;<\/strong><\/td><td><strong>Licenciatura \u2013 Ingenier\u00eda<\/strong>&nbsp;<br><br>1. Licenciatura en Gastronom\u00eda*<br><br>2. Licenciatura en Gesti\u00f3n y Desarrollo Tur\u00edstico*<br><br>3.Licenciatura en Innovaci\u00f3n de Negocios y Mercadotecnia*<br><br>4. Ingenier\u00eda en Mantenimiento Industrial*<br><br>5. Licenciatura en Terapia F\u00edsica*<br><br>6. Licenciatura en Gesti\u00f3n del Capital Humano*<\/td><td>480<\/td><\/tr><tr><td>&nbsp;<\/td><td><strong>6\u00b0<\/strong>&nbsp;<\/td><td><strong>T\u00e9cnico Superior Universitario<\/strong>&nbsp;&nbsp;<br><br>1. TSU en Contadur\u00eda<br>2. TSU en Tecnolog\u00edas de la Informaci\u00f3n<br>\u00c1reas:<br>\u2013 Desarrollo de Software Multiplataforma<br>\u2013 Infraestructura en Redes Digitales<\/td><td>525<\/td><\/tr><tr><td><strong>Sept-Dic&nbsp;<\/strong><\/td><td><strong>6\u00b0&nbsp;<\/strong><\/td><td><br>&nbsp;TSU en Turismo<br>\u00c1reas:<br>\u2013 Hoteler\u00eda*<br>\u2013 Desarrollo de Productos Alternativos*<br>TSU en Terapia F\u00edsica*<br>TSU en Gastronom\u00eda*<br>TSU en Desarrollo de Negocios \u00e1rea<br>Mercadotecnia*<br>TSU en Administraci\u00f3n, \u00e1rea Capital Humano*<br>TSU en Mantenimiento \u00e1rea Instalaciones*<br>TSU en Mantenimiento \u00e1rea Naval*&nbsp;<strong>&nbsp;<\/strong><\/td><td>525<\/td><\/tr><\/tbody><\/table><\/figure>\n\n\n\n<\/div><\/div><div class=\"su-spoiler su-spoiler-style-default su-spoiler-icon-plus su-spoiler-closed\" data-scroll-offset=\"0\" data-anchor-in-url=\"no\"><div class=\"su-spoiler-title\" tabindex=\"0\" role=\"button\"><span class=\"su-spoiler-icon\"><\/span>Empresas Vinculadas<\/div><div class=\"su-spoiler-content su-u-clearfix su-u-trim\">\n\n\n\n<p><a href=\"\/wp-content\/uploads\/2025\/11\/Empresas-vinculadas-para-practicas-SEPTIEMBRE-2025.pdf\" target=\"_blank\" rel=\"noreferrer noopener\">Empresas Vinculadas para practicas septiembre 2025<\/a><br><a href=\"http:\/\/201.134.180.251:8080\/encuestas\/index.php\/181274?lang=es-MX\">Solicitud de vinculaci\u00f3n empresarial.<\/a><\/p>\n\n\n\n<\/div><\/div><div class=\"su-spoiler su-spoiler-style-default su-spoiler-icon-plus su-spoiler-closed\" data-scroll-offset=\"0\" data-anchor-in-url=\"no\"><div class=\"su-spoiler-title\" tabindex=\"0\" role=\"button\"><span class=\"su-spoiler-icon\"><\/span>Formatos de Estad\u00eda For\u00e1nea<\/div><div class=\"su-spoiler-content su-u-clearfix su-u-trim\">\n\n\n\n\n\n<ul class=\"wp-block-list\">\n<li><a href=\"\/wp-content\/uploads\/2025\/08\/MON-I02-F01-Solicitud-de-Movilidad-Nacional.docx\" target=\"_blank\" rel=\"noreferrer noopener\">Formato de solicitud de Movilidad Nacional <\/a><\/li>\n<\/ul>\n\n\n<\/div><\/div>\n\n\n<p class=\"has-text-align-center\"><em><strong>Responsables:<\/strong><\/em><\/p>\n\n\n<p class=\"has-text-align-center\">C. Remedios S\u00e1nchez May<br \/><a href=\"mailto:rsanchez@utcancun.edu.mx\">rsanchez@utcancun.edu.mx<\/a><br \/>Tel. (998) 8811900 ext. 1141<\/p>\n\n\n<p class=\"has-text-align-center\">I<em>ng. Ana Luc\u00eda M\u00e9ndez Estrella<\/em><br><a href=\"mailto:estadia@utcancun.edu.mx\">estadia@utcancun.edu.mx<\/a><br>Tel. (998) 8811900 ext. 1319<\/p>\n\n\n\n<p class=\"has-text-align-center\"><strong>S\u00cdGUENOS&nbsp;EN FACEBOOK:<\/strong><\/p>\n\n\n<div class=\"wp-block-image\">\n<figure class=\"aligncenter is-resized\"><a href=\"https:\/\/www.facebook.com\/EstadiaProfesionalUTCancun\/\"><img decoding=\"async\" src=\"http:\/\/www.utcancun.edu.mx\/wp-content\/uploads\/2016\/07\/Facebook-Icon-Grijs-300x300.png\" alt=\"facebook-icon-grijs\" class=\"wp-image-8884\" style=\"width:76px;height:auto\"\/><\/a><\/figure><\/div>\n\n\n<p class=\"has-text-align-center\"><a href=\"https:\/\/www.facebook.com\/EstadiaProfesionalUTCancun\/\"><strong>Facebook.com\/EstadiaProfesionalUTCancun<\/strong><\/a><\/p>\n","protected":false},"excerpt":{"rendered":"<p>Es una pr\u00e1ctica profesional que permite a los y las estudiantes aplicar los conocimientos y habilidades adquiridos en las aulas de clases y complementar su formaci\u00f3n dentro de la operaci\u00f3n real de una empresa del sector productivo. Aplica en el \u00faltimo cuatrimestre de cada nivel educativo, en el 6\u00b0 cuatrimestre para nivel TSU, acreditando 525 [&hellip;]<\/p>\n","protected":false},"author":1,"featured_media":0,"parent":0,"menu_order":0,"comment_status":"closed","ping_status":"closed","template":"","meta":{"content-type":"","footnotes":""},"class_list":["post-150","page","type-page","status-publish","hentry"],"_links":{"self":[{"href":"https:\/\/utcancun.edu.mx\/index.php\/wp-json\/wp\/v2\/pages\/150","targetHints":{"allow":["GET"]}}],"collection":[{"href":"https:\/\/utcancun.edu.mx\/index.php\/wp-json\/wp\/v2\/pages"}],"about":[{"href":"https:\/\/utcancun.edu.mx\/index.php\/wp-json\/wp\/v2\/types\/page"}],"author":[{"embeddable":true,"href":"https:\/\/utcancun.edu.mx\/index.php\/wp-json\/wp\/v2\/users\/1"}],"replies":[{"embeddable":true,"href":"https:\/\/utcancun.edu.mx\/index.php\/wp-json\/wp\/v2\/comments?post=150"}],"version-history":[{"count":34,"href":"https:\/\/utcancun.edu.mx\/index.php\/wp-json\/wp\/v2\/pages\/150\/revisions"}],"predecessor-version":[{"id":4862,"href":"https:\/\/utcancun.edu.mx\/index.php\/wp-json\/wp\/v2\/pages\/150\/revisions\/4862"}],"wp:attachment":[{"href":"https:\/\/utcancun.edu.mx\/index.php\/wp-json\/wp\/v2\/media?parent=150"}],"curies":[{"name":"wp","href":"https:\/\/api.w.org\/{rel}","templated":true}]}}