{"id":149,"date":"2024-05-31T18:35:30","date_gmt":"2024-06-01T00:35:30","guid":{"rendered":"http:\/\/192.168.1.237:8018\/?page_id=149"},"modified":"2025-02-10T16:24:25","modified_gmt":"2025-02-10T22:24:25","slug":"bolsa-de-trabajo","status":"publish","type":"page","link":"https:\/\/utcancun.edu.mx\/index.php\/bolsa-de-trabajo\/","title":{"rendered":"Bolsa de trabajo"},"content":{"rendered":"\n<p class=\"has-text-align-center has-large-font-size\"><strong><mark style=\"background-color:rgba(0, 0, 0, 0)\" class=\"has-inline-color has-vivid-cyan-blue-color\">BOLSA DE TRABAJO <\/mark><\/strong><\/p>\n\n\n\n<div class=\"wp-block-columns is-layout-flex wp-container-core-columns-is-layout-1 wp-block-columns-is-layout-flex\">\n<div class=\"wp-block-column is-layout-flow wp-block-column-is-layout-flow\">\n<figure class=\"wp-block-image size-full\"><img fetchpriority=\"high\" decoding=\"async\" width=\"546\" height=\"757\" src=\"\/wp-content\/uploads\/2025\/02\/westin-resort-and-spa-1.png\" alt=\"\" class=\"wp-image-2472\" srcset=\"https:\/\/utcancun.edu.mx\/wp-content\/uploads\/2025\/02\/westin-resort-and-spa-1.png 546w, https:\/\/utcancun.edu.mx\/wp-content\/uploads\/2025\/02\/westin-resort-and-spa-1-216x300.png 216w, https:\/\/utcancun.edu.mx\/wp-content\/uploads\/2025\/02\/westin-resort-and-spa-1-320x444.png 320w, https:\/\/utcancun.edu.mx\/wp-content\/uploads\/2025\/02\/westin-resort-and-spa-1-480x665.png 480w\" sizes=\"(max-width: 546px) 100vw, 546px\" \/><\/figure>\n<\/div>\n\n\n\n<div class=\"wp-block-column is-layout-flow wp-block-column-is-layout-flow\">\n<figure class=\"wp-block-image size-large\"><img decoding=\"async\" width=\"724\" height=\"1024\" src=\"\/wp-content\/uploads\/2025\/02\/VACANTES-FLAMINGO-1-724x1024.png\" alt=\"\" class=\"wp-image-2473\" srcset=\"https:\/\/utcancun.edu.mx\/wp-content\/uploads\/2025\/02\/VACANTES-FLAMINGO-1-724x1024.png 724w, https:\/\/utcancun.edu.mx\/wp-content\/uploads\/2025\/02\/VACANTES-FLAMINGO-1-212x300.png 212w, https:\/\/utcancun.edu.mx\/wp-content\/uploads\/2025\/02\/VACANTES-FLAMINGO-1-768x1086.png 768w, https:\/\/utcancun.edu.mx\/wp-content\/uploads\/2025\/02\/VACANTES-FLAMINGO-1-1086x1536.png 1086w, https:\/\/utcancun.edu.mx\/wp-content\/uploads\/2025\/02\/VACANTES-FLAMINGO-1-320x453.png 320w, https:\/\/utcancun.edu.mx\/wp-content\/uploads\/2025\/02\/VACANTES-FLAMINGO-1-480x679.png 480w, https:\/\/utcancun.edu.mx\/wp-content\/uploads\/2025\/02\/VACANTES-FLAMINGO-1-800x1132.png 800w, https:\/\/utcancun.edu.mx\/wp-content\/uploads\/2025\/02\/VACANTES-FLAMINGO-1.png 1414w\" sizes=\"(max-width: 724px) 100vw, 724px\" \/><\/figure>\n<\/div>\n<\/div>\n\n\n\n<div class=\"wp-block-columns is-layout-flex wp-container-core-columns-is-layout-2 wp-block-columns-is-layout-flex\">\n<div class=\"wp-block-column is-layout-flow wp-block-column-is-layout-flow\">\n<figure class=\"wp-block-image size-full\"><img decoding=\"async\" width=\"720\" height=\"960\" src=\"\/wp-content\/uploads\/2025\/02\/10022025-2.png\" alt=\"\" class=\"wp-image-2474\" srcset=\"https:\/\/utcancun.edu.mx\/wp-content\/uploads\/2025\/02\/10022025-2.png 720w, https:\/\/utcancun.edu.mx\/wp-content\/uploads\/2025\/02\/10022025-2-225x300.png 225w, https:\/\/utcancun.edu.mx\/wp-content\/uploads\/2025\/02\/10022025-2-320x427.png 320w, https:\/\/utcancun.edu.mx\/wp-content\/uploads\/2025\/02\/10022025-2-480x640.png 480w\" sizes=\"(max-width: 720px) 100vw, 720px\" \/><\/figure>\n<\/div>\n\n\n\n<div class=\"wp-block-column is-layout-flow wp-block-column-is-layout-flow\">\n<figure class=\"wp-block-image size-large\"><img loading=\"lazy\" decoding=\"async\" width=\"791\" height=\"1024\" src=\"\/wp-content\/uploads\/2025\/02\/1738727040351-1-791x1024.jpg\" alt=\"\" class=\"wp-image-2475\" srcset=\"https:\/\/utcancun.edu.mx\/wp-content\/uploads\/2025\/02\/1738727040351-1-791x1024.jpg 791w, https:\/\/utcancun.edu.mx\/wp-content\/uploads\/2025\/02\/1738727040351-1-232x300.jpg 232w, https:\/\/utcancun.edu.mx\/wp-content\/uploads\/2025\/02\/1738727040351-1-768x994.jpg 768w, https:\/\/utcancun.edu.mx\/wp-content\/uploads\/2025\/02\/1738727040351-1-1187x1536.jpg 1187w, https:\/\/utcancun.edu.mx\/wp-content\/uploads\/2025\/02\/1738727040351-1-320x414.jpg 320w, https:\/\/utcancun.edu.mx\/wp-content\/uploads\/2025\/02\/1738727040351-1-480x621.jpg 480w, https:\/\/utcancun.edu.mx\/wp-content\/uploads\/2025\/02\/1738727040351-1-800x1036.jpg 800w, https:\/\/utcancun.edu.mx\/wp-content\/uploads\/2025\/02\/1738727040351-1.jpg 1236w\" sizes=\"(max-width: 791px) 100vw, 791px\" \/><\/figure>\n<\/div>\n<\/div>\n\n\n\n<div class=\"wp-block-columns is-layout-flex wp-container-core-columns-is-layout-3 wp-block-columns-is-layout-flex\">\n<div class=\"wp-block-column is-layout-flow wp-block-column-is-layout-flow\">\n<figure class=\"wp-block-image size-full\"><img loading=\"lazy\" decoding=\"async\" width=\"720\" height=\"960\" src=\"\/wp-content\/uploads\/2025\/02\/ALLTRA-CANCUN-1.png\" alt=\"\" class=\"wp-image-2477\" srcset=\"https:\/\/utcancun.edu.mx\/wp-content\/uploads\/2025\/02\/ALLTRA-CANCUN-1.png 720w, https:\/\/utcancun.edu.mx\/wp-content\/uploads\/2025\/02\/ALLTRA-CANCUN-1-225x300.png 225w, https:\/\/utcancun.edu.mx\/wp-content\/uploads\/2025\/02\/ALLTRA-CANCUN-1-320x427.png 320w, https:\/\/utcancun.edu.mx\/wp-content\/uploads\/2025\/02\/ALLTRA-CANCUN-1-480x640.png 480w\" sizes=\"(max-width: 720px) 100vw, 720px\" \/><\/figure>\n<\/div>\n\n\n\n<div class=\"wp-block-column is-layout-flow wp-block-column-is-layout-flow\">\n<figure class=\"wp-block-image size-large\"><img loading=\"lazy\" decoding=\"async\" width=\"731\" height=\"1024\" src=\"\/wp-content\/uploads\/2025\/02\/CAMARISTA-1-731x1024.png\" alt=\"\" class=\"wp-image-2478\" srcset=\"https:\/\/utcancun.edu.mx\/wp-content\/uploads\/2025\/02\/CAMARISTA-1-731x1024.png 731w, https:\/\/utcancun.edu.mx\/wp-content\/uploads\/2025\/02\/CAMARISTA-1-214x300.png 214w, https:\/\/utcancun.edu.mx\/wp-content\/uploads\/2025\/02\/CAMARISTA-1-768x1076.png 768w, https:\/\/utcancun.edu.mx\/wp-content\/uploads\/2025\/02\/CAMARISTA-1-1097x1536.png 1097w, https:\/\/utcancun.edu.mx\/wp-content\/uploads\/2025\/02\/CAMARISTA-1-320x448.png 320w, https:\/\/utcancun.edu.mx\/wp-content\/uploads\/2025\/02\/CAMARISTA-1-480x672.png 480w, https:\/\/utcancun.edu.mx\/wp-content\/uploads\/2025\/02\/CAMARISTA-1-800x1120.png 800w, https:\/\/utcancun.edu.mx\/wp-content\/uploads\/2025\/02\/CAMARISTA-1.png 1428w\" sizes=\"(max-width: 731px) 100vw, 731px\" \/><\/figure>\n<\/div>\n<\/div>\n\n\n\n<div class=\"wp-block-columns is-layout-flex wp-container-core-columns-is-layout-4 wp-block-columns-is-layout-flex\">\n<div class=\"wp-block-column is-layout-flow wp-block-column-is-layout-flow\">\n<figure class=\"wp-block-image size-large\"><img loading=\"lazy\" decoding=\"async\" width=\"768\" height=\"1024\" src=\"\/wp-content\/uploads\/2025\/02\/MicrosoftTeams-image-9-1-1-1-1-1-768x1024.jpg\" alt=\"\" class=\"wp-image-2479\" srcset=\"https:\/\/utcancun.edu.mx\/wp-content\/uploads\/2025\/02\/MicrosoftTeams-image-9-1-1-1-1-1-768x1024.jpg 768w, https:\/\/utcancun.edu.mx\/wp-content\/uploads\/2025\/02\/MicrosoftTeams-image-9-1-1-1-1-1-225x300.jpg 225w, https:\/\/utcancun.edu.mx\/wp-content\/uploads\/2025\/02\/MicrosoftTeams-image-9-1-1-1-1-1-1152x1536.jpg 1152w, https:\/\/utcancun.edu.mx\/wp-content\/uploads\/2025\/02\/MicrosoftTeams-image-9-1-1-1-1-1-320x427.jpg 320w, https:\/\/utcancun.edu.mx\/wp-content\/uploads\/2025\/02\/MicrosoftTeams-image-9-1-1-1-1-1-480x640.jpg 480w, https:\/\/utcancun.edu.mx\/wp-content\/uploads\/2025\/02\/MicrosoftTeams-image-9-1-1-1-1-1-800x1067.jpg 800w, https:\/\/utcancun.edu.mx\/wp-content\/uploads\/2025\/02\/MicrosoftTeams-image-9-1-1-1-1-1.jpg 1200w\" sizes=\"(max-width: 768px) 100vw, 768px\" \/><\/figure>\n<\/div>\n\n\n\n<div class=\"wp-block-column is-layout-flow wp-block-column-is-layout-flow\">\n<figure class=\"wp-block-image size-large\"><img loading=\"lazy\" decoding=\"async\" width=\"731\" height=\"1024\" src=\"\/wp-content\/uploads\/2025\/02\/OPERADORES-DE-CUARTO-1-731x1024.png\" alt=\"\" class=\"wp-image-2480\" srcset=\"https:\/\/utcancun.edu.mx\/wp-content\/uploads\/2025\/02\/OPERADORES-DE-CUARTO-1-731x1024.png 731w, https:\/\/utcancun.edu.mx\/wp-content\/uploads\/2025\/02\/OPERADORES-DE-CUARTO-1-214x300.png 214w, https:\/\/utcancun.edu.mx\/wp-content\/uploads\/2025\/02\/OPERADORES-DE-CUARTO-1-768x1076.png 768w, https:\/\/utcancun.edu.mx\/wp-content\/uploads\/2025\/02\/OPERADORES-DE-CUARTO-1-1097x1536.png 1097w, https:\/\/utcancun.edu.mx\/wp-content\/uploads\/2025\/02\/OPERADORES-DE-CUARTO-1-320x448.png 320w, https:\/\/utcancun.edu.mx\/wp-content\/uploads\/2025\/02\/OPERADORES-DE-CUARTO-1-480x672.png 480w, https:\/\/utcancun.edu.mx\/wp-content\/uploads\/2025\/02\/OPERADORES-DE-CUARTO-1-800x1120.png 800w, https:\/\/utcancun.edu.mx\/wp-content\/uploads\/2025\/02\/OPERADORES-DE-CUARTO-1.png 1428w\" sizes=\"(max-width: 731px) 100vw, 731px\" \/><\/figure>\n<\/div>\n<\/div>\n\n\n\n<div class=\"wp-block-columns is-layout-flex wp-container-core-columns-is-layout-5 wp-block-columns-is-layout-flex\">\n<div class=\"wp-block-column is-layout-flow wp-block-column-is-layout-flow\">\n<figure class=\"wp-block-image size-large\"><img loading=\"lazy\" decoding=\"async\" width=\"731\" height=\"1024\" src=\"\/wp-content\/uploads\/2025\/02\/PLAYORDOMO-1-731x1024.png\" alt=\"\" class=\"wp-image-2481\" srcset=\"https:\/\/utcancun.edu.mx\/wp-content\/uploads\/2025\/02\/PLAYORDOMO-1-731x1024.png 731w, https:\/\/utcancun.edu.mx\/wp-content\/uploads\/2025\/02\/PLAYORDOMO-1-214x300.png 214w, https:\/\/utcancun.edu.mx\/wp-content\/uploads\/2025\/02\/PLAYORDOMO-1-768x1076.png 768w, https:\/\/utcancun.edu.mx\/wp-content\/uploads\/2025\/02\/PLAYORDOMO-1-1097x1536.png 1097w, https:\/\/utcancun.edu.mx\/wp-content\/uploads\/2025\/02\/PLAYORDOMO-1-320x448.png 320w, https:\/\/utcancun.edu.mx\/wp-content\/uploads\/2025\/02\/PLAYORDOMO-1-480x672.png 480w, https:\/\/utcancun.edu.mx\/wp-content\/uploads\/2025\/02\/PLAYORDOMO-1-800x1120.png 800w, https:\/\/utcancun.edu.mx\/wp-content\/uploads\/2025\/02\/PLAYORDOMO-1.png 1428w\" sizes=\"(max-width: 731px) 100vw, 731px\" \/><\/figure>\n<\/div>\n\n\n\n<div class=\"wp-block-column is-layout-flow wp-block-column-is-layout-flow\">\n<figure class=\"wp-block-image size-large\"><img loading=\"lazy\" decoding=\"async\" width=\"683\" height=\"1024\" src=\"\/wp-content\/uploads\/2025\/02\/PROFESOR-DE-INGLE\u0301S-1-683x1024.jpg\" alt=\"\" class=\"wp-image-2482\" srcset=\"https:\/\/utcancun.edu.mx\/wp-content\/uploads\/2025\/02\/PROFESOR-DE-INGLE\u0301S-1-683x1024.jpg 683w, https:\/\/utcancun.edu.mx\/wp-content\/uploads\/2025\/02\/PROFESOR-DE-INGLE\u0301S-1-200x300.jpg 200w, https:\/\/utcancun.edu.mx\/wp-content\/uploads\/2025\/02\/PROFESOR-DE-INGLE\u0301S-1-768x1152.jpg 768w, https:\/\/utcancun.edu.mx\/wp-content\/uploads\/2025\/02\/PROFESOR-DE-INGLE\u0301S-1-1024x1536.jpg 1024w, https:\/\/utcancun.edu.mx\/wp-content\/uploads\/2025\/02\/PROFESOR-DE-INGLE\u0301S-1-320x480.jpg 320w, https:\/\/utcancun.edu.mx\/wp-content\/uploads\/2025\/02\/PROFESOR-DE-INGLE\u0301S-1-480x720.jpg 480w, https:\/\/utcancun.edu.mx\/wp-content\/uploads\/2025\/02\/PROFESOR-DE-INGLE\u0301S-1-800x1200.jpg 800w, https:\/\/utcancun.edu.mx\/wp-content\/uploads\/2025\/02\/PROFESOR-DE-INGLE\u0301S-1.jpg 1067w\" sizes=\"(max-width: 683px) 100vw, 683px\" \/><\/figure>\n<\/div>\n<\/div>\n\n\n\n<div class=\"wp-block-columns is-layout-flex wp-container-core-columns-is-layout-6 wp-block-columns-is-layout-flex\">\n<div class=\"wp-block-column is-layout-flow wp-block-column-is-layout-flow\">\n<figure class=\"wp-block-image size-large\"><img loading=\"lazy\" decoding=\"async\" width=\"732\" height=\"1024\" src=\"\/wp-content\/uploads\/2025\/02\/RECEPCIONISTA-NOCTURNO-1-732x1024.png\" alt=\"\" class=\"wp-image-2483\" srcset=\"https:\/\/utcancun.edu.mx\/wp-content\/uploads\/2025\/02\/RECEPCIONISTA-NOCTURNO-1-732x1024.png 732w, https:\/\/utcancun.edu.mx\/wp-content\/uploads\/2025\/02\/RECEPCIONISTA-NOCTURNO-1-214x300.png 214w, https:\/\/utcancun.edu.mx\/wp-content\/uploads\/2025\/02\/RECEPCIONISTA-NOCTURNO-1-768x1075.png 768w, https:\/\/utcancun.edu.mx\/wp-content\/uploads\/2025\/02\/RECEPCIONISTA-NOCTURNO-1-1097x1536.png 1097w, https:\/\/utcancun.edu.mx\/wp-content\/uploads\/2025\/02\/RECEPCIONISTA-NOCTURNO-1-320x448.png 320w, https:\/\/utcancun.edu.mx\/wp-content\/uploads\/2025\/02\/RECEPCIONISTA-NOCTURNO-1-480x672.png 480w, https:\/\/utcancun.edu.mx\/wp-content\/uploads\/2025\/02\/RECEPCIONISTA-NOCTURNO-1-800x1120.png 800w, https:\/\/utcancun.edu.mx\/wp-content\/uploads\/2025\/02\/RECEPCIONISTA-NOCTURNO-1.png 1429w\" sizes=\"(max-width: 732px) 100vw, 732px\" \/><\/figure>\n<\/div>\n\n\n\n<div class=\"wp-block-column is-layout-flow wp-block-column-is-layout-flow\">\n<figure class=\"wp-block-image size-large\"><img loading=\"lazy\" decoding=\"async\" width=\"786\" height=\"1024\" src=\"\/wp-content\/uploads\/2025\/02\/Slide11-1-786x1024.jpg\" alt=\"\" class=\"wp-image-2484\" srcset=\"https:\/\/utcancun.edu.mx\/wp-content\/uploads\/2025\/02\/Slide11-1-786x1024.jpg 786w, https:\/\/utcancun.edu.mx\/wp-content\/uploads\/2025\/02\/Slide11-1-230x300.jpg 230w, https:\/\/utcancun.edu.mx\/wp-content\/uploads\/2025\/02\/Slide11-1-768x1001.jpg 768w, https:\/\/utcancun.edu.mx\/wp-content\/uploads\/2025\/02\/Slide11-1-320x417.jpg 320w, https:\/\/utcancun.edu.mx\/wp-content\/uploads\/2025\/02\/Slide11-1-480x625.jpg 480w, https:\/\/utcancun.edu.mx\/wp-content\/uploads\/2025\/02\/Slide11-1-800x1042.jpg 800w, https:\/\/utcancun.edu.mx\/wp-content\/uploads\/2025\/02\/Slide11-1.jpg 812w\" sizes=\"(max-width: 786px) 100vw, 786px\" \/><\/figure>\n<\/div>\n<\/div>\n\n\n\n<figure class=\"wp-block-image size-large\"><img loading=\"lazy\" decoding=\"async\" width=\"1024\" height=\"683\" src=\"\/wp-content\/uploads\/2025\/02\/1002025-4-1024x683.jpg\" alt=\"\" class=\"wp-image-2485\" srcset=\"https:\/\/utcancun.edu.mx\/wp-content\/uploads\/2025\/02\/1002025-4-1024x683.jpg 1024w, https:\/\/utcancun.edu.mx\/wp-content\/uploads\/2025\/02\/1002025-4-300x200.jpg 300w, https:\/\/utcancun.edu.mx\/wp-content\/uploads\/2025\/02\/1002025-4-768x512.jpg 768w, https:\/\/utcancun.edu.mx\/wp-content\/uploads\/2025\/02\/1002025-4-1536x1024.jpg 1536w, https:\/\/utcancun.edu.mx\/wp-content\/uploads\/2025\/02\/1002025-4-320x213.jpg 320w, https:\/\/utcancun.edu.mx\/wp-content\/uploads\/2025\/02\/1002025-4-480x320.jpg 480w, https:\/\/utcancun.edu.mx\/wp-content\/uploads\/2025\/02\/1002025-4-800x534.jpg 800w, https:\/\/utcancun.edu.mx\/wp-content\/uploads\/2025\/02\/1002025-4.jpg 1600w\" sizes=\"(max-width: 1024px) 100vw, 1024px\" \/><\/figure>\n\n\n\n<figure class=\"wp-block-image size-large\"><img loading=\"lazy\" decoding=\"async\" width=\"1024\" height=\"536\" src=\"\/wp-content\/uploads\/2025\/02\/SECRETS-THE-VINE-1-1024x536.png\" alt=\"\" class=\"wp-image-2486\" srcset=\"https:\/\/utcancun.edu.mx\/wp-content\/uploads\/2025\/02\/SECRETS-THE-VINE-1-1024x536.png 1024w, https:\/\/utcancun.edu.mx\/wp-content\/uploads\/2025\/02\/SECRETS-THE-VINE-1-300x157.png 300w, https:\/\/utcancun.edu.mx\/wp-content\/uploads\/2025\/02\/SECRETS-THE-VINE-1-768x402.png 768w, https:\/\/utcancun.edu.mx\/wp-content\/uploads\/2025\/02\/SECRETS-THE-VINE-1-1536x804.png 1536w, https:\/\/utcancun.edu.mx\/wp-content\/uploads\/2025\/02\/SECRETS-THE-VINE-1-2048x1072.png 2048w, https:\/\/utcancun.edu.mx\/wp-content\/uploads\/2025\/02\/SECRETS-THE-VINE-1-320x167.png 320w, https:\/\/utcancun.edu.mx\/wp-content\/uploads\/2025\/02\/SECRETS-THE-VINE-1-480x251.png 480w, https:\/\/utcancun.edu.mx\/wp-content\/uploads\/2025\/02\/SECRETS-THE-VINE-1-800x419.png 800w\" sizes=\"(max-width: 1024px) 100vw, 1024px\" \/><\/figure>\n\n\n\n<figure class=\"wp-block-image size-full\"><img loading=\"lazy\" decoding=\"async\" width=\"960\" height=\"540\" src=\"\/wp-content\/uploads\/2025\/02\/Slide1-1.jpg\" alt=\"\" class=\"wp-image-2487\" srcset=\"https:\/\/utcancun.edu.mx\/wp-content\/uploads\/2025\/02\/Slide1-1.jpg 960w, https:\/\/utcancun.edu.mx\/wp-content\/uploads\/2025\/02\/Slide1-1-300x169.jpg 300w, https:\/\/utcancun.edu.mx\/wp-content\/uploads\/2025\/02\/Slide1-1-768x432.jpg 768w, https:\/\/utcancun.edu.mx\/wp-content\/uploads\/2025\/02\/Slide1-1-320x180.jpg 320w, https:\/\/utcancun.edu.mx\/wp-content\/uploads\/2025\/02\/Slide1-1-480x270.jpg 480w, https:\/\/utcancun.edu.mx\/wp-content\/uploads\/2025\/02\/Slide1-1-800x450.jpg 800w\" sizes=\"(max-width: 960px) 100vw, 960px\" \/><\/figure>\n\n\n\n<p class=\"has-text-align-center\"><strong>Horario de Atenci\u00f3n<\/strong><br>Lunes a Viernes<br>8:00 a 16:00 Horas<br>Edificio D<br>Departamento de Gesti\u00f3n empresarial<br>Tel\u00e9fono: (998) 8811900 Ext. 1151<br>Contacto:&nbsp;<a href=\"mailto:bolsadetrabajo@utcancun.edu.mx\">bolsadetrabajo@utcancun.edu.mx<\/a><\/p>\n\n\n\n<p class=\"has-text-align-center\"><strong>S\u00cdGUENOS&nbsp;<\/strong><strong>EN FACEBOOK:<\/strong><\/p>\n\n\n<div class=\"wp-block-image\">\n<figure class=\"aligncenter is-resized\"><a href=\"https:\/\/www.facebook.com\/EstadiaProfesionalUTCancun\/\"><img decoding=\"async\" src=\"http:\/\/www.utcancun.edu.mx\/wp-content\/uploads\/2016\/07\/Facebook-Icon-Grijs-300x300.png\" alt=\"facebook-icon-grijs\" class=\"wp-image-8884\" style=\"width:80px;height:auto\"\/><\/a><\/figure><\/div>\n\n\n<p class=\"has-text-align-center\"><a href=\"https:\/\/www.facebook.com\/EgresadosBolsadetrabajoUTCancun\/\">Facebook Bolsa de Trabajo<\/a><\/p>\n\n\n\n<p><\/p>\n","protected":false},"excerpt":{"rendered":"<p>BOLSA DE TRABAJO Horario de Atenci\u00f3nLunes a Viernes8:00 a 16:00 HorasEdificio DDepartamento de Gesti\u00f3n empresarialTel\u00e9fono: (998) 8811900 Ext. 1151Contacto:&nbsp;bolsadetrabajo@utcancun.edu.mx S\u00cdGUENOS&nbsp;EN FACEBOOK: Facebook Bolsa de Trabajo<\/p>\n","protected":false},"author":1,"featured_media":0,"parent":0,"menu_order":0,"comment_status":"closed","ping_status":"closed","template":"","meta":{"content-type":"","footnotes":""},"class_list":["post-149","page","type-page","status-publish","hentry"],"_links":{"self":[{"href":"https:\/\/utcancun.edu.mx\/index.php\/wp-json\/wp\/v2\/pages\/149","targetHints":{"allow":["GET"]}}],"collection":[{"href":"https:\/\/utcancun.edu.mx\/index.php\/wp-json\/wp\/v2\/pages"}],"about":[{"href":"https:\/\/utcancun.edu.mx\/index.php\/wp-json\/wp\/v2\/types\/page"}],"author":[{"embeddable":true,"href":"https:\/\/utcancun.edu.mx\/index.php\/wp-json\/wp\/v2\/users\/1"}],"replies":[{"embeddable":true,"href":"https:\/\/utcancun.edu.mx\/index.php\/wp-json\/wp\/v2\/comments?post=149"}],"version-history":[{"count":6,"href":"https:\/\/utcancun.edu.mx\/index.php\/wp-json\/wp\/v2\/pages\/149\/revisions"}],"predecessor-version":[{"id":2489,"href":"https:\/\/utcancun.edu.mx\/index.php\/wp-json\/wp\/v2\/pages\/149\/revisions\/2489"}],"wp:attachment":[{"href":"https:\/\/utcancun.edu.mx\/index.php\/wp-json\/wp\/v2\/media?parent=149"}],"curies":[{"name":"wp","href":"https:\/\/api.w.org\/{rel}","templated":true}]}}