{"id":146,"date":"2024-05-31T18:35:29","date_gmt":"2024-06-01T00:35:29","guid":{"rendered":"http:\/\/192.168.1.237:8018\/?page_id=146"},"modified":"2025-08-01T10:46:23","modified_gmt":"2025-08-01T16:46:23","slug":"seguimiento-de-egresados","status":"publish","type":"page","link":"https:\/\/utcancun.edu.mx\/index.php\/seguimiento-de-egresados\/","title":{"rendered":"Seguimiento de egresados"},"content":{"rendered":"\n<p><a href=\"http:\/\/utcancun.edu.mx\/index.php\/titulacion-2\/\" target=\"_blank\" rel=\"noreferrer noopener\">Consulta aqu\u00ed tu tr\u00e1mite de titulaci\u00f3n\u00a0<\/a><br><\/p>\n\n\n\n<p>Seguimiento de egresados<\/p>\n\n\n\n<ul class=\"wp-block-list\">\n<li><a href=\"http:\/\/201.134.180.251:8080\/encuestas\/index.php\/973715?lang=es-MX\">Encuesta de Satisfacci\u00f3n del Servicio de Seguimiento de Egresados y Apoyo de Bolsa de Trabajo<\/a><\/li>\n\n\n\n<li><a href=\"http:\/\/201.134.180.251:8080\/encuestas\/index.php\/574392?lang=es-MX\">Actualizaci\u00f3n de datos de egresados &nbsp;\u2013 UT CANCUN<\/a><\/li>\n\n\n\n<li><em><a href=\"http:\/\/201.134.180.251:8080\/encuestas\/index.php\/381536?lang=es-MX\">Encuesta de Satisfacci\u00f3n de Egresados (as) TSU&nbsp;<\/a><\/em><\/li>\n\n\n\n<li><a href=\"http:\/\/201.134.180.251:8080\/encuestas\/index.php\/555862?lang=es-MX\">Encuesta de Satisfacci\u00f3n de Egresados (as) de Licenciaturas e Ingenier\u00edas<\/a><\/li>\n\n\n\n<li><a href=\"http:\/\/201.134.180.251:8080\/encuestas\/index.php\/911994?lang=es-MX\"><em>Registro y Actualizaci\u00f3n de Datos de Egresados<\/em>, p<em>eriodo de Estad\u00edas<\/em><\/a><\/li>\n\n\n\n<li><a href=\"https:\/\/www.youtube.com\/playlist?list=PLQZ0N-XiuCKG64-ivedSlefxiGqpRBtNX\" target=\"_blank\" rel=\"noreferrer noopener\">Egresados exitosos<\/a><\/li>\n\n\n\n<li><a href=\"https:\/\/www.facebook.com\/aseutcancun\/?fref=ts\" target=\"_blank\" rel=\"noreferrer noopener\">Eventos con egresados<\/a>\n<ul class=\"wp-block-list\">\n<li><a href=\"http:\/\/www.utcancun.edu.mx\/primera-cena-de-egresados\/\" target=\"_blank\" rel=\"noreferrer noopener\">2016<\/a><\/li>\n\n\n\n<li><a href=\"http:\/\/www.utcancun.edu.mx\/se-renueva-la-aseut\/\" target=\"_blank\" rel=\"noreferrer noopener\">2017<\/a><\/li>\n<\/ul>\n<\/li>\n\n\n\n<li><a href=\"http:\/\/kali.utcancun.edu.mx:8080\/egresados\/\" target=\"_blank\" rel=\"noreferrer noopener\">Segunda Cena de Egresados<\/a><\/li>\n\n\n\n<li><a href=\"https:\/\/www.facebook.com\/EgresadosBolsadetrabajoUTCancun\/#\" target=\"_blank\" rel=\"noreferrer noopener\">Facebook de Bolsa de Trabajo<\/a><\/li>\n<\/ul>\n","protected":false},"excerpt":{"rendered":"<p>Consulta aqu\u00ed tu tr\u00e1mite de titulaci\u00f3n\u00a0 Seguimiento de egresados<\/p>\n","protected":false},"author":1,"featured_media":0,"parent":0,"menu_order":0,"comment_status":"closed","ping_status":"closed","template":"","meta":{"content-type":"","footnotes":""},"class_list":["post-146","page","type-page","status-publish","hentry"],"_links":{"self":[{"href":"https:\/\/utcancun.edu.mx\/index.php\/wp-json\/wp\/v2\/pages\/146","targetHints":{"allow":["GET"]}}],"collection":[{"href":"https:\/\/utcancun.edu.mx\/index.php\/wp-json\/wp\/v2\/pages"}],"about":[{"href":"https:\/\/utcancun.edu.mx\/index.php\/wp-json\/wp\/v2\/types\/page"}],"author":[{"embeddable":true,"href":"https:\/\/utcancun.edu.mx\/index.php\/wp-json\/wp\/v2\/users\/1"}],"replies":[{"embeddable":true,"href":"https:\/\/utcancun.edu.mx\/index.php\/wp-json\/wp\/v2\/comments?post=146"}],"version-history":[{"count":5,"href":"https:\/\/utcancun.edu.mx\/index.php\/wp-json\/wp\/v2\/pages\/146\/revisions"}],"predecessor-version":[{"id":3930,"href":"https:\/\/utcancun.edu.mx\/index.php\/wp-json\/wp\/v2\/pages\/146\/revisions\/3930"}],"wp:attachment":[{"href":"https:\/\/utcancun.edu.mx\/index.php\/wp-json\/wp\/v2\/media?parent=146"}],"curies":[{"name":"wp","href":"https:\/\/api.w.org\/{rel}","templated":true}]}}