{"id":1338,"date":"2024-10-28T12:54:18","date_gmt":"2024-10-28T18:54:18","guid":{"rendered":"http:\/\/192.168.1.237:8018\/?page_id=1338"},"modified":"2024-10-28T12:54:18","modified_gmt":"2024-10-28T18:54:18","slug":"contraloria-social-2023","status":"publish","type":"page","link":"https:\/\/utcancun.edu.mx\/index.php\/contraloria-social-2023\/","title":{"rendered":"Contralor\u00eda Social 2023"},"content":{"rendered":"\n<p class=\"has-text-align-center\"><\/p>\n\n\n\n<p class=\"has-text-align-center\"><strong>Contralor\u00eda Social de la Universidad Tecnol\u00f3gica de Canc\u00fan, 2023.<\/strong><\/p>\n\n\n\n<p><strong>Programa para el Desarrollo Profesional Docente (PRODEP)<\/strong><\/p>\n\n\n\n<p>Conforme a lo dispuesto por la Ley General de Desarrollo Social, la Contralor\u00eda Social constituye una pr\u00e1ctica de transparencia, de rendici\u00f3n de cuentas y se convierte en un mecanismo para los beneficiarios, para que de manera organizada verifiquen el cumplimiento de las metas y la correcta aplicaci\u00f3n de los recursos p\u00fablicos asignados a diferentes Programas Federales.<\/p>\n\n\n\n<div class=\"su-spoiler su-spoiler-style-default su-spoiler-icon-plus su-spoiler-closed\" data-anchor=\"a\" data-scroll-offset=\"0\" data-anchor-in-url=\"no\"><div class=\"su-spoiler-title\" tabindex=\"0\" role=\"button\"><span class=\"su-spoiler-icon\"><\/span><strong>Capacitaci\u00f3n<\/strong><\/div><div class=\"su-spoiler-content su-u-clearfix su-u-trim\">\n\n\n\n<ol class=\"wp-block-list\">\n<li>Capacitaci\u00f3n de la instancia normativa (DGUTyP) <br><a href=\"http:\/\/www.utcancun.edu.mx\/wp-content\/uploads\/2016\/07\/1.-Capacitaci\u00f3n-Instancia-Normativa.pdf\">a) Capacitaci\u00f3n Instancia Normativa<\/a> <br><a href=\"https:\/\/drive.google.com\/file\/d\/1D4itYSMMr5D8gWeyK4PpjwvrtRwBgz3R\/view?usp=sharing\">b) Taller CS PRODEP formatos<\/a> <br><a href=\"https:\/\/drive.google.com\/file\/d\/1QmaDsxZvXON1inrcWCbK2aP-gdYs0NNj\/view?usp=sharing\">c) Taller CS PRODEP 2023<\/a>&nbsp;<\/li>\n\n\n\n<li>Capacitaci\u00f3n de la instancia ejecutora (UT Canc\u00fan)<br><a href=\"http:\/\/www.utcancun.edu.mx\/wp-content\/uploads\/2016\/07\/Capacitaci\u00f3n-de-la-UTC.pdf\">a) Capacitaci\u00f3n de la UTC<\/a><\/li>\n<\/ol>\n\n\n\n<\/div><\/div>\n\n\n\n<div class=\"su-spoiler su-spoiler-style-default su-spoiler-icon-plus su-spoiler-closed\" data-anchor=\"a\" data-scroll-offset=\"0\" data-anchor-in-url=\"no\"><div class=\"su-spoiler-title\" tabindex=\"0\" role=\"button\"><span class=\"su-spoiler-icon\"><\/span><strong>Documentos<\/strong><\/div><div class=\"su-spoiler-content su-u-clearfix su-u-trim\">\n\n\n\n<ol class=\"wp-block-list\">\n<li><em><strong><a href=\"http:\/\/www.utcancun.edu.mx\/wp-content\/uploads\/2016\/07\/1.-1.-ESQUEMA-S247-PRODEP-AGT-2023.pdf\">Esquema.&nbsp;<\/a><\/strong><\/em><\/li>\n\n\n\n<li><em><strong><a href=\"http:\/\/www.utcancun.edu.mx\/wp-content\/uploads\/2016\/07\/1.-2.-GUIA-OP-S247-PRODEP-AGT-2023.pdf\">Gu\u00eda Operativa.&nbsp;<\/a><\/strong><\/em><\/li>\n\n\n\n<li><em><strong><a href=\"http:\/\/www.utcancun.edu.mx\/wp-content\/uploads\/2016\/07\/1.-3.-PATCS-S247-PRODEP-AGT-2023.pdf\">Programa Anual de Trabajo de Contralor\u00eda Social (PATCS).&nbsp;<\/a><\/strong><\/em><\/li>\n\n\n\n<li><em><strong><a href=\"http:\/\/www.utcancun.edu.mx\/wp-content\/uploads\/2016\/07\/1.-4.-PITCS-UT-Cancun-validado-y-firmado.pdf\">Programa Institucional de Trabajo de Contralor\u00eda Social (PITCS).<\/a><\/strong><\/em><\/li>\n<\/ol>\n\n\n\n<\/div><\/div>\n\n\n\n<div class=\"su-spoiler su-spoiler-style-default su-spoiler-icon-plus su-spoiler-closed\" data-anchor=\"a\" data-scroll-offset=\"0\" data-anchor-in-url=\"no\"><div class=\"su-spoiler-title\" tabindex=\"0\" role=\"button\"><span class=\"su-spoiler-icon\"><\/span>Formatos<\/div><div class=\"su-spoiler-content su-u-clearfix su-u-trim\">\n\n\n\n<ol class=\"wp-block-list\">\n<li><a href=\"http:\/\/www.utcancun.edu.mx\/wp-content\/uploads\/2016\/07\/2.-1.-Anexo-2-Min-Reun-S247-PRODEP-AGT-2023.docx\"><strong><em>Minuta de Reuni\u00f3n.<\/em><\/strong><\/a><\/li>\n\n\n\n<li><strong><em><a href=\"http:\/\/www.utcancun.edu.mx\/wp-content\/uploads\/2016\/07\/2.-2.-Anexo-3-Acta-Reg-CCS-S247-PRODEP-AGT-2023.docx\">Acta de Constituci\u00f3n de Comit\u00e9<\/a><\/em><\/strong><\/li>\n\n\n\n<li><a href=\"http:\/\/www.utcancun.edu.mx\/wp-content\/uploads\/2016\/07\/2.-3.-Anexo-4-Acta-Sus-Integr-S247-PRODEP-AGT2023.docx\"><strong><em>Acta de Sustituci\u00f3n de un Integrante del Comit\u00e9.<\/em><\/strong><\/a><\/li>\n\n\n\n<li><a href=\"http:\/\/www.utcancun.edu.mx\/wp-content\/uploads\/2016\/07\/2.-4.-Anexo-5-Solic-de-Inf-S247-PRODEP-AGT-2023.docx\"><strong><em>Solicitud de Informaci\u00f3n.<\/em><\/strong><\/a><\/li>\n\n\n\n<li><a href=\"http:\/\/www.utcancun.edu.mx\/wp-content\/uploads\/2016\/07\/2.-5.-Anexo-6-Informe-CCS-S247-PRODEP-AGT-2023.xlsx\"><strong><em>Informe del Comit\u00e9 de Contralor\u00eda Social.<\/em><\/strong><\/a><\/li>\n\n\n\n<li><a href=\"http:\/\/www.utcancun.edu.mx\/wp-content\/uploads\/2016\/07\/2.-6.-Anexo-7-Ced-Quej-y-Denun-S247-PRODEP-AGT2023.xlsx\"><strong><em>C\u00e9dula de Quejas y Denuncias.<\/em><\/strong><\/a><\/li>\n\n\n\n<li><a href=\"http:\/\/www.utcancun.edu.mx\/wp-content\/uploads\/2016\/07\/2.-7.-Anexo-8-Inf-Q-y-D-IE-S247-PRODEP-AGT-2023.xlsx\"><strong><em>Informe de Quejas y Denuncias<\/em><\/strong><\/a><\/li>\n<\/ol>\n\n\n\n<\/div><\/div>\n\n\n\n<div class=\"su-spoiler su-spoiler-style-default su-spoiler-icon-plus su-spoiler-closed\" data-anchor=\"a\" data-scroll-offset=\"0\" data-anchor-in-url=\"no\"><div class=\"su-spoiler-title\" tabindex=\"0\" role=\"button\"><span class=\"su-spoiler-icon\"><\/span>Manuales<\/div><div class=\"su-spoiler-content su-u-clearfix su-u-trim\">\n\n\n\n<ol class=\"wp-block-list\">\n<li><a href=\"https:\/\/drive.google.com\/file\/d\/1aGevy4VhmUUPlnX1-08GDeQx5UToogR9\/view?usp=sharing\"><em><strong>Manual de Usuario del Sistema Inform\u00e1tico de Contralor\u00eda Social (SICS) para Instancias Ejecutoras.<\/strong><\/em><\/a><\/li>\n<\/ol>\n\n\n\n<\/div><\/div>\n\n\n\n<div class=\"su-spoiler su-spoiler-style-default su-spoiler-icon-plus su-spoiler-closed\" data-anchor=\"a\" data-scroll-offset=\"0\" data-anchor-in-url=\"no\"><div class=\"su-spoiler-title\" tabindex=\"0\" role=\"button\"><span class=\"su-spoiler-icon\"><\/span>Difusi\u00f3n<\/div><div class=\"su-spoiler-content su-u-clearfix su-u-trim\">\n\n\n\n<ol class=\"wp-block-list\">\n<li><a href=\"http:\/\/www.utcancun.edu.mx\/wp-content\/uploads\/2016\/07\/5.-1.-TRIPTICO-CS-S247-2023.pdf\"><strong><em>Tr\u00edptico de Contralor\u00eda Social de la CGUTyP<\/em><\/strong><\/a><\/li>\n\n\n\n<li><a href=\"http:\/\/www.utcancun.edu.mx\/wp-content\/uploads\/2016\/07\/5.-2.-MDIFUSION-UTCanc\u00fan.pdf\"><em><strong>Material de Difusi\u00f3n de la Instancia Ejecutora &#8211; Tr\u00edptico<\/strong><\/em><\/a><\/li>\n\n\n\n<li><a href=\"http:\/\/www.utcancun.edu.mx\/wp-content\/uploads\/2016\/07\/5.-3.-MDIFUSION2-UTCanc\u00fan.pdf\"><strong><em>Material de Difusi\u00f3n de la Instancia Ejecutora &#8211; Cartel<\/em><\/strong><\/a><\/li>\n<\/ol>\n\n\n\n<\/div><\/div>\n\n\n\n<div class=\"su-spoiler su-spoiler-style-default su-spoiler-icon-plus su-spoiler-closed\" data-anchor=\"a\" data-scroll-offset=\"0\" data-anchor-in-url=\"no\"><div class=\"su-spoiler-title\" tabindex=\"0\" role=\"button\"><span class=\"su-spoiler-icon\"><\/span>Quejas y Denuncias<\/div><div class=\"su-spoiler-content su-u-clearfix su-u-trim\">\n\n\n\n<ol class=\"wp-block-list\">\n<li><a href=\"http:\/\/www.utcancun.edu.mx\/wp-content\/uploads\/2016\/07\/6.-1.-AT-CIUDADANA-DE-SFP-2023.pdf\"><em><strong>Atenci\u00f3n Ciudadana de la Secretar\u00eda de la Funci\u00f3n P\u00fablica (SFP).<\/strong><\/em><\/a><\/li>\n\n\n\n<li><a href=\"http:\/\/www.utcancun.edu.mx\/wp-content\/uploads\/2016\/07\/6.-2.-AT-DGUTyP-PRODEP-2023.pdf\"><em><strong>Atenci\u00f3n de la Coordinaci\u00f3n General de Universidades Tecnol\u00f3gicas y Polit\u00e9cnicas (CGUTyP).<\/strong><\/em><\/a><\/li>\n<\/ol>\n\n\n\n<\/div><\/div>\n\n\n\n<div class=\"su-spoiler su-spoiler-style-default su-spoiler-icon-plus su-spoiler-closed\" data-anchor=\"a\" data-scroll-offset=\"0\" data-anchor-in-url=\"no\"><div class=\"su-spoiler-title\" tabindex=\"0\" role=\"button\"><span class=\"su-spoiler-icon\"><\/span>Informe<\/div><div class=\"su-spoiler-content su-u-clearfix su-u-trim\">\n\n\n\n<ol class=\"wp-block-list\">\n<li><a href=\"http:\/\/www.utcancun.edu.mx\/wp-content\/uploads\/2016\/07\/7.-1.-Informe-del-Comit\u00e9-de-Contraloria-Social.pdf\"><em><strong>Informe del Sistema Inform\u00e1tico de Contralor\u00eda Social.<\/strong><\/em><\/a><\/li>\n<\/ol>\n\n\n\n<\/div><\/div>\n\n\n\n<div class=\"su-spoiler su-spoiler-style-default su-spoiler-icon-plus su-spoiler-closed\" data-anchor=\"a\" data-scroll-offset=\"0\" data-anchor-in-url=\"no\"><div class=\"su-spoiler-title\" tabindex=\"0\" role=\"button\"><span class=\"su-spoiler-icon\"><\/span>Directorio<\/div><div class=\"su-spoiler-content su-u-clearfix su-u-trim\">\n\n\n\n<ol class=\"wp-block-list\">\n<li><a href=\"http:\/\/www.utcancun.edu.mx\/wp-content\/uploads\/2016\/07\/8.-1.-DIR-DGUTyP-PRODEP-2023.pdf\"><em><strong>Instancia Normativa.<\/strong><\/em><\/a><\/li>\n\n\n\n<li><a href=\"http:\/\/www.utcancun.edu.mx\/wp-content\/uploads\/2016\/07\/8.-2.-Directorio-de-Instancia-Ejecutora.pdf\"><em><strong>Instancia Ejecutora (Datos del Responsable de Contralor\u00eda Social y miembros del Comit\u00e9 de Contralor\u00eda Social).<\/strong><\/em><\/a><\/li>\n\n\n\n<li><a href=\"http:\/\/www.utcancun.edu.mx\/wp-content\/uploads\/2016\/07\/8.-3.-DIRECTORIO-ENLACES-OEC-2023.pdf\"><em><strong>Responsables de la Contralor\u00eda Social en el \u00d3rgano Estatal de Control (OEC).<\/strong><\/em><\/a><\/li>\n<\/ol>\n\n\n\n<\/div><\/div>\n\n\n\n<p><em><strong>Enlace de la Contralor\u00eda Social del PRODEP<\/strong><\/em><\/p>\n\n\n\n<p><strong>Dra. Zac Mukuy Aracely Vargas Ram\u00edrez<\/strong><\/p>\n\n\n\n<p>Tel\u00e9fono: (998) 881 1900 Ext. 1270<\/p>\n\n\n\n<p>Correo electr\u00f3nico: <a href=\"mailto:zvargas@utcancun.edu.mx\">zvargas@utcancun.edu.mx<\/a><\/p>\n\n\n\n<p>&#8220;Este programa es p\u00fablico ajeno a cualquier partido pol\u00edtico. Queda prohibido el uso para fines distintos a los establecidos en el programa. Quien haga uso indebido de los recursos de este programa deber\u00e1 ser denunciado y sancionado con la ley aplicable y ante la autoridad competente&#8221;.<\/p>\n","protected":false},"excerpt":{"rendered":"<p>Contralor\u00eda Social de la Universidad Tecnol\u00f3gica de Canc\u00fan, 2023. Programa para el Desarrollo Profesional Docente (PRODEP) Conforme a lo dispuesto por la Ley General de Desarrollo Social, la Contralor\u00eda Social constituye una pr\u00e1ctica de transparencia, de rendici\u00f3n de cuentas y se convierte en un mecanismo para los beneficiarios, para que de manera organizada verifiquen el [&hellip;]<\/p>\n","protected":false},"author":1,"featured_media":0,"parent":0,"menu_order":0,"comment_status":"closed","ping_status":"closed","template":"","meta":{"content-type":"","footnotes":""},"class_list":["post-1338","page","type-page","status-publish","hentry"],"_links":{"self":[{"href":"https:\/\/utcancun.edu.mx\/index.php\/wp-json\/wp\/v2\/pages\/1338","targetHints":{"allow":["GET"]}}],"collection":[{"href":"https:\/\/utcancun.edu.mx\/index.php\/wp-json\/wp\/v2\/pages"}],"about":[{"href":"https:\/\/utcancun.edu.mx\/index.php\/wp-json\/wp\/v2\/types\/page"}],"author":[{"embeddable":true,"href":"https:\/\/utcancun.edu.mx\/index.php\/wp-json\/wp\/v2\/users\/1"}],"replies":[{"embeddable":true,"href":"https:\/\/utcancun.edu.mx\/index.php\/wp-json\/wp\/v2\/comments?post=1338"}],"version-history":[{"count":1,"href":"https:\/\/utcancun.edu.mx\/index.php\/wp-json\/wp\/v2\/pages\/1338\/revisions"}],"predecessor-version":[{"id":1339,"href":"https:\/\/utcancun.edu.mx\/index.php\/wp-json\/wp\/v2\/pages\/1338\/revisions\/1339"}],"wp:attachment":[{"href":"https:\/\/utcancun.edu.mx\/index.php\/wp-json\/wp\/v2\/media?parent=1338"}],"curies":[{"name":"wp","href":"https:\/\/api.w.org\/{rel}","templated":true}]}}