{"id":1169,"date":"2024-09-06T09:57:33","date_gmt":"2024-09-06T15:57:33","guid":{"rendered":"http:\/\/192.168.1.237:8018\/?page_id=1169"},"modified":"2024-09-06T10:02:37","modified_gmt":"2024-09-06T16:02:37","slug":"secretaria-academica","status":"publish","type":"page","link":"https:\/\/utcancun.edu.mx\/index.php\/secretaria-academica\/","title":{"rendered":"Secretar\u00eda Acad\u00e9mica"},"content":{"rendered":"\n<p class=\"has-text-align-center has-large-font-size\"><strong>Secretar\u00eda Acad\u00e9mica<\/strong><br><\/p>\n\n\n\n<p class=\"has-text-align-center\"><strong>Medios de Verificaci\u00f3n de indicadores 2025<\/strong><\/p>\n\n\n\n<p class=\"has-text-align-left\"><br><div class=\"su-tabs su-tabs-style-default su-tabs-mobile-stack\" data-active=\"1\" data-scroll-offset=\"0\" data-anchor-in-url=\"no\"><div class=\"su-tabs-nav\"><span class=\"\" data-url=\"\" data-target=\"blank\" tabindex=\"0\" role=\"button\">2024<\/span><\/div><div class=\"su-tabs-panes\"><div class=\"su-tabs-pane su-u-clearfix su-u-trim\" data-title=\"2024\">\n\n\n\n<div class=\"su-spoiler su-spoiler-style-default su-spoiler-icon-plus su-spoiler-closed\" data-scroll-offset=\"0\" data-anchor-in-url=\"no\"><div class=\"su-spoiler-title\" tabindex=\"0\" role=\"button\"><span class=\"su-spoiler-icon\"><\/span>Medio<\/div><div class=\"su-spoiler-content su-u-clearfix su-u-trim\">\n\n\n\n<ul class=\"wp-block-list\">\n<li>1er trimestre<\/li>\n\n\n\n<li>2do trimestre<\/li>\n<\/ul>\n\n\n\n<\/div><\/div>\n\n\n\n<\/div><\/div><\/div>\n\n\n\n<p class=\"has-text-align-center\"><\/p>\n","protected":false},"excerpt":{"rendered":"<p>Secretar\u00eda Acad\u00e9mica Medios de Verificaci\u00f3n de indicadores 2025<\/p>\n","protected":false},"author":1,"featured_media":0,"parent":0,"menu_order":0,"comment_status":"closed","ping_status":"closed","template":"","meta":{"content-type":"","footnotes":""},"class_list":["post-1169","page","type-page","status-publish","hentry"],"_links":{"self":[{"href":"https:\/\/utcancun.edu.mx\/index.php\/wp-json\/wp\/v2\/pages\/1169","targetHints":{"allow":["GET"]}}],"collection":[{"href":"https:\/\/utcancun.edu.mx\/index.php\/wp-json\/wp\/v2\/pages"}],"about":[{"href":"https:\/\/utcancun.edu.mx\/index.php\/wp-json\/wp\/v2\/types\/page"}],"author":[{"embeddable":true,"href":"https:\/\/utcancun.edu.mx\/index.php\/wp-json\/wp\/v2\/users\/1"}],"replies":[{"embeddable":true,"href":"https:\/\/utcancun.edu.mx\/index.php\/wp-json\/wp\/v2\/comments?post=1169"}],"version-history":[{"count":6,"href":"https:\/\/utcancun.edu.mx\/index.php\/wp-json\/wp\/v2\/pages\/1169\/revisions"}],"predecessor-version":[{"id":1177,"href":"https:\/\/utcancun.edu.mx\/index.php\/wp-json\/wp\/v2\/pages\/1169\/revisions\/1177"}],"wp:attachment":[{"href":"https:\/\/utcancun.edu.mx\/index.php\/wp-json\/wp\/v2\/media?parent=1169"}],"curies":[{"name":"wp","href":"https:\/\/api.w.org\/{rel}","templated":true}]}}