{"id":113,"date":"2024-05-31T13:22:45","date_gmt":"2024-05-31T19:22:45","guid":{"rendered":"http:\/\/192.168.1.237:8018\/?page_id=113"},"modified":"2025-01-23T15:48:32","modified_gmt":"2025-01-23T21:48:32","slug":"historia","status":"publish","type":"page","link":"https:\/\/utcancun.edu.mx\/index.php\/historia\/","title":{"rendered":"Historia"},"content":{"rendered":"\n<p><strong><em><a href=\"\/index.php\/pasillo-historico\/\">PASILLO HIST\u00d3RICO <\/a><\/em><\/strong><\/p>\n\n\n\n<p>Ubicada en la SM 299, M 5, L3 Km.11.5 Carretera Canc\u00fan-Aeropuerto la Universidad comenz\u00f3 con una matr\u00edcula de 140 estudiantes en el a\u00f1o 1997; en enero de 1998 ingresaron 18 estudiantes m\u00e1s y en septiembre de ese mismo a\u00f1o la matr\u00edcula se increment\u00f3 a 466, actualmente, asciende a m\u00e1s de 3,000 estudiantes.<\/p>\n\n\n\n<hr class=\"wp-block-separator has-alpha-channel-opacity\"\/>\n\n\n\n<p><strong>Mayo 6, 1999<\/strong><\/p>\n\n\n\n<ul class=\"wp-block-list\">\n<li>El C. Presidente de la Rep\u00fablica, Dr. Ernesto Zedillo Ponce de Le\u00f3n, inaugura oficialmente la Universidad Tecnol\u00f3gica de Canc\u00fan en compa\u00f1\u00eda del Gobernador del Estado, Lic. Joaqu\u00edn Ernesto Hendricks D\u00edaz y el Rector M.C Carlos Medina Soto.<\/li>\n\n\n\n<li>En octubre de 1999 egres\u00f3 la primera generaci\u00f3n de las especialidades de Mantenimiento Industrial \u00c1rea Instalaciones, Contabilidad Corporativa y Administraci\u00f3n \u00c1rea Empresas Tur\u00edsticas.<\/li>\n\n\n\n<li>Los T\u00e9cnicos Superiores Universitarios desempe\u00f1an cargos de mandos medios y superiores en las diferentes \u00e1reas del quehacer tur\u00edstico. En febrero de 2002 se nombr\u00f3 al M. en F. Tirso Ordaz Coral como nuevo Rector de la Universidad Tecnol\u00f3gica de Canc\u00fan.<\/li>\n\n\n\n<li>La UT Canc\u00fan es la primera universidad en el estado de Quintana Roo en haber obtenido la certificaci\u00f3n de su sistema de gesti\u00f3n de calidad, en mayo de 2003 bajo la norma ISO 9001:2000 con el registro 37829.<\/li>\n\n\n\n<li>En 2009 fue la primer Universidad del Estado en obtener la versi\u00f3n ISO 9001- 2008 de la norma internacional de calidad.<\/li>\n\n\n\n<li>Es una de las 4 Universidades del estado en tener acreditada el 100% de los programas educativos ante CIEES (Comit\u00e9s Interinstitucionales de Evaluaci\u00f3n de la Educaci\u00f3n Superior).<\/li>\n\n\n\n<li>Es la Primer Universidad Tecnol\u00f3gica en estar certificada con la Acreditaci\u00f3n MEG:2003 (Modelo de Equidad y G\u00e9nero).<\/li>\n\n\n\n<li>En el 2016 la Universidad Tecnol\u00f3gica de Canc\u00fan, fue el primer centro de trabajo y la primera instituci\u00f3n de educaci\u00f3n superior del Estado de Quintana Roo y segunda UT del pa\u00eds, en certificarse en la Norma Mexicana de Igualdad laboral y no discriminaci\u00f3n (NMX-R-025-SCFI-2015), otorgado por el Consejo Nacional para Prevenir la Discriminaci\u00f3n, el Instituto Nacional de Mujeres y la Secretar\u00eda del Trabajo y Previsi\u00f3n Social.<\/li>\n<\/ul>\n\n\n\n<p><strong>ISO 9001:2015.<\/strong><\/p>\n\n\n\n<p>Es para la Universidad Tecnol\u00f3gica de Canc\u00fan, motivo de especial orgullo el participar a la comunidad que, en marzo 2018, concluy\u00f3 la auditoria de transici\u00f3n a la nueva versi\u00f3n de la norma ISO 9001:2015 y la recertificaci\u00f3n con un resultado favorable, registro FS2110412.<\/p>\n\n\n\n<p>Este logro representa una gran satisfacci\u00f3n para todo el capital humano que labora en la instituci\u00f3n, ya que para obtenerlo se han puesto de manifiesto la capacidad y el trabajo en equipo de toda la organizaci\u00f3n lo que refrenda el compromiso de esta Universidad con la calidad<\/p>\n\n\n\n<p>Estamos seguros de que el beneficio de contar con un sistema de gesti\u00f3n de calidad en nuestra instituci\u00f3n, seguir\u00e1 sin duda aportando oportunidades de crecimiento tanto a nuestro personal, como desde luego a nuestros universitarios y en conjunto con ellos, a la sociedad quintanarroense, a quienes nos enorgullecemos de poder servir.<\/p>\n\n\n\n<p>En septiembre de 2018 se incorporan cuatro Programas Educativos a la Modalidad Biling\u00fce, Internacional y Sustentable.<\/p>\n\n\n\n<p>Nos encontramos ante la oportunidad de brindar a los j\u00f3venes quintanarroenses una educaci\u00f3n integral, basada en la mejora continua de cada uno de nuestros procesos.<\/p>\n\n\n\n<p>Actualmente participamos cada a\u00f1o en el programa MEXPROTEC, que es auspiciado por los gobiernos de Francia y M\u00e9xico, por medio del cual se ofertan cerca de 200 Becas a nivel nacional, por las que compiten entre 800-1,000 estudiantes candidatos\/as.<\/p>\n\n\n\n<p>El programa implica una estancia en Francia de 11 meses aproximadamente, estas estancias son en prestigiosos institutos tecnol\u00f3gicos de Francia para estudiar una Licencia Profesional, relacionada a su carrera en la UT Canc\u00fan.<\/p>\n\n\n\n<p>La UT Canc\u00fan lleva acabo un curso de franc\u00e9s intensivo con estudiantes de reci\u00e9n ingreso en el cuatrimestre que inicia en septiembre de cada a\u00f1o. Este curso intensivo de franc\u00e9s es parte de la preparaci\u00f3n que se le brinda a los estudiantes que quieren optar por una beca del programa MEXPROTEC, y se les da acompa\u00f1amiento en todo el proceso de selecci\u00f3n desde el inicio, hasta el t\u00e9rmino de la selecci\u00f3n de los becarios a este programa.<\/p>\n\n\n\n<p><strong>NUESTRAS CARRERAS TECNICO SUPERIOR UNIVERSITARIO.<\/strong><\/p>\n\n\n\n<ul class=\"wp-block-list\">\n<li>TSU en Administraci\u00f3n \u00e1rea Capital Humano*<\/li>\n\n\n\n<li>TSU en Contadur\u00eda<\/li>\n\n\n\n<li>TSU en Desarrollo de Negocios \u00e1rea Mercadotecnia*<\/li>\n\n\n\n<li>TSU en Gastronom\u00eda* \u2022 TSU en Mantenimiento \u00e1rea Instalaciones*<\/li>\n\n\n\n<li>TSU en Mantenimiento \u00e1rea Naval*<\/li>\n\n\n\n<li>TSU en Tecnolog\u00edas de la Informaci\u00f3n<\/li>\n\n\n\n<li>\u00c1reas:\n<ul class=\"wp-block-list\">\n<li>Desarrollo de Software Multiplataforma<\/li>\n\n\n\n<li>Infraestructura en Redes Digitales<\/li>\n<\/ul>\n<\/li>\n\n\n\n<li>TSU en Turismo<\/li>\n\n\n\n<li>\u00c1reas:\n<ul class=\"wp-block-list\">\n<li>Hoteler\u00eda* <\/li>\n\n\n\n<li>Desarrollo de Productos Alternativos*<\/li>\n<\/ul>\n<\/li>\n<\/ul>\n\n\n\n<p><strong>Ingenier\u00edas y Licenciaturas<\/strong><\/p>\n\n\n\n<ul class=\"wp-block-list\">\n<li>Licenciatura en Gesti\u00f3n del Capital Humano<\/li>\n\n\n\n<li>Licenciatura en Innovaci\u00f3n de Negocios y Mercadotecnia<\/li>\n\n\n\n<li>Licenciatura en Contadur\u00eda \u2022 Licenciatura en Gastronom\u00eda*<\/li>\n\n\n\n<li>Ingenier\u00eda en Mantenimiento Industrial \u2022 Ingenier\u00eda en Desarrollo y Gesti\u00f3n de Software<\/li>\n\n\n\n<li>Ingenier\u00eda en Redes Inteligentes y Ciberseguridad<\/li>\n\n\n\n<li>Licenciatura en Gesti\u00f3n y Desarrollo Tur\u00edstico*<\/li>\n<\/ul>\n\n\n\n<p><em>*Programas en la Modalidad Biling\u00fce, Internacional y Sustentable<\/em><\/p>\n","protected":false},"excerpt":{"rendered":"<p>PASILLO HIST\u00d3RICO Ubicada en la SM 299, M 5, L3 Km.11.5 Carretera Canc\u00fan-Aeropuerto la Universidad comenz\u00f3 con una matr\u00edcula de 140 estudiantes en el a\u00f1o 1997; en enero de 1998 ingresaron 18 estudiantes m\u00e1s y en septiembre de ese mismo a\u00f1o la matr\u00edcula se increment\u00f3 a 466, actualmente, asciende a m\u00e1s de 3,000 estudiantes. Mayo [&hellip;]<\/p>\n","protected":false},"author":1,"featured_media":2107,"parent":0,"menu_order":0,"comment_status":"closed","ping_status":"closed","template":"","meta":{"content-type":"","footnotes":""},"class_list":["post-113","page","type-page","status-publish","has-post-thumbnail","hentry"],"_links":{"self":[{"href":"https:\/\/utcancun.edu.mx\/index.php\/wp-json\/wp\/v2\/pages\/113","targetHints":{"allow":["GET"]}}],"collection":[{"href":"https:\/\/utcancun.edu.mx\/index.php\/wp-json\/wp\/v2\/pages"}],"about":[{"href":"https:\/\/utcancun.edu.mx\/index.php\/wp-json\/wp\/v2\/types\/page"}],"author":[{"embeddable":true,"href":"https:\/\/utcancun.edu.mx\/index.php\/wp-json\/wp\/v2\/users\/1"}],"replies":[{"embeddable":true,"href":"https:\/\/utcancun.edu.mx\/index.php\/wp-json\/wp\/v2\/comments?post=113"}],"version-history":[{"count":6,"href":"https:\/\/utcancun.edu.mx\/index.php\/wp-json\/wp\/v2\/pages\/113\/revisions"}],"predecessor-version":[{"id":2112,"href":"https:\/\/utcancun.edu.mx\/index.php\/wp-json\/wp\/v2\/pages\/113\/revisions\/2112"}],"wp:featuredmedia":[{"embeddable":true,"href":"https:\/\/utcancun.edu.mx\/index.php\/wp-json\/wp\/v2\/media\/2107"}],"wp:attachment":[{"href":"https:\/\/utcancun.edu.mx\/index.php\/wp-json\/wp\/v2\/media?parent=113"}],"curies":[{"name":"wp","href":"https:\/\/api.w.org\/{rel}","templated":true}]}}