{"id":111,"date":"2024-05-31T13:22:45","date_gmt":"2024-05-31T19:22:45","guid":{"rendered":"http:\/\/192.168.1.237:8018\/?page_id=111"},"modified":"2024-06-24T18:35:16","modified_gmt":"2024-06-25T00:35:16","slug":"filosofia","status":"publish","type":"page","link":"https:\/\/utcancun.edu.mx\/index.php\/filosofia\/","title":{"rendered":"Filosof\u00eda"},"content":{"rendered":"\n<ul class=\"wp-block-list\">\n<li><a href=\"http:\/\/www.utcancun.edu.mx\/wp-content\/uploads\/2016\/07\/NIL-DI-CET-Co%CC%81digo-de-E%CC%81tica-UT-Cancu%CC%81n-ene-2023F.pdf\">C\u00f3digo de \u00c9tica<\/a><\/li>\n\n\n\n<li><a href=\"http:\/\/www.utcancun.edu.mx\/wp-content\/uploads\/2016\/07\/NIL-DI-POL-POL%C3%8DTICA-DE-IGUALDAD-LABORAL-Y-NO-DISCRIMINACI%C3%93N.pdf\">Pol\u00edtica de Igualdad Laboral y No Discriminaci\u00f3n<\/a><\/li>\n<\/ul>\n\n\n\n<h2 class=\"wp-block-heading\"><strong>La Filosof\u00eda de la Universidad Tecnol\u00f3gica de Canc\u00fan se fundamenta en su:<\/strong><\/h2>\n\n\n\n<ul class=\"wp-block-list\">\n<li><strong>Misi\u00f3n<\/strong><br>Preparar profesionales de nivel superior, mediante el modelo educativo por competencias con una visi\u00f3n global, formaci\u00f3n integral y programas educativos de calidad, para contribuir al desarrollo social y productivo de su entorno.<\/li>\n\n\n\n<li><strong>Visi\u00f3n<\/strong><br>Ser en el 2030, la Instituci\u00f3n Educativa de nivel superior con mayor reconocimiento del Subsistema y en el Estado de Quintana Roo, por la competitividad de sus egresados\/as, su programa de internacionalizaci\u00f3n, infraestructura tecnol\u00f3gica y programas educativos pertinentes.<\/li>\n\n\n\n<li><strong>Pol\u00edtica de Calidad<\/strong><br>En la Universidad Tecnol\u00f3gica de Canc\u00fan estamos comprometidos a mejorar continuamente el proceso educativo y satisfacer los requisitos de nuestros clientes, mediante la aplicaci\u00f3n de un Sistema de Gesti\u00f3n de Calidad.<\/li>\n\n\n\n<li><strong>Pol\u00edtica de Gesti\u00f3n de Riesgos<\/strong><br>En la Universidad Tecnol\u00f3gica de Canc\u00fan promovemos la cultura de calidad, gestionando adecuadamente el Sistema de Administraci\u00f3n de Riesgos mediante el trabajo en equipo, para coadyuvar tanto en la eficiencia como en la eficacia de los procesos, incluyendo los riesgos por fraude o corrupci\u00f3n, en beneficio de nuestra comunidad universitaria y su entorno<\/li>\n\n\n\n<li><strong>Alcance del Sistema de Gesti\u00f3n de Calidad<\/strong><br>Provisi\u00f3n de servicios educativos para T\u00e9cnico Superior Universitario y su continuidad a Licenciatura o Ingenier\u00eda, titulaci\u00f3n y programas de educaci\u00f3n continua; incluyendo cursos para clientes externos y otros servicios de capacitaci\u00f3n post-graduaci\u00f3n<\/li>\n\n\n\n<li><strong>C\u00f3digo de \u00c9tica<\/strong><br>Todos los que formamos la comunidad universitaria, estamos firmemente comprometidos\/as con el quehacer Educativo de nuestra Instituci\u00f3n, y para tener un marco de referencia e identificarnos con ella, hemos definido nuestro c\u00f3digo de \u00e9tica, basado en los siguientes valores:\n<ul class=\"wp-block-list\">\n<li> <strong>1. Compromiso<\/strong> <br>Realizamos todas las tareas, compromisos, actividades, funciones y encomiendas, con el esfuerzo, calidad y \u00e9tica requeridos.<br><strong>2. Justicia<\/strong> <br>Cumplimos la aplicaci\u00f3n equitativa, imparcial y objetiva de la Legislaci\u00f3n universitaria, emitiendo juicios con el pleno conocimiento de las causas que motivaron la acci\u00f3n.<br><strong>3. Confianza<\/strong><br>Promovemos y aplicamos en el actuar, la responsabilidad, apoyo y discreci\u00f3n que requieren sus obligaciones, para mantener una relaci\u00f3n de trabajo en armon\u00eda.<br><strong>4. Respeto<\/strong><br>Mantenemos un ambiente de cordialidad, de trato digno, amable y educado entre estudiantes, personal docente, administrativo y directivo, valorando a la gente como es y aceptando la libertad de opini\u00f3n.<br><strong>5. Responsabilidad<\/strong><br>Asumimos las tareas, actividades y procedimientos adquiridos, de una manera oportuna, eficaz y eficiente.<br><strong>6. Integridad<\/strong><br>Seguimos una conducta intachable, incorruptible y recta, aplicando los valores personales e institucionales, de manera que nuestras acciones as\u00ed lo reflejen.<br><strong>7. Honestidad<\/strong><br>Actuamos con apego a la verdad y sinceridad, cuidando la congruencia entre lo que se dice y lo que se hace.<br><strong>8. Igualdad<\/strong><br>Cuidamos que el trato entre los integrantes de la comunidad universitaria, se d\u00e9 bajo los mismos derechos y oportunidades; evitando el menosprecio, la idolatr\u00eda y las preferencias.<br><strong>9. Tolerancia<\/strong><br>Escuchamos las opiniones o pr\u00e1cticas diferentes, apegadas a los buenos principios y valores, sin emitir juicios anticipados, comprendiendo que pueden existir diferencias de opini\u00f3n.<br><strong>10. Sustentabilidad<\/strong><br>Sensibilizamos a la comunidad universitaria para mantener un desarrollo sostenible que contemple el equilibrio social, econ\u00f3mico y la preservaci\u00f3n del medio ambiente.<br><strong>11. Paz<\/strong><br>Promovemos la cultura de paz desde la conciencia individual y colectiva, a trav\u00e9s de la educaci\u00f3n para la paz, la formaci\u00f3n integral y como medio de cohesi\u00f3n social.<\/li>\n<\/ul>\n<\/li>\n<\/ul>\n\n\n\n<h2 class=\"wp-block-heading\">OBJETIVOS INSTITUCIONALES<\/h2>\n\n\n\n<ol class=\"wp-block-list\">\n<li>Garantizar la calidad en la ense\u00f1anza y pertinencia de los Programas Educativos a trav\u00e9s de la acreditaci\u00f3n ante organismos externos reconocidos por la Secretar\u00eda de Educaci\u00f3n P\u00fablica,&nbsp; la afiliaci\u00f3n con las asociaciones privadas relacionadas con cada una de las carreras, su incorporaci\u00f3n a la modalidad Biling\u00fce Internacional y Sustentable, as\u00ed como el desarrollo de Programas Educativos de Posgrado.<\/li>\n\n\n\n<li>Impulsar la investigaci\u00f3n cient\u00edfica aplicada y el desarrollo tecnol\u00f3gico, a trav\u00e9s de la consolidaci\u00f3n de los cuerpos acad\u00e9micos y el logro del perfil deseable de los docentes de tiempo completo.<\/li>\n\n\n\n<li>Promover la formaci\u00f3n integral de los estudiantes a trav\u00e9s del Programa Institucional de Tutor\u00edas, su participaci\u00f3n en actividades art\u00edsticas, culturales y deportivas, que coadyuven a su permanencia y culminaci\u00f3n de estudios en nuestra Universidad.<\/li>\n\n\n\n<li>Establecer proyectos y alianzas interinstitucionales que fortalezcan la internacionalizaci\u00f3n institucional, fomenten el emprendimiento e innovaci\u00f3n, generen una oferta de formaci\u00f3n continua pertinente, promuevan la formaci\u00f3n pr\u00e1ctica de estudiantes y faciliten una inserci\u00f3n laboral exitosa de egresados.<\/li>\n\n\n\n<li>Gestionar de manera eficiente, transparente e incluyente los recursos humanos, materiales y financieros coadyuvando al cumplimiento de metas de las \u00e1reas sustantivas de la Universidad.<\/li>\n\n\n\n<li>Incrementar el grado de satisfacci\u00f3n de nuestros clientes en relaci\u00f3n a los servicios de apoyo proporcionados por la Universidad.<\/li>\n<\/ol>\n","protected":false},"excerpt":{"rendered":"<p>La Filosof\u00eda de la Universidad Tecnol\u00f3gica de Canc\u00fan se fundamenta en su: OBJETIVOS INSTITUCIONALES<\/p>\n","protected":false},"author":1,"featured_media":362,"parent":0,"menu_order":0,"comment_status":"closed","ping_status":"closed","template":"","meta":{"content-type":"","footnotes":""},"class_list":["post-111","page","type-page","status-publish","has-post-thumbnail","hentry"],"_links":{"self":[{"href":"https:\/\/utcancun.edu.mx\/index.php\/wp-json\/wp\/v2\/pages\/111","targetHints":{"allow":["GET"]}}],"collection":[{"href":"https:\/\/utcancun.edu.mx\/index.php\/wp-json\/wp\/v2\/pages"}],"about":[{"href":"https:\/\/utcancun.edu.mx\/index.php\/wp-json\/wp\/v2\/types\/page"}],"author":[{"embeddable":true,"href":"https:\/\/utcancun.edu.mx\/index.php\/wp-json\/wp\/v2\/users\/1"}],"replies":[{"embeddable":true,"href":"https:\/\/utcancun.edu.mx\/index.php\/wp-json\/wp\/v2\/comments?post=111"}],"version-history":[{"count":4,"href":"https:\/\/utcancun.edu.mx\/index.php\/wp-json\/wp\/v2\/pages\/111\/revisions"}],"predecessor-version":[{"id":414,"href":"https:\/\/utcancun.edu.mx\/index.php\/wp-json\/wp\/v2\/pages\/111\/revisions\/414"}],"wp:featuredmedia":[{"embeddable":true,"href":"https:\/\/utcancun.edu.mx\/index.php\/wp-json\/wp\/v2\/media\/362"}],"wp:attachment":[{"href":"https:\/\/utcancun.edu.mx\/index.php\/wp-json\/wp\/v2\/media?parent=111"}],"curies":[{"name":"wp","href":"https:\/\/api.w.org\/{rel}","templated":true}]}}